{"id":31333,"date":"2024-07-29T13:42:58","date_gmt":"2024-07-29T12:42:58","guid":{"rendered":"https:\/\/www.productcaster.com\/feedmanager\/"},"modified":"2024-11-22T10:42:30","modified_gmt":"2024-11-22T10:42:30","slug":"feedmanager","status":"publish","type":"page","link":"https:\/\/www.productcaster.com\/pl\/feedmanager\/","title":{"rendered":"FeedManager"},"content":{"rendered":"\n<section class=\"img-text-header bg-white-bottom bg-grey\">\n\t<div class=\"site-width\">\n\n\t\t<div class=\"columns\">\n\t\t\t<div class=\"col col-text\" data-aos=\"fade-right\">\n\t\t\t\t<h1 class=\"h4\">FeedManager<\/h1>\n\t\t\t\t<h2 class=\"h1\">Feedy produktowe zwi\u0119kszaj\u0105ce skuteczno\u015b\u0107.<\/h2>\n\n\t\t\t\t<p>Przejmij pe\u0142n\u0105 kontrol\u0119 nad swoimi feedami produktowymi, aby zwi\u0119kszy\u0107 skuteczno\u015b\u0107 p\u0142atnych kampanii w mediach.<\/p>\n\n\t\t\t\t<a href=\"https:\/\/open.popup\/\" class=\"btn\">Rezerwacja prezentacji<\/a>\t\t\t<\/div>\n\n\t\t\t<div class=\"col col-img\" data-aos=\"fade-left\">\n\t\t\t\t<img decoding=\"async\" src=\"https:\/\/www.productcaster.com\/wp-content\/uploads\/2024\/08\/feed-manager-badges2-1710x1155.png\" alt=\"\">\t\t\t<\/div>\n\t\t<\/div>\n\t\t\n\t<\/div>\n<\/section>\n\n<section class=\"logo-block bg-white\">\n\t<div class=\"site-width\" data-aos=\"fade-up\">\n\n\t\t<h3>Zaufa\u0142y nam wiod\u0105ce zespo\u0142y e-commerce<\/h3>\n\t\t<div class=\"columns\">\n\t\t\t\t\t\t\t\t<div class=\"col\"><img decoding=\"async\" src=\"https:\/\/www.productcaster.com\/wp-content\/uploads\/2024\/02\/music-magpie-300x49.png\" alt=\"\"><\/div>\n\t\t\t\t\t\t\t\t\t<div class=\"col\"><img decoding=\"async\" src=\"https:\/\/www.productcaster.com\/wp-content\/uploads\/2024\/08\/sigma-black-300x73.png\" alt=\"\"><\/div>\n\t\t\t\t\t\t\t\t\t<div class=\"col\"><img decoding=\"async\" src=\"https:\/\/www.productcaster.com\/wp-content\/uploads\/2024\/08\/three-black-300x185.png\" alt=\"\"><\/div>\n\t\t\t\t\t\t\t\t\t<div class=\"col\"><img decoding=\"async\" src=\"https:\/\/www.productcaster.com\/wp-content\/uploads\/2024\/02\/la-redoute-wide-300x167.png\" alt=\"\"><\/div>\n\t\t\t\t\t\t\t\t\t<div class=\"col\"><img decoding=\"async\" src=\"https:\/\/www.productcaster.com\/wp-content\/uploads\/2024\/08\/whittards-black-300x100.png\" alt=\"\"><\/div>\n\t\t\t\t\t\t<\/div>\n\t\t\n\t<\/div>\n<\/section>\n<section class=\"img-text-columns bg-white\">\n\t<div class=\"site-width\">\n\n\t\t<div class=\"columns standard\">\n\n\t\t\t<div class=\"col col-img\" data-aos=\"fade-right\">\n\t\t\t\t\t\t\t\t<img decoding=\"async\" src=\"https:\/\/www.productcaster.com\/wp-content\/uploads\/2024\/07\/Summit_xfeedmanager-900x696.webp\" alt=\"\">\n\t\t\t<\/div>\n\n\t\t\t<div class=\"col col-text\" data-aos=\"fade-left\">\n\t\t\t\t<h2>Przejmij kontrol\u0119 nad swoimi feedami produktowymi<\/h2>\n\t\t\t\t<p><span style=\"font-weight: 400;\">Feedy produktowe maj\u0105 bezpo\u015bredni zwi\u0105zek z wyszukiwanymi has\u0142ami oraz produktami, zdj\u0119ciami i tre\u015bciami wy\u015bwietlanymi w kampaniach w Google, Meta, Amazon i nie tylko. Zainwestuj w pliki produktowe i osi\u0105gaj korzy\u015bci w postaci zwrotu z inwestycji w marketing efektywno\u015bciowy.<\/span><\/p>\n<ul>\n<li>Zwi\u0119ksz zasi\u0119g i wsp\u00f3\u0142czynnik CTR swoich kampanii<\/li>\n<li>Zwi\u0119ksz zwrot z reklam produktowych i Performance Max<\/li>\n<li>Wykorzystaj automatyzacj\u0119, aby zaoszcz\u0119dzi\u0107 czas i wyeliminowa\u0107 b\u0142\u0119dy<\/li>\n<li>Zwi\u0119ksz op\u0142acalno\u015b\u0107 dzi\u0119ki wzrostowi ROI kampanii nawet o 20%<\/li>\n<li>Mniej odrzuconych reklam<\/li>\n<\/ul>\n\t\t\t<\/div>\n\t\t\t\n\t\t<\/div>\n\t\t\n\t<\/div>\n<\/section><section class=\"title-text-columns bg-white\">\n\t<div class=\"site-width\">\n\t\t\n\t\t<div class=\"columns\">\n\t\t\t\t\t\t\t<div class=\"row\">\n\t\t\t\t\t<div class=\"title\" data-aos=\"fade-up\">\n\t\t\t\t\t\t<h2>Ca\u0142o\u015bciowe zarz\u0105dzanie feedami<\/h2>\n\t\t\t\t\t<\/div>\n\n\t\t\t\t\t<div class=\"text-content\" data-aos=\"fade-up\" data-aos-delay=\"100\">\n\t\t\t\t\t\t<h3><strong>Publikowanie<\/strong><\/h3>\n<p>Gwarancja, \u017ce Tw\u00f3j przekaz marketingowy uwzgl\u0119dnia najnowsze informacje o produkcie (stan magazynowy, cena, dost\u0119pno\u015b\u0107 asortymentu) u wszystkich partner\u00f3w w czasie rzeczywistym.<\/p>\n<h3><strong>Ulepszanie<\/strong><\/h3>\n<p>Automatyczna i manualna korekta trafno\u015bci tre\u015bci w feedzie, zwi\u0119kszaj\u0105ca widoczno\u015b\u0107 dla klienta docelowego.<\/p>\n<h3><strong>Optymalizacja<\/strong><\/h3>\n<p>Publikowanie tylko tych produkt\u00f3w, kt\u00f3re zapewniaj\u0105 najlepszy zwrot z inwestycji i mar\u017c\u0119 w stosunku do docelowych wska\u017anik\u00f3w KPI.<\/p>\n<h3><strong>Diagnozowanie<\/strong><\/h3>\n<p>Analiza kondycji feedu, umo\u017cliwiaj\u0105ca marketingowcom wprowadzanie wymaganych zmian i zapobieganie spadkowi skuteczno\u015bci.<\/p>\n\t\t\t\t\t<\/div>\n\t\t\t\t<\/div>\n\t\t\t\t\n\t\t\t\t\t\t<\/div>\n\n\t<\/div>\n<\/section>\n\n<section class=\"logo-block bg-white\">\n\t<div class=\"site-width\" data-aos=\"fade-up\">\n\n\t\t<h3>P\u0142ynna integracja z ponad 50 platformami reklamowymi<\/h3>\n\t\t<div class=\"columns\">\n\t\t\t\t\t\t\t\t<div class=\"col\"><img decoding=\"async\" src=\"https:\/\/www.productcaster.com\/wp-content\/uploads\/2024\/08\/google-ads-300x54.png\" alt=\"\"><\/div>\n\t\t\t\t\t\t\t\t\t<div class=\"col\"><img decoding=\"async\" src=\"https:\/\/www.productcaster.com\/wp-content\/uploads\/2024\/08\/Amazon-Logotype-300x104.png\" alt=\"\"><\/div>\n\t\t\t\t\t\t\t\t\t<div class=\"col\"><img decoding=\"async\" src=\"https:\/\/www.productcaster.com\/wp-content\/uploads\/2024\/08\/Meta-Logo-300x71.png\" alt=\"\"><\/div>\n\t\t\t\t\t\t\t\t\t<div class=\"col\"><img decoding=\"async\" src=\"https:\/\/www.productcaster.com\/wp-content\/uploads\/2024\/08\/TikTok_logo-300x87.png\" alt=\"\"><\/div>\n\t\t\t\t\t\t\t\t\t<div class=\"col\"><img decoding=\"async\" src=\"https:\/\/www.productcaster.com\/wp-content\/uploads\/2024\/08\/awin-300x136.png\" alt=\"\"><\/div>\n\t\t\t\t\t\t\t\t\t<div class=\"col\"><img decoding=\"async\" src=\"https:\/\/www.productcaster.com\/wp-content\/uploads\/2024\/08\/Pinterest_Logo-300x74.png\" alt=\"\"><\/div>\n\t\t\t\t\t\t\t\t\t<div class=\"col\"><img decoding=\"async\" src=\"https:\/\/www.productcaster.com\/wp-content\/uploads\/2024\/08\/eBay-Logotype-300x124.png\" alt=\"\"><\/div>\n\t\t\t\t\t\t\t\t\t<div class=\"col\"><img decoding=\"async\" src=\"https:\/\/www.productcaster.com\/wp-content\/uploads\/2024\/08\/pricerunner-300x42.png\" alt=\"\"><\/div>\n\t\t\t\t\t\t\t\t\t<div class=\"col\"><img decoding=\"async\" src=\"https:\/\/www.productcaster.com\/wp-content\/uploads\/2024\/08\/criteo-300x62.png\" alt=\"\"><\/div>\n\t\t\t\t\t\t\t\t\t<div class=\"col\"><img decoding=\"async\" src=\"https:\/\/www.productcaster.com\/wp-content\/uploads\/2024\/08\/Microsoft-Edge-Logotype-1-300x75.png\" alt=\"\"><\/div>\n\t\t\t\t\t\t\t\t\t<div class=\"col\"><img decoding=\"async\" src=\"https:\/\/www.productcaster.com\/wp-content\/uploads\/2024\/08\/YouTube_Logo_2017-300x67.png\" alt=\"\"><\/div>\n\t\t\t\t\t\t\t\t\t<div class=\"col\"><img decoding=\"async\" src=\"https:\/\/www.productcaster.com\/wp-content\/uploads\/2024\/08\/kelkoo-300x71.png\" alt=\"\"><\/div>\n\t\t\t\t\t\t\t\t\t<div class=\"col\"><img decoding=\"async\" src=\"https:\/\/www.productcaster.com\/wp-content\/uploads\/2024\/08\/yahoo-300x89.png\" alt=\"\"><\/div>\n\t\t\t\t\t\t\t\t\t<div class=\"col\"><img decoding=\"async\" src=\"https:\/\/www.productcaster.com\/wp-content\/uploads\/2024\/08\/snapchat2-300x120.png\" alt=\"\"><\/div>\n\t\t\t\t\t\t\t\t\t<div class=\"col\"><img decoding=\"async\" src=\"https:\/\/www.productcaster.com\/wp-content\/uploads\/2024\/08\/Yandex_logo-300x72.png\" alt=\"\"><\/div>\n\t\t\t\t\t\t\t\t\t<div class=\"col\"><img decoding=\"async\" src=\"https:\/\/www.productcaster.com\/wp-content\/uploads\/2024\/08\/xv3-300x130.png\" alt=\"\"><\/div>\n\t\t\t\t\t\t\t\t\t<div class=\"col\"><img decoding=\"async\" src=\"https:\/\/www.productcaster.com\/wp-content\/uploads\/2024\/08\/spotify-300x90.png\" alt=\"\"><\/div>\n\t\t\t\t\t\t\t\t\t<div class=\"col\"><img decoding=\"async\" src=\"https:\/\/www.productcaster.com\/wp-content\/uploads\/2024\/08\/webgains-2-300x150.png\" alt=\"\"><\/div>\n\t\t\t\t\t\t\t\t\t<div class=\"col\"><img decoding=\"async\" src=\"https:\/\/www.productcaster.com\/wp-content\/uploads\/2024\/08\/Rakuten_Global_Brand_Logo-300x89.png\" alt=\"\"><\/div>\n\t\t\t\t\t\t<\/div>\n\t\t\n\t<\/div>\n<\/section><section class=\"title-text-columns bg-white\">\n\t<div class=\"site-width\">\n\t\t\n\t\t<div class=\"columns\">\n\t\t\t\t\t\t\t<div class=\"row\">\n\t\t\t\t\t<div class=\"title\" data-aos=\"fade-up\">\n\t\t\t\t\t\t<h2>Proste, 4-etapowe wdro\u017cenie<\/h2>\n\t\t\t\t\t<\/div>\n\n\t\t\t\t\t<div class=\"text-content\" data-aos=\"fade-up\" data-aos-delay=\"100\">\n\t\t\t\t\t\t<h3><strong>01 Audyt<\/strong><\/h3>\n<p>Pe\u0142na ocena maj\u0105ca na celu zrozumienie bie\u017c\u0105cej konfiguracji feed\u00f3w i doradztwo w zakresie usprawnie\u0144 dotycz\u0105cych regularnej dzia\u0142alno\u015bci.<\/p>\n<h3><strong>02 Konfiguracja<\/strong><\/h3>\n<p>Zapewniamy, \u017ce ka\u017cdy przychodz\u0105cy i wychodz\u0105cy feed jest skonfigurowany zgodnie z wymaganymi specyfikacjami, w tym wszelkimi niestandardowymi parametrami wyj\u015bciowymi.<\/p>\n<h3><strong>03 Wdro\u017cenie<\/strong><\/h3>\n<p>Pe\u0142ny dost\u0119p do platformy z kompleksow\u0105 kontrol\u0105 w celu zarz\u0105dzania feedami i ich optymalizacji.<\/p>\n<h3><strong>04 Szkolenia<\/strong><\/h3>\n<p>Nasz zesp\u00f3\u0142 zapewnia szkolenia w zakresie korzystania z platformy i wsparcie techniczne oraz rekomendacje.<\/p>\n\t\t\t\t\t<\/div>\n\t\t\t\t<\/div>\n\t\t\t\t\n\t\t\t\t\t\t<\/div>\n\n\t<\/div>\n<\/section><section class=\"v2-packages bg-white three-col\">\n\t<div class=\"site-width\">\n\t\t<div class=\"intro\">\n\t\t\t<h2>Wybierz pakiet dla siebie<\/h2>\n\n\t\t\t<div>\n\t\t\t\t<p>Wybierz pakiet, kt\u00f3ry odpowiada Twoim wymaganiom i zarezerwuj bezp\u0142atn\u0105 prezentacj\u0119 naszego zespo\u0142u przed rozpocz\u0119ciem wsp\u00f3\u0142pracy.<\/p>\n\t\t\t<\/div>\n\t\t<\/div>\n\n\t\t<div class=\"table-contain\">\n\t\t\t\n\t\t\t<div class=\"package-table\">\n\t\t\t\t<div class=\"package-row plans-row\">\n\t\t\t\t\t<div><\/div>\n\t\t\t\t\t<div class=\"plan-title\"><img decoding=\"async\" src=\"https:\/\/www.productcaster.com\/wp-content\/themes\/productcaster\/assets\/img\/package-basic.svg\" alt=\"\"> SaaS<\/div>\n\t\t\t\t\t<div class=\"plan-title\"><img decoding=\"async\" src=\"https:\/\/www.productcaster.com\/wp-content\/themes\/productcaster\/assets\/img\/package-plus.svg\" alt=\"\"> Premium<\/div>\n\t\t\t\t\t<div class=\"plan-title\"><img decoding=\"async\" src=\"https:\/\/www.productcaster.com\/wp-content\/themes\/productcaster\/assets\/img\/package-premium.svg\" alt=\"\"> Managed<\/div>\n\t\t\t\t\t\t\t\t\t<\/div>\n\n\t\t\t\t<div class=\"package-row title-row\">\n\t\t\t\t\t<div class=\"block-title\"><h3>Pakiety FeedManager<\/h3><\/div>\n\t\t\t\t\t<div><\/div>\n\t\t\t\t\t<div><\/div>\n\t\t\t\t\t<div><\/div>\n\t\t\t\t\t\t\t\t\t<\/div>\n\n\t\t\t\t\t\t\t\t\t<div class=\"package-row standard-row \">\n\t\t\t\t\t\t<div><span>Pe\u0142na obs\u0142uga wdro\u017cenia i konfiguracji<\/span><\/div>\n\n\t\t\t\t\t\t<div>\n\t\t\t\t\t\t\t\t\t\t\t\t\t<\/div>\n\n\t\t\t\t\t\t<div>\n\t\t\t\t\t\t\t\t\t\t\t\t\t<\/div>\n\n\t\t\t\t\t\t<div>\n\t\t\t\t\t\t\t\t\t\t\t\t\t<\/div>\n\n\t\t\t\t\t\t\t\t\t\t\t<\/div>\n\t\t\t\t\t\t\t\t\t\t<div class=\"package-row standard-row \">\n\t\t\t\t\t\t<div><span>Audyt i weryfikacja feedu<\/span><\/div>\n\n\t\t\t\t\t\t<div>\n\t\t\t\t\t\t\t\t\t\t\t\t\t<\/div>\n\n\t\t\t\t\t\t<div>\n\t\t\t\t\t\t\t\t\t\t\t\t\t<\/div>\n\n\t\t\t\t\t\t<div>\n\t\t\t\t\t\t\t\t\t\t\t\t\t<\/div>\n\n\t\t\t\t\t\t\t\t\t\t\t<\/div>\n\t\t\t\t\t\t\t\t\t\t<div class=\"package-row standard-row \">\n\t\t\t\t\t\t<div><span>Zalecenia i usprawnienia dotycz\u0105ce regularnej dzia\u0142alno\u015bci<\/span><\/div>\n\n\t\t\t\t\t\t<div>\n\t\t\t\t\t\t\t\t\t\t\t\t\t<\/div>\n\n\t\t\t\t\t\t<div>\n\t\t\t\t\t\t\t\t\t\t\t\t\t<\/div>\n\n\t\t\t\t\t\t<div>\n\t\t\t\t\t\t\t\t\t\t\t\t\t<\/div>\n\n\t\t\t\t\t\t\t\t\t\t\t<\/div>\n\t\t\t\t\t\t\t\t\t\t<div class=\"package-row standard-row \">\n\t\t\t\t\t\t<div><span>Weryfikacja Merchant Center<\/span><\/div>\n\n\t\t\t\t\t\t<div>\n\t\t\t\t\t\t\t\t\t\t\t\t\t<\/div>\n\n\t\t\t\t\t\t<div>\n\t\t\t\t\t\t\t\t\t\t\t\t\t<\/div>\n\n\t\t\t\t\t\t<div>\n\t\t\t\t\t\t\t\t\t\t\t\t\t<\/div>\n\n\t\t\t\t\t\t\t\t\t\t\t<\/div>\n\t\t\t\t\t\t\t\t\t\t<div class=\"package-row standard-row premium-line\">\n\t\t\t\t\t\t<div><span>Zarz\u0105dzanie Merchant Center<\/span><\/div>\n\n\t\t\t\t\t\t<div>\n\t\t\t\t\t\t\t\t\t\t\t\t\t<\/div>\n\n\t\t\t\t\t\t<div>\n\t\t\t\t\t\t\t\t\t\t\t\t\t<\/div>\n\n\t\t\t\t\t\t<div>\n\t\t\t\t\t\t\t<div class=\"img-contain\"><img decoding=\"async\" src=\"https:\/\/www.productcaster.com\/wp-content\/themes\/productcaster\/assets\/img\/package-tick.svg\" alt=\"\"><\/div>\t\t\t\t\t\t<\/div>\n\n\t\t\t\t\t\t\t\t\t\t\t<\/div>\n\t\t\t\t\t\t\t\t\t\t<div class=\"package-row standard-row premium-line\">\n\t\t\t\t\t\t<div><span>Planowanie strategiczne i testowanie<\/span><\/div>\n\n\t\t\t\t\t\t<div>\n\t\t\t\t\t\t\t\t\t\t\t\t\t<\/div>\n\n\t\t\t\t\t\t<div>\n\t\t\t\t\t\t\t\t\t\t\t\t\t<\/div>\n\n\t\t\t\t\t\t<div>\n\t\t\t\t\t\t\t<div class=\"img-contain\"><img decoding=\"async\" src=\"https:\/\/www.productcaster.com\/wp-content\/themes\/productcaster\/assets\/img\/package-tick.svg\" alt=\"\"><\/div>\t\t\t\t\t\t<\/div>\n\n\t\t\t\t\t\t\t\t\t\t\t<\/div>\n\t\t\t\t\t\t\t\t\t\t<div class=\"package-row standard-row premium-line\">\n\t\t\t\t\t\t<div><span>Zni\u017cki na pakiety CSS<\/span><\/div>\n\n\t\t\t\t\t\t<div>\n\t\t\t\t\t\t\t\t\t\t\t\t\t<\/div>\n\n\t\t\t\t\t\t<div>\n\t\t\t\t\t\t\t\t\t\t\t\t\t<\/div>\n\n\t\t\t\t\t\t<div>\n\t\t\t\t\t\t\t\t\t\t\t\t\t<\/div>\n\n\t\t\t\t\t\t\t\t\t\t\t<\/div>\n\t\t\t\t\t\t\t\t<\/div>\n\n\t\t<\/div>\n\n\t\t<div class=\"outro\">\n\t\t\t\n\t\t\t\t\t<\/div>\n\t<\/div>\n<\/section><div class=\"testimonial bg-orange\">\n\t<div class=\"site-width\">\n\n\t\t<div class=\"inner-content\" data-aos=\"fade-up\">\n\t\t\t<p class=\"h3\">\n\t\t\t\t\u201eKorzystamy z FeedManagera od 6 lat. Zapewni\u0142o nam to przewag\u0119 konkurencyjn\u0105, dzi\u0119ki zaoszcz\u0119dzeniu tysi\u0119cy godzin pracy, a tak\u017ce zwi\u0119kszeniu zasi\u0119gu i znacznej poprawie skuteczno\u015bci. W latach 2023-24 osi\u0105gn\u0119li\u015bmy najlepsze wyniki sprzeda\u017cy online w ca\u0142ej grupie globalnej, a FeedManager by\u0142 kluczem do naszego sukcesu\u201d.\n\t\t\t<\/p>\n\n\t\t\t<p class=\"h4\">Matt Gratze \u2013 dyrektor ds. marketingu cyfrowego w firmie Ernest Jones &#038; H.Samuel<\/p>\n\t\t<\/div>\n\t\t\n\t<\/div>\n<\/div><section class=\"cta-block bg-white\">\n\t<div class=\"site-width\">\n\t\t<div class=\"inner-content\" data-aos=\"fade-up\">\n\t\t\t<p class=\"h2\">Gotowi do przeniesienia?&nbsp;<span>Porozmawiajmy.<\/span><\/p>\n\t\t\t<a href=\"https:\/\/open.popup\/\" class=\"btn dark\">Rezerwacja prezentacji<\/a>\n\t\t<\/div>\n\t<\/div>\n<\/section>","protected":false},"excerpt":{"rendered":"","protected":false},"author":2,"featured_media":0,"parent":0,"menu_order":0,"comment_status":"closed","ping_status":"closed","template":"","meta":{"_acf_changed":false,"content-type":"","footnotes":""},"class_list":["post-31333","page","type-page","status-publish","hentry"],"acf":[],"yoast_head":"<!-- This site is optimized with the Yoast SEO plugin v22.1 - https:\/\/yoast.com\/wordpress\/plugins\/seo\/ -->\n<title>FeedManager \u2013 rozwi\u0105zanie do zarz\u0105dzania feedem produktowym | Productcaster<\/title>\n<meta name=\"description\" content=\"Rozwi\u0105zanie FeedManager do zarz\u0105dzania feedem danych produktowych dla wiod\u0105cych sklep\u00f3w z bran\u017cy e-commerce. Przejmij kontrol\u0119 nad swoimi feedami, aby zwi\u0119kszy\u0107 skuteczno\u015b\u0107 p\u0142atnych kampanii w mediach.\" \/>\n<meta name=\"robots\" content=\"index, follow, max-snippet:-1, max-image-preview:large, max-video-preview:-1\" \/>\n<link rel=\"canonical\" href=\"https:\/\/www.productcaster.com\/pl\/feedmanager\/\" \/>\n<meta property=\"og:locale\" content=\"pl_PL\" \/>\n<meta property=\"og:type\" content=\"article\" \/>\n<meta property=\"og:title\" content=\"FeedManager \u2013 rozwi\u0105zanie do zarz\u0105dzania feedem produktowym | Productcaster\" \/>\n<meta property=\"og:description\" content=\"Rozwi\u0105zanie FeedManager do zarz\u0105dzania feedem danych produktowych dla wiod\u0105cych sklep\u00f3w z bran\u017cy e-commerce. Przejmij kontrol\u0119 nad swoimi feedami, aby zwi\u0119kszy\u0107 skuteczno\u015b\u0107 p\u0142atnych kampanii w mediach.\" \/>\n<meta property=\"og:url\" content=\"https:\/\/www.productcaster.com\/pl\/feedmanager\/\" \/>\n<meta property=\"og:site_name\" content=\"Productcaster\" \/>\n<meta property=\"article:modified_time\" content=\"2024-11-22T10:42:30+00:00\" \/>\n<meta property=\"og:image\" content=\"https:\/\/www.productcaster.com\/wp-content\/uploads\/2024\/08\/productcaster-og.png\" \/>\n\t<meta property=\"og:image:width\" content=\"1200\" \/>\n\t<meta property=\"og:image:height\" content=\"630\" \/>\n\t<meta property=\"og:image:type\" content=\"image\/png\" \/>\n<meta name=\"twitter:card\" content=\"summary_large_image\" \/>\n<script type=\"application\/ld+json\" class=\"yoast-schema-graph\">{\"@context\":\"https:\/\/schema.org\",\"@graph\":[{\"@type\":\"WebPage\",\"@id\":\"https:\/\/www.productcaster.com\/pl\/feedmanager\/\",\"url\":\"https:\/\/www.productcaster.com\/pl\/feedmanager\/\",\"name\":\"FeedManager \u2013 rozwi\u0105zanie do zarz\u0105dzania feedem produktowym | Productcaster\",\"isPartOf\":{\"@id\":\"https:\/\/www.productcaster.com\/pl\/#website\"},\"datePublished\":\"2024-07-29T12:42:58+00:00\",\"dateModified\":\"2024-11-22T10:42:30+00:00\",\"description\":\"Rozwi\u0105zanie FeedManager do zarz\u0105dzania feedem danych produktowych dla wiod\u0105cych sklep\u00f3w z bran\u017cy e-commerce. Przejmij kontrol\u0119 nad swoimi feedami, aby zwi\u0119kszy\u0107 skuteczno\u015b\u0107 p\u0142atnych kampanii w mediach.\",\"breadcrumb\":{\"@id\":\"https:\/\/www.productcaster.com\/pl\/feedmanager\/#breadcrumb\"},\"inLanguage\":\"pl-PL\",\"potentialAction\":[{\"@type\":\"ReadAction\",\"target\":[\"https:\/\/www.productcaster.com\/pl\/feedmanager\/\"]}]},{\"@type\":\"BreadcrumbList\",\"@id\":\"https:\/\/www.productcaster.com\/pl\/feedmanager\/#breadcrumb\",\"itemListElement\":[{\"@type\":\"ListItem\",\"position\":1,\"name\":\"Home\",\"item\":\"https:\/\/www.productcaster.com\/pl\/\"},{\"@type\":\"ListItem\",\"position\":2,\"name\":\"FeedManager\"}]},{\"@type\":\"WebSite\",\"@id\":\"https:\/\/www.productcaster.com\/pl\/#website\",\"url\":\"https:\/\/www.productcaster.com\/pl\/\",\"name\":\"Productcaster\",\"description\":\"Make every product perform.\",\"publisher\":{\"@id\":\"https:\/\/www.productcaster.com\/pl\/#organization\"},\"potentialAction\":[{\"@type\":\"SearchAction\",\"target\":{\"@type\":\"EntryPoint\",\"urlTemplate\":\"https:\/\/www.productcaster.com\/pl\/?s={search_term_string}\"},\"query-input\":\"required name=search_term_string\"}],\"inLanguage\":\"pl-PL\"},{\"@type\":\"Organization\",\"@id\":\"https:\/\/www.productcaster.com\/pl\/#organization\",\"name\":\"Productcaster\",\"url\":\"https:\/\/www.productcaster.com\/pl\/\",\"logo\":{\"@type\":\"ImageObject\",\"inLanguage\":\"pl-PL\",\"@id\":\"https:\/\/www.productcaster.com\/pl\/#\/schema\/logo\/image\/\",\"url\":\"https:\/\/www.productcaster.com\/wp-content\/uploads\/2024\/07\/favicon.png\",\"contentUrl\":\"https:\/\/www.productcaster.com\/wp-content\/uploads\/2024\/07\/favicon.png\",\"width\":1000,\"height\":1000,\"caption\":\"Productcaster\"},\"image\":{\"@id\":\"https:\/\/www.productcaster.com\/pl\/#\/schema\/logo\/image\/\"},\"sameAs\":[\"https:\/\/www.linkedin.com\/company\/productcaster\/\"]}]}<\/script>\n<!-- \/ Yoast SEO plugin. -->","yoast_head_json":{"title":"FeedManager \u2013 rozwi\u0105zanie do zarz\u0105dzania feedem produktowym | Productcaster","description":"Rozwi\u0105zanie FeedManager do zarz\u0105dzania feedem danych produktowych dla wiod\u0105cych sklep\u00f3w z bran\u017cy e-commerce. Przejmij kontrol\u0119 nad swoimi feedami, aby zwi\u0119kszy\u0107 skuteczno\u015b\u0107 p\u0142atnych kampanii w mediach.","robots":{"index":"index","follow":"follow","max-snippet":"max-snippet:-1","max-image-preview":"max-image-preview:large","max-video-preview":"max-video-preview:-1"},"canonical":"https:\/\/www.productcaster.com\/pl\/feedmanager\/","og_locale":"pl_PL","og_type":"article","og_title":"FeedManager \u2013 rozwi\u0105zanie do zarz\u0105dzania feedem produktowym | Productcaster","og_description":"Rozwi\u0105zanie FeedManager do zarz\u0105dzania feedem danych produktowych dla wiod\u0105cych sklep\u00f3w z bran\u017cy e-commerce. Przejmij kontrol\u0119 nad swoimi feedami, aby zwi\u0119kszy\u0107 skuteczno\u015b\u0107 p\u0142atnych kampanii w mediach.","og_url":"https:\/\/www.productcaster.com\/pl\/feedmanager\/","og_site_name":"Productcaster","article_modified_time":"2024-11-22T10:42:30+00:00","og_image":[{"width":1200,"height":630,"url":"https:\/\/www.productcaster.com\/wp-content\/uploads\/2024\/08\/productcaster-og.png","type":"image\/png"}],"twitter_card":"summary_large_image","schema":{"@context":"https:\/\/schema.org","@graph":[{"@type":"WebPage","@id":"https:\/\/www.productcaster.com\/pl\/feedmanager\/","url":"https:\/\/www.productcaster.com\/pl\/feedmanager\/","name":"FeedManager \u2013 rozwi\u0105zanie do zarz\u0105dzania feedem produktowym | Productcaster","isPartOf":{"@id":"https:\/\/www.productcaster.com\/pl\/#website"},"datePublished":"2024-07-29T12:42:58+00:00","dateModified":"2024-11-22T10:42:30+00:00","description":"Rozwi\u0105zanie FeedManager do zarz\u0105dzania feedem danych produktowych dla wiod\u0105cych sklep\u00f3w z bran\u017cy e-commerce. Przejmij kontrol\u0119 nad swoimi feedami, aby zwi\u0119kszy\u0107 skuteczno\u015b\u0107 p\u0142atnych kampanii w mediach.","breadcrumb":{"@id":"https:\/\/www.productcaster.com\/pl\/feedmanager\/#breadcrumb"},"inLanguage":"pl-PL","potentialAction":[{"@type":"ReadAction","target":["https:\/\/www.productcaster.com\/pl\/feedmanager\/"]}]},{"@type":"BreadcrumbList","@id":"https:\/\/www.productcaster.com\/pl\/feedmanager\/#breadcrumb","itemListElement":[{"@type":"ListItem","position":1,"name":"Home","item":"https:\/\/www.productcaster.com\/pl\/"},{"@type":"ListItem","position":2,"name":"FeedManager"}]},{"@type":"WebSite","@id":"https:\/\/www.productcaster.com\/pl\/#website","url":"https:\/\/www.productcaster.com\/pl\/","name":"Productcaster","description":"Make every product perform.","publisher":{"@id":"https:\/\/www.productcaster.com\/pl\/#organization"},"potentialAction":[{"@type":"SearchAction","target":{"@type":"EntryPoint","urlTemplate":"https:\/\/www.productcaster.com\/pl\/?s={search_term_string}"},"query-input":"required name=search_term_string"}],"inLanguage":"pl-PL"},{"@type":"Organization","@id":"https:\/\/www.productcaster.com\/pl\/#organization","name":"Productcaster","url":"https:\/\/www.productcaster.com\/pl\/","logo":{"@type":"ImageObject","inLanguage":"pl-PL","@id":"https:\/\/www.productcaster.com\/pl\/#\/schema\/logo\/image\/","url":"https:\/\/www.productcaster.com\/wp-content\/uploads\/2024\/07\/favicon.png","contentUrl":"https:\/\/www.productcaster.com\/wp-content\/uploads\/2024\/07\/favicon.png","width":1000,"height":1000,"caption":"Productcaster"},"image":{"@id":"https:\/\/www.productcaster.com\/pl\/#\/schema\/logo\/image\/"},"sameAs":["https:\/\/www.linkedin.com\/company\/productcaster\/"]}]}},"_links":{"self":[{"href":"https:\/\/www.productcaster.com\/pl\/wp-json\/wp\/v2\/pages\/31333","targetHints":{"allow":["GET"]}}],"collection":[{"href":"https:\/\/www.productcaster.com\/pl\/wp-json\/wp\/v2\/pages"}],"about":[{"href":"https:\/\/www.productcaster.com\/pl\/wp-json\/wp\/v2\/types\/page"}],"author":[{"embeddable":true,"href":"https:\/\/www.productcaster.com\/pl\/wp-json\/wp\/v2\/users\/2"}],"replies":[{"embeddable":true,"href":"https:\/\/www.productcaster.com\/pl\/wp-json\/wp\/v2\/comments?post=31333"}],"version-history":[{"count":1,"href":"https:\/\/www.productcaster.com\/pl\/wp-json\/wp\/v2\/pages\/31333\/revisions"}],"predecessor-version":[{"id":31335,"href":"https:\/\/www.productcaster.com\/pl\/wp-json\/wp\/v2\/pages\/31333\/revisions\/31335"}],"wp:attachment":[{"href":"https:\/\/www.productcaster.com\/pl\/wp-json\/wp\/v2\/media?parent=31333"}],"curies":[{"name":"wp","href":"https:\/\/api.w.org\/{rel}","templated":true}]}}