{"id":31324,"date":"2024-01-31T13:57:02","date_gmt":"2024-01-31T13:57:02","guid":{"rendered":"https:\/\/www.productcaster.com\/comparison-shopping-service-css\/"},"modified":"2024-11-22T10:42:25","modified_gmt":"2024-11-22T10:42:25","slug":"comparison-shopping-service-css","status":"publish","type":"page","link":"https:\/\/www.productcaster.com\/pl\/comparison-shopping-service-css\/","title":{"rendered":"Comparison Shopping Service (CSS)"},"content":{"rendered":"\n<section class=\"img-text-header bg-white-bottom bg-grey\">\n\t<div class=\"site-width\">\n\n\t\t<div class=\"columns\">\n\t\t\t<div class=\"col col-text\" data-aos=\"fade-right\">\n\t\t\t\t<h1 class=\"h4\">CSS Productcaster<\/h1>\n\t\t\t\t<h2 class=\"h1\">Rozwi\u0105zanie CSS klasy premium.<\/h2>\n\n\t\t\t\t<p>Zmaksymalizuj skuteczno\u015b\u0107 i zysk swoich kampanii produktowych.<\/p>\n\n\t\t\t\t\t\t\t<\/div>\n\n\t\t\t<div class=\"col col-img\" data-aos=\"fade-left\">\n\t\t\t\t<img decoding=\"async\" src=\"https:\/\/www.productcaster.com\/wp-content\/uploads\/2024\/08\/css-pagev2.png\" alt=\"\">\t\t\t<\/div>\n\t\t<\/div>\n\t\t\n\t<\/div>\n<\/section>\n<section class=\"generic-content bg-white\">\n\t<div class=\"site-width\" data-aos=\"fade-up\">\n\n\t\t\t\t\n\t<\/div>\n<\/section>\n\n<section class=\"logo-block bg-white\">\n\t<div class=\"site-width\" data-aos=\"fade-up\">\n\n\t\t<h3>Wiod\u0105ca w Europie us\u0142uga Comparison Shopping Service<\/h3>\n\t\t<div class=\"columns\">\n\t\t\t\t\t\t\t\t<div class=\"col\"><img decoding=\"async\" src=\"https:\/\/www.productcaster.com\/wp-content\/uploads\/2024\/02\/Silentnight-Logo-1-300x164.png\" alt=\"\"><\/div>\n\t\t\t\t\t\t\t\t\t<div class=\"col\"><img decoding=\"async\" src=\"https:\/\/www.productcaster.com\/wp-content\/uploads\/2024\/02\/Wickes_logo-1-1.svg\" alt=\"\"><\/div>\n\t\t\t\t\t\t\t\t\t<div class=\"col\"><img decoding=\"async\" src=\"https:\/\/www.productcaster.com\/wp-content\/uploads\/2024\/02\/la-redoute-wide-300x167.png\" alt=\"\"><\/div>\n\t\t\t\t\t\t\t\t\t<div class=\"col\"><img decoding=\"async\" src=\"https:\/\/www.productcaster.com\/wp-content\/uploads\/2024\/02\/Black_Ann_Summers_Logo-300x42.png\" alt=\"\"><\/div>\n\t\t\t\t\t\t\t\t\t<div class=\"col\"><img decoding=\"async\" src=\"https:\/\/www.productcaster.com\/wp-content\/uploads\/2024\/02\/THG-300x109.png\" alt=\"\"><\/div>\n\t\t\t\t\t\t\t\t\t<div class=\"col\"><img decoding=\"async\" src=\"https:\/\/www.productcaster.com\/wp-content\/uploads\/2024\/08\/new-balance-300x105.png\" alt=\"\"><\/div>\n\t\t\t\t\t\t\t\t\t<div class=\"col\"><img decoding=\"async\" src=\"https:\/\/www.productcaster.com\/wp-content\/uploads\/2024\/02\/look-fantastic-300x38.png\" alt=\"\"><\/div>\n\t\t\t\t\t\t\t\t\t<div class=\"col\"><img decoding=\"async\" src=\"https:\/\/www.productcaster.com\/wp-content\/uploads\/2024\/08\/naked-wines-300x78.png\" alt=\"\"><\/div>\n\t\t\t\t\t\t\t\t\t<div class=\"col\"><img decoding=\"async\" src=\"https:\/\/www.productcaster.com\/wp-content\/uploads\/2024\/08\/sigma-black-300x73.png\" alt=\"\"><\/div>\n\t\t\t\t\t\t<\/div>\n\t\t\n\t<\/div>\n<\/section>\n<section class=\"img-text-columns bg-white\">\n\t<div class=\"site-width\">\n\n\t\t<div class=\"columns reverse\">\n\n\t\t\t<div class=\"col col-img\" data-aos=\"fade-left\">\n\t\t\t\t\t\t\t\t<img decoding=\"async\" src=\"https:\/\/www.productcaster.com\/wp-content\/uploads\/2024\/07\/Posts-6-900x900.png\" alt=\"\">\n\t\t\t<\/div>\n\n\t\t\t<div class=\"col col-text\" data-aos=\"fade-right\">\n\t\t\t\t<h2>Czym jest us\u0142uga Comparison Shopping Service i w czym mo\u017ce by\u0107 przydatna?<\/h2>\n\t\t\t\t<p>Wszystkie reklamy produktowe s\u0105 wy\u015bwietlane z wykorzystaniem CSS; mo\u017ce to by\u0107 w\u0142asne rozwi\u0105zanie Google (\u201eZakupy Google\u201d) lub rozwi\u0105zanie innej firmy, takiej jak Productcaster. Korzystaj\u0105c z CSS innej firmy mo\u017cna <strong>zaoszcz\u0119dzi\u0107 do 20% na CPC<\/strong>, co oznacza wi\u0119ksz\u0105 op\u0142acalno\u015b\u0107 wydatk\u00f3w na reklam\u0119 produktow\u0105. Google wprowadzi\u0142 us\u0142ugi Comparison Shopping Services (CSS) innych firm we wrze\u015bniu 2017 r. w odpowiedzi na postanowienie antymonopolowe Komisji Europejskiej, kt\u00f3re wymaga\u0142o od Google zapewnienia bardziej sprawiedliwych warunk\u00f3w na rynku.<\/p>\n\t\t\t<\/div>\n\t\t\t\n\t\t<\/div>\n\t\t\n\t<\/div>\n<\/section>\n<section class=\"img-text-columns bg-white\">\n\t<div class=\"site-width\">\n\n\t\t<div class=\"columns standard\">\n\n\t\t\t<div class=\"col col-img\" data-aos=\"fade-right\">\n\t\t\t\t\t\t\t\t<img decoding=\"async\" src=\"https:\/\/www.productcaster.com\/wp-content\/uploads\/2024\/02\/services-hero-4-1.jpg\" alt=\"\">\n\t\t\t<\/div>\n\n\t\t\t<div class=\"col col-text\" data-aos=\"fade-left\">\n\t\t\t\t<h2>Inwestujemy w Twoje wyniki<\/h2>\n\t\t\t\t<p>Nasi kierownicy ds. wsp\u00f3\u0142pracy z klientem stanowi\u0105 uzupe\u0142nienie Twojego zespo\u0142u i dobieraj\u0105 odpowiednie strategie w celu osi\u0105gni\u0119cia Twoich cel\u00f3w biznesowych. Jako eksperci w dziedzinie marketingu efektywno\u015bciowego dbaj\u0105 o optymaln\u0105 konfiguracj\u0119 feed\u00f3w, dzi\u0119ki czemu kampanie produktowe przebiegaj\u0105 sprawnie, zapewniaj\u0105c najlepszy mo\u017cliwy ROAS. Prowadz\u0105 r\u00f3wnie\u017c szkolenia internetowe i stacjonarne. Gdy pojawiaj\u0105 si\u0119 zagadnienia techniczne, skontaktuj\u0105 Ci\u0119 z ekspertami ds. e-commerce i marketingu efektywno\u015bciowego w Google i naszej siostrzanej agencji <a href=\"https:\/\/www.summit.co.uk\/\" target=\"_blank\" rel=\"noopener\">Summit<\/a>, aby szybko rozwi\u0105za\u0107 wszelkie kwestie.<\/p>\n\t\t\t<\/div>\n\t\t\t\n\t\t<\/div>\n\t\t\n\t<\/div>\n<\/section><section class=\"v2-packages bg-white four-col\">\n\t<div class=\"site-width\">\n\t\t<div class=\"intro\">\n\t\t\t<h2>Wybierz zakres wsparcia<\/h2>\n\n\t\t\t<div>\n\t\t\t\t<p>Opracowali\u015bmy r\u00f3\u017cne poziomy wsparcia, dost\u0119pne ju\u017c od 75 GBP miesi\u0119cznie. Zarezerwuj prezentacj\u0119, aby om\u00f3wi\u0107 odpowiedni zakres wsparcia dla siebie.<\/p>\n\t\t\t<\/div>\n\t\t<\/div>\n\n\t\t<div class=\"table-contain\">\n\t\t\t\n\t\t\t<div class=\"package-table\">\n\t\t\t\t<div class=\"package-row plans-row\">\n\t\t\t\t\t<div><\/div>\n\t\t\t\t\t<div class=\"plan-title\"><img decoding=\"async\" src=\"https:\/\/www.productcaster.com\/wp-content\/themes\/productcaster\/assets\/img\/package-basic.svg\" alt=\"\"> SaaS<\/div>\n\t\t\t\t\t<div class=\"plan-title\"><img decoding=\"async\" src=\"https:\/\/www.productcaster.com\/wp-content\/themes\/productcaster\/assets\/img\/package-plus.svg\" alt=\"\"> SaaS+<\/div>\n\t\t\t\t\t<div class=\"plan-title\"><img decoding=\"async\" src=\"https:\/\/www.productcaster.com\/wp-content\/themes\/productcaster\/assets\/img\/package-premium.svg\" alt=\"\"> Premium<\/div>\n\t\t\t\t\t<div class=\"plan-title\"><img decoding=\"async\" src=\"https:\/\/www.productcaster.com\/wp-content\/themes\/productcaster\/assets\/img\/package-premium.svg\" alt=\"\"> Enterprise<\/div>\t\t\t\t<\/div>\n\n\t\t\t\t<div class=\"package-row title-row\">\n\t\t\t\t\t<div class=\"block-title\"><h3>Pakiety CSS<\/h3><\/div>\n\t\t\t\t\t<div><\/div>\n\t\t\t\t\t<div><\/div>\n\t\t\t\t\t<div><\/div>\n\t\t\t\t\t<div><\/div>\t\t\t\t<\/div>\n\n\t\t\t\t\t\t\t\t\t<div class=\"package-row standard-row \">\n\t\t\t\t\t\t<div><span>Bezp\u0142atny okres pr\u00f3bny<\/span><\/div>\n\n\t\t\t\t\t\t<div>\n\t\t\t\t\t\t\t\t\t\t\t\t\t<\/div>\n\n\t\t\t\t\t\t<div>\n\t\t\t\t\t\t\t\t\t\t\t\t\t<\/div>\n\n\t\t\t\t\t\t<div>\n\t\t\t\t\t\t\t\t\t\t\t\t\t<\/div>\n\n\t\t\t\t\t\t\t\t\t\t\t\t<div>\n\t\t\t\t\t\t\t\t\t\t\t\t\t<\/div>\n\t\t\t\t\t\t\t\t\t\t\t<\/div>\n\t\t\t\t\t\t\t\t\t\t<div class=\"package-row standard-row \">\n\t\t\t\t\t\t<div><span>Wsparcie przy wdra\u017caniu i konfiguracji<\/span><\/div>\n\n\t\t\t\t\t\t<div>\n\t\t\t\t\t\t\t\t\t\t\t\t\t<\/div>\n\n\t\t\t\t\t\t<div>\n\t\t\t\t\t\t\t\t\t\t\t\t\t<\/div>\n\n\t\t\t\t\t\t<div>\n\t\t\t\t\t\t\t\t\t\t\t\t\t<\/div>\n\n\t\t\t\t\t\t\t\t\t\t\t\t<div>\n\t\t\t\t\t\t\t\t\t\t\t\t\t<\/div>\n\t\t\t\t\t\t\t\t\t\t\t<\/div>\n\t\t\t\t\t\t\t\t\t\t<div class=\"package-row standard-row \">\n\t\t\t\t\t\t<div><span>System pomiaru skuteczno\u015bci<\/span><\/div>\n\n\t\t\t\t\t\t<div>\n\t\t\t\t\t\t\t\t\t\t\t\t\t<\/div>\n\n\t\t\t\t\t\t<div>\n\t\t\t\t\t\t\t\t\t\t\t\t\t<\/div>\n\n\t\t\t\t\t\t<div>\n\t\t\t\t\t\t\t\t\t\t\t\t\t<\/div>\n\n\t\t\t\t\t\t\t\t\t\t\t\t<div>\n\t\t\t\t\t\t\t\t\t\t\t\t\t<\/div>\n\t\t\t\t\t\t\t\t\t\t\t<\/div>\n\t\t\t\t\t\t\t\t\t\t<div class=\"package-row standard-row \">\n\t\t\t\t\t\t<div><span>Rozwi\u0105zywanie problem\u00f3w dotycz\u0105cych zakup\u00f3w<\/span><\/div>\n\n\t\t\t\t\t\t<div>\n\t\t\t\t\t\t\t\t\t\t\t\t\t<\/div>\n\n\t\t\t\t\t\t<div>\n\t\t\t\t\t\t\t\t\t\t\t\t\t<\/div>\n\n\t\t\t\t\t\t<div>\n\t\t\t\t\t\t\t\t\t\t\t\t\t<\/div>\n\n\t\t\t\t\t\t\t\t\t\t\t\t<div>\n\t\t\t\t\t\t\t\t\t\t\t\t\t<\/div>\n\t\t\t\t\t\t\t\t\t\t\t<\/div>\n\t\t\t\t\t\t\t\t\t\t<div class=\"package-row standard-row \">\n\t\t\t\t\t\t<div><span>Priorytetowa obs\u0142uga zapyta\u0144 do Google<\/span><\/div>\n\n\t\t\t\t\t\t<div>\n\t\t\t\t\t\t\t\t\t\t\t\t\t<\/div>\n\n\t\t\t\t\t\t<div>\n\t\t\t\t\t\t\t\t\t\t\t\t\t<\/div>\n\n\t\t\t\t\t\t<div>\n\t\t\t\t\t\t\t\t\t\t\t\t\t<\/div>\n\n\t\t\t\t\t\t\t\t\t\t\t\t<div>\n\t\t\t\t\t\t\t\t\t\t\t\t\t<\/div>\n\t\t\t\t\t\t\t\t\t\t\t<\/div>\n\t\t\t\t\t\t\t\t\t\t<div class=\"package-row standard-row \">\n\t\t\t\t\t\t<div><span>Analizy bran\u017cy<\/span><\/div>\n\n\t\t\t\t\t\t<div>\n\t\t\t\t\t\t\t\t\t\t\t\t\t<\/div>\n\n\t\t\t\t\t\t<div>\n\t\t\t\t\t\t\t\t\t\t\t\t\t<\/div>\n\n\t\t\t\t\t\t<div>\n\t\t\t\t\t\t\t\t\t\t\t\t\t<\/div>\n\n\t\t\t\t\t\t\t\t\t\t\t\t<div>\n\t\t\t\t\t\t\t\t\t\t\t\t\t<\/div>\n\t\t\t\t\t\t\t\t\t\t\t<\/div>\n\t\t\t\t\t\t\t\t\t\t<div class=\"package-row standard-row \">\n\t\t\t\t\t\t<div><span>Audyty feed\u00f3w<\/span><\/div>\n\n\t\t\t\t\t\t<div>\n\t\t\t\t\t\t\t\t\t\t\t\t\t<\/div>\n\n\t\t\t\t\t\t<div>\n\t\t\t\t\t\t\t\t\t\t\t\t\t<\/div>\n\n\t\t\t\t\t\t<div>\n\t\t\t\t\t\t\t\t\t\t\t\t\t<\/div>\n\n\t\t\t\t\t\t\t\t\t\t\t\t<div>\n\t\t\t\t\t\t\t\t\t\t\t\t\t<\/div>\n\t\t\t\t\t\t\t\t\t\t\t<\/div>\n\t\t\t\t\t\t\t\t\t\t<div class=\"package-row standard-row \">\n\t\t\t\t\t\t<div><span>Testy beta, uruchomienie i wsparcie<\/span><\/div>\n\n\t\t\t\t\t\t<div>\n\t\t\t\t\t\t\t\t\t\t\t\t\t<\/div>\n\n\t\t\t\t\t\t<div>\n\t\t\t\t\t\t\t\t\t\t\t\t\t<\/div>\n\n\t\t\t\t\t\t<div>\n\t\t\t\t\t\t\t\t\t\t\t\t\t<\/div>\n\n\t\t\t\t\t\t\t\t\t\t\t\t<div>\n\t\t\t\t\t\t\t\t\t\t\t\t\t<\/div>\n\t\t\t\t\t\t\t\t\t\t\t<\/div>\n\t\t\t\t\t\t\t\t\t\t<div class=\"package-row standard-row \">\n\t\t\t\t\t\t<div><span>Kwartalna analiza mo\u017cliwo\u015bci<\/span><\/div>\n\n\t\t\t\t\t\t<div>\n\t\t\t\t\t\t\t\t\t\t\t\t\t<\/div>\n\n\t\t\t\t\t\t<div>\n\t\t\t\t\t\t\t\t\t\t\t\t\t<\/div>\n\n\t\t\t\t\t\t<div>\n\t\t\t\t\t\t\t\t\t\t\t\t\t<\/div>\n\n\t\t\t\t\t\t\t\t\t\t\t\t<div>\n\t\t\t\t\t\t\t\t\t\t\t\t\t<\/div>\n\t\t\t\t\t\t\t\t\t\t\t<\/div>\n\t\t\t\t\t\t\t\t\t\t<div class=\"package-row standard-row \">\n\t\t\t\t\t\t<div><span>Kwartalne planowanie i weryfikacja<\/span><\/div>\n\n\t\t\t\t\t\t<div>\n\t\t\t\t\t\t\t\t\t\t\t\t\t<\/div>\n\n\t\t\t\t\t\t<div>\n\t\t\t\t\t\t\t\t\t\t\t\t\t<\/div>\n\n\t\t\t\t\t\t<div>\n\t\t\t\t\t\t\t\t\t\t\t\t\t<\/div>\n\n\t\t\t\t\t\t\t\t\t\t\t\t<div>\n\t\t\t\t\t\t\t\t\t\t\t\t\t<\/div>\n\t\t\t\t\t\t\t\t\t\t\t<\/div>\n\t\t\t\t\t\t\t\t\t\t<div class=\"package-row standard-row \">\n\t\t\t\t\t\t<div><span>Szkolenie <\/span><\/div>\n\n\t\t\t\t\t\t<div>\n\t\t\t\t\t\t\t\t\t\t\t\t\t<\/div>\n\n\t\t\t\t\t\t<div>\n\t\t\t\t\t\t\t\t\t\t\t\t\t<\/div>\n\n\t\t\t\t\t\t<div>\n\t\t\t\t\t\t\t\t\t\t\t\t\t<\/div>\n\n\t\t\t\t\t\t\t\t\t\t\t\t<div>\n\t\t\t\t\t\t\t\t\t\t\t\t\t<\/div>\n\t\t\t\t\t\t\t\t\t\t\t<\/div>\n\t\t\t\t\t\t\t\t\t\t<div class=\"package-row standard-row super-line\">\n\t\t\t\t\t\t<div><span>Wyspecjalizowane wsparcie strategiczne co kwarta\u0142<\/span><\/div>\n\n\t\t\t\t\t\t<div>\n\t\t\t\t\t\t\t\t\t\t\t\t\t<\/div>\n\n\t\t\t\t\t\t<div>\n\t\t\t\t\t\t\t\t\t\t\t\t\t<\/div>\n\n\t\t\t\t\t\t<div>\n\t\t\t\t\t\t\t\t\t\t\t\t\t<\/div>\n\n\t\t\t\t\t\t\t\t\t\t\t\t<div>\n\t\t\t\t\t\t\t<div class=\"img-contain\"><img decoding=\"async\" src=\"https:\/\/www.productcaster.com\/wp-content\/themes\/productcaster\/assets\/img\/package-tick.svg\" alt=\"\"><\/div>\t\t\t\t\t\t<\/div>\n\t\t\t\t\t\t\t\t\t\t\t<\/div>\n\t\t\t\t\t\t\t\t\t\t<div class=\"package-row standard-row super-line\">\n\t\t\t\t\t\t<div><span>Wsparcie dla zespo\u0142\u00f3w wewn\u0119trznych<\/span><\/div>\n\n\t\t\t\t\t\t<div>\n\t\t\t\t\t\t\t\t\t\t\t\t\t<\/div>\n\n\t\t\t\t\t\t<div>\n\t\t\t\t\t\t\t\t\t\t\t\t\t<\/div>\n\n\t\t\t\t\t\t<div>\n\t\t\t\t\t\t\t\t\t\t\t\t\t<\/div>\n\n\t\t\t\t\t\t\t\t\t\t\t\t<div>\n\t\t\t\t\t\t\t<div class=\"img-contain\"><img decoding=\"async\" src=\"https:\/\/www.productcaster.com\/wp-content\/themes\/productcaster\/assets\/img\/package-tick.svg\" alt=\"\"><\/div>\t\t\t\t\t\t<\/div>\n\t\t\t\t\t\t\t\t\t\t\t<\/div>\n\t\t\t\t\t\t\t\t\t\t<div class=\"package-row standard-row super-line\">\n\t\t\t\t\t\t<div><span>Doradztwo, wsparcie i wdra\u017canie strategii poza us\u0142ug\u0105 Zakupy<\/span><\/div>\n\n\t\t\t\t\t\t<div>\n\t\t\t\t\t\t\t\t\t\t\t\t\t<\/div>\n\n\t\t\t\t\t\t<div>\n\t\t\t\t\t\t\t\t\t\t\t\t\t<\/div>\n\n\t\t\t\t\t\t<div>\n\t\t\t\t\t\t\t\t\t\t\t\t\t<\/div>\n\n\t\t\t\t\t\t\t\t\t\t\t\t<div>\n\t\t\t\t\t\t\t<div class=\"img-contain\"><img decoding=\"async\" src=\"https:\/\/www.productcaster.com\/wp-content\/themes\/productcaster\/assets\/img\/package-tick.svg\" alt=\"\"><\/div>\t\t\t\t\t\t<\/div>\n\t\t\t\t\t\t\t\t\t\t\t<\/div>\n\t\t\t\t\t\t\t\t\t\t<div class=\"package-row standard-row super-line\">\n\t\t\t\t\t\t<div><span>Zni\u017cki z tytu\u0142u wielu us\u0142ug<\/span><\/div>\n\n\t\t\t\t\t\t<div>\n\t\t\t\t\t\t\t\t\t\t\t\t\t<\/div>\n\n\t\t\t\t\t\t<div>\n\t\t\t\t\t\t\t\t\t\t\t\t\t<\/div>\n\n\t\t\t\t\t\t<div>\n\t\t\t\t\t\t\t\t\t\t\t\t\t<\/div>\n\n\t\t\t\t\t\t\t\t\t\t\t\t<div>\n\t\t\t\t\t\t\t\t\t\t\t\t\t<\/div>\n\t\t\t\t\t\t\t\t\t\t\t<\/div>\n\t\t\t\t\t\t\t\t<\/div>\n\n\t\t<\/div>\n\n\t\t<div class=\"outro\">\n\t\t\t\n\t\t\t\t\t<\/div>\n\t<\/div>\n<\/section><section class=\"stat-columns bg-white\">\n\t<div class=\"site-width\">\n\n\t\t<div class=\"columns\">\n\t\t\t<div class=\"col\" data-aos=\"fade-up\">\n\t\t\t\t<span class=\"text\">Opublikowanych produkt\u00f3w<\/span>\n\t\t\t\t<span class=\"stat h1\">3 miliardy<\/span>\n\t\t\t<\/div>\n\n\t\t\t<div class=\"col\" data-aos=\"fade-up\" data-aos-delay=\"100\">\n\t\t\t\t<span class=\"text\">Roczny przych\u00f3d<\/span>\n\t\t\t\t<span class=\"stat h1\">2 miliardy funt\u00f3w<\/span>\n\t\t\t<\/div>\n\n\t\t\t<div class=\"col\" data-aos=\"fade-up\" data-aos-delay=\"200\">\n\t\t\t\t<span class=\"text\">Og\u00f3lnoeuropejski zasi\u0119g<\/span>\n\t\t\t\t<span class=\"stat h1\">21 kraj\u00f3w<\/span>\n\t\t\t<\/div>\n\t\t<\/div>\n\t\t\n\t<\/div>\n<\/section><section class=\"cta-block bg-white\">\n\t<div class=\"site-width\">\n\t\t<div class=\"inner-content\" data-aos=\"fade-up\">\n\t\t\t<p class=\"h2\">Czy chcesz rozwija\u0107 dzia\u0142alno\u015b\u0107?&nbsp;<span>Do\u0142\u0105cz ju\u017c dzisiaj.<\/span><\/p>\n\t\t\t<a href=\"https:\/\/open.popup\/\" class=\"btn dark\">Rezerwacja prezentacji<\/a>\n\t\t<\/div>\n\t<\/div>\n<\/section>","protected":false},"excerpt":{"rendered":"","protected":false},"author":2,"featured_media":0,"parent":0,"menu_order":0,"comment_status":"closed","ping_status":"closed","template":"","meta":{"_acf_changed":false,"content-type":"","footnotes":""},"class_list":["post-31324","page","type-page","status-publish","hentry"],"acf":[],"yoast_head":"<!-- This site is optimized with the Yoast SEO plugin v22.1 - https:\/\/yoast.com\/wordpress\/plugins\/seo\/ -->\n<title>Comparison Shopping Service CSS | Productcaster<\/title>\n<meta name=\"description\" content=\"Rozwi\u0105zanie Comparison Shopping Service (CSS) klasy premium dla wiod\u0105cych biznes\u00f3w e-commerce. Zaufali nam najwi\u0119ksi sprzedawcy detaliczni na \u015bwiecie.\" \/>\n<meta name=\"robots\" content=\"index, follow, max-snippet:-1, max-image-preview:large, max-video-preview:-1\" \/>\n<link rel=\"canonical\" href=\"https:\/\/www.productcaster.com\/pl\/comparison-shopping-service-css\/\" \/>\n<meta property=\"og:locale\" content=\"pl_PL\" \/>\n<meta property=\"og:type\" content=\"article\" \/>\n<meta property=\"og:title\" content=\"Comparison Shopping Service CSS | Productcaster\" \/>\n<meta property=\"og:description\" content=\"Rozwi\u0105zanie Comparison Shopping Service (CSS) klasy premium dla wiod\u0105cych biznes\u00f3w e-commerce. Zaufali nam najwi\u0119ksi sprzedawcy detaliczni na \u015bwiecie.\" \/>\n<meta property=\"og:url\" content=\"https:\/\/www.productcaster.com\/pl\/comparison-shopping-service-css\/\" \/>\n<meta property=\"og:site_name\" content=\"Productcaster\" \/>\n<meta property=\"article:modified_time\" content=\"2024-11-22T10:42:25+00:00\" \/>\n<meta property=\"og:image\" content=\"https:\/\/www.productcaster.com\/wp-content\/uploads\/2024\/08\/productcaster-og.png\" \/>\n\t<meta property=\"og:image:width\" content=\"1200\" \/>\n\t<meta property=\"og:image:height\" content=\"630\" \/>\n\t<meta property=\"og:image:type\" content=\"image\/png\" \/>\n<meta name=\"twitter:card\" content=\"summary_large_image\" \/>\n<script type=\"application\/ld+json\" class=\"yoast-schema-graph\">{\"@context\":\"https:\/\/schema.org\",\"@graph\":[{\"@type\":\"WebPage\",\"@id\":\"https:\/\/www.productcaster.com\/pl\/comparison-shopping-service-css\/\",\"url\":\"https:\/\/www.productcaster.com\/pl\/comparison-shopping-service-css\/\",\"name\":\"Comparison Shopping Service CSS | Productcaster\",\"isPartOf\":{\"@id\":\"https:\/\/www.productcaster.com\/pl\/#website\"},\"datePublished\":\"2024-01-31T13:57:02+00:00\",\"dateModified\":\"2024-11-22T10:42:25+00:00\",\"description\":\"Rozwi\u0105zanie Comparison Shopping Service (CSS) klasy premium dla wiod\u0105cych biznes\u00f3w e-commerce. Zaufali nam najwi\u0119ksi sprzedawcy detaliczni na \u015bwiecie.\",\"breadcrumb\":{\"@id\":\"https:\/\/www.productcaster.com\/pl\/comparison-shopping-service-css\/#breadcrumb\"},\"inLanguage\":\"pl-PL\",\"potentialAction\":[{\"@type\":\"ReadAction\",\"target\":[\"https:\/\/www.productcaster.com\/pl\/comparison-shopping-service-css\/\"]}]},{\"@type\":\"BreadcrumbList\",\"@id\":\"https:\/\/www.productcaster.com\/pl\/comparison-shopping-service-css\/#breadcrumb\",\"itemListElement\":[{\"@type\":\"ListItem\",\"position\":1,\"name\":\"Home\",\"item\":\"https:\/\/www.productcaster.com\/pl\/\"},{\"@type\":\"ListItem\",\"position\":2,\"name\":\"Comparison Shopping Service (CSS)\"}]},{\"@type\":\"WebSite\",\"@id\":\"https:\/\/www.productcaster.com\/pl\/#website\",\"url\":\"https:\/\/www.productcaster.com\/pl\/\",\"name\":\"Productcaster\",\"description\":\"Make every product perform.\",\"publisher\":{\"@id\":\"https:\/\/www.productcaster.com\/pl\/#organization\"},\"potentialAction\":[{\"@type\":\"SearchAction\",\"target\":{\"@type\":\"EntryPoint\",\"urlTemplate\":\"https:\/\/www.productcaster.com\/pl\/?s={search_term_string}\"},\"query-input\":\"required name=search_term_string\"}],\"inLanguage\":\"pl-PL\"},{\"@type\":\"Organization\",\"@id\":\"https:\/\/www.productcaster.com\/pl\/#organization\",\"name\":\"Productcaster\",\"url\":\"https:\/\/www.productcaster.com\/pl\/\",\"logo\":{\"@type\":\"ImageObject\",\"inLanguage\":\"pl-PL\",\"@id\":\"https:\/\/www.productcaster.com\/pl\/#\/schema\/logo\/image\/\",\"url\":\"https:\/\/www.productcaster.com\/wp-content\/uploads\/2024\/07\/favicon.png\",\"contentUrl\":\"https:\/\/www.productcaster.com\/wp-content\/uploads\/2024\/07\/favicon.png\",\"width\":1000,\"height\":1000,\"caption\":\"Productcaster\"},\"image\":{\"@id\":\"https:\/\/www.productcaster.com\/pl\/#\/schema\/logo\/image\/\"},\"sameAs\":[\"https:\/\/www.linkedin.com\/company\/productcaster\/\"]}]}<\/script>\n<!-- \/ Yoast SEO plugin. -->","yoast_head_json":{"title":"Comparison Shopping Service CSS | Productcaster","description":"Rozwi\u0105zanie Comparison Shopping Service (CSS) klasy premium dla wiod\u0105cych biznes\u00f3w e-commerce. Zaufali nam najwi\u0119ksi sprzedawcy detaliczni na \u015bwiecie.","robots":{"index":"index","follow":"follow","max-snippet":"max-snippet:-1","max-image-preview":"max-image-preview:large","max-video-preview":"max-video-preview:-1"},"canonical":"https:\/\/www.productcaster.com\/pl\/comparison-shopping-service-css\/","og_locale":"pl_PL","og_type":"article","og_title":"Comparison Shopping Service CSS | Productcaster","og_description":"Rozwi\u0105zanie Comparison Shopping Service (CSS) klasy premium dla wiod\u0105cych biznes\u00f3w e-commerce. Zaufali nam najwi\u0119ksi sprzedawcy detaliczni na \u015bwiecie.","og_url":"https:\/\/www.productcaster.com\/pl\/comparison-shopping-service-css\/","og_site_name":"Productcaster","article_modified_time":"2024-11-22T10:42:25+00:00","og_image":[{"width":1200,"height":630,"url":"https:\/\/www.productcaster.com\/wp-content\/uploads\/2024\/08\/productcaster-og.png","type":"image\/png"}],"twitter_card":"summary_large_image","schema":{"@context":"https:\/\/schema.org","@graph":[{"@type":"WebPage","@id":"https:\/\/www.productcaster.com\/pl\/comparison-shopping-service-css\/","url":"https:\/\/www.productcaster.com\/pl\/comparison-shopping-service-css\/","name":"Comparison Shopping Service CSS | Productcaster","isPartOf":{"@id":"https:\/\/www.productcaster.com\/pl\/#website"},"datePublished":"2024-01-31T13:57:02+00:00","dateModified":"2024-11-22T10:42:25+00:00","description":"Rozwi\u0105zanie Comparison Shopping Service (CSS) klasy premium dla wiod\u0105cych biznes\u00f3w e-commerce. Zaufali nam najwi\u0119ksi sprzedawcy detaliczni na \u015bwiecie.","breadcrumb":{"@id":"https:\/\/www.productcaster.com\/pl\/comparison-shopping-service-css\/#breadcrumb"},"inLanguage":"pl-PL","potentialAction":[{"@type":"ReadAction","target":["https:\/\/www.productcaster.com\/pl\/comparison-shopping-service-css\/"]}]},{"@type":"BreadcrumbList","@id":"https:\/\/www.productcaster.com\/pl\/comparison-shopping-service-css\/#breadcrumb","itemListElement":[{"@type":"ListItem","position":1,"name":"Home","item":"https:\/\/www.productcaster.com\/pl\/"},{"@type":"ListItem","position":2,"name":"Comparison Shopping Service (CSS)"}]},{"@type":"WebSite","@id":"https:\/\/www.productcaster.com\/pl\/#website","url":"https:\/\/www.productcaster.com\/pl\/","name":"Productcaster","description":"Make every product perform.","publisher":{"@id":"https:\/\/www.productcaster.com\/pl\/#organization"},"potentialAction":[{"@type":"SearchAction","target":{"@type":"EntryPoint","urlTemplate":"https:\/\/www.productcaster.com\/pl\/?s={search_term_string}"},"query-input":"required name=search_term_string"}],"inLanguage":"pl-PL"},{"@type":"Organization","@id":"https:\/\/www.productcaster.com\/pl\/#organization","name":"Productcaster","url":"https:\/\/www.productcaster.com\/pl\/","logo":{"@type":"ImageObject","inLanguage":"pl-PL","@id":"https:\/\/www.productcaster.com\/pl\/#\/schema\/logo\/image\/","url":"https:\/\/www.productcaster.com\/wp-content\/uploads\/2024\/07\/favicon.png","contentUrl":"https:\/\/www.productcaster.com\/wp-content\/uploads\/2024\/07\/favicon.png","width":1000,"height":1000,"caption":"Productcaster"},"image":{"@id":"https:\/\/www.productcaster.com\/pl\/#\/schema\/logo\/image\/"},"sameAs":["https:\/\/www.linkedin.com\/company\/productcaster\/"]}]}},"_links":{"self":[{"href":"https:\/\/www.productcaster.com\/pl\/wp-json\/wp\/v2\/pages\/31324","targetHints":{"allow":["GET"]}}],"collection":[{"href":"https:\/\/www.productcaster.com\/pl\/wp-json\/wp\/v2\/pages"}],"about":[{"href":"https:\/\/www.productcaster.com\/pl\/wp-json\/wp\/v2\/types\/page"}],"author":[{"embeddable":true,"href":"https:\/\/www.productcaster.com\/pl\/wp-json\/wp\/v2\/users\/2"}],"replies":[{"embeddable":true,"href":"https:\/\/www.productcaster.com\/pl\/wp-json\/wp\/v2\/comments?post=31324"}],"version-history":[{"count":1,"href":"https:\/\/www.productcaster.com\/pl\/wp-json\/wp\/v2\/pages\/31324\/revisions"}],"predecessor-version":[{"id":31327,"href":"https:\/\/www.productcaster.com\/pl\/wp-json\/wp\/v2\/pages\/31324\/revisions\/31327"}],"wp:attachment":[{"href":"https:\/\/www.productcaster.com\/pl\/wp-json\/wp\/v2\/media?parent=31324"}],"curies":[{"name":"wp","href":"https:\/\/api.w.org\/{rel}","templated":true}]}}