{"id":31262,"date":"2024-07-29T13:45:22","date_gmt":"2024-07-29T12:45:22","guid":{"rendered":"https:\/\/www.productcaster.com\/programy-partnerskie\/"},"modified":"2024-11-22T10:41:13","modified_gmt":"2024-11-22T10:41:13","slug":"programy-partnerskie","status":"publish","type":"page","link":"https:\/\/www.productcaster.com\/pl\/programy-partnerskie\/","title":{"rendered":"Programy partnerskie"},"content":{"rendered":"\n<section class=\"img-text-header bg-white-bottom bg-grey\">\n\t<div class=\"site-width\">\n\n\t\t<div class=\"columns\">\n\t\t\t<div class=\"col col-text\" data-aos=\"fade-right\">\n\t\t\t\t<h1 class=\"h4\">Programy partnerskie<\/h1>\n\t\t\t\t<h2 class=\"h1\">Zosta\u0144 akredytowanym resellerem Productcaster.<\/h2>\n\n\t\t\t\t<p><span style=\"font-weight: 400;\">Wspieraj swoich klient\u00f3w w rozwijaniu e-commerce.<\/span><\/p>\n\n\t\t\t\t\t\t\t<\/div>\n\n\t\t\t<div class=\"col col-img\" data-aos=\"fade-left\">\n\t\t\t\t<img decoding=\"async\" src=\"https:\/\/www.productcaster.com\/wp-content\/uploads\/2024\/07\/reseller.jpg\" alt=\"\">\t\t\t<\/div>\n\t\t<\/div>\n\t\t\n\t<\/div>\n<\/section>\n\n<section class=\"logo-block bg-white\">\n\t<div class=\"site-width\" data-aos=\"fade-up\">\n\n\t\t<h3>Wsp\u00f3\u0142pracujemy z wiod\u0105cymi agencjami<\/h3>\n\t\t<div class=\"columns\">\n\t\t\t\t\t\t\t\t<div class=\"col\"><img decoding=\"async\" src=\"https:\/\/www.productcaster.com\/wp-content\/uploads\/2024\/07\/adsup-logo-e1722413781532-300x64.png\" alt=\"\"><\/div>\n\t\t\t\t\t\t\t\t\t<div class=\"col\"><img decoding=\"async\" src=\"https:\/\/www.productcaster.com\/wp-content\/uploads\/2024\/07\/Modo25_lockup_black_RGB1-300x79.png\" alt=\"\"><\/div>\n\t\t\t\t\t\t\t\t\t<div class=\"col\"><img decoding=\"async\" src=\"https:\/\/www.productcaster.com\/wp-content\/uploads\/2024\/08\/brave-bison-300x40.png\" alt=\"\"><\/div>\n\t\t\t\t\t\t\t\t\t<div class=\"col\"><img decoding=\"async\" src=\"https:\/\/www.productcaster.com\/wp-content\/uploads\/2024\/08\/can-do2-300x110.png\" alt=\"\"><\/div>\n\t\t\t\t\t\t\t\t\t<div class=\"col\"><img decoding=\"async\" src=\"https:\/\/www.productcaster.com\/wp-content\/uploads\/2024\/08\/digimood-300x55.png\" alt=\"\"><\/div>\n\t\t\t\t\t\t\t\t\t<div class=\"col\"><img decoding=\"async\" src=\"https:\/\/www.productcaster.com\/wp-content\/uploads\/2024\/08\/jaywing2-300x42.png\" alt=\"\"><\/div>\n\t\t\t\t\t\t\t\t\t<div class=\"col\"><img decoding=\"async\" src=\"https:\/\/www.productcaster.com\/wp-content\/uploads\/2024\/08\/7stars-2-300x132.png\" alt=\"\"><\/div>\n\t\t\t\t\t\t\t\t\t<div class=\"col\"><img decoding=\"async\" src=\"https:\/\/www.productcaster.com\/wp-content\/uploads\/2024\/08\/thg-300x95.png\" alt=\"\"><\/div>\n\t\t\t\t\t\t<\/div>\n\t\t\n\t<\/div>\n<\/section>\n<section class=\"img-text-columns bg-white\">\n\t<div class=\"site-width\">\n\n\t\t<div class=\"columns reverse\">\n\n\t\t\t<div class=\"col col-img\" data-aos=\"fade-left\">\n\t\t\t\t\t\t\t\t<img decoding=\"async\" src=\"https:\/\/www.productcaster.com\/wp-content\/uploads\/2024\/07\/xSummit_how-it-works.png.pagespeed.ic_.yHeRHJi990.png\" alt=\"\">\n\t\t\t<\/div>\n\n\t\t\t<div class=\"col col-text\" data-aos=\"fade-right\">\n\t\t\t\t<h2>Program dla reseller\u00f3w us\u0142ug Productcaster<\/h2>\n\t\t\t\t<p>Czy pracujesz w agencji lub jako freelancer i szukasz wiod\u0105cych na rynku rozwi\u0105za\u0144 technologicznych w dziedzinie e-commerce, kt\u00f3re mog\u0105 zosta\u0107 wdro\u017cone szybko i na du\u017c\u0105 skal\u0119?  W Productcaster oferujemy korzystne stawki partnerom, kt\u00f3rzy chc\u0105 zastosowa\u0107 nasz\u0105 technologi\u0119 do obs\u0142ugi swoich klient\u00f3w i zapewniania im wszystkich korzy\u015bci p\u0142yn\u0105cych z us\u0142ug Productcaster, a sobie dodatkowego strumienia przychod\u00f3w.<\/p>\n\t\t\t<\/div>\n\t\t\t\n\t\t<\/div>\n\t\t\n\t<\/div>\n<\/section><section class=\"title-text-columns bg-white\">\n\t<div class=\"site-width\">\n\t\t\n\t\t<div class=\"columns\">\n\t\t\t\t\t\t\t<div class=\"row\">\n\t\t\t\t\t<div class=\"title\" data-aos=\"fade-up\">\n\t\t\t\t\t\t<h2>Korzy\u015bci dla Ciebie<\/h2>\n\t\t\t\t\t<\/div>\n\n\t\t\t\t\t<div class=\"text-content\" data-aos=\"fade-up\" data-aos-delay=\"100\">\n\t\t\t\t\t\t<p><strong>Dodatkowy strumie\u0144 przychod\u00f3w<\/strong> Jako reseller uzyskasz dost\u0119p do promocyjnych stawek za pakiety Productcaster, co umo\u017cliwi Ci dodanie do nich swojej mar\u017cy i stworzenie nowego \u017ar\u00f3d\u0142a przychod\u00f3w. <strong>Wi\u0119ksza skuteczno\u015b\u0107<\/strong> Dzi\u0119ki Productcaster bud\u017cety marketingowe Twoich klient\u00f3w b\u0119d\u0105 lepiej wykorzystywane, co prze\u0142o\u017cy si\u0119 na wi\u0119ksz\u0105 skuteczno\u015b\u0107 i lepszy ROAS, gdzie CPC b\u0119dzie ni\u017cszy nawet o 20% dzi\u0119ki CSS Productcaster <strong>Specjalistyczne wsparcie<\/strong> Productcaster mo\u017ce pom\u00f3c Ci zmaksymalizowa\u0107 skuteczno\u015b\u0107 kampanii Twoich klient\u00f3w; jeste\u015bmy ekspertami w dziedzinie kampanii produktowych i mo\u017cemy pom\u00f3c Ci w stworzeniu najlepszej strategii, kt\u00f3ra zrealizuje cele Twoich klient\u00f3w.<\/p>\n\t\t\t\t\t<\/div>\n\t\t\t\t<\/div>\n\t\t\t\t\n\t\t\t\t\t\t\t\t<div class=\"row\">\n\t\t\t\t\t<div class=\"title\" data-aos=\"fade-up\">\n\t\t\t\t\t\t<h2>Korzy\u015bci dla Twoich klient\u00f3w<\/h2>\n\t\t\t\t\t<\/div>\n\n\t\t\t\t\t<div class=\"text-content\" data-aos=\"fade-up\" data-aos-delay=\"100\">\n\t\t\t\t\t\t<ul>\n<li>Do 20% ni\u017cszy CPC reklam produktowych dzi\u0119ki u\u017cyciu CSS<\/li>\n<li>Wi\u0119kszy zasi\u0119g, wi\u0119kszy ruch na stronie i wi\u0119ksza skuteczno\u015b\u0107 kampanii<\/li>\n<li>Dost\u0119p do wiedzy z zakresu reklamy produktowej i feed\u00f3w<\/li>\n<li>Specjalistyczne wsparcie Google<\/li>\n<li>Analizy i rekomendacje dotycz\u0105ce bran\u017cy<\/li>\n<li>Dost\u0119p do bie\u017c\u0105cych webinari\u00f3w na temat nowych funkcji i najlepszych praktyk<\/li>\n<\/ul>\n\t\t\t\t\t<\/div>\n\t\t\t\t<\/div>\n\t\t\t\t\n\t\t\t\t\t\t<\/div>\n\n\t<\/div>\n<\/section><div class=\"testimonial bg-orange\">\n\t<div class=\"site-width\">\n\n\t\t<div class=\"inner-content\" data-aos=\"fade-up\">\n\t\t\t<p class=\"h3\">\n\t\t\t\t\u201eProductcaster jest naszym partnerem w zakresie CSS od ponad 4 lat. Wsparcie, kt\u00f3re zapewnia ta firma, jest wyj\u0105tkowe, a szybko\u015b\u0107 jej dzia\u0142ania wyr\u00f3\u017cnia j\u0105 na tle konkurencji. Korzystali\u015bmy z us\u0142ug wielu dostawc\u00f3w CSS, ale Productcaster jest najbardziej niezawodny i godny zaufania\u201d.\t\t\t<\/p>\n\n\t\t\t<p class=\"h4\">Guillaume Neyret \u2013 wicedyrektor firmy Ad\u2019s up Consulting<\/p>\n\t\t<\/div>\n\t\t\n\t<\/div>\n<\/div><section class=\"cta-block bg-white\">\n\t<div class=\"site-width\">\n\t\t<div class=\"inner-content\" data-aos=\"fade-up\">\n\t\t\t<p class=\"h2\">Wsp\u00f3\u0142praca partnerska?&nbsp;<span>Porozmawiajmy.<\/span><\/p>\n\t\t\t<a href=\"https:\/\/www.productcaster.com\/contact\/\" class=\"btn dark\">Skontaktuj si\u0119 z nami<\/a>\n\t\t<\/div>\n\t<\/div>\n<\/section>","protected":false},"excerpt":{"rendered":"","protected":false},"author":2,"featured_media":0,"parent":0,"menu_order":0,"comment_status":"closed","ping_status":"closed","template":"","meta":{"_acf_changed":false,"content-type":"","footnotes":""},"class_list":["post-31262","page","type-page","status-publish","hentry"],"acf":[],"yoast_head":"<!-- This site is optimized with the Yoast SEO plugin v22.1 - https:\/\/yoast.com\/wordpress\/plugins\/seo\/ -->\n<title>Programy partnerskie \u2013 zosta\u0144 akredytowanym resellerem | Productcaster<\/title>\n<meta name=\"description\" content=\"Zosta\u0144 akredytowanym resellerem Productcaster. Wspieraj swoich klient\u00f3w w rozwijaniu e-commerce dzi\u0119ki rozwi\u0105zaniom CSS klasy premium.\" \/>\n<meta name=\"robots\" content=\"index, follow, max-snippet:-1, max-image-preview:large, max-video-preview:-1\" \/>\n<link rel=\"canonical\" href=\"https:\/\/www.productcaster.com\/pl\/programy-partnerskie\/\" \/>\n<meta property=\"og:locale\" content=\"pl_PL\" \/>\n<meta property=\"og:type\" content=\"article\" \/>\n<meta property=\"og:title\" content=\"Programy partnerskie \u2013 zosta\u0144 akredytowanym resellerem | Productcaster\" \/>\n<meta property=\"og:description\" content=\"Zosta\u0144 akredytowanym resellerem Productcaster. Wspieraj swoich klient\u00f3w w rozwijaniu e-commerce dzi\u0119ki rozwi\u0105zaniom CSS klasy premium.\" \/>\n<meta property=\"og:url\" content=\"https:\/\/www.productcaster.com\/pl\/programy-partnerskie\/\" \/>\n<meta property=\"og:site_name\" content=\"Productcaster\" \/>\n<meta property=\"article:modified_time\" content=\"2024-11-22T10:41:13+00:00\" \/>\n<meta property=\"og:image\" content=\"https:\/\/www.productcaster.com\/wp-content\/uploads\/2024\/08\/productcaster-og.png\" \/>\n\t<meta property=\"og:image:width\" content=\"1200\" \/>\n\t<meta property=\"og:image:height\" content=\"630\" \/>\n\t<meta property=\"og:image:type\" content=\"image\/png\" \/>\n<meta name=\"twitter:card\" content=\"summary_large_image\" \/>\n<script type=\"application\/ld+json\" class=\"yoast-schema-graph\">{\"@context\":\"https:\/\/schema.org\",\"@graph\":[{\"@type\":\"WebPage\",\"@id\":\"https:\/\/www.productcaster.com\/pl\/programy-partnerskie\/\",\"url\":\"https:\/\/www.productcaster.com\/pl\/programy-partnerskie\/\",\"name\":\"Programy partnerskie \u2013 zosta\u0144 akredytowanym resellerem | Productcaster\",\"isPartOf\":{\"@id\":\"https:\/\/www.productcaster.com\/pl\/#website\"},\"datePublished\":\"2024-07-29T12:45:22+00:00\",\"dateModified\":\"2024-11-22T10:41:13+00:00\",\"description\":\"Zosta\u0144 akredytowanym resellerem Productcaster. Wspieraj swoich klient\u00f3w w rozwijaniu e-commerce dzi\u0119ki rozwi\u0105zaniom CSS klasy premium.\",\"breadcrumb\":{\"@id\":\"https:\/\/www.productcaster.com\/pl\/programy-partnerskie\/#breadcrumb\"},\"inLanguage\":\"pl-PL\",\"potentialAction\":[{\"@type\":\"ReadAction\",\"target\":[\"https:\/\/www.productcaster.com\/pl\/programy-partnerskie\/\"]}]},{\"@type\":\"BreadcrumbList\",\"@id\":\"https:\/\/www.productcaster.com\/pl\/programy-partnerskie\/#breadcrumb\",\"itemListElement\":[{\"@type\":\"ListItem\",\"position\":1,\"name\":\"Home\",\"item\":\"https:\/\/www.productcaster.com\/pl\/\"},{\"@type\":\"ListItem\",\"position\":2,\"name\":\"Programy partnerskie\"}]},{\"@type\":\"WebSite\",\"@id\":\"https:\/\/www.productcaster.com\/pl\/#website\",\"url\":\"https:\/\/www.productcaster.com\/pl\/\",\"name\":\"Productcaster\",\"description\":\"Make every product perform.\",\"publisher\":{\"@id\":\"https:\/\/www.productcaster.com\/pl\/#organization\"},\"potentialAction\":[{\"@type\":\"SearchAction\",\"target\":{\"@type\":\"EntryPoint\",\"urlTemplate\":\"https:\/\/www.productcaster.com\/pl\/?s={search_term_string}\"},\"query-input\":\"required name=search_term_string\"}],\"inLanguage\":\"pl-PL\"},{\"@type\":\"Organization\",\"@id\":\"https:\/\/www.productcaster.com\/pl\/#organization\",\"name\":\"Productcaster\",\"url\":\"https:\/\/www.productcaster.com\/pl\/\",\"logo\":{\"@type\":\"ImageObject\",\"inLanguage\":\"pl-PL\",\"@id\":\"https:\/\/www.productcaster.com\/pl\/#\/schema\/logo\/image\/\",\"url\":\"https:\/\/www.productcaster.com\/wp-content\/uploads\/2024\/07\/favicon.png\",\"contentUrl\":\"https:\/\/www.productcaster.com\/wp-content\/uploads\/2024\/07\/favicon.png\",\"width\":1000,\"height\":1000,\"caption\":\"Productcaster\"},\"image\":{\"@id\":\"https:\/\/www.productcaster.com\/pl\/#\/schema\/logo\/image\/\"},\"sameAs\":[\"https:\/\/www.linkedin.com\/company\/productcaster\/\"]}]}<\/script>\n<!-- \/ Yoast SEO plugin. -->","yoast_head_json":{"title":"Programy partnerskie \u2013 zosta\u0144 akredytowanym resellerem | Productcaster","description":"Zosta\u0144 akredytowanym resellerem Productcaster. Wspieraj swoich klient\u00f3w w rozwijaniu e-commerce dzi\u0119ki rozwi\u0105zaniom CSS klasy premium.","robots":{"index":"index","follow":"follow","max-snippet":"max-snippet:-1","max-image-preview":"max-image-preview:large","max-video-preview":"max-video-preview:-1"},"canonical":"https:\/\/www.productcaster.com\/pl\/programy-partnerskie\/","og_locale":"pl_PL","og_type":"article","og_title":"Programy partnerskie \u2013 zosta\u0144 akredytowanym resellerem | Productcaster","og_description":"Zosta\u0144 akredytowanym resellerem Productcaster. Wspieraj swoich klient\u00f3w w rozwijaniu e-commerce dzi\u0119ki rozwi\u0105zaniom CSS klasy premium.","og_url":"https:\/\/www.productcaster.com\/pl\/programy-partnerskie\/","og_site_name":"Productcaster","article_modified_time":"2024-11-22T10:41:13+00:00","og_image":[{"width":1200,"height":630,"url":"https:\/\/www.productcaster.com\/wp-content\/uploads\/2024\/08\/productcaster-og.png","type":"image\/png"}],"twitter_card":"summary_large_image","schema":{"@context":"https:\/\/schema.org","@graph":[{"@type":"WebPage","@id":"https:\/\/www.productcaster.com\/pl\/programy-partnerskie\/","url":"https:\/\/www.productcaster.com\/pl\/programy-partnerskie\/","name":"Programy partnerskie \u2013 zosta\u0144 akredytowanym resellerem | Productcaster","isPartOf":{"@id":"https:\/\/www.productcaster.com\/pl\/#website"},"datePublished":"2024-07-29T12:45:22+00:00","dateModified":"2024-11-22T10:41:13+00:00","description":"Zosta\u0144 akredytowanym resellerem Productcaster. Wspieraj swoich klient\u00f3w w rozwijaniu e-commerce dzi\u0119ki rozwi\u0105zaniom CSS klasy premium.","breadcrumb":{"@id":"https:\/\/www.productcaster.com\/pl\/programy-partnerskie\/#breadcrumb"},"inLanguage":"pl-PL","potentialAction":[{"@type":"ReadAction","target":["https:\/\/www.productcaster.com\/pl\/programy-partnerskie\/"]}]},{"@type":"BreadcrumbList","@id":"https:\/\/www.productcaster.com\/pl\/programy-partnerskie\/#breadcrumb","itemListElement":[{"@type":"ListItem","position":1,"name":"Home","item":"https:\/\/www.productcaster.com\/pl\/"},{"@type":"ListItem","position":2,"name":"Programy partnerskie"}]},{"@type":"WebSite","@id":"https:\/\/www.productcaster.com\/pl\/#website","url":"https:\/\/www.productcaster.com\/pl\/","name":"Productcaster","description":"Make every product perform.","publisher":{"@id":"https:\/\/www.productcaster.com\/pl\/#organization"},"potentialAction":[{"@type":"SearchAction","target":{"@type":"EntryPoint","urlTemplate":"https:\/\/www.productcaster.com\/pl\/?s={search_term_string}"},"query-input":"required name=search_term_string"}],"inLanguage":"pl-PL"},{"@type":"Organization","@id":"https:\/\/www.productcaster.com\/pl\/#organization","name":"Productcaster","url":"https:\/\/www.productcaster.com\/pl\/","logo":{"@type":"ImageObject","inLanguage":"pl-PL","@id":"https:\/\/www.productcaster.com\/pl\/#\/schema\/logo\/image\/","url":"https:\/\/www.productcaster.com\/wp-content\/uploads\/2024\/07\/favicon.png","contentUrl":"https:\/\/www.productcaster.com\/wp-content\/uploads\/2024\/07\/favicon.png","width":1000,"height":1000,"caption":"Productcaster"},"image":{"@id":"https:\/\/www.productcaster.com\/pl\/#\/schema\/logo\/image\/"},"sameAs":["https:\/\/www.linkedin.com\/company\/productcaster\/"]}]}},"_links":{"self":[{"href":"https:\/\/www.productcaster.com\/pl\/wp-json\/wp\/v2\/pages\/31262","targetHints":{"allow":["GET"]}}],"collection":[{"href":"https:\/\/www.productcaster.com\/pl\/wp-json\/wp\/v2\/pages"}],"about":[{"href":"https:\/\/www.productcaster.com\/pl\/wp-json\/wp\/v2\/types\/page"}],"author":[{"embeddable":true,"href":"https:\/\/www.productcaster.com\/pl\/wp-json\/wp\/v2\/users\/2"}],"replies":[{"embeddable":true,"href":"https:\/\/www.productcaster.com\/pl\/wp-json\/wp\/v2\/comments?post=31262"}],"version-history":[{"count":1,"href":"https:\/\/www.productcaster.com\/pl\/wp-json\/wp\/v2\/pages\/31262\/revisions"}],"predecessor-version":[{"id":31263,"href":"https:\/\/www.productcaster.com\/pl\/wp-json\/wp\/v2\/pages\/31262\/revisions\/31263"}],"wp:attachment":[{"href":"https:\/\/www.productcaster.com\/pl\/wp-json\/wp\/v2\/media?parent=31262"}],"curies":[{"name":"wp","href":"https:\/\/api.w.org\/{rel}","templated":true}]}}