{"id":31332,"date":"2024-07-29T13:42:58","date_gmt":"2024-07-29T12:42:58","guid":{"rendered":"https:\/\/www.productcaster.com\/feedmanager\/"},"modified":"2024-11-22T10:42:29","modified_gmt":"2024-11-22T10:42:29","slug":"feedmanager","status":"publish","type":"page","link":"https:\/\/www.productcaster.com\/no\/feedmanager\/","title":{"rendered":"FeedManager"},"content":{"rendered":"\n<section class=\"img-text-header bg-white-bottom bg-grey\">\n\t<div class=\"site-width\">\n\n\t\t<div class=\"columns\">\n\t\t\t<div class=\"col col-text\" data-aos=\"fade-right\">\n\t\t\t\t<h1 class=\"h4\">FeedManager<\/h1>\n\t\t\t\t<h2 class=\"h1\">Feeder til kraftytelse.<\/h2>\n\n\t\t\t\t<p>Ta full kontroll over produktfeedene dine og forbedre ytelsen til dine betalte medier.<\/p>\n\n\t\t\t\t<a href=\"https:\/\/open.popup\/\" class=\"btn\">Bestill en demo<\/a>\t\t\t<\/div>\n\n\t\t\t<div class=\"col col-img\" data-aos=\"fade-left\">\n\t\t\t\t<img decoding=\"async\" src=\"https:\/\/www.productcaster.com\/wp-content\/uploads\/2024\/08\/feed-manager-badges2-1710x1155.png\" alt=\"\">\t\t\t<\/div>\n\t\t<\/div>\n\t\t\n\t<\/div>\n<\/section>\n\n<section class=\"logo-block bg-white\">\n\t<div class=\"site-width\" data-aos=\"fade-up\">\n\n\t\t<h3>Betrodd av ledende netthandelsteam<\/h3>\n\t\t<div class=\"columns\">\n\t\t\t\t\t\t\t\t<div class=\"col\"><img decoding=\"async\" src=\"https:\/\/www.productcaster.com\/wp-content\/uploads\/2024\/02\/music-magpie-300x49.png\" alt=\"\"><\/div>\n\t\t\t\t\t\t\t\t\t<div class=\"col\"><img decoding=\"async\" src=\"https:\/\/www.productcaster.com\/wp-content\/uploads\/2024\/08\/sigma-black-300x73.png\" alt=\"\"><\/div>\n\t\t\t\t\t\t\t\t\t<div class=\"col\"><img decoding=\"async\" src=\"https:\/\/www.productcaster.com\/wp-content\/uploads\/2024\/08\/three-black-300x185.png\" alt=\"\"><\/div>\n\t\t\t\t\t\t\t\t\t<div class=\"col\"><img decoding=\"async\" src=\"https:\/\/www.productcaster.com\/wp-content\/uploads\/2024\/02\/la-redoute-wide-300x167.png\" alt=\"\"><\/div>\n\t\t\t\t\t\t\t\t\t<div class=\"col\"><img decoding=\"async\" src=\"https:\/\/www.productcaster.com\/wp-content\/uploads\/2024\/08\/whittards-black-300x100.png\" alt=\"\"><\/div>\n\t\t\t\t\t\t<\/div>\n\t\t\n\t<\/div>\n<\/section>\n<section class=\"img-text-columns bg-white\">\n\t<div class=\"site-width\">\n\n\t\t<div class=\"columns standard\">\n\n\t\t\t<div class=\"col col-img\" data-aos=\"fade-right\">\n\t\t\t\t\t\t\t\t<img decoding=\"async\" src=\"https:\/\/www.productcaster.com\/wp-content\/uploads\/2024\/07\/Summit_xfeedmanager-900x696.webp\" alt=\"\">\n\t\t\t<\/div>\n\n\t\t\t<div class=\"col col-text\" data-aos=\"fade-left\">\n\t\t\t\t<h2>Ta kontroll over produktfeedene dine<\/h2>\n\t\t\t\t<p><span style=\"font-weight: 400;\">Produktfeedene dine har en direkte p\u00e5virkning p\u00e5 s\u00f8keordene du vises for og produktene, bildene og innholdet som vises i kampanjene dine p\u00e5 tvers av Google, Meta, Amazon og mer. Invester i produktfeedene dine og h\u00f8st avkastningens frukter innen ytelsesmarkedsf\u00f8ring.<\/span><\/p>\n<ul>\n<li>Forbedre rekkevidden og klikkfrekvensen til kampanjene dine<\/li>\n<li>\u00d8k avkastningen til Shopping-annonser og Performance Max<\/li>\n<li>Benytt automatisering for \u00e5 spare tid og fjerne feil<\/li>\n<li>Forbedre effektiviteten med opptil 20 % \u00f8kning i kampanjeavkastningen<\/li>\n<li>F\u00e6rre annonseavvisninger<\/li>\n<\/ul>\n\t\t\t<\/div>\n\t\t\t\n\t\t<\/div>\n\t\t\n\t<\/div>\n<\/section><section class=\"title-text-columns bg-white\">\n\t<div class=\"site-width\">\n\t\t\n\t\t<div class=\"columns\">\n\t\t\t\t\t\t\t<div class=\"row\">\n\t\t\t\t\t<div class=\"title\" data-aos=\"fade-up\">\n\t\t\t\t\t\t<h2>Ende-til-ende feed-administrasjon<\/h2>\n\t\t\t\t\t<\/div>\n\n\t\t\t\t\t<div class=\"text-content\" data-aos=\"fade-up\" data-aos-delay=\"100\">\n\t\t\t\t\t\t<h3><strong>Publisering<\/strong><\/h3>\n<p>Sikre at markedsf\u00f8ringsbudskapet ditt gjenspeiler den siste produktinformasjonen (varebeholdning, pris, utvalg, tilgjengelighet) p\u00e5 tvers av alle partnere i sanntid<\/p>\n<h3><strong>Berikelse<\/strong><\/h3>\n<p>Forbedre relevansen til feedinnholdet ditt automatisk og manuelt, noe som \u00f8ker synligheten for m\u00e5lkunden din<\/p>\n<h3><strong>Optimalisering<\/strong><\/h3>\n<p>Bare publiser produkter som gir best avkastning og margin i forhold til KPI-m\u00e5lverdiene<\/p>\n<h3><strong>Diagnostikk<\/strong><\/h3>\n<p>Forst\u00e5 helsen til feeden din, hvilket lar markedsf\u00f8rere iverksette n\u00f8dvendige endringer og unng\u00e5 at ytelsen kompromitteres.<\/p>\n\t\t\t\t\t<\/div>\n\t\t\t\t<\/div>\n\t\t\t\t\n\t\t\t\t\t\t<\/div>\n\n\t<\/div>\n<\/section>\n\n<section class=\"logo-block bg-white\">\n\t<div class=\"site-width\" data-aos=\"fade-up\">\n\n\t\t<h3>Integrer s\u00f8ml\u00f8st med 50+ annonseringsplattformer<\/h3>\n\t\t<div class=\"columns\">\n\t\t\t\t\t\t\t\t<div class=\"col\"><img decoding=\"async\" src=\"https:\/\/www.productcaster.com\/wp-content\/uploads\/2024\/08\/google-ads-300x54.png\" alt=\"\"><\/div>\n\t\t\t\t\t\t\t\t\t<div class=\"col\"><img decoding=\"async\" src=\"https:\/\/www.productcaster.com\/wp-content\/uploads\/2024\/08\/Amazon-Logotype-300x104.png\" alt=\"\"><\/div>\n\t\t\t\t\t\t\t\t\t<div class=\"col\"><img decoding=\"async\" src=\"https:\/\/www.productcaster.com\/wp-content\/uploads\/2024\/08\/Meta-Logo-300x71.png\" alt=\"\"><\/div>\n\t\t\t\t\t\t\t\t\t<div class=\"col\"><img decoding=\"async\" src=\"https:\/\/www.productcaster.com\/wp-content\/uploads\/2024\/08\/TikTok_logo-300x87.png\" alt=\"\"><\/div>\n\t\t\t\t\t\t\t\t\t<div class=\"col\"><img decoding=\"async\" src=\"https:\/\/www.productcaster.com\/wp-content\/uploads\/2024\/08\/awin-300x136.png\" alt=\"\"><\/div>\n\t\t\t\t\t\t\t\t\t<div class=\"col\"><img decoding=\"async\" src=\"https:\/\/www.productcaster.com\/wp-content\/uploads\/2024\/08\/Pinterest_Logo-300x74.png\" alt=\"\"><\/div>\n\t\t\t\t\t\t\t\t\t<div class=\"col\"><img decoding=\"async\" src=\"https:\/\/www.productcaster.com\/wp-content\/uploads\/2024\/08\/eBay-Logotype-300x124.png\" alt=\"\"><\/div>\n\t\t\t\t\t\t\t\t\t<div class=\"col\"><img decoding=\"async\" src=\"https:\/\/www.productcaster.com\/wp-content\/uploads\/2024\/08\/pricerunner-300x42.png\" alt=\"\"><\/div>\n\t\t\t\t\t\t\t\t\t<div class=\"col\"><img decoding=\"async\" src=\"https:\/\/www.productcaster.com\/wp-content\/uploads\/2024\/08\/criteo-300x62.png\" alt=\"\"><\/div>\n\t\t\t\t\t\t\t\t\t<div class=\"col\"><img decoding=\"async\" src=\"https:\/\/www.productcaster.com\/wp-content\/uploads\/2024\/08\/Microsoft-Edge-Logotype-1-300x75.png\" alt=\"\"><\/div>\n\t\t\t\t\t\t\t\t\t<div class=\"col\"><img decoding=\"async\" src=\"https:\/\/www.productcaster.com\/wp-content\/uploads\/2024\/08\/YouTube_Logo_2017-300x67.png\" alt=\"\"><\/div>\n\t\t\t\t\t\t\t\t\t<div class=\"col\"><img decoding=\"async\" src=\"https:\/\/www.productcaster.com\/wp-content\/uploads\/2024\/08\/kelkoo-300x71.png\" alt=\"\"><\/div>\n\t\t\t\t\t\t\t\t\t<div class=\"col\"><img decoding=\"async\" src=\"https:\/\/www.productcaster.com\/wp-content\/uploads\/2024\/08\/yahoo-300x89.png\" alt=\"\"><\/div>\n\t\t\t\t\t\t\t\t\t<div class=\"col\"><img decoding=\"async\" src=\"https:\/\/www.productcaster.com\/wp-content\/uploads\/2024\/08\/snapchat2-300x120.png\" alt=\"\"><\/div>\n\t\t\t\t\t\t\t\t\t<div class=\"col\"><img decoding=\"async\" src=\"https:\/\/www.productcaster.com\/wp-content\/uploads\/2024\/08\/Yandex_logo-300x72.png\" alt=\"\"><\/div>\n\t\t\t\t\t\t\t\t\t<div class=\"col\"><img decoding=\"async\" src=\"https:\/\/www.productcaster.com\/wp-content\/uploads\/2024\/08\/xv3-300x130.png\" alt=\"\"><\/div>\n\t\t\t\t\t\t\t\t\t<div class=\"col\"><img decoding=\"async\" src=\"https:\/\/www.productcaster.com\/wp-content\/uploads\/2024\/08\/spotify-300x90.png\" alt=\"\"><\/div>\n\t\t\t\t\t\t\t\t\t<div class=\"col\"><img decoding=\"async\" src=\"https:\/\/www.productcaster.com\/wp-content\/uploads\/2024\/08\/webgains-2-300x150.png\" alt=\"\"><\/div>\n\t\t\t\t\t\t\t\t\t<div class=\"col\"><img decoding=\"async\" src=\"https:\/\/www.productcaster.com\/wp-content\/uploads\/2024\/08\/Rakuten_Global_Brand_Logo-300x89.png\" alt=\"\"><\/div>\n\t\t\t\t\t\t<\/div>\n\t\t\n\t<\/div>\n<\/section><section class=\"title-text-columns bg-white\">\n\t<div class=\"site-width\">\n\t\t\n\t\t<div class=\"columns\">\n\t\t\t\t\t\t\t<div class=\"row\">\n\t\t\t\t\t<div class=\"title\" data-aos=\"fade-up\">\n\t\t\t\t\t\t<h2>Enkel, 4-trinns onboarding<\/h2>\n\t\t\t\t\t<\/div>\n\n\t\t\t\t\t<div class=\"text-content\" data-aos=\"fade-up\" data-aos-delay=\"100\">\n\t\t\t\t\t\t<h3><strong>01 Revisjon<\/strong><\/h3>\n<p>En fullstendig vurdering for \u00e5 forst\u00e5 det n\u00e5v\u00e6rende feedoppsettet ditt og gi r\u00e5d om BAU-forbedringer.<\/p>\n<h3><strong>02 Oppsett<\/strong><\/h3>\n<p>Vi sikrer at hver innkommende og utg\u00e5ende feed er satt opp etter de p\u00e5krevde spesifikasjonene, inkludert eventuelle tilpassede utdata.<\/p>\n<h3><strong>03 Lansering<\/strong><\/h3>\n<p>Full tilgang til plattformen med komplett kontroll for \u00e5 administrere og optimalisere feedene dine.<\/p>\n<h3><strong>04 Oppkvalifisering<\/strong><\/h3>\n<p>Teamet v\u00e5rt gir oppl\u00e6ring p\u00e5 plattformen og er tilgjengelig for \u00e5 tilby teknisk st\u00f8tte og anbefalinger.<\/p>\n\t\t\t\t\t<\/div>\n\t\t\t\t<\/div>\n\t\t\t\t\n\t\t\t\t\t\t<\/div>\n\n\t<\/div>\n<\/section><section class=\"v2-packages bg-white three-col\">\n\t<div class=\"site-width\">\n\t\t<div class=\"intro\">\n\t\t\t<h2>Velg din pakke<\/h2>\n\n\t\t\t<div>\n\t\t\t\t<p>Velg pakken som passer dine behov og bestill en demo med teamet for \u00e5 komme i gang.<\/p>\n\t\t\t<\/div>\n\t\t<\/div>\n\n\t\t<div class=\"table-contain\">\n\t\t\t\n\t\t\t<div class=\"package-table\">\n\t\t\t\t<div class=\"package-row plans-row\">\n\t\t\t\t\t<div><\/div>\n\t\t\t\t\t<div class=\"plan-title\"><img decoding=\"async\" src=\"https:\/\/www.productcaster.com\/wp-content\/themes\/productcaster\/assets\/img\/package-basic.svg\" alt=\"\"> SaaS<\/div>\n\t\t\t\t\t<div class=\"plan-title\"><img decoding=\"async\" src=\"https:\/\/www.productcaster.com\/wp-content\/themes\/productcaster\/assets\/img\/package-plus.svg\" alt=\"\"> Premium<\/div>\n\t\t\t\t\t<div class=\"plan-title\"><img decoding=\"async\" src=\"https:\/\/www.productcaster.com\/wp-content\/themes\/productcaster\/assets\/img\/package-premium.svg\" alt=\"\"> Administrert<\/div>\n\t\t\t\t\t\t\t\t\t<\/div>\n\n\t\t\t\t<div class=\"package-row title-row\">\n\t\t\t\t\t<div class=\"block-title\"><h3>FeedManager-pakker<\/h3><\/div>\n\t\t\t\t\t<div><\/div>\n\t\t\t\t\t<div><\/div>\n\t\t\t\t\t<div><\/div>\n\t\t\t\t\t\t\t\t\t<\/div>\n\n\t\t\t\t\t\t\t\t\t<div class=\"package-row standard-row \">\n\t\t\t\t\t\t<div><span>Fullt administrert onboarding og oppsett<\/span><\/div>\n\n\t\t\t\t\t\t<div>\n\t\t\t\t\t\t\t\t\t\t\t\t\t<\/div>\n\n\t\t\t\t\t\t<div>\n\t\t\t\t\t\t\t\t\t\t\t\t\t<\/div>\n\n\t\t\t\t\t\t<div>\n\t\t\t\t\t\t\t\t\t\t\t\t\t<\/div>\n\n\t\t\t\t\t\t\t\t\t\t\t<\/div>\n\t\t\t\t\t\t\t\t\t\t<div class=\"package-row standard-row \">\n\t\t\t\t\t\t<div><span>Feed-gjennomgang og -revisjon<\/span><\/div>\n\n\t\t\t\t\t\t<div>\n\t\t\t\t\t\t\t\t\t\t\t\t\t<\/div>\n\n\t\t\t\t\t\t<div>\n\t\t\t\t\t\t\t\t\t\t\t\t\t<\/div>\n\n\t\t\t\t\t\t<div>\n\t\t\t\t\t\t\t\t\t\t\t\t\t<\/div>\n\n\t\t\t\t\t\t\t\t\t\t\t<\/div>\n\t\t\t\t\t\t\t\t\t\t<div class=\"package-row standard-row \">\n\t\t\t\t\t\t<div><span>BAU-anbefalinger og -forbedringer<\/span><\/div>\n\n\t\t\t\t\t\t<div>\n\t\t\t\t\t\t\t\t\t\t\t\t\t<\/div>\n\n\t\t\t\t\t\t<div>\n\t\t\t\t\t\t\t\t\t\t\t\t\t<\/div>\n\n\t\t\t\t\t\t<div>\n\t\t\t\t\t\t\t\t\t\t\t\t\t<\/div>\n\n\t\t\t\t\t\t\t\t\t\t\t<\/div>\n\t\t\t\t\t\t\t\t\t\t<div class=\"package-row standard-row \">\n\t\t\t\t\t\t<div><span>Merchant Center-gjennomgang<\/span><\/div>\n\n\t\t\t\t\t\t<div>\n\t\t\t\t\t\t\t\t\t\t\t\t\t<\/div>\n\n\t\t\t\t\t\t<div>\n\t\t\t\t\t\t\t\t\t\t\t\t\t<\/div>\n\n\t\t\t\t\t\t<div>\n\t\t\t\t\t\t\t\t\t\t\t\t\t<\/div>\n\n\t\t\t\t\t\t\t\t\t\t\t<\/div>\n\t\t\t\t\t\t\t\t\t\t<div class=\"package-row standard-row premium-line\">\n\t\t\t\t\t\t<div><span>Merchant Center-administrasjon<\/span><\/div>\n\n\t\t\t\t\t\t<div>\n\t\t\t\t\t\t\t\t\t\t\t\t\t<\/div>\n\n\t\t\t\t\t\t<div>\n\t\t\t\t\t\t\t\t\t\t\t\t\t<\/div>\n\n\t\t\t\t\t\t<div>\n\t\t\t\t\t\t\t<div class=\"img-contain\"><img decoding=\"async\" src=\"https:\/\/www.productcaster.com\/wp-content\/themes\/productcaster\/assets\/img\/package-tick.svg\" alt=\"\"><\/div>\t\t\t\t\t\t<\/div>\n\n\t\t\t\t\t\t\t\t\t\t\t<\/div>\n\t\t\t\t\t\t\t\t\t\t<div class=\"package-row standard-row premium-line\">\n\t\t\t\t\t\t<div><span>Strategisk planlegging og testing<\/span><\/div>\n\n\t\t\t\t\t\t<div>\n\t\t\t\t\t\t\t\t\t\t\t\t\t<\/div>\n\n\t\t\t\t\t\t<div>\n\t\t\t\t\t\t\t\t\t\t\t\t\t<\/div>\n\n\t\t\t\t\t\t<div>\n\t\t\t\t\t\t\t<div class=\"img-contain\"><img decoding=\"async\" src=\"https:\/\/www.productcaster.com\/wp-content\/themes\/productcaster\/assets\/img\/package-tick.svg\" alt=\"\"><\/div>\t\t\t\t\t\t<\/div>\n\n\t\t\t\t\t\t\t\t\t\t\t<\/div>\n\t\t\t\t\t\t\t\t\t\t<div class=\"package-row standard-row premium-line\">\n\t\t\t\t\t\t<div><span>Rabatterte CSS-pakker<\/span><\/div>\n\n\t\t\t\t\t\t<div>\n\t\t\t\t\t\t\t\t\t\t\t\t\t<\/div>\n\n\t\t\t\t\t\t<div>\n\t\t\t\t\t\t\t\t\t\t\t\t\t<\/div>\n\n\t\t\t\t\t\t<div>\n\t\t\t\t\t\t\t\t\t\t\t\t\t<\/div>\n\n\t\t\t\t\t\t\t\t\t\t\t<\/div>\n\t\t\t\t\t\t\t\t<\/div>\n\n\t\t<\/div>\n\n\t\t<div class=\"outro\">\n\t\t\t\n\t\t\t\t\t<\/div>\n\t<\/div>\n<\/section><div class=\"testimonial bg-orange\">\n\t<div class=\"site-width\">\n\n\t\t<div class=\"inner-content\" data-aos=\"fade-up\">\n\t\t\t<p class=\"h3\">\n\t\t\t\t\u00abVi har brukt FeedManager de siste seks \u00e5rene. Dette har gitt oss konkurransefortrinn ved \u00e5 spare tusenvis av timer i tillegg til \u00e5 drive rekkevidde og betydelige ytelsesforbedringer. Vi hadde ledende resultater p\u00e5 nettet p\u00e5 tvers av den globale gruppen i 2023\u201324, og FeedManager var n\u00f8kkelen til suksessen v\u00e5r.\u00bb\n\t\t\t<\/p>\n\n\t\t\t<p class=\"h4\">Matt Gratze \u2013 digital direkt\u00f8r i Ernest Jones &#038; H.Samuel<\/p>\n\t\t<\/div>\n\t\t\n\t<\/div>\n<\/div><section class=\"cta-block bg-white\">\n\t<div class=\"site-width\">\n\t\t<div class=\"inner-content\" data-aos=\"fade-up\">\n\t\t\t<p class=\"h2\">Klar til \u00e5 bytte?&nbsp;<span>La oss prate.<\/span><\/p>\n\t\t\t<a href=\"https:\/\/open.popup\/\" class=\"btn dark\">Bestill en demo<\/a>\n\t\t<\/div>\n\t<\/div>\n<\/section>","protected":false},"excerpt":{"rendered":"","protected":false},"author":2,"featured_media":0,"parent":0,"menu_order":0,"comment_status":"closed","ping_status":"closed","template":"","meta":{"_acf_changed":false,"content-type":"","footnotes":""},"class_list":["post-31332","page","type-page","status-publish","hentry"],"acf":[],"yoast_head":"<!-- This site is optimized with the Yoast SEO plugin v22.1 - https:\/\/yoast.com\/wordpress\/plugins\/seo\/ -->\n<title>Feed-administrasjonsl\u00f8sning fra FeedManager | Productcaster<\/title>\n<meta name=\"description\" content=\"Produktfeed-administrasjonsl\u00f8sning fra FeedManager for ledende netthandelsforhandlere. Ta kontroll over feedene dine for \u00e5 forbedre ytelsen til betalte medier.\" \/>\n<meta name=\"robots\" content=\"index, follow, max-snippet:-1, max-image-preview:large, max-video-preview:-1\" \/>\n<link rel=\"canonical\" href=\"https:\/\/www.productcaster.com\/no\/feedmanager\/\" \/>\n<meta property=\"og:locale\" content=\"nb_NO\" \/>\n<meta property=\"og:type\" content=\"article\" \/>\n<meta property=\"og:title\" content=\"Feed-administrasjonsl\u00f8sning fra FeedManager | Productcaster\" \/>\n<meta property=\"og:description\" content=\"Produktfeed-administrasjonsl\u00f8sning fra FeedManager for ledende netthandelsforhandlere. Ta kontroll over feedene dine for \u00e5 forbedre ytelsen til betalte medier.\" \/>\n<meta property=\"og:url\" content=\"https:\/\/www.productcaster.com\/no\/feedmanager\/\" \/>\n<meta property=\"og:site_name\" content=\"Productcaster\" \/>\n<meta property=\"article:modified_time\" content=\"2024-11-22T10:42:29+00:00\" \/>\n<meta property=\"og:image\" content=\"https:\/\/www.productcaster.com\/wp-content\/uploads\/2024\/08\/productcaster-og.png\" \/>\n\t<meta property=\"og:image:width\" content=\"1200\" \/>\n\t<meta property=\"og:image:height\" content=\"630\" \/>\n\t<meta property=\"og:image:type\" content=\"image\/png\" \/>\n<meta name=\"twitter:card\" content=\"summary_large_image\" \/>\n<script type=\"application\/ld+json\" class=\"yoast-schema-graph\">{\"@context\":\"https:\/\/schema.org\",\"@graph\":[{\"@type\":\"WebPage\",\"@id\":\"https:\/\/www.productcaster.com\/no\/feedmanager\/\",\"url\":\"https:\/\/www.productcaster.com\/no\/feedmanager\/\",\"name\":\"Feed-administrasjonsl\u00f8sning fra FeedManager | Productcaster\",\"isPartOf\":{\"@id\":\"https:\/\/www.productcaster.com\/no\/#website\"},\"datePublished\":\"2024-07-29T12:42:58+00:00\",\"dateModified\":\"2024-11-22T10:42:29+00:00\",\"description\":\"Produktfeed-administrasjonsl\u00f8sning fra FeedManager for ledende netthandelsforhandlere. Ta kontroll over feedene dine for \u00e5 forbedre ytelsen til betalte medier.\",\"breadcrumb\":{\"@id\":\"https:\/\/www.productcaster.com\/no\/feedmanager\/#breadcrumb\"},\"inLanguage\":\"nb-NO\",\"potentialAction\":[{\"@type\":\"ReadAction\",\"target\":[\"https:\/\/www.productcaster.com\/no\/feedmanager\/\"]}]},{\"@type\":\"BreadcrumbList\",\"@id\":\"https:\/\/www.productcaster.com\/no\/feedmanager\/#breadcrumb\",\"itemListElement\":[{\"@type\":\"ListItem\",\"position\":1,\"name\":\"Home\",\"item\":\"https:\/\/www.productcaster.com\/no\/\"},{\"@type\":\"ListItem\",\"position\":2,\"name\":\"FeedManager\"}]},{\"@type\":\"WebSite\",\"@id\":\"https:\/\/www.productcaster.com\/no\/#website\",\"url\":\"https:\/\/www.productcaster.com\/no\/\",\"name\":\"Productcaster\",\"description\":\"Make every product perform.\",\"publisher\":{\"@id\":\"https:\/\/www.productcaster.com\/no\/#organization\"},\"potentialAction\":[{\"@type\":\"SearchAction\",\"target\":{\"@type\":\"EntryPoint\",\"urlTemplate\":\"https:\/\/www.productcaster.com\/no\/?s={search_term_string}\"},\"query-input\":\"required name=search_term_string\"}],\"inLanguage\":\"nb-NO\"},{\"@type\":\"Organization\",\"@id\":\"https:\/\/www.productcaster.com\/no\/#organization\",\"name\":\"Productcaster\",\"url\":\"https:\/\/www.productcaster.com\/no\/\",\"logo\":{\"@type\":\"ImageObject\",\"inLanguage\":\"nb-NO\",\"@id\":\"https:\/\/www.productcaster.com\/no\/#\/schema\/logo\/image\/\",\"url\":\"https:\/\/www.productcaster.com\/wp-content\/uploads\/2024\/07\/favicon.png\",\"contentUrl\":\"https:\/\/www.productcaster.com\/wp-content\/uploads\/2024\/07\/favicon.png\",\"width\":1000,\"height\":1000,\"caption\":\"Productcaster\"},\"image\":{\"@id\":\"https:\/\/www.productcaster.com\/no\/#\/schema\/logo\/image\/\"},\"sameAs\":[\"https:\/\/www.linkedin.com\/company\/productcaster\/\"]}]}<\/script>\n<!-- \/ Yoast SEO plugin. -->","yoast_head_json":{"title":"Feed-administrasjonsl\u00f8sning fra FeedManager | Productcaster","description":"Produktfeed-administrasjonsl\u00f8sning fra FeedManager for ledende netthandelsforhandlere. Ta kontroll over feedene dine for \u00e5 forbedre ytelsen til betalte medier.","robots":{"index":"index","follow":"follow","max-snippet":"max-snippet:-1","max-image-preview":"max-image-preview:large","max-video-preview":"max-video-preview:-1"},"canonical":"https:\/\/www.productcaster.com\/no\/feedmanager\/","og_locale":"nb_NO","og_type":"article","og_title":"Feed-administrasjonsl\u00f8sning fra FeedManager | Productcaster","og_description":"Produktfeed-administrasjonsl\u00f8sning fra FeedManager for ledende netthandelsforhandlere. Ta kontroll over feedene dine for \u00e5 forbedre ytelsen til betalte medier.","og_url":"https:\/\/www.productcaster.com\/no\/feedmanager\/","og_site_name":"Productcaster","article_modified_time":"2024-11-22T10:42:29+00:00","og_image":[{"width":1200,"height":630,"url":"https:\/\/www.productcaster.com\/wp-content\/uploads\/2024\/08\/productcaster-og.png","type":"image\/png"}],"twitter_card":"summary_large_image","schema":{"@context":"https:\/\/schema.org","@graph":[{"@type":"WebPage","@id":"https:\/\/www.productcaster.com\/no\/feedmanager\/","url":"https:\/\/www.productcaster.com\/no\/feedmanager\/","name":"Feed-administrasjonsl\u00f8sning fra FeedManager | Productcaster","isPartOf":{"@id":"https:\/\/www.productcaster.com\/no\/#website"},"datePublished":"2024-07-29T12:42:58+00:00","dateModified":"2024-11-22T10:42:29+00:00","description":"Produktfeed-administrasjonsl\u00f8sning fra FeedManager for ledende netthandelsforhandlere. Ta kontroll over feedene dine for \u00e5 forbedre ytelsen til betalte medier.","breadcrumb":{"@id":"https:\/\/www.productcaster.com\/no\/feedmanager\/#breadcrumb"},"inLanguage":"nb-NO","potentialAction":[{"@type":"ReadAction","target":["https:\/\/www.productcaster.com\/no\/feedmanager\/"]}]},{"@type":"BreadcrumbList","@id":"https:\/\/www.productcaster.com\/no\/feedmanager\/#breadcrumb","itemListElement":[{"@type":"ListItem","position":1,"name":"Home","item":"https:\/\/www.productcaster.com\/no\/"},{"@type":"ListItem","position":2,"name":"FeedManager"}]},{"@type":"WebSite","@id":"https:\/\/www.productcaster.com\/no\/#website","url":"https:\/\/www.productcaster.com\/no\/","name":"Productcaster","description":"Make every product perform.","publisher":{"@id":"https:\/\/www.productcaster.com\/no\/#organization"},"potentialAction":[{"@type":"SearchAction","target":{"@type":"EntryPoint","urlTemplate":"https:\/\/www.productcaster.com\/no\/?s={search_term_string}"},"query-input":"required name=search_term_string"}],"inLanguage":"nb-NO"},{"@type":"Organization","@id":"https:\/\/www.productcaster.com\/no\/#organization","name":"Productcaster","url":"https:\/\/www.productcaster.com\/no\/","logo":{"@type":"ImageObject","inLanguage":"nb-NO","@id":"https:\/\/www.productcaster.com\/no\/#\/schema\/logo\/image\/","url":"https:\/\/www.productcaster.com\/wp-content\/uploads\/2024\/07\/favicon.png","contentUrl":"https:\/\/www.productcaster.com\/wp-content\/uploads\/2024\/07\/favicon.png","width":1000,"height":1000,"caption":"Productcaster"},"image":{"@id":"https:\/\/www.productcaster.com\/no\/#\/schema\/logo\/image\/"},"sameAs":["https:\/\/www.linkedin.com\/company\/productcaster\/"]}]}},"_links":{"self":[{"href":"https:\/\/www.productcaster.com\/no\/wp-json\/wp\/v2\/pages\/31332","targetHints":{"allow":["GET"]}}],"collection":[{"href":"https:\/\/www.productcaster.com\/no\/wp-json\/wp\/v2\/pages"}],"about":[{"href":"https:\/\/www.productcaster.com\/no\/wp-json\/wp\/v2\/types\/page"}],"author":[{"embeddable":true,"href":"https:\/\/www.productcaster.com\/no\/wp-json\/wp\/v2\/users\/2"}],"replies":[{"embeddable":true,"href":"https:\/\/www.productcaster.com\/no\/wp-json\/wp\/v2\/comments?post=31332"}],"version-history":[{"count":1,"href":"https:\/\/www.productcaster.com\/no\/wp-json\/wp\/v2\/pages\/31332\/revisions"}],"predecessor-version":[{"id":31334,"href":"https:\/\/www.productcaster.com\/no\/wp-json\/wp\/v2\/pages\/31332\/revisions\/31334"}],"wp:attachment":[{"href":"https:\/\/www.productcaster.com\/no\/wp-json\/wp\/v2\/media?parent=31332"}],"curies":[{"name":"wp","href":"https:\/\/api.w.org\/{rel}","templated":true}]}}