{"id":31288,"date":"2024-01-22T21:19:55","date_gmt":"2024-01-22T21:19:55","guid":{"rendered":"https:\/\/www.productcaster.com\/hjem\/"},"modified":"2025-04-09T09:09:38","modified_gmt":"2025-04-09T08:09:38","slug":"hjem","status":"publish","type":"page","link":"https:\/\/www.productcaster.com\/no\/","title":{"rendered":"Hjem"},"content":{"rendered":"\n<section class=\"img-text-header bg-white-bottom bg-grey\">\n\t<div class=\"site-width\">\n\n\t\t<div class=\"columns\">\n\t\t\t<div class=\"col col-text\" data-aos=\"fade-right\">\n\t\t\t\t<h1 class=\"h4\">Prisvinnende netthandelsteknologi<\/h1>\n\t\t\t\t<h2 class=\"h1\">F\u00e5 hvert produkt til \u00e5 prestere.<\/h2>\n\n\t\t\t\t<p>Comparison Shopping Service og FeedManager for skalering av netthandelsmerker.<\/p>\n\n\t\t\t\t<a href=\"https:\/\/open.popup\/\" class=\"btn\">Bestill en demo<\/a>\t\t\t<\/div>\n\n\t\t\t<div class=\"col col-img\" data-aos=\"fade-left\">\n\t\t\t\t<img decoding=\"async\" src=\"https:\/\/www.productcaster.com\/wp-content\/uploads\/2024\/08\/homepage-hero-NB-edit.png\" alt=\"\">\t\t\t<\/div>\n\t\t<\/div>\n\t\t\n\t<\/div>\n<\/section>\n\n<section class=\"logo-block bg-white\">\n\t<div class=\"site-width\" data-aos=\"fade-up\">\n\n\t\t<h3>Betrodd av verdens st\u00f8rste forhandlere<\/h3>\n\t\t<div class=\"columns\">\n\t\t\t\t\t\t\t\t<div class=\"col\"><img decoding=\"async\" src=\"https:\/\/www.productcaster.com\/wp-content\/uploads\/2024\/02\/THG-300x109.png\" alt=\"\"><\/div>\n\t\t\t\t\t\t\t\t\t<div class=\"col\"><img decoding=\"async\" src=\"https:\/\/www.productcaster.com\/wp-content\/uploads\/2024\/02\/Wickes_logo-1-1.svg\" alt=\"\"><\/div>\n\t\t\t\t\t\t\t\t\t<div class=\"col\"><img decoding=\"async\" src=\"https:\/\/www.productcaster.com\/wp-content\/uploads\/2024\/01\/placeholder-logo3.svg\" alt=\"\"><\/div>\n\t\t\t\t\t\t\t\t\t<div class=\"col\"><img decoding=\"async\" src=\"https:\/\/www.productcaster.com\/wp-content\/uploads\/2024\/08\/Wayfair-black-300x50.png\" alt=\"\"><\/div>\n\t\t\t\t\t\t\t\t\t<div class=\"col\"><img decoding=\"async\" src=\"https:\/\/www.productcaster.com\/wp-content\/uploads\/2024\/02\/Black_Ann_Summers_Logo-300x42.png\" alt=\"\"><\/div>\n\t\t\t\t\t\t\t\t\t<div class=\"col\"><img decoding=\"async\" src=\"https:\/\/www.productcaster.com\/wp-content\/uploads\/2024\/08\/sigma-black-300x73.png\" alt=\"\"><\/div>\n\t\t\t\t\t\t\t\t\t<div class=\"col\"><img decoding=\"async\" src=\"https:\/\/www.productcaster.com\/wp-content\/uploads\/2024\/08\/ikea-black-300x122.png\" alt=\"\"><\/div>\n\t\t\t\t\t\t\t\t\t<div class=\"col\"><img decoding=\"async\" src=\"https:\/\/www.productcaster.com\/wp-content\/uploads\/2024\/08\/fruugo-black-300x146.png\" alt=\"\"><\/div>\n\t\t\t\t\t\t\t\t\t<div class=\"col\"><img decoding=\"async\" src=\"https:\/\/www.productcaster.com\/wp-content\/uploads\/2024\/02\/Silentnight-Logo-1-300x164.png\" alt=\"\"><\/div>\n\t\t\t\t\t\t\t\t\t<div class=\"col\"><img decoding=\"async\" src=\"https:\/\/www.productcaster.com\/wp-content\/uploads\/2024\/08\/viking-black-300x119.png\" alt=\"\"><\/div>\n\t\t\t\t\t\t\t\t\t<div class=\"col\"><img decoding=\"async\" src=\"https:\/\/www.productcaster.com\/wp-content\/uploads\/2024\/08\/ErnestJones-logo-1-300x21.png\" alt=\"\"><\/div>\n\t\t\t\t\t\t\t\t\t<div class=\"col\"><img decoding=\"async\" src=\"https:\/\/www.productcaster.com\/wp-content\/uploads\/2024\/08\/bensons-black-300x85.png\" alt=\"\"><\/div>\n\t\t\t\t\t\t\t\t\t<div class=\"col\"><img decoding=\"async\" src=\"https:\/\/www.productcaster.com\/wp-content\/uploads\/2024\/08\/scs-2-300x122.png\" alt=\"\"><\/div>\n\t\t\t\t\t\t\t\t\t<div class=\"col\"><img decoding=\"async\" src=\"https:\/\/www.productcaster.com\/wp-content\/uploads\/2024\/08\/new-balance-300x105.png\" alt=\"\"><\/div>\n\t\t\t\t\t\t\t\t\t<div class=\"col\"><img decoding=\"async\" src=\"https:\/\/www.productcaster.com\/wp-content\/uploads\/2024\/02\/music-magpie-300x49.png\" alt=\"\"><\/div>\n\t\t\t\t\t\t\t\t\t<div class=\"col\"><img decoding=\"async\" src=\"https:\/\/www.productcaster.com\/wp-content\/uploads\/2024\/08\/naked-wines-300x78.png\" alt=\"\"><\/div>\n\t\t\t\t\t\t\t\t\t<div class=\"col\"><img decoding=\"async\" src=\"https:\/\/www.productcaster.com\/wp-content\/uploads\/2024\/08\/kg.svg\" alt=\"\"><\/div>\n\t\t\t\t\t\t<\/div>\n\t\t\n\t<\/div>\n<\/section><section class=\"links-block\">\n\t<div class=\"site-width\" data-aos=\"fade-in\">\n\n\t\t<div class=\"columns\">\n\t\t\t<div class=\"col col-title\">\n\t\t\t\t<div class=\"inner-content\">\n\t\t\t\t\t<a href=\"\" class=\"cta\">\n\t\t\t\t\t\tL\u00f8sninger\t\t\t\t\t\t<svg xmlns=\"http:\/\/www.w3.org\/2000\/svg\" width=\"9.419\" height=\"7.976\" viewBox=\"0 0 9.419 7.976\"><g id=\"cta-arw\" transform=\"translate(-242 -1282.793)\"><path id=\"Path_393\" data-name=\"Path 393\" d=\"M0,3.281,3.281,0,6.562,3.281\" transform=\"translate(250.711 1283.5) rotate(90)\" fill=\"none\" stroke=\"#262626\" stroke-linecap=\"round\" stroke-width=\"1\"\/><line id=\"Line_5\" data-name=\"Line 5\" x1=\"7.933\" transform=\"translate(242.5 1286.781)\" fill=\"none\" stroke=\"#262626\" stroke-linecap=\"round\" stroke-width=\"1\"\/><\/g><\/svg>\n\t\t\t\t\t<\/a>\n\t\t\t\t<\/div>\n\t\t\t<\/div>\n\n\t\t\t<div class=\"col col-blocks\">\n\t\t\t\t\t\t\t\t<div class=\"block\">\n\t\t\t\t\t<h2>CSS<\/h2>\n\n\t\t\t\t\t<p><span style=\"font-weight: 400;\">Spar opptil 20 % p\u00e5 CPCer og forbedre ytelsen til Shopping-kampanjene dine med en Premium CSS-l\u00f8sning. Ekspert, dedikert st\u00f8tte for \u00e5 besvare Shopping-sp\u00f8rsm\u00e5lene dine, identifisere muligheter og drive vekst i Google Ads.<\/span><\/p>\n\n\t\t\t\t\t\t\t\t\t\t\t<a href=\"https:\/\/www.productcaster.com\/comparison-shopping-service-css\/\" class=\"link-arw\">\n\t\t\t\t\t\t\t<span><svg xmlns=\"http:\/\/www.w3.org\/2000\/svg\" width=\"22.932\" height=\"17.755\" viewBox=\"0 0 22.932 17.755\"><g id=\"arw-black\" transform=\"translate(-13.055 -15.1)\"><path id=\"Path_858\" data-name=\"Path 858\" d=\"M0,0h21.89\" transform=\"translate(13.056 23.279)\" fill=\"none\" stroke=\"#fff\" stroke-width=\"1.5\"\/><path id=\"Path_859\" data-name=\"Path 859\" d=\"M0,0,8.058,7.62,0,16.712\" transform=\"translate(26.887 15.645)\" fill=\"none\" stroke=\"#fff\" stroke-width=\"1.5\"\/><\/g><\/svg><\/span>\n\n\t\t\t\t\t\t\tFinn ut mer\t\t\t\t\t\t<\/a>\n\t\t\t\t\t\t\t\t\t<\/div>\n\t\t\t\t\n\t\t\t\t\n\t\t\t\t\t\t\t\t<div class=\"block\">\n\t\t\t\t\t<h2>FeedManager<\/h2>\n\n\t\t\t\t\t<p><span style=\"font-weight: 400;\">Forbedre rekkevidden og effektiviteten til kampanjer og drive salget ytterligere ved \u00e5 raskt optimalisere produktfeeden din i stor skala. S\u00f8ml\u00f8s integrering med over 60 partnere, deriblant Google, Meta, Amazon og flere. Dedikert feed-ekspertise for \u00e5 st\u00f8tte b\u00e5de BAU og langsiktige strategiske forbedringer.<\/span><\/p>\n\n\t\t\t\t\t\t\t\t\t\t\t<a href=\"https:\/\/www.productcaster.com\/feedmanager\/\" class=\"link-arw\">\n\t\t\t\t\t\t\t<span><svg xmlns=\"http:\/\/www.w3.org\/2000\/svg\" width=\"22.932\" height=\"17.755\" viewBox=\"0 0 22.932 17.755\"><g id=\"arw-black\" transform=\"translate(-13.055 -15.1)\"><path id=\"Path_858\" data-name=\"Path 858\" d=\"M0,0h21.89\" transform=\"translate(13.056 23.279)\" fill=\"none\" stroke=\"#fff\" stroke-width=\"1.5\"\/><path id=\"Path_859\" data-name=\"Path 859\" d=\"M0,0,8.058,7.62,0,16.712\" transform=\"translate(26.887 15.645)\" fill=\"none\" stroke=\"#fff\" stroke-width=\"1.5\"\/><\/g><\/svg><\/span>\n\n\t\t\t\t\t\t\tFinn ut mer\t\t\t\t\t\t<\/a>\n\t\t\t\t\t\t\t\t\t\t\n\t\t\t\t<\/div>\n\t\t\t\t\n\t\t\t\t\n\t\t\t\t\n\t\t\t\t\n\t\t\t\t\t\t\t<\/div>\n\t\t<\/div>\n\t\t\n\t<\/div>\n<\/section>\n<section class=\"v2-img-tick-columns bg-grey\">\n\t<div class=\"site-width\">\n\n\t\t<div class=\"columns reverser\">\n\n\t\t\t<div class=\"col col-img\" data-aos=\"fade-right\">\n\t\t\t\t\t\t\t\t<img decoding=\"async\" src=\"\" alt=\"\">\n\t\t\t<\/div>\n\n\t\t\t<div class=\"col col-text\" data-aos=\"fade-left\">\n\t\t\t\t<h2>Hvorfor b\u00f8r du velge Productcaster?<\/h2>\n\t\t\t\t<ul class=\"tick-list\">\n\t\t\t\t<li><p>Direkte tilgang til ekspertise innen detaljhandel og netthandel<\/p>\n<\/li><li><p>Forbedre kampanjeytelsen<\/p>\n<\/li><li><p>Reduser annonseringskostnadene<\/p>\n<\/li><li><p>Benytt de nyeste kampanjetypene<\/p>\n<\/li><li><p>Utvid rekkevidden gjennom nye kanaler<\/p>\n<\/li><li><p>L\u00f8pende markedsf\u00f8ringsst\u00f8tte for ytelse<\/p>\n<\/li><li><p>S\u00f8ml\u00f8s migrering<\/p>\n<\/li>\t\t\t\t<\/ul>\n\t\t\t<\/div>\n\t\t\t\n\t\t<\/div>\n\t\t\n\t<\/div>\n<\/section><section class=\"v2-case-study-blocks bg-white\">\n\t<div class=\"site-width\">\n\n\t\t<div class=\"carousel-contain\">\n\t\t\t\t\t\t\t<div class=\"item\" data-aos=\"fade-up\">\n\t\t\t\t\t\t\t\t\t\t<img decoding=\"async\" src=\"https:\/\/www.productcaster.com\/wp-content\/uploads\/2024\/08\/abigail-keenan-8-s5QuUBtyM-unsplash-800x800.jpg\" alt=\"\">\n\n\t\t\t\t\t<div class=\"inner-content\">\n\t\t\t\t\t\t<div class=\"top\">\n\t\t\t\t\t\t\t<h2 class=\"h1\">Sport<\/h2>\n\t\t\t\t\t\t<\/div>\n\n\t\t\t\t\t\t<div class=\"bottom\">\n\t\t\t\t\t\t\t<div class=\"stats\">\n\t\t\t\t\t\t\t\t<div class=\"single-stat\">\n\t\t\t\t\t\t\t\t\t<span class=\"title\">Trafikk<\/span>\n\t\t\t\t\t\t\t\t\t<span class=\"stat\">+55%<\/span>\n\t\t\t\t\t\t\t\t<\/div>\n\n\t\t\t\t\t\t\t\t\t\t\t\t\t\t\t\t<div class=\"single-stat\">\n\t\t\t\t\t\t\t\t\t<span class=\"title\">CPC<\/span>\n\t\t\t\t\t\t\t\t\t<span class=\"stat\">-45%<\/span>\n\t\t\t\t\t\t\t\t<\/div>\n\t\t\t\t\t\t\t\t\t\t\t\t\t\t\t<\/div>\n\t\t\t\t\t\t<\/div>\n\t\t\t\t\t<\/div>\n\t\t\t\t<\/div>\n\t\t\t\t\t\t\t\t<div class=\"item\" data-aos=\"fade-up\">\n\t\t\t\t\t\t\t\t\t\t<img decoding=\"async\" src=\"https:\/\/www.productcaster.com\/wp-content\/uploads\/2024\/08\/the-nix-company-4Hmj9gkyM6c-unsplash-800x800.jpg\" alt=\"\">\n\n\t\t\t\t\t<div class=\"inner-content\">\n\t\t\t\t\t\t<div class=\"top\">\n\t\t\t\t\t\t\t<h2 class=\"h1\">Mote<\/h2>\n\t\t\t\t\t\t<\/div>\n\n\t\t\t\t\t\t<div class=\"bottom\">\n\t\t\t\t\t\t\t<div class=\"stats\">\n\t\t\t\t\t\t\t\t<div class=\"single-stat\">\n\t\t\t\t\t\t\t\t\t<span class=\"title\">Trafikk<\/span>\n\t\t\t\t\t\t\t\t\t<span class=\"stat\">+36% <\/span>\n\t\t\t\t\t\t\t\t<\/div>\n\n\t\t\t\t\t\t\t\t\t\t\t\t\t\t\t\t<div class=\"single-stat\">\n\t\t\t\t\t\t\t\t\t<span class=\"title\">CPC<\/span>\n\t\t\t\t\t\t\t\t\t<span class=\"stat\">-14%<\/span>\n\t\t\t\t\t\t\t\t<\/div>\n\t\t\t\t\t\t\t\t\t\t\t\t\t\t\t<\/div>\n\t\t\t\t\t\t<\/div>\n\t\t\t\t\t<\/div>\n\t\t\t\t<\/div>\n\t\t\t\t\t\t\t\t<div class=\"item\" data-aos=\"fade-up\">\n\t\t\t\t\t\t\t\t\t\t<img decoding=\"async\" src=\"https:\/\/www.productcaster.com\/wp-content\/uploads\/2024\/08\/gabrielle-henderson-pL1qsBqCatk-unsplash-800x800.jpg\" alt=\"\">\n\n\t\t\t\t\t<div class=\"inner-content\">\n\t\t\t\t\t\t<div class=\"top\">\n\t\t\t\t\t\t\t<h2 class=\"h1\">Luksus<\/h2>\n\t\t\t\t\t\t<\/div>\n\n\t\t\t\t\t\t<div class=\"bottom\">\n\t\t\t\t\t\t\t<div class=\"stats\">\n\t\t\t\t\t\t\t\t<div class=\"single-stat\">\n\t\t\t\t\t\t\t\t\t<span class=\"title\">Trafikk<\/span>\n\t\t\t\t\t\t\t\t\t<span class=\"stat\">+2% <\/span>\n\t\t\t\t\t\t\t\t<\/div>\n\n\t\t\t\t\t\t\t\t\t\t\t\t\t\t\t\t<div class=\"single-stat\">\n\t\t\t\t\t\t\t\t\t<span class=\"title\">CPC<\/span>\n\t\t\t\t\t\t\t\t\t<span class=\"stat\">-14%<\/span>\n\t\t\t\t\t\t\t\t<\/div>\n\t\t\t\t\t\t\t\t\t\t\t\t\t\t\t<\/div>\n\t\t\t\t\t\t<\/div>\n\t\t\t\t\t<\/div>\n\t\t\t\t<\/div>\n\t\t\t\t\t\t\t\t<div class=\"item\" data-aos=\"fade-up\">\n\t\t\t\t\t\t\t\t\t\t<img decoding=\"async\" src=\"https:\/\/www.productcaster.com\/wp-content\/uploads\/2024\/08\/james-qualtrough-qvXPDFVMics-unsplash-800x800.jpg\" alt=\"\">\n\n\t\t\t\t\t<div class=\"inner-content\">\n\t\t\t\t\t\t<div class=\"top\">\n\t\t\t\t\t\t\t<h2 class=\"h1\">DIY<\/h2>\n\t\t\t\t\t\t<\/div>\n\n\t\t\t\t\t\t<div class=\"bottom\">\n\t\t\t\t\t\t\t<div class=\"stats\">\n\t\t\t\t\t\t\t\t<div class=\"single-stat\">\n\t\t\t\t\t\t\t\t\t<span class=\"title\">Trafikk<\/span>\n\t\t\t\t\t\t\t\t\t<span class=\"stat\">+32% <\/span>\n\t\t\t\t\t\t\t\t<\/div>\n\n\t\t\t\t\t\t\t\t\t\t\t\t\t\t\t\t<div class=\"single-stat\">\n\t\t\t\t\t\t\t\t\t<span class=\"title\">CPC<\/span>\n\t\t\t\t\t\t\t\t\t<span class=\"stat\">-22%<\/span>\n\t\t\t\t\t\t\t\t<\/div>\n\t\t\t\t\t\t\t\t\t\t\t\t\t\t\t<\/div>\n\t\t\t\t\t\t<\/div>\n\t\t\t\t\t<\/div>\n\t\t\t\t<\/div>\n\t\t\t\t\t\t\t\t<div class=\"item\" data-aos=\"fade-up\">\n\t\t\t\t\t\t\t\t\t\t<img decoding=\"async\" src=\"https:\/\/www.productcaster.com\/wp-content\/uploads\/2024\/08\/timothy-buck-psrloDbaZc8-unsplash-scaled-e1723125757322-800x800.jpg\" alt=\"\">\n\n\t\t\t\t\t<div class=\"inner-content\">\n\t\t\t\t\t\t<div class=\"top\">\n\t\t\t\t\t\t\t<h2 class=\"h1\">Hjem<\/h2>\n\t\t\t\t\t\t<\/div>\n\n\t\t\t\t\t\t<div class=\"bottom\">\n\t\t\t\t\t\t\t<div class=\"stats\">\n\t\t\t\t\t\t\t\t<div class=\"single-stat\">\n\t\t\t\t\t\t\t\t\t<span class=\"title\">Trafikk<\/span>\n\t\t\t\t\t\t\t\t\t<span class=\"stat\">+36% <\/span>\n\t\t\t\t\t\t\t\t<\/div>\n\n\t\t\t\t\t\t\t\t\t\t\t\t\t\t\t\t<div class=\"single-stat\">\n\t\t\t\t\t\t\t\t\t<span class=\"title\">CPC<\/span>\n\t\t\t\t\t\t\t\t\t<span class=\"stat\">-22%<\/span>\n\t\t\t\t\t\t\t\t<\/div>\n\t\t\t\t\t\t\t\t\t\t\t\t\t\t\t<\/div>\n\t\t\t\t\t\t<\/div>\n\t\t\t\t\t<\/div>\n\t\t\t\t<\/div>\n\t\t\t\t\t\t\t\t<div class=\"item\" data-aos=\"fade-up\">\n\t\t\t\t\t\t\t\t\t\t<img decoding=\"async\" src=\"https:\/\/www.productcaster.com\/wp-content\/uploads\/2024\/08\/eduardo-soares-e4EmPx91Aj4-unsplash-scaled-e1723125239295-800x800.jpg\" alt=\"\">\n\n\t\t\t\t\t<div class=\"inner-content\">\n\t\t\t\t\t\t<div class=\"top\">\n\t\t\t\t\t\t\t<h2 class=\"h1\">F&#038;B<\/h2>\n\t\t\t\t\t\t<\/div>\n\n\t\t\t\t\t\t<div class=\"bottom\">\n\t\t\t\t\t\t\t<div class=\"stats\">\n\t\t\t\t\t\t\t\t<div class=\"single-stat\">\n\t\t\t\t\t\t\t\t\t<span class=\"title\">Trafikk<\/span>\n\t\t\t\t\t\t\t\t\t<span class=\"stat\">+34%<\/span>\n\t\t\t\t\t\t\t\t<\/div>\n\n\t\t\t\t\t\t\t\t\t\t\t\t\t\t\t\t<div class=\"single-stat\">\n\t\t\t\t\t\t\t\t\t<span class=\"title\">CPC<\/span>\n\t\t\t\t\t\t\t\t\t<span class=\"stat\">-26%<\/span>\n\t\t\t\t\t\t\t\t<\/div>\n\t\t\t\t\t\t\t\t\t\t\t\t\t\t\t<\/div>\n\t\t\t\t\t\t<\/div>\n\t\t\t\t\t<\/div>\n\t\t\t\t<\/div>\n\t\t\t\t\t\t\t\t<div class=\"item\" data-aos=\"fade-up\">\n\t\t\t\t\t\t\t\t\t\t<img decoding=\"async\" src=\"https:\/\/www.productcaster.com\/wp-content\/uploads\/2024\/08\/5-Tips-on-how-to-target-corporate-meetings-for-your-hotel-3-scaled-1-800x800.jpg\" alt=\"\">\n\n\t\t\t\t\t<div class=\"inner-content\">\n\t\t\t\t\t\t<div class=\"top\">\n\t\t\t\t\t\t\t<h2 class=\"h1\">B2B<\/h2>\n\t\t\t\t\t\t<\/div>\n\n\t\t\t\t\t\t<div class=\"bottom\">\n\t\t\t\t\t\t\t<div class=\"stats\">\n\t\t\t\t\t\t\t\t<div class=\"single-stat\">\n\t\t\t\t\t\t\t\t\t<span class=\"title\">CPC<\/span>\n\t\t\t\t\t\t\t\t\t<span class=\"stat\">-29%<\/span>\n\t\t\t\t\t\t\t\t<\/div>\n\n\t\t\t\t\t\t\t\t\t\t\t\t\t\t\t<\/div>\n\t\t\t\t\t\t<\/div>\n\t\t\t\t\t<\/div>\n\t\t\t\t<\/div>\n\t\t\t\t\t\t<\/div>\n\n\t<\/div>\n<\/section><div class=\"testimonial bg-orange\">\n\t<div class=\"site-width\">\n\n\t\t<div class=\"inner-content\" data-aos=\"fade-up\">\n\t\t\t<p class=\"h3\">\n\t\t\t\t\u00abVi valgte Productcaster p\u00e5 grunn av deres utmerkede ytelse, enkle migrering og \u00e5penhet om priser.\u00bb\t\t\t<\/p>\n\n\t\t\t<p class=\"h4\">Lee Faetz \u2013 netthandelsdirekt\u00f8r hos Evans Cycles<\/p>\n\t\t<\/div>\n\t\t\n\t<\/div>\n<\/div><section class=\"cta-block bg-white\">\n\t<div class=\"site-width\">\n\t\t<div class=\"inner-content\" data-aos=\"fade-up\">\n\t\t\t<p class=\"h2\">Klar til \u00e5 bytte?&nbsp;<span>La oss komme i gang.<\/span><\/p>\n\t\t\t<a href=\"https:\/\/open.popup\/\" class=\"btn dark\">Bestill en demo<\/a>\n\t\t<\/div>\n\t<\/div>\n<\/section>","protected":false},"excerpt":{"rendered":"","protected":false},"author":1,"featured_media":0,"parent":0,"menu_order":0,"comment_status":"closed","ping_status":"closed","template":"","meta":{"_acf_changed":false,"content-type":"","footnotes":""},"class_list":["post-31288","page","type-page","status-publish","hentry"],"acf":[],"yoast_head":"<!-- This site is optimized with the Yoast SEO plugin v22.1 - https:\/\/yoast.com\/wordpress\/plugins\/seo\/ -->\n<title>Productcaster CSS og FeedManager \u2013 F\u00e5 hvert produkt til \u00e5 prestere<\/title>\n<meta name=\"description\" content=\"Comparison Shopping Service og FeedManager for skalering av netthandelsmerker og verdens ledende forhandlere. Prisvinnende teknologi.\" \/>\n<meta name=\"robots\" content=\"index, follow, max-snippet:-1, max-image-preview:large, max-video-preview:-1\" \/>\n<link rel=\"canonical\" href=\"https:\/\/www.productcaster.com\/no\/\" \/>\n<meta property=\"og:locale\" content=\"nb_NO\" \/>\n<meta property=\"og:type\" content=\"article\" \/>\n<meta property=\"og:title\" content=\"Productcaster CSS og FeedManager \u2013 F\u00e5 hvert produkt til \u00e5 prestere\" \/>\n<meta property=\"og:description\" content=\"Comparison Shopping Service og FeedManager for skalering av netthandelsmerker og verdens ledende forhandlere. Prisvinnende teknologi.\" \/>\n<meta property=\"og:url\" content=\"https:\/\/www.productcaster.com\/no\/\" \/>\n<meta property=\"og:site_name\" content=\"Productcaster\" \/>\n<meta property=\"article:modified_time\" content=\"2025-04-09T08:09:38+00:00\" \/>\n<meta property=\"og:image\" content=\"https:\/\/www.productcaster.com\/wp-content\/uploads\/2024\/08\/productcaster-og.png\" \/>\n\t<meta property=\"og:image:width\" content=\"1200\" \/>\n\t<meta property=\"og:image:height\" content=\"630\" \/>\n\t<meta property=\"og:image:type\" content=\"image\/png\" \/>\n<meta name=\"twitter:card\" content=\"summary_large_image\" \/>\n<script type=\"application\/ld+json\" class=\"yoast-schema-graph\">{\"@context\":\"https:\/\/schema.org\",\"@graph\":[{\"@type\":\"WebPage\",\"@id\":\"https:\/\/www.productcaster.com\/no\/\",\"url\":\"https:\/\/www.productcaster.com\/no\/\",\"name\":\"Productcaster CSS og FeedManager \u2013 F\u00e5 hvert produkt til \u00e5 prestere\",\"isPartOf\":{\"@id\":\"https:\/\/www.productcaster.com\/no\/#website\"},\"datePublished\":\"2024-01-22T21:19:55+00:00\",\"dateModified\":\"2025-04-09T08:09:38+00:00\",\"description\":\"Comparison Shopping Service og FeedManager for skalering av netthandelsmerker og verdens ledende forhandlere. Prisvinnende teknologi.\",\"breadcrumb\":{\"@id\":\"https:\/\/www.productcaster.com\/no\/#breadcrumb\"},\"inLanguage\":\"nb-NO\",\"potentialAction\":[{\"@type\":\"ReadAction\",\"target\":[\"https:\/\/www.productcaster.com\/no\/\"]}]},{\"@type\":\"BreadcrumbList\",\"@id\":\"https:\/\/www.productcaster.com\/no\/#breadcrumb\",\"itemListElement\":[{\"@type\":\"ListItem\",\"position\":1,\"name\":\"Home\",\"item\":\"https:\/\/www.productcaster.com\/no\/\"},{\"@type\":\"ListItem\",\"position\":2,\"name\":\"Hjem\"}]},{\"@type\":\"WebSite\",\"@id\":\"https:\/\/www.productcaster.com\/no\/#website\",\"url\":\"https:\/\/www.productcaster.com\/no\/\",\"name\":\"Productcaster\",\"description\":\"Make every product perform.\",\"publisher\":{\"@id\":\"https:\/\/www.productcaster.com\/no\/#organization\"},\"potentialAction\":[{\"@type\":\"SearchAction\",\"target\":{\"@type\":\"EntryPoint\",\"urlTemplate\":\"https:\/\/www.productcaster.com\/no\/?s={search_term_string}\"},\"query-input\":\"required name=search_term_string\"}],\"inLanguage\":\"nb-NO\"},{\"@type\":\"Organization\",\"@id\":\"https:\/\/www.productcaster.com\/no\/#organization\",\"name\":\"Productcaster\",\"url\":\"https:\/\/www.productcaster.com\/no\/\",\"logo\":{\"@type\":\"ImageObject\",\"inLanguage\":\"nb-NO\",\"@id\":\"https:\/\/www.productcaster.com\/no\/#\/schema\/logo\/image\/\",\"url\":\"https:\/\/www.productcaster.com\/wp-content\/uploads\/2024\/07\/favicon.png\",\"contentUrl\":\"https:\/\/www.productcaster.com\/wp-content\/uploads\/2024\/07\/favicon.png\",\"width\":1000,\"height\":1000,\"caption\":\"Productcaster\"},\"image\":{\"@id\":\"https:\/\/www.productcaster.com\/no\/#\/schema\/logo\/image\/\"},\"sameAs\":[\"https:\/\/www.linkedin.com\/company\/productcaster\/\"]}]}<\/script>\n<!-- \/ Yoast SEO plugin. -->","yoast_head_json":{"title":"Productcaster CSS og FeedManager \u2013 F\u00e5 hvert produkt til \u00e5 prestere","description":"Comparison Shopping Service og FeedManager for skalering av netthandelsmerker og verdens ledende forhandlere. Prisvinnende teknologi.","robots":{"index":"index","follow":"follow","max-snippet":"max-snippet:-1","max-image-preview":"max-image-preview:large","max-video-preview":"max-video-preview:-1"},"canonical":"https:\/\/www.productcaster.com\/no\/","og_locale":"nb_NO","og_type":"article","og_title":"Productcaster CSS og FeedManager \u2013 F\u00e5 hvert produkt til \u00e5 prestere","og_description":"Comparison Shopping Service og FeedManager for skalering av netthandelsmerker og verdens ledende forhandlere. Prisvinnende teknologi.","og_url":"https:\/\/www.productcaster.com\/no\/","og_site_name":"Productcaster","article_modified_time":"2025-04-09T08:09:38+00:00","og_image":[{"width":1200,"height":630,"url":"https:\/\/www.productcaster.com\/wp-content\/uploads\/2024\/08\/productcaster-og.png","type":"image\/png"}],"twitter_card":"summary_large_image","schema":{"@context":"https:\/\/schema.org","@graph":[{"@type":"WebPage","@id":"https:\/\/www.productcaster.com\/no\/","url":"https:\/\/www.productcaster.com\/no\/","name":"Productcaster CSS og FeedManager \u2013 F\u00e5 hvert produkt til \u00e5 prestere","isPartOf":{"@id":"https:\/\/www.productcaster.com\/no\/#website"},"datePublished":"2024-01-22T21:19:55+00:00","dateModified":"2025-04-09T08:09:38+00:00","description":"Comparison Shopping Service og FeedManager for skalering av netthandelsmerker og verdens ledende forhandlere. Prisvinnende teknologi.","breadcrumb":{"@id":"https:\/\/www.productcaster.com\/no\/#breadcrumb"},"inLanguage":"nb-NO","potentialAction":[{"@type":"ReadAction","target":["https:\/\/www.productcaster.com\/no\/"]}]},{"@type":"BreadcrumbList","@id":"https:\/\/www.productcaster.com\/no\/#breadcrumb","itemListElement":[{"@type":"ListItem","position":1,"name":"Home","item":"https:\/\/www.productcaster.com\/no\/"},{"@type":"ListItem","position":2,"name":"Hjem"}]},{"@type":"WebSite","@id":"https:\/\/www.productcaster.com\/no\/#website","url":"https:\/\/www.productcaster.com\/no\/","name":"Productcaster","description":"Make every product perform.","publisher":{"@id":"https:\/\/www.productcaster.com\/no\/#organization"},"potentialAction":[{"@type":"SearchAction","target":{"@type":"EntryPoint","urlTemplate":"https:\/\/www.productcaster.com\/no\/?s={search_term_string}"},"query-input":"required name=search_term_string"}],"inLanguage":"nb-NO"},{"@type":"Organization","@id":"https:\/\/www.productcaster.com\/no\/#organization","name":"Productcaster","url":"https:\/\/www.productcaster.com\/no\/","logo":{"@type":"ImageObject","inLanguage":"nb-NO","@id":"https:\/\/www.productcaster.com\/no\/#\/schema\/logo\/image\/","url":"https:\/\/www.productcaster.com\/wp-content\/uploads\/2024\/07\/favicon.png","contentUrl":"https:\/\/www.productcaster.com\/wp-content\/uploads\/2024\/07\/favicon.png","width":1000,"height":1000,"caption":"Productcaster"},"image":{"@id":"https:\/\/www.productcaster.com\/no\/#\/schema\/logo\/image\/"},"sameAs":["https:\/\/www.linkedin.com\/company\/productcaster\/"]}]}},"_links":{"self":[{"href":"https:\/\/www.productcaster.com\/no\/wp-json\/wp\/v2\/pages\/31288","targetHints":{"allow":["GET"]}}],"collection":[{"href":"https:\/\/www.productcaster.com\/no\/wp-json\/wp\/v2\/pages"}],"about":[{"href":"https:\/\/www.productcaster.com\/no\/wp-json\/wp\/v2\/types\/page"}],"author":[{"embeddable":true,"href":"https:\/\/www.productcaster.com\/no\/wp-json\/wp\/v2\/users\/1"}],"replies":[{"embeddable":true,"href":"https:\/\/www.productcaster.com\/no\/wp-json\/wp\/v2\/comments?post=31288"}],"version-history":[{"count":2,"href":"https:\/\/www.productcaster.com\/no\/wp-json\/wp\/v2\/pages\/31288\/revisions"}],"predecessor-version":[{"id":31559,"href":"https:\/\/www.productcaster.com\/no\/wp-json\/wp\/v2\/pages\/31288\/revisions\/31559"}],"wp:attachment":[{"href":"https:\/\/www.productcaster.com\/no\/wp-json\/wp\/v2\/media?parent=31288"}],"curies":[{"name":"wp","href":"https:\/\/api.w.org\/{rel}","templated":true}]}}