{"id":31260,"date":"2024-07-29T13:45:22","date_gmt":"2024-07-29T12:45:22","guid":{"rendered":"https:\/\/www.productcaster.com\/partnerskap\/"},"modified":"2024-11-22T10:41:13","modified_gmt":"2024-11-22T10:41:13","slug":"partnerskap","status":"publish","type":"page","link":"https:\/\/www.productcaster.com\/no\/partnerskap\/","title":{"rendered":"Partnerskap"},"content":{"rendered":"\n<section class=\"img-text-header bg-white-bottom bg-grey\">\n\t<div class=\"site-width\">\n\n\t\t<div class=\"columns\">\n\t\t\t<div class=\"col col-text\" data-aos=\"fade-right\">\n\t\t\t\t<h1 class=\"h4\">Partnerskap<\/h1>\n\t\t\t\t<h2 class=\"h1\">Bli en akkreditert Productcaster-forhandler.<\/h2>\n\n\t\t\t\t<p><span style=\"font-weight: 400;\">St\u00f8tt kundene dine for \u00e5 drive vekst i netthandel.<\/span><\/p>\n\n\t\t\t\t\t\t\t<\/div>\n\n\t\t\t<div class=\"col col-img\" data-aos=\"fade-left\">\n\t\t\t\t<img decoding=\"async\" src=\"https:\/\/www.productcaster.com\/wp-content\/uploads\/2024\/07\/reseller.jpg\" alt=\"\">\t\t\t<\/div>\n\t\t<\/div>\n\t\t\n\t<\/div>\n<\/section>\n\n<section class=\"logo-block bg-white\">\n\t<div class=\"site-width\" data-aos=\"fade-up\">\n\n\t\t<h3>I samarbeid med ledende byr\u00e5er<\/h3>\n\t\t<div class=\"columns\">\n\t\t\t\t\t\t\t\t<div class=\"col\"><img decoding=\"async\" src=\"https:\/\/www.productcaster.com\/wp-content\/uploads\/2024\/07\/adsup-logo-e1722413781532-300x64.png\" alt=\"\"><\/div>\n\t\t\t\t\t\t\t\t\t<div class=\"col\"><img decoding=\"async\" src=\"https:\/\/www.productcaster.com\/wp-content\/uploads\/2024\/07\/Modo25_lockup_black_RGB1-300x79.png\" alt=\"\"><\/div>\n\t\t\t\t\t\t\t\t\t<div class=\"col\"><img decoding=\"async\" src=\"https:\/\/www.productcaster.com\/wp-content\/uploads\/2024\/08\/brave-bison-300x40.png\" alt=\"\"><\/div>\n\t\t\t\t\t\t\t\t\t<div class=\"col\"><img decoding=\"async\" src=\"https:\/\/www.productcaster.com\/wp-content\/uploads\/2024\/08\/can-do2-300x110.png\" alt=\"\"><\/div>\n\t\t\t\t\t\t\t\t\t<div class=\"col\"><img decoding=\"async\" src=\"https:\/\/www.productcaster.com\/wp-content\/uploads\/2024\/08\/digimood-300x55.png\" alt=\"\"><\/div>\n\t\t\t\t\t\t\t\t\t<div class=\"col\"><img decoding=\"async\" src=\"https:\/\/www.productcaster.com\/wp-content\/uploads\/2024\/08\/jaywing2-300x42.png\" alt=\"\"><\/div>\n\t\t\t\t\t\t\t\t\t<div class=\"col\"><img decoding=\"async\" src=\"https:\/\/www.productcaster.com\/wp-content\/uploads\/2024\/08\/7stars-2-300x132.png\" alt=\"\"><\/div>\n\t\t\t\t\t\t\t\t\t<div class=\"col\"><img decoding=\"async\" src=\"https:\/\/www.productcaster.com\/wp-content\/uploads\/2024\/08\/thg-300x95.png\" alt=\"\"><\/div>\n\t\t\t\t\t\t<\/div>\n\t\t\n\t<\/div>\n<\/section>\n<section class=\"img-text-columns bg-white\">\n\t<div class=\"site-width\">\n\n\t\t<div class=\"columns reverser\">\n\n\t\t\t<div class=\"col col-img\" data-aos=\"fade-right\">\n\t\t\t\t\t\t\t\t<img decoding=\"async\" src=\"https:\/\/www.productcaster.com\/wp-content\/uploads\/2024\/07\/xSummit_how-it-works.png.pagespeed.ic_.yHeRHJi990.png\" alt=\"\">\n\t\t\t<\/div>\n\n\t\t\t<div class=\"col col-text\" data-aos=\"fade-left\">\n\t\t\t\t<h2>Nettstedshenvendelse hos Productcaster<\/h2>\n\t\t\t\t<p>Er du et byr\u00e5 eller en frilanser p\u00e5 utkikk etter markedsledende teknologil\u00f8sninger for netthandel som kan rulles ut raskt og i stor skala?  Productcaster byr p\u00e5 gunstige priser til partnere som \u00f8nsker \u00e5 ta i bruk teknologien v\u00e5r p\u00e5 tvers av kundeportef\u00f8ljen sin, hvilket tilbyr alle fordelene med Productcasters tjenester til kundene dine og gir deg en ekstra inntektsstr\u00f8m.<\/p>\n\t\t\t<\/div>\n\t\t\t\n\t\t<\/div>\n\t\t\n\t<\/div>\n<\/section><section class=\"title-text-columns bg-white\">\n\t<div class=\"site-width\">\n\t\t\n\t\t<div class=\"columns\">\n\t\t\t\t\t\t\t<div class=\"row\">\n\t\t\t\t\t<div class=\"title\" data-aos=\"fade-up\">\n\t\t\t\t\t\t<h2>Fordeler for deg<\/h2>\n\t\t\t\t\t<\/div>\n\n\t\t\t\t\t<div class=\"text-content\" data-aos=\"fade-up\" data-aos-delay=\"100\">\n\t\t\t\t\t\t<p><strong>Ytterligere inntektsstr\u00f8m<\/strong> Som forhandler f\u00e5r du tilgang til rabatterte priser p\u00e5 Productcaster-pakker, slik at du kan legge til en margin og opprette en ny inntektsstr\u00f8m for virksomheten din. <strong>Bedre ytelse<\/strong> Productcaster f\u00e5r dine kunders markedsf\u00f8ringsbudsjetter til \u00e5 jobbe hardere, hvilket oppn\u00e5r bedre effektivitet og en forbedret ROAS ved hjelp av opptil 20 % billigere CPCer med Productcaster CSS <strong>Spesialisert st\u00f8tte<\/strong> Productcaster kan hjelpe deg med \u00e5 maksimere ytelsen til dine kunders kampanjer; vi er eksperter p\u00e5 shopping og kan hjelpe deg med \u00e5 legge den beste strategien for \u00e5 n\u00e5 m\u00e5let til kundene dine.<\/p>\n\t\t\t\t\t<\/div>\n\t\t\t\t<\/div>\n\t\t\t\t\n\t\t\t\t\t\t\t\t<div class=\"row\">\n\t\t\t\t\t<div class=\"title\" data-aos=\"fade-up\">\n\t\t\t\t\t\t<h2>Fordeler for kundene dine<\/h2>\n\t\t\t\t\t<\/div>\n\n\t\t\t\t\t<div class=\"text-content\" data-aos=\"fade-up\" data-aos-delay=\"100\">\n\t\t\t\t\t\t<ul>\n<li>Opptil 20 % billigere CPCer til all shopping ved bruk av CSS<\/li>\n<li>St\u00f8rre rekkevidde, \u00f8kt trafikk og forbedret kampanjeytelse<\/li>\n<li>Tilgang til handels- og feed-ekspertise<\/li>\n<li>Spesialisert Google-st\u00f8tte<\/li>\n<li>Bransjeinnsikt og anbefalinger<\/li>\n<li>F\u00e5 tilgang til aktuelle webinarer om nye funksjoner og beste praksis<\/li>\n<\/ul>\n\t\t\t\t\t<\/div>\n\t\t\t\t<\/div>\n\t\t\t\t\n\t\t\t\t\t\t<\/div>\n\n\t<\/div>\n<\/section><div class=\"testimonial bg-orange\">\n\t<div class=\"site-width\">\n\n\t\t<div class=\"inner-content\" data-aos=\"fade-up\">\n\t\t\t<p class=\"h3\">\n\t\t\t\t\u00abProductcaster har v\u00e6rt CSS-partneren v\u00e5r i mer enn fire \u00e5r. St\u00f8tten de tilbyr er eksepsjonell, og hastigheten deres bidrar til \u00e5 skille dem ut fra mengden. Vi har pr\u00f8vd ut en rekke CSS-leverand\u00f8rer, men Productcaster er den mest p\u00e5litelige og tillitvekkende.\u00bb\t\t\t<\/p>\n\n\t\t\t<p class=\"h4\">Guillaume Neyret \u2013 assisterende direkt\u00f8r i Ad\u2019s up Consulting<\/p>\n\t\t<\/div>\n\t\t\n\t<\/div>\n<\/div><section class=\"cta-block bg-white\">\n\t<div class=\"site-width\">\n\t\t<div class=\"inner-content\" data-aos=\"fade-up\">\n\t\t\t<p class=\"h2\">Skal vi bli partnere?&nbsp;<span>La oss prate.<\/span><\/p>\n\t\t\t<a href=\"https:\/\/www.productcaster.com\/contact\/\" class=\"btn dark\">F\u00e5 kontakt<\/a>\n\t\t<\/div>\n\t<\/div>\n<\/section>","protected":false},"excerpt":{"rendered":"","protected":false},"author":2,"featured_media":0,"parent":0,"menu_order":0,"comment_status":"closed","ping_status":"closed","template":"","meta":{"_acf_changed":false,"content-type":"","footnotes":""},"class_list":["post-31260","page","type-page","status-publish","hentry"],"acf":[],"yoast_head":"<!-- This site is optimized with the Yoast SEO plugin v22.1 - https:\/\/yoast.com\/wordpress\/plugins\/seo\/ -->\n<title>Partnerskap \u2013 Bli en akkreditert forhandler | Productcaster<\/title>\n<meta name=\"description\" content=\"Bli en akkreditert Productcaster-forhandler. St\u00f8tt kundene dine for \u00e5 drive vekst i netthandel med Premium CSS-l\u00f8sninger.\" \/>\n<meta name=\"robots\" content=\"index, follow, max-snippet:-1, max-image-preview:large, max-video-preview:-1\" \/>\n<link rel=\"canonical\" href=\"https:\/\/www.productcaster.com\/no\/partnerskap\/\" \/>\n<meta property=\"og:locale\" content=\"nb_NO\" \/>\n<meta property=\"og:type\" content=\"article\" \/>\n<meta property=\"og:title\" content=\"Partnerskap \u2013 Bli en akkreditert forhandler | Productcaster\" \/>\n<meta property=\"og:description\" content=\"Bli en akkreditert Productcaster-forhandler. St\u00f8tt kundene dine for \u00e5 drive vekst i netthandel med Premium CSS-l\u00f8sninger.\" \/>\n<meta property=\"og:url\" content=\"https:\/\/www.productcaster.com\/no\/partnerskap\/\" \/>\n<meta property=\"og:site_name\" content=\"Productcaster\" \/>\n<meta property=\"article:modified_time\" content=\"2024-11-22T10:41:13+00:00\" \/>\n<meta property=\"og:image\" content=\"https:\/\/www.productcaster.com\/wp-content\/uploads\/2024\/08\/productcaster-og.png\" \/>\n\t<meta property=\"og:image:width\" content=\"1200\" \/>\n\t<meta property=\"og:image:height\" content=\"630\" \/>\n\t<meta property=\"og:image:type\" content=\"image\/png\" \/>\n<meta name=\"twitter:card\" content=\"summary_large_image\" \/>\n<script type=\"application\/ld+json\" class=\"yoast-schema-graph\">{\"@context\":\"https:\/\/schema.org\",\"@graph\":[{\"@type\":\"WebPage\",\"@id\":\"https:\/\/www.productcaster.com\/no\/partnerskap\/\",\"url\":\"https:\/\/www.productcaster.com\/no\/partnerskap\/\",\"name\":\"Partnerskap \u2013 Bli en akkreditert forhandler | Productcaster\",\"isPartOf\":{\"@id\":\"https:\/\/www.productcaster.com\/no\/#website\"},\"datePublished\":\"2024-07-29T12:45:22+00:00\",\"dateModified\":\"2024-11-22T10:41:13+00:00\",\"description\":\"Bli en akkreditert Productcaster-forhandler. St\u00f8tt kundene dine for \u00e5 drive vekst i netthandel med Premium CSS-l\u00f8sninger.\",\"breadcrumb\":{\"@id\":\"https:\/\/www.productcaster.com\/no\/partnerskap\/#breadcrumb\"},\"inLanguage\":\"nb-NO\",\"potentialAction\":[{\"@type\":\"ReadAction\",\"target\":[\"https:\/\/www.productcaster.com\/no\/partnerskap\/\"]}]},{\"@type\":\"BreadcrumbList\",\"@id\":\"https:\/\/www.productcaster.com\/no\/partnerskap\/#breadcrumb\",\"itemListElement\":[{\"@type\":\"ListItem\",\"position\":1,\"name\":\"Home\",\"item\":\"https:\/\/www.productcaster.com\/no\/\"},{\"@type\":\"ListItem\",\"position\":2,\"name\":\"Partnerskap\"}]},{\"@type\":\"WebSite\",\"@id\":\"https:\/\/www.productcaster.com\/no\/#website\",\"url\":\"https:\/\/www.productcaster.com\/no\/\",\"name\":\"Productcaster\",\"description\":\"Make every product perform.\",\"publisher\":{\"@id\":\"https:\/\/www.productcaster.com\/no\/#organization\"},\"potentialAction\":[{\"@type\":\"SearchAction\",\"target\":{\"@type\":\"EntryPoint\",\"urlTemplate\":\"https:\/\/www.productcaster.com\/no\/?s={search_term_string}\"},\"query-input\":\"required name=search_term_string\"}],\"inLanguage\":\"nb-NO\"},{\"@type\":\"Organization\",\"@id\":\"https:\/\/www.productcaster.com\/no\/#organization\",\"name\":\"Productcaster\",\"url\":\"https:\/\/www.productcaster.com\/no\/\",\"logo\":{\"@type\":\"ImageObject\",\"inLanguage\":\"nb-NO\",\"@id\":\"https:\/\/www.productcaster.com\/no\/#\/schema\/logo\/image\/\",\"url\":\"https:\/\/www.productcaster.com\/wp-content\/uploads\/2024\/07\/favicon.png\",\"contentUrl\":\"https:\/\/www.productcaster.com\/wp-content\/uploads\/2024\/07\/favicon.png\",\"width\":1000,\"height\":1000,\"caption\":\"Productcaster\"},\"image\":{\"@id\":\"https:\/\/www.productcaster.com\/no\/#\/schema\/logo\/image\/\"},\"sameAs\":[\"https:\/\/www.linkedin.com\/company\/productcaster\/\"]}]}<\/script>\n<!-- \/ Yoast SEO plugin. -->","yoast_head_json":{"title":"Partnerskap \u2013 Bli en akkreditert forhandler | Productcaster","description":"Bli en akkreditert Productcaster-forhandler. St\u00f8tt kundene dine for \u00e5 drive vekst i netthandel med Premium CSS-l\u00f8sninger.","robots":{"index":"index","follow":"follow","max-snippet":"max-snippet:-1","max-image-preview":"max-image-preview:large","max-video-preview":"max-video-preview:-1"},"canonical":"https:\/\/www.productcaster.com\/no\/partnerskap\/","og_locale":"nb_NO","og_type":"article","og_title":"Partnerskap \u2013 Bli en akkreditert forhandler | Productcaster","og_description":"Bli en akkreditert Productcaster-forhandler. St\u00f8tt kundene dine for \u00e5 drive vekst i netthandel med Premium CSS-l\u00f8sninger.","og_url":"https:\/\/www.productcaster.com\/no\/partnerskap\/","og_site_name":"Productcaster","article_modified_time":"2024-11-22T10:41:13+00:00","og_image":[{"width":1200,"height":630,"url":"https:\/\/www.productcaster.com\/wp-content\/uploads\/2024\/08\/productcaster-og.png","type":"image\/png"}],"twitter_card":"summary_large_image","schema":{"@context":"https:\/\/schema.org","@graph":[{"@type":"WebPage","@id":"https:\/\/www.productcaster.com\/no\/partnerskap\/","url":"https:\/\/www.productcaster.com\/no\/partnerskap\/","name":"Partnerskap \u2013 Bli en akkreditert forhandler | Productcaster","isPartOf":{"@id":"https:\/\/www.productcaster.com\/no\/#website"},"datePublished":"2024-07-29T12:45:22+00:00","dateModified":"2024-11-22T10:41:13+00:00","description":"Bli en akkreditert Productcaster-forhandler. St\u00f8tt kundene dine for \u00e5 drive vekst i netthandel med Premium CSS-l\u00f8sninger.","breadcrumb":{"@id":"https:\/\/www.productcaster.com\/no\/partnerskap\/#breadcrumb"},"inLanguage":"nb-NO","potentialAction":[{"@type":"ReadAction","target":["https:\/\/www.productcaster.com\/no\/partnerskap\/"]}]},{"@type":"BreadcrumbList","@id":"https:\/\/www.productcaster.com\/no\/partnerskap\/#breadcrumb","itemListElement":[{"@type":"ListItem","position":1,"name":"Home","item":"https:\/\/www.productcaster.com\/no\/"},{"@type":"ListItem","position":2,"name":"Partnerskap"}]},{"@type":"WebSite","@id":"https:\/\/www.productcaster.com\/no\/#website","url":"https:\/\/www.productcaster.com\/no\/","name":"Productcaster","description":"Make every product perform.","publisher":{"@id":"https:\/\/www.productcaster.com\/no\/#organization"},"potentialAction":[{"@type":"SearchAction","target":{"@type":"EntryPoint","urlTemplate":"https:\/\/www.productcaster.com\/no\/?s={search_term_string}"},"query-input":"required name=search_term_string"}],"inLanguage":"nb-NO"},{"@type":"Organization","@id":"https:\/\/www.productcaster.com\/no\/#organization","name":"Productcaster","url":"https:\/\/www.productcaster.com\/no\/","logo":{"@type":"ImageObject","inLanguage":"nb-NO","@id":"https:\/\/www.productcaster.com\/no\/#\/schema\/logo\/image\/","url":"https:\/\/www.productcaster.com\/wp-content\/uploads\/2024\/07\/favicon.png","contentUrl":"https:\/\/www.productcaster.com\/wp-content\/uploads\/2024\/07\/favicon.png","width":1000,"height":1000,"caption":"Productcaster"},"image":{"@id":"https:\/\/www.productcaster.com\/no\/#\/schema\/logo\/image\/"},"sameAs":["https:\/\/www.linkedin.com\/company\/productcaster\/"]}]}},"_links":{"self":[{"href":"https:\/\/www.productcaster.com\/no\/wp-json\/wp\/v2\/pages\/31260","targetHints":{"allow":["GET"]}}],"collection":[{"href":"https:\/\/www.productcaster.com\/no\/wp-json\/wp\/v2\/pages"}],"about":[{"href":"https:\/\/www.productcaster.com\/no\/wp-json\/wp\/v2\/types\/page"}],"author":[{"embeddable":true,"href":"https:\/\/www.productcaster.com\/no\/wp-json\/wp\/v2\/users\/2"}],"replies":[{"embeddable":true,"href":"https:\/\/www.productcaster.com\/no\/wp-json\/wp\/v2\/comments?post=31260"}],"version-history":[{"count":1,"href":"https:\/\/www.productcaster.com\/no\/wp-json\/wp\/v2\/pages\/31260\/revisions"}],"predecessor-version":[{"id":31261,"href":"https:\/\/www.productcaster.com\/no\/wp-json\/wp\/v2\/pages\/31260\/revisions\/31261"}],"wp:attachment":[{"href":"https:\/\/www.productcaster.com\/no\/wp-json\/wp\/v2\/media?parent=31260"}],"curies":[{"name":"wp","href":"https:\/\/api.w.org\/{rel}","templated":true}]}}