{"id":31217,"date":"2024-01-22T21:23:13","date_gmt":"2024-01-22T21:23:13","guid":{"rendered":"https:\/\/www.productcaster.com\/kontakt\/"},"modified":"2024-11-22T10:39:29","modified_gmt":"2024-11-22T10:39:29","slug":"kontakt","status":"publish","type":"page","link":"https:\/\/www.productcaster.com\/no\/kontakt\/","title":{"rendered":"Kontakt"},"content":{"rendered":"\n<section class=\"img-text-header bg-white-bottom bg-grey\">\n\t<div class=\"site-width\">\n\n\t\t<div class=\"columns\">\n\t\t\t<div class=\"col col-text\" data-aos=\"fade-right\">\n\t\t\t\t<h1 class=\"h4\">F\u00e5 kontakt<\/h1>\n\t\t\t\t<h2 class=\"h1\">F\u00f8l kraften til Productcaster.<\/h2>\n\n\t\t\t\t<p>Bestill en 30-minutters demo p\u00e5 et tidspunkt som passer deg.<\/p>\n\n\t\t\t\t<a href=\"https:\/\/open.popup\/\" class=\"btn\">Bestill en demo<\/a>\t\t\t<\/div>\n\n\t\t\t<div class=\"col col-img\" data-aos=\"fade-left\">\n\t\t\t\t<img decoding=\"async\" src=\"https:\/\/www.productcaster.com\/wp-content\/uploads\/2024\/02\/IMG_7258-1710x1287.jpg\" alt=\"\">\t\t\t<\/div>\n\t\t<\/div>\n\t\t\n\t<\/div>\n<\/section><section class=\"contact-module embedded-form\">\n\n\t<div class=\"inner-section bg-grey\">\n\t\t<div class=\"site-width\">\n\t\t\t<h2>Legg igjen en beskjed<\/h2>\n\n\t\t\t<script charset=\"utf-8\" type=\"text\/javascript\" src=\"\/\/js.hsforms.net\/forms\/embed\/v2.js\"><\/script>\n\t\t\t<script>\n\t\t\t  hbspt.forms.create({\n\t\t\t    portalId: \"20340553\",\n\t\t\t    formId: \"07a1d187-43ef-42b4-93a0-b5cd0c9fdf9b\"\n\t\t\t  });\n\t\t\t<\/script>\n\t\t<\/div>\n\t<\/div>\n\n\t<div class=\"inner-section bg-white\">\n\t\t<div class=\"site-width\">\n\t\t\t<div class=\"columns\">\n\t\t\t\t<div class=\"col\">\n\t\t\t\t\t<h2>Adresse<\/h2>\n\t\t\t\t<\/div>\n\n\t\t\t\t<div class=\"col\">\n\t\t\t\t\t<p><b>Productcaster<\/b> The Fruit Market, Building No. 4 @TheDock, 31-38 Queen St, Hull HU1 1UU<\/p>\n\t\t\t\t<\/div>\n\n\t\t\t\t<div class=\"col\">\n\t\t\t\t\t<p><b>Ring<\/b> +44 (0) 20 3948 4696 <b>E-post<\/b> <a href=\"mailto:info@productcaster.com\">info@productcaster.com<\/a><\/p>\n\t\t\t\t<\/div>\n\t\t\t<\/div>\n\t\t<\/div>\n\t<\/div>\n\n<\/section>","protected":false},"excerpt":{"rendered":"","protected":false},"author":1,"featured_media":0,"parent":0,"menu_order":0,"comment_status":"closed","ping_status":"closed","template":"","meta":{"_acf_changed":false,"content-type":"","footnotes":""},"class_list":["post-31217","page","type-page","status-publish","hentry"],"acf":[],"yoast_head":"<!-- This site is optimized with the Yoast SEO plugin v22.1 - https:\/\/yoast.com\/wordpress\/plugins\/seo\/ -->\n<title>Kontakt oss | F\u00e5 kontakt i dag | Productcaster<\/title>\n<meta name=\"description\" content=\"Klar til \u00e5 bytte til Productcaster? F\u00e5 kontakt i dag.\" \/>\n<meta name=\"robots\" content=\"index, follow, max-snippet:-1, max-image-preview:large, max-video-preview:-1\" \/>\n<link rel=\"canonical\" href=\"https:\/\/www.productcaster.com\/no\/kontakt\/\" \/>\n<meta property=\"og:locale\" content=\"nb_NO\" \/>\n<meta property=\"og:type\" content=\"article\" \/>\n<meta property=\"og:title\" content=\"Kontakt oss | F\u00e5 kontakt i dag | Productcaster\" \/>\n<meta property=\"og:description\" content=\"Klar til \u00e5 bytte til Productcaster? F\u00e5 kontakt i dag.\" \/>\n<meta property=\"og:url\" content=\"https:\/\/www.productcaster.com\/no\/kontakt\/\" \/>\n<meta property=\"og:site_name\" content=\"Productcaster\" \/>\n<meta property=\"article:modified_time\" content=\"2024-11-22T10:39:29+00:00\" \/>\n<meta property=\"og:image\" content=\"https:\/\/www.productcaster.com\/wp-content\/uploads\/2024\/08\/productcaster-og.png\" \/>\n\t<meta property=\"og:image:width\" content=\"1200\" \/>\n\t<meta property=\"og:image:height\" content=\"630\" \/>\n\t<meta property=\"og:image:type\" content=\"image\/png\" \/>\n<meta name=\"twitter:card\" content=\"summary_large_image\" \/>\n<script type=\"application\/ld+json\" class=\"yoast-schema-graph\">{\"@context\":\"https:\/\/schema.org\",\"@graph\":[{\"@type\":\"WebPage\",\"@id\":\"https:\/\/www.productcaster.com\/no\/kontakt\/\",\"url\":\"https:\/\/www.productcaster.com\/no\/kontakt\/\",\"name\":\"Kontakt oss | F\u00e5 kontakt i dag | Productcaster\",\"isPartOf\":{\"@id\":\"https:\/\/www.productcaster.com\/no\/#website\"},\"datePublished\":\"2024-01-22T21:23:13+00:00\",\"dateModified\":\"2024-11-22T10:39:29+00:00\",\"description\":\"Klar til \u00e5 bytte til Productcaster? F\u00e5 kontakt i dag.\",\"breadcrumb\":{\"@id\":\"https:\/\/www.productcaster.com\/no\/kontakt\/#breadcrumb\"},\"inLanguage\":\"nb-NO\",\"potentialAction\":[{\"@type\":\"ReadAction\",\"target\":[\"https:\/\/www.productcaster.com\/no\/kontakt\/\"]}]},{\"@type\":\"BreadcrumbList\",\"@id\":\"https:\/\/www.productcaster.com\/no\/kontakt\/#breadcrumb\",\"itemListElement\":[{\"@type\":\"ListItem\",\"position\":1,\"name\":\"Home\",\"item\":\"https:\/\/www.productcaster.com\/no\/\"},{\"@type\":\"ListItem\",\"position\":2,\"name\":\"Kontakt\"}]},{\"@type\":\"WebSite\",\"@id\":\"https:\/\/www.productcaster.com\/no\/#website\",\"url\":\"https:\/\/www.productcaster.com\/no\/\",\"name\":\"Productcaster\",\"description\":\"Make every product perform.\",\"publisher\":{\"@id\":\"https:\/\/www.productcaster.com\/no\/#organization\"},\"potentialAction\":[{\"@type\":\"SearchAction\",\"target\":{\"@type\":\"EntryPoint\",\"urlTemplate\":\"https:\/\/www.productcaster.com\/no\/?s={search_term_string}\"},\"query-input\":\"required name=search_term_string\"}],\"inLanguage\":\"nb-NO\"},{\"@type\":\"Organization\",\"@id\":\"https:\/\/www.productcaster.com\/no\/#organization\",\"name\":\"Productcaster\",\"url\":\"https:\/\/www.productcaster.com\/no\/\",\"logo\":{\"@type\":\"ImageObject\",\"inLanguage\":\"nb-NO\",\"@id\":\"https:\/\/www.productcaster.com\/no\/#\/schema\/logo\/image\/\",\"url\":\"https:\/\/www.productcaster.com\/wp-content\/uploads\/2024\/07\/favicon.png\",\"contentUrl\":\"https:\/\/www.productcaster.com\/wp-content\/uploads\/2024\/07\/favicon.png\",\"width\":1000,\"height\":1000,\"caption\":\"Productcaster\"},\"image\":{\"@id\":\"https:\/\/www.productcaster.com\/no\/#\/schema\/logo\/image\/\"},\"sameAs\":[\"https:\/\/www.linkedin.com\/company\/productcaster\/\"]}]}<\/script>\n<!-- \/ Yoast SEO plugin. -->","yoast_head_json":{"title":"Kontakt oss | F\u00e5 kontakt i dag | Productcaster","description":"Klar til \u00e5 bytte til Productcaster? F\u00e5 kontakt i dag.","robots":{"index":"index","follow":"follow","max-snippet":"max-snippet:-1","max-image-preview":"max-image-preview:large","max-video-preview":"max-video-preview:-1"},"canonical":"https:\/\/www.productcaster.com\/no\/kontakt\/","og_locale":"nb_NO","og_type":"article","og_title":"Kontakt oss | F\u00e5 kontakt i dag | Productcaster","og_description":"Klar til \u00e5 bytte til Productcaster? F\u00e5 kontakt i dag.","og_url":"https:\/\/www.productcaster.com\/no\/kontakt\/","og_site_name":"Productcaster","article_modified_time":"2024-11-22T10:39:29+00:00","og_image":[{"width":1200,"height":630,"url":"https:\/\/www.productcaster.com\/wp-content\/uploads\/2024\/08\/productcaster-og.png","type":"image\/png"}],"twitter_card":"summary_large_image","schema":{"@context":"https:\/\/schema.org","@graph":[{"@type":"WebPage","@id":"https:\/\/www.productcaster.com\/no\/kontakt\/","url":"https:\/\/www.productcaster.com\/no\/kontakt\/","name":"Kontakt oss | F\u00e5 kontakt i dag | Productcaster","isPartOf":{"@id":"https:\/\/www.productcaster.com\/no\/#website"},"datePublished":"2024-01-22T21:23:13+00:00","dateModified":"2024-11-22T10:39:29+00:00","description":"Klar til \u00e5 bytte til Productcaster? F\u00e5 kontakt i dag.","breadcrumb":{"@id":"https:\/\/www.productcaster.com\/no\/kontakt\/#breadcrumb"},"inLanguage":"nb-NO","potentialAction":[{"@type":"ReadAction","target":["https:\/\/www.productcaster.com\/no\/kontakt\/"]}]},{"@type":"BreadcrumbList","@id":"https:\/\/www.productcaster.com\/no\/kontakt\/#breadcrumb","itemListElement":[{"@type":"ListItem","position":1,"name":"Home","item":"https:\/\/www.productcaster.com\/no\/"},{"@type":"ListItem","position":2,"name":"Kontakt"}]},{"@type":"WebSite","@id":"https:\/\/www.productcaster.com\/no\/#website","url":"https:\/\/www.productcaster.com\/no\/","name":"Productcaster","description":"Make every product perform.","publisher":{"@id":"https:\/\/www.productcaster.com\/no\/#organization"},"potentialAction":[{"@type":"SearchAction","target":{"@type":"EntryPoint","urlTemplate":"https:\/\/www.productcaster.com\/no\/?s={search_term_string}"},"query-input":"required name=search_term_string"}],"inLanguage":"nb-NO"},{"@type":"Organization","@id":"https:\/\/www.productcaster.com\/no\/#organization","name":"Productcaster","url":"https:\/\/www.productcaster.com\/no\/","logo":{"@type":"ImageObject","inLanguage":"nb-NO","@id":"https:\/\/www.productcaster.com\/no\/#\/schema\/logo\/image\/","url":"https:\/\/www.productcaster.com\/wp-content\/uploads\/2024\/07\/favicon.png","contentUrl":"https:\/\/www.productcaster.com\/wp-content\/uploads\/2024\/07\/favicon.png","width":1000,"height":1000,"caption":"Productcaster"},"image":{"@id":"https:\/\/www.productcaster.com\/no\/#\/schema\/logo\/image\/"},"sameAs":["https:\/\/www.linkedin.com\/company\/productcaster\/"]}]}},"_links":{"self":[{"href":"https:\/\/www.productcaster.com\/no\/wp-json\/wp\/v2\/pages\/31217","targetHints":{"allow":["GET"]}}],"collection":[{"href":"https:\/\/www.productcaster.com\/no\/wp-json\/wp\/v2\/pages"}],"about":[{"href":"https:\/\/www.productcaster.com\/no\/wp-json\/wp\/v2\/types\/page"}],"author":[{"embeddable":true,"href":"https:\/\/www.productcaster.com\/no\/wp-json\/wp\/v2\/users\/1"}],"replies":[{"embeddable":true,"href":"https:\/\/www.productcaster.com\/no\/wp-json\/wp\/v2\/comments?post=31217"}],"version-history":[{"count":1,"href":"https:\/\/www.productcaster.com\/no\/wp-json\/wp\/v2\/pages\/31217\/revisions"}],"predecessor-version":[{"id":31220,"href":"https:\/\/www.productcaster.com\/no\/wp-json\/wp\/v2\/pages\/31217\/revisions\/31220"}],"wp:attachment":[{"href":"https:\/\/www.productcaster.com\/no\/wp-json\/wp\/v2\/media?parent=31217"}],"curies":[{"name":"wp","href":"https:\/\/api.w.org\/{rel}","templated":true}]}}