{"id":31338,"date":"2024-07-29T13:42:58","date_gmt":"2024-07-29T12:42:58","guid":{"rendered":"https:\/\/www.productcaster.com\/feedmanager\/"},"modified":"2024-11-22T10:42:34","modified_gmt":"2024-11-22T10:42:34","slug":"feedmanager","status":"publish","type":"page","link":"https:\/\/www.productcaster.com\/it\/feedmanager\/","title":{"rendered":"FeedManager"},"content":{"rendered":"\n<section class=\"img-text-header bg-white-bottom bg-grey\">\n\t<div class=\"site-width\">\n\n\t\t<div class=\"columns\">\n\t\t\t<div class=\"col col-text\" data-aos=\"fade-right\">\n\t\t\t\t<h1 class=\"h4\">FeedManager<\/h1>\n\t\t\t\t<h2 class=\"h1\">Feed di qualit\u00e0 per grandi prestazioni.<\/h2>\n\n\t\t\t\t<p>Prendi il controllo dei feed dei tuoi prodotti e migliora le prestazioni dei tuoi annunci.<\/p>\n\n\t\t\t\t<a href=\"https:\/\/open.popup\/\" class=\"btn\">Prenota una dimostrazione<\/a>\t\t\t<\/div>\n\n\t\t\t<div class=\"col col-img\" data-aos=\"fade-left\">\n\t\t\t\t<img decoding=\"async\" src=\"https:\/\/www.productcaster.com\/wp-content\/uploads\/2024\/08\/feed-manager-badges2-1710x1155.png\" alt=\"\">\t\t\t<\/div>\n\t\t<\/div>\n\t\t\n\t<\/div>\n<\/section>\n\n<section class=\"logo-block bg-white\">\n\t<div class=\"site-width\" data-aos=\"fade-up\">\n\n\t\t<h3>Godiamo della fiducia di aziende leader nel mercato dell\u2019e-commerce<\/h3>\n\t\t<div class=\"columns\">\n\t\t\t\t\t\t\t\t<div class=\"col\"><img decoding=\"async\" src=\"https:\/\/www.productcaster.com\/wp-content\/uploads\/2024\/02\/music-magpie-300x49.png\" alt=\"\"><\/div>\n\t\t\t\t\t\t\t\t\t<div class=\"col\"><img decoding=\"async\" src=\"https:\/\/www.productcaster.com\/wp-content\/uploads\/2024\/08\/sigma-black-300x73.png\" alt=\"\"><\/div>\n\t\t\t\t\t\t\t\t\t<div class=\"col\"><img decoding=\"async\" src=\"https:\/\/www.productcaster.com\/wp-content\/uploads\/2024\/08\/three-black-300x185.png\" alt=\"\"><\/div>\n\t\t\t\t\t\t\t\t\t<div class=\"col\"><img decoding=\"async\" src=\"https:\/\/www.productcaster.com\/wp-content\/uploads\/2024\/02\/la-redoute-wide-300x167.png\" alt=\"\"><\/div>\n\t\t\t\t\t\t\t\t\t<div class=\"col\"><img decoding=\"async\" src=\"https:\/\/www.productcaster.com\/wp-content\/uploads\/2024\/08\/whittards-black-300x100.png\" alt=\"\"><\/div>\n\t\t\t\t\t\t<\/div>\n\t\t\n\t<\/div>\n<\/section>\n<section class=\"img-text-columns bg-white\">\n\t<div class=\"site-width\">\n\n\t\t<div class=\"columns standard\">\n\n\t\t\t<div class=\"col col-img\" data-aos=\"fade-right\">\n\t\t\t\t\t\t\t\t<img decoding=\"async\" src=\"https:\/\/www.productcaster.com\/wp-content\/uploads\/2024\/07\/Summit_xfeedmanager-900x696.webp\" alt=\"\">\n\t\t\t<\/div>\n\n\t\t\t<div class=\"col col-text\" data-aos=\"fade-left\">\n\t\t\t\t<h2>Prendi il controllo dei feed dei tuoi prodotti<\/h2>\n\t\t\t\t<p><span style=\"font-weight: 400;\">I feed dei tuoi prodotti influenzano direttamente i termini di ricerca con i quali compari e i prodotti, le immagini e i contenuti mostrati nelle tue campagne su Google, Meta, Amazon e altri siti. Investi sui tuoi feed e migliora i guadagni derivanti dalle prestazioni del marketing.<\/span><\/p>\n<ul>\n<li>Estendi il pubblico e aumenta il numero di clic delle tue campagne<\/li>\n<li>Aumenta il ritorno delle campagne Shopping Ads e Performance Max<\/li>\n<li>Sfrutta l\u2019automatizzazione per risparmiare tempo e rimuovere gli errori<\/li>\n<li>Migliora l\u2019efficienza con fino al 20% di aumento del ritorno delle campagne<\/li>\n<li>Riduci la disapprovazione degli annunci<\/li>\n<\/ul>\n\t\t\t<\/div>\n\t\t\t\n\t\t<\/div>\n\t\t\n\t<\/div>\n<\/section><section class=\"title-text-columns bg-white\">\n\t<div class=\"site-width\">\n\t\t\n\t\t<div class=\"columns\">\n\t\t\t\t\t\t\t<div class=\"row\">\n\t\t\t\t\t<div class=\"title\" data-aos=\"fade-up\">\n\t\t\t\t\t\t<h2>Gestione completa dei feed<\/h2>\n\t\t\t\t\t<\/div>\n\n\t\t\t\t\t<div class=\"text-content\" data-aos=\"fade-up\" data-aos-delay=\"100\">\n\t\t\t\t\t\t<h3><strong>Aggiornamento<\/strong><\/h3>\n<p>Assicurati che i tuoi messaggi di marketing corrispondano alle informazioni pi\u00f9 recenti sul prodotto (quantit\u00e0, prezzo, disponibilit\u00e0) per tutti i partner in tempo reale<\/p>\n<h3><strong>Potenziamento<\/strong><\/h3>\n<p>Migliora automaticamente e manualmente la rilevanza dei contenuti del tuo feed, aumentando la tua visibilit\u00e0 per i potenziali clienti<\/p>\n<h3><strong>Ottimizzazione<\/strong><\/h3>\n<p>Pubblica solo prodotti che offrono il ritorno e il margine migliore, in base agli indicatori chiave di prestazione<\/p>\n<h3><strong>Monitoraggio<\/strong><\/h3>\n<p>Valuta la qualit\u00e0 del tuo feed, consentendo ai commercianti di applicare i cambi necessari ed evitare che le prestazioni possano essere compromesse.<\/p>\n\t\t\t\t\t<\/div>\n\t\t\t\t<\/div>\n\t\t\t\t\n\t\t\t\t\t\t<\/div>\n\n\t<\/div>\n<\/section>\n\n<section class=\"logo-block bg-white\">\n\t<div class=\"site-width\" data-aos=\"fade-up\">\n\n\t\t<h3>Integrato perfettamente in oltre 50 piattaforme pubblicitarie<\/h3>\n\t\t<div class=\"columns\">\n\t\t\t\t\t\t\t\t<div class=\"col\"><img decoding=\"async\" src=\"https:\/\/www.productcaster.com\/wp-content\/uploads\/2024\/08\/google-ads-300x54.png\" alt=\"\"><\/div>\n\t\t\t\t\t\t\t\t\t<div class=\"col\"><img decoding=\"async\" src=\"https:\/\/www.productcaster.com\/wp-content\/uploads\/2024\/08\/Amazon-Logotype-300x104.png\" alt=\"\"><\/div>\n\t\t\t\t\t\t\t\t\t<div class=\"col\"><img decoding=\"async\" src=\"https:\/\/www.productcaster.com\/wp-content\/uploads\/2024\/08\/Meta-Logo-300x71.png\" alt=\"\"><\/div>\n\t\t\t\t\t\t\t\t\t<div class=\"col\"><img decoding=\"async\" src=\"https:\/\/www.productcaster.com\/wp-content\/uploads\/2024\/08\/TikTok_logo-300x87.png\" alt=\"\"><\/div>\n\t\t\t\t\t\t\t\t\t<div class=\"col\"><img decoding=\"async\" src=\"https:\/\/www.productcaster.com\/wp-content\/uploads\/2024\/08\/awin-300x136.png\" alt=\"\"><\/div>\n\t\t\t\t\t\t\t\t\t<div class=\"col\"><img decoding=\"async\" src=\"https:\/\/www.productcaster.com\/wp-content\/uploads\/2024\/08\/Pinterest_Logo-300x74.png\" alt=\"\"><\/div>\n\t\t\t\t\t\t\t\t\t<div class=\"col\"><img decoding=\"async\" src=\"https:\/\/www.productcaster.com\/wp-content\/uploads\/2024\/08\/eBay-Logotype-300x124.png\" alt=\"\"><\/div>\n\t\t\t\t\t\t\t\t\t<div class=\"col\"><img decoding=\"async\" src=\"https:\/\/www.productcaster.com\/wp-content\/uploads\/2024\/08\/pricerunner-300x42.png\" alt=\"\"><\/div>\n\t\t\t\t\t\t\t\t\t<div class=\"col\"><img decoding=\"async\" src=\"https:\/\/www.productcaster.com\/wp-content\/uploads\/2024\/08\/criteo-300x62.png\" alt=\"\"><\/div>\n\t\t\t\t\t\t\t\t\t<div class=\"col\"><img decoding=\"async\" src=\"https:\/\/www.productcaster.com\/wp-content\/uploads\/2024\/08\/Microsoft-Edge-Logotype-1-300x75.png\" alt=\"\"><\/div>\n\t\t\t\t\t\t\t\t\t<div class=\"col\"><img decoding=\"async\" src=\"https:\/\/www.productcaster.com\/wp-content\/uploads\/2024\/08\/YouTube_Logo_2017-300x67.png\" alt=\"\"><\/div>\n\t\t\t\t\t\t\t\t\t<div class=\"col\"><img decoding=\"async\" src=\"https:\/\/www.productcaster.com\/wp-content\/uploads\/2024\/08\/kelkoo-300x71.png\" alt=\"\"><\/div>\n\t\t\t\t\t\t\t\t\t<div class=\"col\"><img decoding=\"async\" src=\"https:\/\/www.productcaster.com\/wp-content\/uploads\/2024\/08\/yahoo-300x89.png\" alt=\"\"><\/div>\n\t\t\t\t\t\t\t\t\t<div class=\"col\"><img decoding=\"async\" src=\"https:\/\/www.productcaster.com\/wp-content\/uploads\/2024\/08\/snapchat2-300x120.png\" alt=\"\"><\/div>\n\t\t\t\t\t\t\t\t\t<div class=\"col\"><img decoding=\"async\" src=\"https:\/\/www.productcaster.com\/wp-content\/uploads\/2024\/08\/Yandex_logo-300x72.png\" alt=\"\"><\/div>\n\t\t\t\t\t\t\t\t\t<div class=\"col\"><img decoding=\"async\" src=\"https:\/\/www.productcaster.com\/wp-content\/uploads\/2024\/08\/xv3-300x130.png\" alt=\"\"><\/div>\n\t\t\t\t\t\t\t\t\t<div class=\"col\"><img decoding=\"async\" src=\"https:\/\/www.productcaster.com\/wp-content\/uploads\/2024\/08\/spotify-300x90.png\" alt=\"\"><\/div>\n\t\t\t\t\t\t\t\t\t<div class=\"col\"><img decoding=\"async\" src=\"https:\/\/www.productcaster.com\/wp-content\/uploads\/2024\/08\/webgains-2-300x150.png\" alt=\"\"><\/div>\n\t\t\t\t\t\t\t\t\t<div class=\"col\"><img decoding=\"async\" src=\"https:\/\/www.productcaster.com\/wp-content\/uploads\/2024\/08\/Rakuten_Global_Brand_Logo-300x89.png\" alt=\"\"><\/div>\n\t\t\t\t\t\t<\/div>\n\t\t\n\t<\/div>\n<\/section><section class=\"title-text-columns bg-white\">\n\t<div class=\"site-width\">\n\t\t\n\t\t<div class=\"columns\">\n\t\t\t\t\t\t\t<div class=\"row\">\n\t\t\t\t\t<div class=\"title\" data-aos=\"fade-up\">\n\t\t\t\t\t\t<h2>4 semplici passi per iniziare subito<\/h2>\n\t\t\t\t\t<\/div>\n\n\t\t\t\t\t<div class=\"text-content\" data-aos=\"fade-up\" data-aos-delay=\"100\">\n\t\t\t\t\t\t<h3><strong>01 &#8211; Analisi<\/strong><\/h3>\n<p>Effettuiamo una valutazione completa per comprendere le impostazioni attuali del tuo feed e suggerire dei miglioramenti.<\/p>\n<h3><strong>02 &#8211; Impostazione<\/strong><\/h3>\n<p>Ci assicuriamo che i feed in entrata e in uscita rispettino i requisiti richiesti.<\/p>\n<h3><strong>03 &#8211; Lancio<\/strong><\/h3>\n<p>Ti diamo l\u2019accesso completo alla piattaforma per potere gestire e ottimizzare liberamente i tuoi feed.<\/p>\n<h3><strong>04 &#8211; Formazione<\/strong><\/h3>\n<p>La nostra squadra ti offre la formazione sulla piattaforma e rimane a tua disposizione per assistenza tecnica e consigli.<\/p>\n\t\t\t\t\t<\/div>\n\t\t\t\t<\/div>\n\t\t\t\t\n\t\t\t\t\t\t<\/div>\n\n\t<\/div>\n<\/section><section class=\"v2-packages bg-white three-col\">\n\t<div class=\"site-width\">\n\t\t<div class=\"intro\">\n\t\t\t<h2>Scegli il tuo pacchetto<\/h2>\n\n\t\t\t<div>\n\t\t\t\t<p>Seleziona il pacchetto adatto alle tue esigenze e prenota una dimostrazione con il team per iniziare.<\/p>\n\t\t\t<\/div>\n\t\t<\/div>\n\n\t\t<div class=\"table-contain\">\n\t\t\t\n\t\t\t<div class=\"package-table\">\n\t\t\t\t<div class=\"package-row plans-row\">\n\t\t\t\t\t<div><\/div>\n\t\t\t\t\t<div class=\"plan-title\"><img decoding=\"async\" src=\"https:\/\/www.productcaster.com\/wp-content\/themes\/productcaster\/assets\/img\/package-basic.svg\" alt=\"\"> Saas<\/div>\n\t\t\t\t\t<div class=\"plan-title\"><img decoding=\"async\" src=\"https:\/\/www.productcaster.com\/wp-content\/themes\/productcaster\/assets\/img\/package-plus.svg\" alt=\"\"> Premium<\/div>\n\t\t\t\t\t<div class=\"plan-title\"><img decoding=\"async\" src=\"https:\/\/www.productcaster.com\/wp-content\/themes\/productcaster\/assets\/img\/package-premium.svg\" alt=\"\"> Gestito<\/div>\n\t\t\t\t\t\t\t\t\t<\/div>\n\n\t\t\t\t<div class=\"package-row title-row\">\n\t\t\t\t\t<div class=\"block-title\"><h3>Pacchetti di FeedManager<\/h3><\/div>\n\t\t\t\t\t<div><\/div>\n\t\t\t\t\t<div><\/div>\n\t\t\t\t\t<div><\/div>\n\t\t\t\t\t\t\t\t\t<\/div>\n\n\t\t\t\t\t\t\t\t\t<div class=\"package-row standard-row \">\n\t\t\t\t\t\t<div><span>Inizio e impostazione totalmente gestiti<\/span><\/div>\n\n\t\t\t\t\t\t<div>\n\t\t\t\t\t\t\t\t\t\t\t\t\t<\/div>\n\n\t\t\t\t\t\t<div>\n\t\t\t\t\t\t\t\t\t\t\t\t\t<\/div>\n\n\t\t\t\t\t\t<div>\n\t\t\t\t\t\t\t\t\t\t\t\t\t<\/div>\n\n\t\t\t\t\t\t\t\t\t\t\t<\/div>\n\t\t\t\t\t\t\t\t\t\t<div class=\"package-row standard-row \">\n\t\t\t\t\t\t<div><span>Valutazione e analisi del feed<\/span><\/div>\n\n\t\t\t\t\t\t<div>\n\t\t\t\t\t\t\t\t\t\t\t\t\t<\/div>\n\n\t\t\t\t\t\t<div>\n\t\t\t\t\t\t\t\t\t\t\t\t\t<\/div>\n\n\t\t\t\t\t\t<div>\n\t\t\t\t\t\t\t\t\t\t\t\t\t<\/div>\n\n\t\t\t\t\t\t\t\t\t\t\t<\/div>\n\t\t\t\t\t\t\t\t\t\t<div class=\"package-row standard-row \">\n\t\t\t\t\t\t<div><span>Consigli e miglioramenti per mantenere costanti le attivit\u00e0<\/span><\/div>\n\n\t\t\t\t\t\t<div>\n\t\t\t\t\t\t\t\t\t\t\t\t\t<\/div>\n\n\t\t\t\t\t\t<div>\n\t\t\t\t\t\t\t\t\t\t\t\t\t<\/div>\n\n\t\t\t\t\t\t<div>\n\t\t\t\t\t\t\t\t\t\t\t\t\t<\/div>\n\n\t\t\t\t\t\t\t\t\t\t\t<\/div>\n\t\t\t\t\t\t\t\t\t\t<div class=\"package-row standard-row \">\n\t\t\t\t\t\t<div><span>Valutazione di Merchant Centre<\/span><\/div>\n\n\t\t\t\t\t\t<div>\n\t\t\t\t\t\t\t\t\t\t\t\t\t<\/div>\n\n\t\t\t\t\t\t<div>\n\t\t\t\t\t\t\t\t\t\t\t\t\t<\/div>\n\n\t\t\t\t\t\t<div>\n\t\t\t\t\t\t\t\t\t\t\t\t\t<\/div>\n\n\t\t\t\t\t\t\t\t\t\t\t<\/div>\n\t\t\t\t\t\t\t\t\t\t<div class=\"package-row standard-row premium-line\">\n\t\t\t\t\t\t<div><span>Gestione di Merchant Centre<\/span><\/div>\n\n\t\t\t\t\t\t<div>\n\t\t\t\t\t\t\t\t\t\t\t\t\t<\/div>\n\n\t\t\t\t\t\t<div>\n\t\t\t\t\t\t\t\t\t\t\t\t\t<\/div>\n\n\t\t\t\t\t\t<div>\n\t\t\t\t\t\t\t<div class=\"img-contain\"><img decoding=\"async\" src=\"https:\/\/www.productcaster.com\/wp-content\/themes\/productcaster\/assets\/img\/package-tick.svg\" alt=\"\"><\/div>\t\t\t\t\t\t<\/div>\n\n\t\t\t\t\t\t\t\t\t\t\t<\/div>\n\t\t\t\t\t\t\t\t\t\t<div class=\"package-row standard-row premium-line\">\n\t\t\t\t\t\t<div><span>Pianificazione strategica e test<\/span><\/div>\n\n\t\t\t\t\t\t<div>\n\t\t\t\t\t\t\t\t\t\t\t\t\t<\/div>\n\n\t\t\t\t\t\t<div>\n\t\t\t\t\t\t\t\t\t\t\t\t\t<\/div>\n\n\t\t\t\t\t\t<div>\n\t\t\t\t\t\t\t<div class=\"img-contain\"><img decoding=\"async\" src=\"https:\/\/www.productcaster.com\/wp-content\/themes\/productcaster\/assets\/img\/package-tick.svg\" alt=\"\"><\/div>\t\t\t\t\t\t<\/div>\n\n\t\t\t\t\t\t\t\t\t\t\t<\/div>\n\t\t\t\t\t\t\t\t\t\t<div class=\"package-row standard-row premium-line\">\n\t\t\t\t\t\t<div><span>Pacchetti del CSS scontati<\/span><\/div>\n\n\t\t\t\t\t\t<div>\n\t\t\t\t\t\t\t\t\t\t\t\t\t<\/div>\n\n\t\t\t\t\t\t<div>\n\t\t\t\t\t\t\t\t\t\t\t\t\t<\/div>\n\n\t\t\t\t\t\t<div>\n\t\t\t\t\t\t\t\t\t\t\t\t\t<\/div>\n\n\t\t\t\t\t\t\t\t\t\t\t<\/div>\n\t\t\t\t\t\t\t\t<\/div>\n\n\t\t<\/div>\n\n\t\t<div class=\"outro\">\n\t\t\t\n\t\t\t\t\t<\/div>\n\t<\/div>\n<\/section><div class=\"testimonial bg-orange\">\n\t<div class=\"site-width\">\n\n\t\t<div class=\"inner-content\" data-aos=\"fade-up\">\n\t\t\t<p class=\"h3\">\n\t\t\t\t\u201cAbbiamo utilizzato FeedManager negli ultimi 6 anni. Ci ha consentito di maturare un vantaggio sulla concorrenza facendoci risparmiare migliaia di ore e migliorando in modo significativo le nostre prestazioni. Abbiamo ottenuto ottimi risultati online con tutto il gruppo globale nella stagione 2023-24 e FeedManager \u00e8 stato la chiave del nostro successo\u201d.\n\t\t\t<\/p>\n\n\t\t\t<p class=\"h4\">Matt Gratze \u2013 Responsabile del dipartimento digitale presso Ernest Jones &#038; H.Samuel<\/p>\n\t\t<\/div>\n\t\t\n\t<\/div>\n<\/div><section class=\"cta-block bg-white\">\n\t<div class=\"site-width\">\n\t\t<div class=\"inner-content\" data-aos=\"fade-up\">\n\t\t\t<p class=\"h2\">Vuoi unirti a noi?&nbsp;<span>Discutiamone insieme.<\/span><\/p>\n\t\t\t<a href=\"https:\/\/open.popup\/\" class=\"btn dark\">Prenota una dimostrazione<\/a>\n\t\t<\/div>\n\t<\/div>\n<\/section>","protected":false},"excerpt":{"rendered":"","protected":false},"author":2,"featured_media":0,"parent":0,"menu_order":0,"comment_status":"closed","ping_status":"closed","template":"","meta":{"_acf_changed":false,"content-type":"","footnotes":""},"class_list":["post-31338","page","type-page","status-publish","hentry"],"acf":[],"yoast_head":"<!-- This site is optimized with the Yoast SEO plugin v22.1 - https:\/\/yoast.com\/wordpress\/plugins\/seo\/ -->\n<title>FeedManager: la soluzione per la gestione dei feed | Productcaster<\/title>\n<meta name=\"description\" content=\"FeedManager \u00e8 la soluzione perfetta per la gestione dei feed dei prodotti, ideata per i leader dell\u2019e-commerce. Prendi il controllo dei tuoi feed per migliorare le prestazioni dei tuoi annunci.\" \/>\n<meta name=\"robots\" content=\"index, follow, max-snippet:-1, max-image-preview:large, max-video-preview:-1\" \/>\n<link rel=\"canonical\" href=\"https:\/\/www.productcaster.com\/it\/feedmanager\/\" \/>\n<meta property=\"og:locale\" content=\"it_IT\" \/>\n<meta property=\"og:type\" content=\"article\" \/>\n<meta property=\"og:title\" content=\"FeedManager: la soluzione per la gestione dei feed | Productcaster\" \/>\n<meta property=\"og:description\" content=\"FeedManager \u00e8 la soluzione perfetta per la gestione dei feed dei prodotti, ideata per i leader dell\u2019e-commerce. Prendi il controllo dei tuoi feed per migliorare le prestazioni dei tuoi annunci.\" \/>\n<meta property=\"og:url\" content=\"https:\/\/www.productcaster.com\/it\/feedmanager\/\" \/>\n<meta property=\"og:site_name\" content=\"Productcaster\" \/>\n<meta property=\"article:modified_time\" content=\"2024-11-22T10:42:34+00:00\" \/>\n<meta property=\"og:image\" content=\"https:\/\/www.productcaster.com\/wp-content\/uploads\/2024\/08\/productcaster-og.png\" \/>\n\t<meta property=\"og:image:width\" content=\"1200\" \/>\n\t<meta property=\"og:image:height\" content=\"630\" \/>\n\t<meta property=\"og:image:type\" content=\"image\/png\" \/>\n<meta name=\"twitter:card\" content=\"summary_large_image\" \/>\n<script type=\"application\/ld+json\" class=\"yoast-schema-graph\">{\"@context\":\"https:\/\/schema.org\",\"@graph\":[{\"@type\":\"WebPage\",\"@id\":\"https:\/\/www.productcaster.com\/it\/feedmanager\/\",\"url\":\"https:\/\/www.productcaster.com\/it\/feedmanager\/\",\"name\":\"FeedManager: la soluzione per la gestione dei feed | Productcaster\",\"isPartOf\":{\"@id\":\"https:\/\/www.productcaster.com\/it\/#website\"},\"datePublished\":\"2024-07-29T12:42:58+00:00\",\"dateModified\":\"2024-11-22T10:42:34+00:00\",\"description\":\"FeedManager \u00e8 la soluzione perfetta per la gestione dei feed dei prodotti, ideata per i leader dell\u2019e-commerce. Prendi il controllo dei tuoi feed per migliorare le prestazioni dei tuoi annunci.\",\"breadcrumb\":{\"@id\":\"https:\/\/www.productcaster.com\/it\/feedmanager\/#breadcrumb\"},\"inLanguage\":\"it-IT\",\"potentialAction\":[{\"@type\":\"ReadAction\",\"target\":[\"https:\/\/www.productcaster.com\/it\/feedmanager\/\"]}]},{\"@type\":\"BreadcrumbList\",\"@id\":\"https:\/\/www.productcaster.com\/it\/feedmanager\/#breadcrumb\",\"itemListElement\":[{\"@type\":\"ListItem\",\"position\":1,\"name\":\"Home\",\"item\":\"https:\/\/www.productcaster.com\/it\/\"},{\"@type\":\"ListItem\",\"position\":2,\"name\":\"FeedManager\"}]},{\"@type\":\"WebSite\",\"@id\":\"https:\/\/www.productcaster.com\/it\/#website\",\"url\":\"https:\/\/www.productcaster.com\/it\/\",\"name\":\"Productcaster\",\"description\":\"Make every product perform.\",\"publisher\":{\"@id\":\"https:\/\/www.productcaster.com\/it\/#organization\"},\"potentialAction\":[{\"@type\":\"SearchAction\",\"target\":{\"@type\":\"EntryPoint\",\"urlTemplate\":\"https:\/\/www.productcaster.com\/it\/?s={search_term_string}\"},\"query-input\":\"required name=search_term_string\"}],\"inLanguage\":\"it-IT\"},{\"@type\":\"Organization\",\"@id\":\"https:\/\/www.productcaster.com\/it\/#organization\",\"name\":\"Productcaster\",\"url\":\"https:\/\/www.productcaster.com\/it\/\",\"logo\":{\"@type\":\"ImageObject\",\"inLanguage\":\"it-IT\",\"@id\":\"https:\/\/www.productcaster.com\/it\/#\/schema\/logo\/image\/\",\"url\":\"https:\/\/www.productcaster.com\/wp-content\/uploads\/2024\/07\/favicon.png\",\"contentUrl\":\"https:\/\/www.productcaster.com\/wp-content\/uploads\/2024\/07\/favicon.png\",\"width\":1000,\"height\":1000,\"caption\":\"Productcaster\"},\"image\":{\"@id\":\"https:\/\/www.productcaster.com\/it\/#\/schema\/logo\/image\/\"},\"sameAs\":[\"https:\/\/www.linkedin.com\/company\/productcaster\/\"]}]}<\/script>\n<!-- \/ Yoast SEO plugin. -->","yoast_head_json":{"title":"FeedManager: la soluzione per la gestione dei feed | Productcaster","description":"FeedManager \u00e8 la soluzione perfetta per la gestione dei feed dei prodotti, ideata per i leader dell\u2019e-commerce. Prendi il controllo dei tuoi feed per migliorare le prestazioni dei tuoi annunci.","robots":{"index":"index","follow":"follow","max-snippet":"max-snippet:-1","max-image-preview":"max-image-preview:large","max-video-preview":"max-video-preview:-1"},"canonical":"https:\/\/www.productcaster.com\/it\/feedmanager\/","og_locale":"it_IT","og_type":"article","og_title":"FeedManager: la soluzione per la gestione dei feed | Productcaster","og_description":"FeedManager \u00e8 la soluzione perfetta per la gestione dei feed dei prodotti, ideata per i leader dell\u2019e-commerce. Prendi il controllo dei tuoi feed per migliorare le prestazioni dei tuoi annunci.","og_url":"https:\/\/www.productcaster.com\/it\/feedmanager\/","og_site_name":"Productcaster","article_modified_time":"2024-11-22T10:42:34+00:00","og_image":[{"width":1200,"height":630,"url":"https:\/\/www.productcaster.com\/wp-content\/uploads\/2024\/08\/productcaster-og.png","type":"image\/png"}],"twitter_card":"summary_large_image","schema":{"@context":"https:\/\/schema.org","@graph":[{"@type":"WebPage","@id":"https:\/\/www.productcaster.com\/it\/feedmanager\/","url":"https:\/\/www.productcaster.com\/it\/feedmanager\/","name":"FeedManager: la soluzione per la gestione dei feed | Productcaster","isPartOf":{"@id":"https:\/\/www.productcaster.com\/it\/#website"},"datePublished":"2024-07-29T12:42:58+00:00","dateModified":"2024-11-22T10:42:34+00:00","description":"FeedManager \u00e8 la soluzione perfetta per la gestione dei feed dei prodotti, ideata per i leader dell\u2019e-commerce. Prendi il controllo dei tuoi feed per migliorare le prestazioni dei tuoi annunci.","breadcrumb":{"@id":"https:\/\/www.productcaster.com\/it\/feedmanager\/#breadcrumb"},"inLanguage":"it-IT","potentialAction":[{"@type":"ReadAction","target":["https:\/\/www.productcaster.com\/it\/feedmanager\/"]}]},{"@type":"BreadcrumbList","@id":"https:\/\/www.productcaster.com\/it\/feedmanager\/#breadcrumb","itemListElement":[{"@type":"ListItem","position":1,"name":"Home","item":"https:\/\/www.productcaster.com\/it\/"},{"@type":"ListItem","position":2,"name":"FeedManager"}]},{"@type":"WebSite","@id":"https:\/\/www.productcaster.com\/it\/#website","url":"https:\/\/www.productcaster.com\/it\/","name":"Productcaster","description":"Make every product perform.","publisher":{"@id":"https:\/\/www.productcaster.com\/it\/#organization"},"potentialAction":[{"@type":"SearchAction","target":{"@type":"EntryPoint","urlTemplate":"https:\/\/www.productcaster.com\/it\/?s={search_term_string}"},"query-input":"required name=search_term_string"}],"inLanguage":"it-IT"},{"@type":"Organization","@id":"https:\/\/www.productcaster.com\/it\/#organization","name":"Productcaster","url":"https:\/\/www.productcaster.com\/it\/","logo":{"@type":"ImageObject","inLanguage":"it-IT","@id":"https:\/\/www.productcaster.com\/it\/#\/schema\/logo\/image\/","url":"https:\/\/www.productcaster.com\/wp-content\/uploads\/2024\/07\/favicon.png","contentUrl":"https:\/\/www.productcaster.com\/wp-content\/uploads\/2024\/07\/favicon.png","width":1000,"height":1000,"caption":"Productcaster"},"image":{"@id":"https:\/\/www.productcaster.com\/it\/#\/schema\/logo\/image\/"},"sameAs":["https:\/\/www.linkedin.com\/company\/productcaster\/"]}]}},"_links":{"self":[{"href":"https:\/\/www.productcaster.com\/it\/wp-json\/wp\/v2\/pages\/31338","targetHints":{"allow":["GET"]}}],"collection":[{"href":"https:\/\/www.productcaster.com\/it\/wp-json\/wp\/v2\/pages"}],"about":[{"href":"https:\/\/www.productcaster.com\/it\/wp-json\/wp\/v2\/types\/page"}],"author":[{"embeddable":true,"href":"https:\/\/www.productcaster.com\/it\/wp-json\/wp\/v2\/users\/2"}],"replies":[{"embeddable":true,"href":"https:\/\/www.productcaster.com\/it\/wp-json\/wp\/v2\/comments?post=31338"}],"version-history":[{"count":1,"href":"https:\/\/www.productcaster.com\/it\/wp-json\/wp\/v2\/pages\/31338\/revisions"}],"predecessor-version":[{"id":31339,"href":"https:\/\/www.productcaster.com\/it\/wp-json\/wp\/v2\/pages\/31338\/revisions\/31339"}],"wp:attachment":[{"href":"https:\/\/www.productcaster.com\/it\/wp-json\/wp\/v2\/media?parent=31338"}],"curies":[{"name":"wp","href":"https:\/\/api.w.org\/{rel}","templated":true}]}}