{"id":31304,"date":"2024-01-22T21:20:13","date_gmt":"2024-01-22T21:20:13","guid":{"rendered":"https:\/\/www.productcaster.com\/informazioni\/"},"modified":"2024-11-22T10:42:16","modified_gmt":"2024-11-22T10:42:16","slug":"informazioni","status":"publish","type":"page","link":"https:\/\/www.productcaster.com\/it\/informazioni\/","title":{"rendered":"Informazioni"},"content":{"rendered":"\n<section class=\"img-text-header bg-white-bottom bg-grey\">\n\t<div class=\"site-width\">\n\n\t\t<div class=\"columns\">\n\t\t\t<div class=\"col col-text\" data-aos=\"fade-right\">\n\t\t\t\t<h1 class=\"h4\">Chi siamo<\/h1>\n\t\t\t\t<h2 class=\"h1\">Strategie di marketing vincenti.<\/h2>\n\n\t\t\t\t\n\t\t\t\t\t\t\t<\/div>\n\n\t\t\t<div class=\"col col-img\" data-aos=\"fade-left\">\n\t\t\t\t\t\t\t<\/div>\n\t\t<\/div>\n\t\t\n\t<\/div>\n<\/section>\n<section class=\"img-text-columns bg-white\">\n\t<div class=\"site-width\">\n\n\t\t<div class=\"columns standard\">\n\n\t\t\t<div class=\"col col-img\" data-aos=\"fade-right\">\n\t\t\t\t\t\t\t\t<img decoding=\"async\" src=\"https:\/\/www.productcaster.com\/wp-content\/uploads\/2024\/02\/left-about-careers-900x826.jpg\" alt=\"\">\n\t\t\t<\/div>\n\n\t\t\t<div class=\"col col-text\" data-aos=\"fade-left\">\n\t\t\t\t<h2>Una potenza dell\u2019e-commerce<\/h2>\n\t\t\t\t<p>Productcaster \u00e8 nata da una delle agenzie di marketing indipendenti leader nel Regno Unito: <a href=\"https:\/\/www.summit.co.uk\/\" target=\"_blank\" rel=\"noopener\">Summit<\/a>. Le due aziende continuano a coesistere, condividendo professionalit\u00e0 e competenze per favorire la crescita di molti dei rivenditori pi\u00f9 famosi al mondo. La gamma di soluzioni di Productcaster \u00e8 stata ideata per superare le sfide pi\u00f9 complesse dell\u2019industria dell\u2019e-commerce, a vantaggio di aziende del calibro di Argos e Three. Siamo ora orgogliosi di potere condividere le nostre innovazioni tecnologiche con commercianti di ogni tipo e dimensione, in tutto il mondo.<\/p>\n\t\t\t<\/div>\n\t\t\t\n\t\t<\/div>\n\t\t\n\t<\/div>\n<\/section>\n<section class=\"img-text-columns bg-white\">\n\t<div class=\"site-width\">\n\n\t\t<div class=\"columns indietro\">\n\n\t\t\t<div class=\"col col-img\" data-aos=\"fade-right\">\n\t\t\t\t\t\t\t\t<img decoding=\"async\" src=\"https:\/\/www.productcaster.com\/wp-content\/uploads\/2024\/07\/Demand-Gen-e1722329841542-900x995.png\" alt=\"\">\n\t\t\t<\/div>\n\n\t\t\t<div class=\"col col-text\" data-aos=\"fade-left\">\n\t\t\t\t<h2>Innovazioni pluripremiate<\/h2>\n\t\t\t\t<p>I commercianti che collaborano con Productcaster registrano alcuni dei tassi di adozione pi\u00f9 alti degli ultimi prodotti di Google e Meta per la promozione digitale, tra i quali Performance Max and DemandGen. Siamo stati tra i primi a supportare i nostri clienti con l\u2019implementazione degli annunci di inventario locale e siamo orgogliosi di avere vinto il <strong>Google CSS Spotlight Award<\/strong> nel 2023.<\/p>\n\t\t\t<\/div>\n\t\t\t\n\t\t<\/div>\n\t\t\n\t<\/div>\n<\/section><section class=\"people-block bg-white\">\n\t<div class=\"site-width\" data-aos=\"fade-up\">\n\t\t<h2>Vieni a conoscere il nostro team<\/h2>\n\t\t<h3><\/h3>\n\t<\/div>\n\n\t<div class=\"site-width fluid\" data-aos=\"fade-up\" data-aos-delay=\"100\">\n\t\t<div class=\"columns\">\n\t\t\t\n\t\t\t\t\t<div class=\"col\">\n\t\t\t\t\t\t<img decoding=\"async\" src=\"https:\/\/www.productcaster.com\/wp-content\/uploads\/2024\/02\/Jill-Anderson-700x700.jpg\" alt=\"\">\n\t\t\t\t\t\t<h4 class=\"h3\">Jill Anderson<\/h4>\n\t\t\t\t\t\t<p class=\"job-title\">Director<\/p>\n\t\t\t\t\t\t\n\t\t\t\t\t\t<div class=\"btns-contain\">\n\t\t\t\t\t\t\t\n\t\t\t\t\t\t\t\t\t\t\t\t\t<\/div>\n\t\t\t\t\t<\/div>\n\n\t\t\t\t\n\t\t\t\t\t<div class=\"col\">\n\t\t\t\t\t\t<img decoding=\"async\" src=\"https:\/\/www.productcaster.com\/wp-content\/uploads\/2024\/02\/Carl-Hutchinson-Head-of-Paid-Media-700x700.png\" alt=\"\">\n\t\t\t\t\t\t<h4 class=\"h3\">Carl Hutchinson<\/h4>\n\t\t\t\t\t\t<p class=\"job-title\">Performance Director<\/p>\n\t\t\t\t\t\t\n\t\t\t\t\t\t<div class=\"btns-contain\">\n\t\t\t\t\t\t\t\n\t\t\t\t\t\t\t\t\t\t\t\t\t<\/div>\n\t\t\t\t\t<\/div>\n\n\t\t\t\t\n\t\t\t\t\t<div class=\"col\">\n\t\t\t\t\t\t<img decoding=\"async\" src=\"https:\/\/www.productcaster.com\/wp-content\/uploads\/2024\/07\/Gina-Farrow-Account-Director-700x700.jpg\" alt=\"\">\n\t\t\t\t\t\t<h4 class=\"h3\">Gina Farrow<\/h4>\n\t\t\t\t\t\t<p class=\"job-title\">Account Director<\/p>\n\t\t\t\t\t\t\n\t\t\t\t\t\t<div class=\"btns-contain\">\n\t\t\t\t\t\t\t\n\t\t\t\t\t\t\t\t\t\t\t\t\t<\/div>\n\t\t\t\t\t<\/div>\n\n\t\t\t\t\n\t\t\t\t\t<div class=\"col\">\n\t\t\t\t\t\t<img decoding=\"async\" src=\"https:\/\/www.productcaster.com\/wp-content\/uploads\/2024\/07\/1687337166115-700x700.jpg\" alt=\"\">\n\t\t\t\t\t\t<h4 class=\"h3\">Will Turner<\/h4>\n\t\t\t\t\t\t<p class=\"job-title\"> Senior Client Success Manager<\/p>\n\t\t\t\t\t\t\n\t\t\t\t\t\t<div class=\"btns-contain\">\n\t\t\t\t\t\t\t\n\t\t\t\t\t\t\t\t\t\t\t\t\t<\/div>\n\t\t\t\t\t<\/div>\n\n\t\t\t\t\n\t\t\t\t\t<div class=\"col\">\n\t\t\t\t\t\t<img decoding=\"async\" src=\"https:\/\/www.productcaster.com\/wp-content\/uploads\/2024\/07\/IMG_8138-scaled-e1722267127941-700x700.jpg\" alt=\"\">\n\t\t\t\t\t\t<h4 class=\"h3\">Ale Guerrero<\/h4>\n\t\t\t\t\t\t<p class=\"job-title\">Client Success Manager <\/p>\n\t\t\t\t\t\t\n\t\t\t\t\t\t<div class=\"btns-contain\">\n\t\t\t\t\t\t\t\n\t\t\t\t\t\t\t\t\t\t\t\t\t<\/div>\n\t\t\t\t\t<\/div>\n\n\t\t\t\t\n\t\t\t\t\t<div class=\"col\">\n\t\t\t\t\t\t<img decoding=\"async\" src=\"https:\/\/www.productcaster.com\/wp-content\/uploads\/2024\/07\/1658848932499.jpg\" alt=\"\">\n\t\t\t\t\t\t<h4 class=\"h3\">Jasmine Bradshaw<\/h4>\n\t\t\t\t\t\t<p class=\"job-title\">Client Success Manager<\/p>\n\t\t\t\t\t\t\n\t\t\t\t\t\t<div class=\"btns-contain\">\n\t\t\t\t\t\t\t\n\t\t\t\t\t\t\t\t\t\t\t\t\t<\/div>\n\t\t\t\t\t<\/div>\n\n\t\t\t\t\n\t\t\t\t\t<div class=\"col\">\n\t\t\t\t\t\t<img decoding=\"async\" src=\"https:\/\/www.productcaster.com\/wp-content\/uploads\/2024\/07\/2-700x700.jpg\" alt=\"\">\n\t\t\t\t\t\t<h4 class=\"h3\">Lucy Douglas<\/h4>\n\t\t\t\t\t\t<p class=\"job-title\">Agency and Partnership Manager<\/p>\n\t\t\t\t\t\t\n\t\t\t\t\t\t<div class=\"btns-contain\">\n\t\t\t\t\t\t\t\n\t\t\t\t\t\t\t\t\t\t\t\t\t<\/div>\n\t\t\t\t\t<\/div>\n\n\t\t\t\t\n\t\t\t\t\t<div class=\"col\">\n\t\t\t\t\t\t<img decoding=\"async\" src=\"https:\/\/www.productcaster.com\/wp-content\/uploads\/2024\/07\/IMG_8262-scaled-e1722267178738-700x700.jpg\" alt=\"\">\n\t\t\t\t\t\t<h4 class=\"h3\">James Crosby<\/h4>\n\t\t\t\t\t\t<p class=\"job-title\"> Head of Technology<\/p>\n\t\t\t\t\t\t\n\t\t\t\t\t\t<div class=\"btns-contain\">\n\t\t\t\t\t\t\t\n\t\t\t\t\t\t\t\t\t\t\t\t\t<\/div>\n\t\t\t\t\t<\/div>\n\n\t\t\t\t\n\t\t\t\t\t<div class=\"col\">\n\t\t\t\t\t\t<img decoding=\"async\" src=\"https:\/\/www.productcaster.com\/wp-content\/uploads\/2024\/07\/1-700x700.jpg\" alt=\"\">\n\t\t\t\t\t\t<h4 class=\"h3\">Matt Southern<\/h4>\n\t\t\t\t\t\t<p class=\"job-title\">Senior Developer<\/p>\n\t\t\t\t\t\t\n\t\t\t\t\t\t<div class=\"btns-contain\">\n\t\t\t\t\t\t\t\n\t\t\t\t\t\t\t\t\t\t\t\t\t<\/div>\n\t\t\t\t\t<\/div>\n\n\t\t\t\t\n\t\t\t\t\t<div class=\"col\">\n\t\t\t\t\t\t<img decoding=\"async\" src=\"https:\/\/www.productcaster.com\/wp-content\/uploads\/2024\/07\/1572625259364.jpg\" alt=\"\">\n\t\t\t\t\t\t<h4 class=\"h3\">James Shepherd<\/h4>\n\t\t\t\t\t\t<p class=\"job-title\">Back End Developer<\/p>\n\t\t\t\t\t\t\n\t\t\t\t\t\t<div class=\"btns-contain\">\n\t\t\t\t\t\t\t\n\t\t\t\t\t\t\t\t\t\t\t\t\t<\/div>\n\t\t\t\t\t<\/div>\n\n\t\t\t\t\n\t\t\t\t\t<div class=\"col\">\n\t\t\t\t\t\t<img decoding=\"async\" src=\"https:\/\/www.productcaster.com\/wp-content\/uploads\/2024\/09\/MicrosoftTeams-image-1.jpg\" alt=\"\">\n\t\t\t\t\t\t<h4 class=\"h3\">James Murgett<\/h4>\n\t\t\t\t\t\t<p class=\"job-title\">Junior Digital Marketing Executive<\/p>\n\t\t\t\t\t\t\n\t\t\t\t\t\t<div class=\"btns-contain\">\n\t\t\t\t\t\t\t\n\t\t\t\t\t\t\t\t\t\t\t\t\t<\/div>\n\t\t\t\t\t<\/div>\n\n\t\t\t\t\n\t\t\t\t\t<div class=\"col\">\n\t\t\t\t\t\t<img decoding=\"async\" src=\"https:\/\/www.productcaster.com\/wp-content\/uploads\/2024\/07\/IMG_8224-scaled-e1722267602326-700x700.jpg\" alt=\"\">\n\t\t\t\t\t\t<h4 class=\"h3\">Michael Maslona<\/h4>\n\t\t\t\t\t\t<p class=\"job-title\">Sales Director<\/p>\n\t\t\t\t\t\t\n\t\t\t\t\t\t<div class=\"btns-contain\">\n\t\t\t\t\t\t\t\n\t\t\t\t\t\t\t\t\t\t\t\t\t<\/div>\n\t\t\t\t\t<\/div>\n\n\t\t\t\t\n\t\t\t\t\t<div class=\"col\">\n\t\t\t\t\t\t<img decoding=\"async\" src=\"https:\/\/www.productcaster.com\/wp-content\/uploads\/2024\/07\/IMG_4810-2-scaled-e1722267641947-700x700.jpg\" alt=\"\">\n\t\t\t\t\t\t<h4 class=\"h3\">Martin Corcoran<\/h4>\n\t\t\t\t\t\t<p class=\"job-title\">CEO<\/p>\n\t\t\t\t\t\t\n\t\t\t\t\t\t<div class=\"btns-contain\">\n\t\t\t\t\t\t\t\n\t\t\t\t\t\t\t\t\t\t\t\t\t<\/div>\n\t\t\t\t\t<\/div>\n\n\t\t\t\t\n\t\t\t\t\t<div class=\"col\">\n\t\t\t\t\t\t<img decoding=\"async\" src=\"\" alt=\"\">\n\t\t\t\t\t\t<h4 class=\"h3\">Kevin Lord<\/h4>\n\t\t\t\t\t\t<p class=\"job-title\">Back End Developer<\/p>\n\t\t\t\t\t\t\n\t\t\t\t\t\t<div class=\"btns-contain\">\n\t\t\t\t\t\t\t\n\t\t\t\t\t\t\t\t\t\t\t\t\t<\/div>\n\t\t\t\t\t<\/div>\n\n\t\t\t\t\n\t\t\t\t\t<div class=\"col\">\n\t\t\t\t\t\t<img decoding=\"async\" src=\"\" alt=\"\">\n\t\t\t\t\t\t<h4 class=\"h3\">Maya Sunley<\/h4>\n\t\t\t\t\t\t<p class=\"job-title\">Junior Developer<\/p>\n\t\t\t\t\t\t\n\t\t\t\t\t\t<div class=\"btns-contain\">\n\t\t\t\t\t\t\t\n\t\t\t\t\t\t\t\t\t\t\t\t\t<\/div>\n\t\t\t\t\t<\/div>\n\n\t\t\t\t\n\t\t\t\t\t<div class=\"col\">\n\t\t\t\t\t\t<img decoding=\"async\" src=\"\" alt=\"\">\n\t\t\t\t\t\t<h4 class=\"h3\">Caroline Gateley<\/h4>\n\t\t\t\t\t\t<p class=\"job-title\">Finance Assistant <\/p>\n\t\t\t\t\t\t\n\t\t\t\t\t\t<div class=\"btns-contain\">\n\t\t\t\t\t\t\t\n\t\t\t\t\t\t\t\t\t\t\t\t\t<\/div>\n\t\t\t\t\t<\/div>\n\n\t\t\t\t\t\t<\/div>\n\t<\/div>\n<\/section><section class=\"cta-block bg-white\">\n\t<div class=\"site-width\">\n\t\t<div class=\"inner-content\" data-aos=\"fade-up\">\n\t\t\t<p class=\"h2\">Ti interessano i nostri prodotti?&nbsp;<span>Contattaci.<\/span><\/p>\n\t\t\t<a href=\"https:\/\/www.productcaster.com\/contact\/\" class=\"btn dark\">Parla con noi<\/a>\n\t\t<\/div>\n\t<\/div>\n<\/section>","protected":false},"excerpt":{"rendered":"","protected":false},"author":1,"featured_media":0,"parent":0,"menu_order":0,"comment_status":"closed","ping_status":"closed","template":"","meta":{"_acf_changed":false,"content-type":"","footnotes":""},"class_list":["post-31304","page","type-page","status-publish","hentry"],"acf":[],"yoast_head":"<!-- This site is optimized with the Yoast SEO plugin v22.1 - https:\/\/yoast.com\/wordpress\/plugins\/seo\/ -->\n<title>Chi siamo \u2013 Productcaster<\/title>\n<meta name=\"description\" content=\"Strumenti di e-commerce dalle alte prestazioni. Scopri di pi\u00f9 su CSS e FeedManager di Productcaster.\" \/>\n<meta name=\"robots\" content=\"index, follow, max-snippet:-1, max-image-preview:large, max-video-preview:-1\" \/>\n<link rel=\"canonical\" href=\"https:\/\/www.productcaster.com\/it\/informazioni\/\" \/>\n<meta property=\"og:locale\" content=\"it_IT\" \/>\n<meta property=\"og:type\" content=\"article\" \/>\n<meta property=\"og:title\" content=\"Chi siamo \u2013 Productcaster\" \/>\n<meta property=\"og:description\" content=\"Strumenti di e-commerce dalle alte prestazioni. Scopri di pi\u00f9 su CSS e FeedManager di Productcaster.\" \/>\n<meta property=\"og:url\" content=\"https:\/\/www.productcaster.com\/it\/informazioni\/\" \/>\n<meta property=\"og:site_name\" content=\"Productcaster\" \/>\n<meta property=\"article:modified_time\" content=\"2024-11-22T10:42:16+00:00\" \/>\n<meta property=\"og:image\" content=\"https:\/\/www.productcaster.com\/wp-content\/uploads\/2024\/08\/productcaster-og.png\" \/>\n\t<meta property=\"og:image:width\" content=\"1200\" \/>\n\t<meta property=\"og:image:height\" content=\"630\" \/>\n\t<meta property=\"og:image:type\" content=\"image\/png\" \/>\n<meta name=\"twitter:card\" content=\"summary_large_image\" \/>\n<script type=\"application\/ld+json\" class=\"yoast-schema-graph\">{\"@context\":\"https:\/\/schema.org\",\"@graph\":[{\"@type\":\"WebPage\",\"@id\":\"https:\/\/www.productcaster.com\/it\/informazioni\/\",\"url\":\"https:\/\/www.productcaster.com\/it\/informazioni\/\",\"name\":\"Chi siamo \u2013 Productcaster\",\"isPartOf\":{\"@id\":\"https:\/\/www.productcaster.com\/it\/#website\"},\"datePublished\":\"2024-01-22T21:20:13+00:00\",\"dateModified\":\"2024-11-22T10:42:16+00:00\",\"description\":\"Strumenti di e-commerce dalle alte prestazioni. Scopri di pi\u00f9 su CSS e FeedManager di Productcaster.\",\"breadcrumb\":{\"@id\":\"https:\/\/www.productcaster.com\/it\/informazioni\/#breadcrumb\"},\"inLanguage\":\"it-IT\",\"potentialAction\":[{\"@type\":\"ReadAction\",\"target\":[\"https:\/\/www.productcaster.com\/it\/informazioni\/\"]}]},{\"@type\":\"BreadcrumbList\",\"@id\":\"https:\/\/www.productcaster.com\/it\/informazioni\/#breadcrumb\",\"itemListElement\":[{\"@type\":\"ListItem\",\"position\":1,\"name\":\"Home\",\"item\":\"https:\/\/www.productcaster.com\/it\/\"},{\"@type\":\"ListItem\",\"position\":2,\"name\":\"Informazioni\"}]},{\"@type\":\"WebSite\",\"@id\":\"https:\/\/www.productcaster.com\/it\/#website\",\"url\":\"https:\/\/www.productcaster.com\/it\/\",\"name\":\"Productcaster\",\"description\":\"Make every product perform.\",\"publisher\":{\"@id\":\"https:\/\/www.productcaster.com\/it\/#organization\"},\"potentialAction\":[{\"@type\":\"SearchAction\",\"target\":{\"@type\":\"EntryPoint\",\"urlTemplate\":\"https:\/\/www.productcaster.com\/it\/?s={search_term_string}\"},\"query-input\":\"required name=search_term_string\"}],\"inLanguage\":\"it-IT\"},{\"@type\":\"Organization\",\"@id\":\"https:\/\/www.productcaster.com\/it\/#organization\",\"name\":\"Productcaster\",\"url\":\"https:\/\/www.productcaster.com\/it\/\",\"logo\":{\"@type\":\"ImageObject\",\"inLanguage\":\"it-IT\",\"@id\":\"https:\/\/www.productcaster.com\/it\/#\/schema\/logo\/image\/\",\"url\":\"https:\/\/www.productcaster.com\/wp-content\/uploads\/2024\/07\/favicon.png\",\"contentUrl\":\"https:\/\/www.productcaster.com\/wp-content\/uploads\/2024\/07\/favicon.png\",\"width\":1000,\"height\":1000,\"caption\":\"Productcaster\"},\"image\":{\"@id\":\"https:\/\/www.productcaster.com\/it\/#\/schema\/logo\/image\/\"},\"sameAs\":[\"https:\/\/www.linkedin.com\/company\/productcaster\/\"]}]}<\/script>\n<!-- \/ Yoast SEO plugin. -->","yoast_head_json":{"title":"Chi siamo \u2013 Productcaster","description":"Strumenti di e-commerce dalle alte prestazioni. Scopri di pi\u00f9 su CSS e FeedManager di Productcaster.","robots":{"index":"index","follow":"follow","max-snippet":"max-snippet:-1","max-image-preview":"max-image-preview:large","max-video-preview":"max-video-preview:-1"},"canonical":"https:\/\/www.productcaster.com\/it\/informazioni\/","og_locale":"it_IT","og_type":"article","og_title":"Chi siamo \u2013 Productcaster","og_description":"Strumenti di e-commerce dalle alte prestazioni. Scopri di pi\u00f9 su CSS e FeedManager di Productcaster.","og_url":"https:\/\/www.productcaster.com\/it\/informazioni\/","og_site_name":"Productcaster","article_modified_time":"2024-11-22T10:42:16+00:00","og_image":[{"width":1200,"height":630,"url":"https:\/\/www.productcaster.com\/wp-content\/uploads\/2024\/08\/productcaster-og.png","type":"image\/png"}],"twitter_card":"summary_large_image","schema":{"@context":"https:\/\/schema.org","@graph":[{"@type":"WebPage","@id":"https:\/\/www.productcaster.com\/it\/informazioni\/","url":"https:\/\/www.productcaster.com\/it\/informazioni\/","name":"Chi siamo \u2013 Productcaster","isPartOf":{"@id":"https:\/\/www.productcaster.com\/it\/#website"},"datePublished":"2024-01-22T21:20:13+00:00","dateModified":"2024-11-22T10:42:16+00:00","description":"Strumenti di e-commerce dalle alte prestazioni. Scopri di pi\u00f9 su CSS e FeedManager di Productcaster.","breadcrumb":{"@id":"https:\/\/www.productcaster.com\/it\/informazioni\/#breadcrumb"},"inLanguage":"it-IT","potentialAction":[{"@type":"ReadAction","target":["https:\/\/www.productcaster.com\/it\/informazioni\/"]}]},{"@type":"BreadcrumbList","@id":"https:\/\/www.productcaster.com\/it\/informazioni\/#breadcrumb","itemListElement":[{"@type":"ListItem","position":1,"name":"Home","item":"https:\/\/www.productcaster.com\/it\/"},{"@type":"ListItem","position":2,"name":"Informazioni"}]},{"@type":"WebSite","@id":"https:\/\/www.productcaster.com\/it\/#website","url":"https:\/\/www.productcaster.com\/it\/","name":"Productcaster","description":"Make every product perform.","publisher":{"@id":"https:\/\/www.productcaster.com\/it\/#organization"},"potentialAction":[{"@type":"SearchAction","target":{"@type":"EntryPoint","urlTemplate":"https:\/\/www.productcaster.com\/it\/?s={search_term_string}"},"query-input":"required name=search_term_string"}],"inLanguage":"it-IT"},{"@type":"Organization","@id":"https:\/\/www.productcaster.com\/it\/#organization","name":"Productcaster","url":"https:\/\/www.productcaster.com\/it\/","logo":{"@type":"ImageObject","inLanguage":"it-IT","@id":"https:\/\/www.productcaster.com\/it\/#\/schema\/logo\/image\/","url":"https:\/\/www.productcaster.com\/wp-content\/uploads\/2024\/07\/favicon.png","contentUrl":"https:\/\/www.productcaster.com\/wp-content\/uploads\/2024\/07\/favicon.png","width":1000,"height":1000,"caption":"Productcaster"},"image":{"@id":"https:\/\/www.productcaster.com\/it\/#\/schema\/logo\/image\/"},"sameAs":["https:\/\/www.linkedin.com\/company\/productcaster\/"]}]}},"_links":{"self":[{"href":"https:\/\/www.productcaster.com\/it\/wp-json\/wp\/v2\/pages\/31304","targetHints":{"allow":["GET"]}}],"collection":[{"href":"https:\/\/www.productcaster.com\/it\/wp-json\/wp\/v2\/pages"}],"about":[{"href":"https:\/\/www.productcaster.com\/it\/wp-json\/wp\/v2\/types\/page"}],"author":[{"embeddable":true,"href":"https:\/\/www.productcaster.com\/it\/wp-json\/wp\/v2\/users\/1"}],"replies":[{"embeddable":true,"href":"https:\/\/www.productcaster.com\/it\/wp-json\/wp\/v2\/comments?post=31304"}],"version-history":[{"count":1,"href":"https:\/\/www.productcaster.com\/it\/wp-json\/wp\/v2\/pages\/31304\/revisions"}],"predecessor-version":[{"id":31308,"href":"https:\/\/www.productcaster.com\/it\/wp-json\/wp\/v2\/pages\/31304\/revisions\/31308"}],"wp:attachment":[{"href":"https:\/\/www.productcaster.com\/it\/wp-json\/wp\/v2\/media?parent=31304"}],"curies":[{"name":"wp","href":"https:\/\/api.w.org\/{rel}","templated":true}]}}