{"id":31256,"date":"2024-07-29T13:45:22","date_gmt":"2024-07-29T12:45:22","guid":{"rendered":"https:\/\/www.productcaster.com\/collaborazioni\/"},"modified":"2025-01-29T14:21:11","modified_gmt":"2025-01-29T14:21:11","slug":"collaborazioni","status":"publish","type":"page","link":"https:\/\/www.productcaster.com\/it\/collaborazioni\/","title":{"rendered":"Collaborazioni"},"content":{"rendered":"\n<section class=\"img-text-header bg-white-bottom bg-grey\">\n\t<div class=\"site-width\">\n\n\t\t<div class=\"columns\">\n\t\t\t<div class=\"col col-text\" data-aos=\"fade-right\">\n\t\t\t\t<h1 class=\"h4\">Collaborazioni<\/h1>\n\t\t\t\t<h2 class=\"h1\">Diventa un rivenditore accreditato di Productcaster.<\/h2>\n\n\t\t\t\t<p><span style=\"font-weight: 400;\">Aiuta i tuoi clienti a far crescere la loro azienda di e-commerce.<\/span><\/p>\n\n\t\t\t\t\t\t\t<\/div>\n\n\t\t\t<div class=\"col col-img\" data-aos=\"fade-left\">\n\t\t\t\t<img decoding=\"async\" src=\"https:\/\/www.productcaster.com\/wp-content\/uploads\/2024\/07\/reseller.jpg\" alt=\"\">\t\t\t<\/div>\n\t\t<\/div>\n\t\t\n\t<\/div>\n<\/section>\n\n<section class=\"logo-block bg-white\">\n\t<div class=\"site-width\" data-aos=\"fade-up\">\n\n\t\t<h3>Collaboriamo con agenzie di primo livello<\/h3>\n\t\t<div class=\"columns\">\n\t\t\t\t\t\t\t\t<div class=\"col\"><img decoding=\"async\" src=\"https:\/\/www.productcaster.com\/wp-content\/uploads\/2024\/07\/adsup-logo-e1722413781532-300x64.png\" alt=\"\"><\/div>\n\t\t\t\t\t\t\t\t\t<div class=\"col\"><img decoding=\"async\" src=\"https:\/\/www.productcaster.com\/wp-content\/uploads\/2024\/07\/Modo25_lockup_black_RGB1-300x79.png\" alt=\"\"><\/div>\n\t\t\t\t\t\t\t\t\t<div class=\"col\"><img decoding=\"async\" src=\"https:\/\/www.productcaster.com\/wp-content\/uploads\/2024\/08\/brave-bison-300x40.png\" alt=\"\"><\/div>\n\t\t\t\t\t\t\t\t\t<div class=\"col\"><img decoding=\"async\" src=\"https:\/\/www.productcaster.com\/wp-content\/uploads\/2024\/08\/can-do2-300x110.png\" alt=\"\"><\/div>\n\t\t\t\t\t\t\t\t\t<div class=\"col\"><img decoding=\"async\" src=\"https:\/\/www.productcaster.com\/wp-content\/uploads\/2024\/08\/digimood-300x55.png\" alt=\"\"><\/div>\n\t\t\t\t\t\t\t\t\t<div class=\"col\"><img decoding=\"async\" src=\"https:\/\/www.productcaster.com\/wp-content\/uploads\/2024\/08\/jaywing2-300x42.png\" alt=\"\"><\/div>\n\t\t\t\t\t\t\t\t\t<div class=\"col\"><img decoding=\"async\" src=\"https:\/\/www.productcaster.com\/wp-content\/uploads\/2024\/08\/7stars-2-300x132.png\" alt=\"\"><\/div>\n\t\t\t\t\t\t\t\t\t<div class=\"col\"><img decoding=\"async\" src=\"https:\/\/www.productcaster.com\/wp-content\/uploads\/2024\/08\/thg-300x95.png\" alt=\"\"><\/div>\n\t\t\t\t\t\t<\/div>\n\t\t\n\t<\/div>\n<\/section>\n<section class=\"img-text-columns bg-white\">\n\t<div class=\"site-width\">\n\n\t\t<div class=\"columns indietro\">\n\n\t\t\t<div class=\"col col-img\" data-aos=\"fade-right\">\n\t\t\t\t\t\t\t\t<img decoding=\"async\" src=\"https:\/\/www.productcaster.com\/wp-content\/uploads\/2024\/07\/xSummit_how-it-works.png.pagespeed.ic_.yHeRHJi990.png\" alt=\"\">\n\t\t\t<\/div>\n\n\t\t\t<div class=\"col col-text\" data-aos=\"fade-left\">\n\t\t\t\t<h2>Programma di rivendita di Productcaster<\/h2>\n\t\t\t\t<p>Hai un\u2019agenzia o sei un freelancer in cerca di innovazioni tecnologiche di e-commerce che possano essere implementate rapidamente su larga scala?  Productcaster offre dei prezzi convenienti ai partner che desiderano utilizzare i nostri prodotti con il loro clienti; mettiamo a disposizione dei tuoi clienti tutti i vantaggi derivanti dalle nostre soluzioni e ti offriamo una fonte di guadagno aggiuntiva.<\/p>\n\t\t\t<\/div>\n\t\t\t\n\t\t<\/div>\n\t\t\n\t<\/div>\n<\/section><section class=\"title-text-columns bg-white\">\n\t<div class=\"site-width\">\n\t\t\n\t\t<div class=\"columns\">\n\t\t\t\t\t\t\t<div class=\"row\">\n\t\t\t\t\t<div class=\"title\" data-aos=\"fade-up\">\n\t\t\t\t\t\t<h2>I vantaggi per te<\/h2>\n\t\t\t\t\t<\/div>\n\n\t\t\t\t\t<div class=\"text-content\" data-aos=\"fade-up\" data-aos-delay=\"100\">\n\t\t\t\t\t\t<p><strong>Guadagni aggiuntivi<\/strong> In quanto rivenditore avrai accesso a sconti sui pacchetti di Productcaster, con la possibilit\u00e0 di aggiungere un margine per ottenere nuovi profitti per la tua azienda. <strong>Prestazioni migliori<\/strong> Productcaster far\u00e0 fruttare i budget per il marketing dei tuoi clienti, generando un maggiore ritorno sugli investimenti e con un valore di CPC fino al 20% inferiore grazie al nostro CSS <strong>Supporto professionale<\/strong> Productcaster pu\u00f2 aiutarti a massimizzare le prestazioni delle campagne dei tuoi clienti. Siamo esperti di vendite e possiamo assisterti nel creare la strategia adatta a soddisfare le esigenze dei tuoi utenti.<\/p>\n\t\t\t\t\t<\/div>\n\t\t\t\t<\/div>\n\t\t\t\t\n\t\t\t\t\t\t\t\t<div class=\"row\">\n\t\t\t\t\t<div class=\"title\" data-aos=\"fade-up\">\n\t\t\t\t\t\t<h2>I vantaggi per i tuoi clienti<\/h2>\n\t\t\t\t\t<\/div>\n\n\t\t\t\t\t<div class=\"text-content\" data-aos=\"fade-up\" data-aos-delay=\"100\">\n\t\t\t\t\t\t<ul>\n<li>Valore di CPC per le vendite fino al 20% inferiore con l\u2019uso del CSS<\/li>\n<li>Espansione del pubblico, aumento del traffico e potenziamento delle campagne<\/li>\n<li>Accesso a consulenze professionali sulle vendite e i feed<\/li>\n<li>Assistenza specializzata di Google<\/li>\n<li>Informazioni e consigli sul settore<\/li>\n<li>Accesso a webinar sulle nuove funzioni e sulle migliori strategie<\/li>\n<\/ul>\n\t\t\t\t\t<\/div>\n\t\t\t\t<\/div>\n\t\t\t\t\n\t\t\t\t\t\t<\/div>\n\n\t<\/div>\n<\/section><div class=\"testimonial bg-orange\">\n\t<div class=\"site-width\">\n\n\t\t<div class=\"inner-content\" data-aos=\"fade-up\">\n\t\t\t<p class=\"h3\">\n\t\t\t\t\u201cProductcaster \u00e8 stato il nostro partner CSS per oltre 4 anni. abbiamo ricevuto un supporto eccezionale, con una velocit\u00e0 impareggiabile. Abbiamo provato diversi fornitori di sistemi CSS ma Productcaster \u00e8 indubbiamente il pi\u00f9 affidabile\u201d.\t\t\t<\/p>\n\n\t\t\t<p class=\"h4\">Guillaume Neyret \u2013 Direttore associato presso Ad\u2019s up Consulting<\/p>\n\t\t<\/div>\n\t\t\n\t<\/div>\n<\/div><section class=\"cta-block bg-white\">\n\t<div class=\"site-width\">\n\t\t<div class=\"inner-content\" data-aos=\"fade-up\">\n\t\t\t<p class=\"h2\">Vuoi diventare un partner?&nbsp;<span>Discutiamone insieme.<\/span><\/p>\n\t\t\t<a href=\"https:\/\/www.productcaster.com\/contact\/\" class=\"btn dark\">Parla con noi<\/a>\n\t\t<\/div>\n\t<\/div>\n<\/section>","protected":false},"excerpt":{"rendered":"","protected":false},"author":2,"featured_media":0,"parent":0,"menu_order":0,"comment_status":"closed","ping_status":"closed","template":"","meta":{"_acf_changed":false,"content-type":"","footnotes":""},"class_list":["post-31256","page","type-page","status-publish","hentry"],"acf":[],"yoast_head":"<!-- This site is optimized with the Yoast SEO plugin v22.1 - https:\/\/yoast.com\/wordpress\/plugins\/seo\/ -->\n<title>Collabora con noi: diventa un rivenditore accreditato | Productcaster<\/title>\n<meta name=\"description\" content=\"Diventa un rivenditore accreditato di Productcaster. Aiuta i tuoi clienti a far crescere la loro azienda di e-commerce grazie a soluzioni CSS Premium.\" \/>\n<meta name=\"robots\" content=\"index, follow, max-snippet:-1, max-image-preview:large, max-video-preview:-1\" \/>\n<link rel=\"canonical\" href=\"https:\/\/www.productcaster.com\/it\/collaborazioni\/\" \/>\n<meta property=\"og:locale\" content=\"it_IT\" \/>\n<meta property=\"og:type\" content=\"article\" \/>\n<meta property=\"og:title\" content=\"Collabora con noi: diventa un rivenditore accreditato | Productcaster\" \/>\n<meta property=\"og:description\" content=\"Diventa un rivenditore accreditato di Productcaster. Aiuta i tuoi clienti a far crescere la loro azienda di e-commerce grazie a soluzioni CSS Premium.\" \/>\n<meta property=\"og:url\" content=\"https:\/\/www.productcaster.com\/it\/collaborazioni\/\" \/>\n<meta property=\"og:site_name\" content=\"Productcaster\" \/>\n<meta property=\"article:modified_time\" content=\"2025-01-29T14:21:11+00:00\" \/>\n<meta property=\"og:image\" content=\"https:\/\/www.productcaster.com\/wp-content\/uploads\/2024\/08\/productcaster-og.png\" \/>\n\t<meta property=\"og:image:width\" content=\"1200\" \/>\n\t<meta property=\"og:image:height\" content=\"630\" \/>\n\t<meta property=\"og:image:type\" content=\"image\/png\" \/>\n<meta name=\"twitter:card\" content=\"summary_large_image\" \/>\n<script type=\"application\/ld+json\" class=\"yoast-schema-graph\">{\"@context\":\"https:\/\/schema.org\",\"@graph\":[{\"@type\":\"WebPage\",\"@id\":\"https:\/\/www.productcaster.com\/it\/collaborazioni\/\",\"url\":\"https:\/\/www.productcaster.com\/it\/collaborazioni\/\",\"name\":\"Collabora con noi: diventa un rivenditore accreditato | Productcaster\",\"isPartOf\":{\"@id\":\"https:\/\/www.productcaster.com\/it\/#website\"},\"datePublished\":\"2024-07-29T12:45:22+00:00\",\"dateModified\":\"2025-01-29T14:21:11+00:00\",\"description\":\"Diventa un rivenditore accreditato di Productcaster. Aiuta i tuoi clienti a far crescere la loro azienda di e-commerce grazie a soluzioni CSS Premium.\",\"breadcrumb\":{\"@id\":\"https:\/\/www.productcaster.com\/it\/collaborazioni\/#breadcrumb\"},\"inLanguage\":\"it-IT\",\"potentialAction\":[{\"@type\":\"ReadAction\",\"target\":[\"https:\/\/www.productcaster.com\/it\/collaborazioni\/\"]}]},{\"@type\":\"BreadcrumbList\",\"@id\":\"https:\/\/www.productcaster.com\/it\/collaborazioni\/#breadcrumb\",\"itemListElement\":[{\"@type\":\"ListItem\",\"position\":1,\"name\":\"Home\",\"item\":\"https:\/\/www.productcaster.com\/it\/\"},{\"@type\":\"ListItem\",\"position\":2,\"name\":\"Collaborazioni\"}]},{\"@type\":\"WebSite\",\"@id\":\"https:\/\/www.productcaster.com\/it\/#website\",\"url\":\"https:\/\/www.productcaster.com\/it\/\",\"name\":\"Productcaster\",\"description\":\"Make every product perform.\",\"publisher\":{\"@id\":\"https:\/\/www.productcaster.com\/it\/#organization\"},\"potentialAction\":[{\"@type\":\"SearchAction\",\"target\":{\"@type\":\"EntryPoint\",\"urlTemplate\":\"https:\/\/www.productcaster.com\/it\/?s={search_term_string}\"},\"query-input\":\"required name=search_term_string\"}],\"inLanguage\":\"it-IT\"},{\"@type\":\"Organization\",\"@id\":\"https:\/\/www.productcaster.com\/it\/#organization\",\"name\":\"Productcaster\",\"url\":\"https:\/\/www.productcaster.com\/it\/\",\"logo\":{\"@type\":\"ImageObject\",\"inLanguage\":\"it-IT\",\"@id\":\"https:\/\/www.productcaster.com\/it\/#\/schema\/logo\/image\/\",\"url\":\"https:\/\/www.productcaster.com\/wp-content\/uploads\/2024\/07\/favicon.png\",\"contentUrl\":\"https:\/\/www.productcaster.com\/wp-content\/uploads\/2024\/07\/favicon.png\",\"width\":1000,\"height\":1000,\"caption\":\"Productcaster\"},\"image\":{\"@id\":\"https:\/\/www.productcaster.com\/it\/#\/schema\/logo\/image\/\"},\"sameAs\":[\"https:\/\/www.linkedin.com\/company\/productcaster\/\"]}]}<\/script>\n<!-- \/ Yoast SEO plugin. -->","yoast_head_json":{"title":"Collabora con noi: diventa un rivenditore accreditato | Productcaster","description":"Diventa un rivenditore accreditato di Productcaster. Aiuta i tuoi clienti a far crescere la loro azienda di e-commerce grazie a soluzioni CSS Premium.","robots":{"index":"index","follow":"follow","max-snippet":"max-snippet:-1","max-image-preview":"max-image-preview:large","max-video-preview":"max-video-preview:-1"},"canonical":"https:\/\/www.productcaster.com\/it\/collaborazioni\/","og_locale":"it_IT","og_type":"article","og_title":"Collabora con noi: diventa un rivenditore accreditato | Productcaster","og_description":"Diventa un rivenditore accreditato di Productcaster. Aiuta i tuoi clienti a far crescere la loro azienda di e-commerce grazie a soluzioni CSS Premium.","og_url":"https:\/\/www.productcaster.com\/it\/collaborazioni\/","og_site_name":"Productcaster","article_modified_time":"2025-01-29T14:21:11+00:00","og_image":[{"width":1200,"height":630,"url":"https:\/\/www.productcaster.com\/wp-content\/uploads\/2024\/08\/productcaster-og.png","type":"image\/png"}],"twitter_card":"summary_large_image","schema":{"@context":"https:\/\/schema.org","@graph":[{"@type":"WebPage","@id":"https:\/\/www.productcaster.com\/it\/collaborazioni\/","url":"https:\/\/www.productcaster.com\/it\/collaborazioni\/","name":"Collabora con noi: diventa un rivenditore accreditato | Productcaster","isPartOf":{"@id":"https:\/\/www.productcaster.com\/it\/#website"},"datePublished":"2024-07-29T12:45:22+00:00","dateModified":"2025-01-29T14:21:11+00:00","description":"Diventa un rivenditore accreditato di Productcaster. Aiuta i tuoi clienti a far crescere la loro azienda di e-commerce grazie a soluzioni CSS Premium.","breadcrumb":{"@id":"https:\/\/www.productcaster.com\/it\/collaborazioni\/#breadcrumb"},"inLanguage":"it-IT","potentialAction":[{"@type":"ReadAction","target":["https:\/\/www.productcaster.com\/it\/collaborazioni\/"]}]},{"@type":"BreadcrumbList","@id":"https:\/\/www.productcaster.com\/it\/collaborazioni\/#breadcrumb","itemListElement":[{"@type":"ListItem","position":1,"name":"Home","item":"https:\/\/www.productcaster.com\/it\/"},{"@type":"ListItem","position":2,"name":"Collaborazioni"}]},{"@type":"WebSite","@id":"https:\/\/www.productcaster.com\/it\/#website","url":"https:\/\/www.productcaster.com\/it\/","name":"Productcaster","description":"Make every product perform.","publisher":{"@id":"https:\/\/www.productcaster.com\/it\/#organization"},"potentialAction":[{"@type":"SearchAction","target":{"@type":"EntryPoint","urlTemplate":"https:\/\/www.productcaster.com\/it\/?s={search_term_string}"},"query-input":"required name=search_term_string"}],"inLanguage":"it-IT"},{"@type":"Organization","@id":"https:\/\/www.productcaster.com\/it\/#organization","name":"Productcaster","url":"https:\/\/www.productcaster.com\/it\/","logo":{"@type":"ImageObject","inLanguage":"it-IT","@id":"https:\/\/www.productcaster.com\/it\/#\/schema\/logo\/image\/","url":"https:\/\/www.productcaster.com\/wp-content\/uploads\/2024\/07\/favicon.png","contentUrl":"https:\/\/www.productcaster.com\/wp-content\/uploads\/2024\/07\/favicon.png","width":1000,"height":1000,"caption":"Productcaster"},"image":{"@id":"https:\/\/www.productcaster.com\/it\/#\/schema\/logo\/image\/"},"sameAs":["https:\/\/www.linkedin.com\/company\/productcaster\/"]}]}},"_links":{"self":[{"href":"https:\/\/www.productcaster.com\/it\/wp-json\/wp\/v2\/pages\/31256","targetHints":{"allow":["GET"]}}],"collection":[{"href":"https:\/\/www.productcaster.com\/it\/wp-json\/wp\/v2\/pages"}],"about":[{"href":"https:\/\/www.productcaster.com\/it\/wp-json\/wp\/v2\/types\/page"}],"author":[{"embeddable":true,"href":"https:\/\/www.productcaster.com\/it\/wp-json\/wp\/v2\/users\/2"}],"replies":[{"embeddable":true,"href":"https:\/\/www.productcaster.com\/it\/wp-json\/wp\/v2\/comments?post=31256"}],"version-history":[{"count":3,"href":"https:\/\/www.productcaster.com\/it\/wp-json\/wp\/v2\/pages\/31256\/revisions"}],"predecessor-version":[{"id":31352,"href":"https:\/\/www.productcaster.com\/it\/wp-json\/wp\/v2\/pages\/31256\/revisions\/31352"}],"wp:attachment":[{"href":"https:\/\/www.productcaster.com\/it\/wp-json\/wp\/v2\/media?parent=31256"}],"curies":[{"name":"wp","href":"https:\/\/api.w.org\/{rel}","templated":true}]}}