{"id":31315,"date":"2024-01-31T13:57:02","date_gmt":"2024-01-31T13:57:02","guid":{"rendered":"https:\/\/www.productcaster.com\/comparison-shopping-service-css\/"},"modified":"2024-11-22T10:42:22","modified_gmt":"2024-11-22T10:42:22","slug":"comparison-shopping-service-css","status":"publish","type":"page","link":"https:\/\/www.productcaster.com\/fr\/comparison-shopping-service-css\/","title":{"rendered":"Comparison Shopping Service (CSS)"},"content":{"rendered":"\n<section class=\"img-text-header bg-white-bottom bg-grey\">\n\t<div class=\"site-width\">\n\n\t\t<div class=\"columns\">\n\t\t\t<div class=\"col col-text\" data-aos=\"fade-right\">\n\t\t\t\t<h1 class=\"h4\">CSS Productcaster<\/h1>\n\t\t\t\t<h2 class=\"h1\">La solution CSS haut de gamme.<\/h2>\n\n\t\t\t\t<p>Optimisez les performances et les profits de vos campagnes Shopping.<\/p>\n\n\t\t\t\t\t\t\t<\/div>\n\n\t\t\t<div class=\"col col-img\" data-aos=\"fade-left\">\n\t\t\t\t<img decoding=\"async\" src=\"https:\/\/www.productcaster.com\/wp-content\/uploads\/2024\/08\/css-pagev2.png\" alt=\"\">\t\t\t<\/div>\n\t\t<\/div>\n\t\t\n\t<\/div>\n<\/section>\n<section class=\"generic-content bg-white\">\n\t<div class=\"site-width\" data-aos=\"fade-up\">\n\n\t\t\t\t\n\t<\/div>\n<\/section>\n\n<section class=\"logo-block bg-white\">\n\t<div class=\"site-width\" data-aos=\"fade-up\">\n\n\t\t<h3>Le meilleur Comparison Shopping Service d&#8217;Europe<\/h3>\n\t\t<div class=\"columns\">\n\t\t\t\t\t\t\t\t<div class=\"col\"><img decoding=\"async\" src=\"https:\/\/www.productcaster.com\/wp-content\/uploads\/2024\/02\/Silentnight-Logo-1-300x164.png\" alt=\"\"><\/div>\n\t\t\t\t\t\t\t\t\t<div class=\"col\"><img decoding=\"async\" src=\"https:\/\/www.productcaster.com\/wp-content\/uploads\/2024\/02\/Wickes_logo-1-1.svg\" alt=\"\"><\/div>\n\t\t\t\t\t\t\t\t\t<div class=\"col\"><img decoding=\"async\" src=\"https:\/\/www.productcaster.com\/wp-content\/uploads\/2024\/02\/la-redoute-wide-300x167.png\" alt=\"\"><\/div>\n\t\t\t\t\t\t\t\t\t<div class=\"col\"><img decoding=\"async\" src=\"https:\/\/www.productcaster.com\/wp-content\/uploads\/2024\/02\/Black_Ann_Summers_Logo-300x42.png\" alt=\"\"><\/div>\n\t\t\t\t\t\t\t\t\t<div class=\"col\"><img decoding=\"async\" src=\"https:\/\/www.productcaster.com\/wp-content\/uploads\/2024\/02\/THG-300x109.png\" alt=\"\"><\/div>\n\t\t\t\t\t\t\t\t\t<div class=\"col\"><img decoding=\"async\" src=\"https:\/\/www.productcaster.com\/wp-content\/uploads\/2024\/08\/new-balance-300x105.png\" alt=\"\"><\/div>\n\t\t\t\t\t\t\t\t\t<div class=\"col\"><img decoding=\"async\" src=\"https:\/\/www.productcaster.com\/wp-content\/uploads\/2024\/02\/look-fantastic-300x38.png\" alt=\"\"><\/div>\n\t\t\t\t\t\t\t\t\t<div class=\"col\"><img decoding=\"async\" src=\"https:\/\/www.productcaster.com\/wp-content\/uploads\/2024\/08\/naked-wines-300x78.png\" alt=\"\"><\/div>\n\t\t\t\t\t\t\t\t\t<div class=\"col\"><img decoding=\"async\" src=\"https:\/\/www.productcaster.com\/wp-content\/uploads\/2024\/08\/sigma-black-300x73.png\" alt=\"\"><\/div>\n\t\t\t\t\t\t<\/div>\n\t\t\n\t<\/div>\n<\/section>\n<section class=\"img-text-columns bg-white\">\n\t<div class=\"site-width\">\n\n\t\t<div class=\"columns reverse\">\n\n\t\t\t<div class=\"col col-img\" data-aos=\"fade-left\">\n\t\t\t\t\t\t\t\t<img decoding=\"async\" src=\"https:\/\/www.productcaster.com\/wp-content\/uploads\/2024\/07\/Posts-6-900x900.png\" alt=\"\">\n\t\t\t<\/div>\n\n\t\t\t<div class=\"col col-text\" data-aos=\"fade-right\">\n\t\t\t\t<h2>Qu&#8217;est-ce qu&#8217;un Comparison Shopping Service et pourquoi en avez-vous besoin\u00a0?<\/h2>\n\t\t\t\t<p>Toutes les annonces Shopping sont affich\u00e9es via un CSS\u00a0; il peut s&#8217;agir de celui de Google (Google Shopping) ou d&#8217;une solution tierce telle que Productcaster. Utiliser un CSS tiers peut vous permettre d&#8217;<strong>\u00e9conomiser jusqu&#8217;\u00e0 20\u00a0% en CPC<\/strong>, garantissant la rentabilit\u00e9 de vos d\u00e9penses en publicit\u00e9 Shopping. Google a introduit les Comparison Shopping Services (CSS) tiers en septembre\u00a02017 en r\u00e9ponse \u00e0 un jugement antitrust de la Commission europ\u00e9enne lui ordonnant de cr\u00e9er un march\u00e9 plus concurrentiel.<\/p>\n\t\t\t<\/div>\n\t\t\t\n\t\t<\/div>\n\t\t\n\t<\/div>\n<\/section>\n<section class=\"img-text-columns bg-white\">\n\t<div class=\"site-width\">\n\n\t\t<div class=\"columns standard\">\n\n\t\t\t<div class=\"col col-img\" data-aos=\"fade-right\">\n\t\t\t\t\t\t\t\t<img decoding=\"async\" src=\"https:\/\/www.productcaster.com\/wp-content\/uploads\/2024\/02\/services-hero-4-1.jpg\" alt=\"\">\n\t\t\t<\/div>\n\n\t\t\t<div class=\"col col-text\" data-aos=\"fade-left\">\n\t\t\t\t<h2>Investis dans vos performances<\/h2>\n\t\t\t\t<p>Nos responsables customer success travaillent directement avec votre \u00e9quipe, en identifiant les strat\u00e9gies qui r\u00e9pondent \u00e0 vos objectifs commerciaux. Nos experts et expertes en performance marketing s&#8217;assurent que vous b\u00e9n\u00e9ficiez d&#8217;une configuration optimale de votre flux pour des campagnes Shopping fluides au meilleur ROAS (retour sur investissement publicitaire) possible. Des formations en ligne comme en pr\u00e9sentiel sont \u00e9galement disponibles. Et pour les probl\u00e8mes les plus complexes, nos \u00e9quipes peuvent vous mettre en contact avec des experts en commerce \u00e9lectronique et en performance marketing de Google ou de notre agence s\u0153ur <a href=\"https:\/\/www.summit.co.uk\/\" target=\"_blank\" rel=\"noopener\">Summit<\/a> pour une r\u00e9solution rapide de votre probl\u00e8me.<\/p>\n\t\t\t<\/div>\n\t\t\t\n\t\t<\/div>\n\t\t\n\t<\/div>\n<\/section><section class=\"v2-packages bg-white four-col\">\n\t<div class=\"site-width\">\n\t\t<div class=\"intro\">\n\t\t\t<h2>Choisissez votre niveau d&#8217;assistance<\/h2>\n\n\t\t\t<div>\n\t\t\t\t<p>Nous avons mis en place toute une gamme de niveaux d&#8217;assistance, \u00e0 partir de seulement 75\u00a0\u00a3 par mois. R\u00e9servez une d\u00e9mo pour discuter du niveau d&#8217;assistance qui vous convient.<\/p>\n\t\t\t<\/div>\n\t\t<\/div>\n\n\t\t<div class=\"table-contain\">\n\t\t\t\n\t\t\t<div class=\"package-table\">\n\t\t\t\t<div class=\"package-row plans-row\">\n\t\t\t\t\t<div><\/div>\n\t\t\t\t\t<div class=\"plan-title\"><img decoding=\"async\" src=\"https:\/\/www.productcaster.com\/wp-content\/themes\/productcaster\/assets\/img\/package-basic.svg\" alt=\"\"> SaaS<\/div>\n\t\t\t\t\t<div class=\"plan-title\"><img decoding=\"async\" src=\"https:\/\/www.productcaster.com\/wp-content\/themes\/productcaster\/assets\/img\/package-plus.svg\" alt=\"\"> SaaS+<\/div>\n\t\t\t\t\t<div class=\"plan-title\"><img decoding=\"async\" src=\"https:\/\/www.productcaster.com\/wp-content\/themes\/productcaster\/assets\/img\/package-premium.svg\" alt=\"\"> Premium<\/div>\n\t\t\t\t\t<div class=\"plan-title\"><img decoding=\"async\" src=\"https:\/\/www.productcaster.com\/wp-content\/themes\/productcaster\/assets\/img\/package-premium.svg\" alt=\"\"> Entreprise<\/div>\t\t\t\t<\/div>\n\n\t\t\t\t<div class=\"package-row title-row\">\n\t\t\t\t\t<div class=\"block-title\"><h3>Packs CSS<\/h3><\/div>\n\t\t\t\t\t<div><\/div>\n\t\t\t\t\t<div><\/div>\n\t\t\t\t\t<div><\/div>\n\t\t\t\t\t<div><\/div>\t\t\t\t<\/div>\n\n\t\t\t\t\t\t\t\t\t<div class=\"package-row standard-row \">\n\t\t\t\t\t\t<div><span>Essai gratuit<\/span><\/div>\n\n\t\t\t\t\t\t<div>\n\t\t\t\t\t\t\t\t\t\t\t\t\t<\/div>\n\n\t\t\t\t\t\t<div>\n\t\t\t\t\t\t\t\t\t\t\t\t\t<\/div>\n\n\t\t\t\t\t\t<div>\n\t\t\t\t\t\t\t\t\t\t\t\t\t<\/div>\n\n\t\t\t\t\t\t\t\t\t\t\t\t<div>\n\t\t\t\t\t\t\t\t\t\t\t\t\t<\/div>\n\t\t\t\t\t\t\t\t\t\t\t<\/div>\n\t\t\t\t\t\t\t\t\t\t<div class=\"package-row standard-row \">\n\t\t\t\t\t\t<div><span>Soutien \u00e0 l&#8217;int\u00e9gration et \u00e0 la configuration<\/span><\/div>\n\n\t\t\t\t\t\t<div>\n\t\t\t\t\t\t\t\t\t\t\t\t\t<\/div>\n\n\t\t\t\t\t\t<div>\n\t\t\t\t\t\t\t\t\t\t\t\t\t<\/div>\n\n\t\t\t\t\t\t<div>\n\t\t\t\t\t\t\t\t\t\t\t\t\t<\/div>\n\n\t\t\t\t\t\t\t\t\t\t\t\t<div>\n\t\t\t\t\t\t\t\t\t\t\t\t\t<\/div>\n\t\t\t\t\t\t\t\t\t\t\t<\/div>\n\t\t\t\t\t\t\t\t\t\t<div class=\"package-row standard-row \">\n\t\t\t\t\t\t<div><span>Cadre de mesure<\/span><\/div>\n\n\t\t\t\t\t\t<div>\n\t\t\t\t\t\t\t\t\t\t\t\t\t<\/div>\n\n\t\t\t\t\t\t<div>\n\t\t\t\t\t\t\t\t\t\t\t\t\t<\/div>\n\n\t\t\t\t\t\t<div>\n\t\t\t\t\t\t\t\t\t\t\t\t\t<\/div>\n\n\t\t\t\t\t\t\t\t\t\t\t\t<div>\n\t\t\t\t\t\t\t\t\t\t\t\t\t<\/div>\n\t\t\t\t\t\t\t\t\t\t\t<\/div>\n\t\t\t\t\t\t\t\t\t\t<div class=\"package-row standard-row \">\n\t\t\t\t\t\t<div><span>R\u00e9solution des demandes concernant Shopping<\/span><\/div>\n\n\t\t\t\t\t\t<div>\n\t\t\t\t\t\t\t\t\t\t\t\t\t<\/div>\n\n\t\t\t\t\t\t<div>\n\t\t\t\t\t\t\t\t\t\t\t\t\t<\/div>\n\n\t\t\t\t\t\t<div>\n\t\t\t\t\t\t\t\t\t\t\t\t\t<\/div>\n\n\t\t\t\t\t\t\t\t\t\t\t\t<div>\n\t\t\t\t\t\t\t\t\t\t\t\t\t<\/div>\n\t\t\t\t\t\t\t\t\t\t\t<\/div>\n\t\t\t\t\t\t\t\t\t\t<div class=\"package-row standard-row \">\n\t\t\t\t\t\t<div><span>Assistance Google prioritaire<\/span><\/div>\n\n\t\t\t\t\t\t<div>\n\t\t\t\t\t\t\t\t\t\t\t\t\t<\/div>\n\n\t\t\t\t\t\t<div>\n\t\t\t\t\t\t\t\t\t\t\t\t\t<\/div>\n\n\t\t\t\t\t\t<div>\n\t\t\t\t\t\t\t\t\t\t\t\t\t<\/div>\n\n\t\t\t\t\t\t\t\t\t\t\t\t<div>\n\t\t\t\t\t\t\t\t\t\t\t\t\t<\/div>\n\t\t\t\t\t\t\t\t\t\t\t<\/div>\n\t\t\t\t\t\t\t\t\t\t<div class=\"package-row standard-row \">\n\t\t\t\t\t\t<div><span>Analyses du secteur<\/span><\/div>\n\n\t\t\t\t\t\t<div>\n\t\t\t\t\t\t\t\t\t\t\t\t\t<\/div>\n\n\t\t\t\t\t\t<div>\n\t\t\t\t\t\t\t\t\t\t\t\t\t<\/div>\n\n\t\t\t\t\t\t<div>\n\t\t\t\t\t\t\t\t\t\t\t\t\t<\/div>\n\n\t\t\t\t\t\t\t\t\t\t\t\t<div>\n\t\t\t\t\t\t\t\t\t\t\t\t\t<\/div>\n\t\t\t\t\t\t\t\t\t\t\t<\/div>\n\t\t\t\t\t\t\t\t\t\t<div class=\"package-row standard-row \">\n\t\t\t\t\t\t<div><span>Audits des flux<\/span><\/div>\n\n\t\t\t\t\t\t<div>\n\t\t\t\t\t\t\t\t\t\t\t\t\t<\/div>\n\n\t\t\t\t\t\t<div>\n\t\t\t\t\t\t\t\t\t\t\t\t\t<\/div>\n\n\t\t\t\t\t\t<div>\n\t\t\t\t\t\t\t\t\t\t\t\t\t<\/div>\n\n\t\t\t\t\t\t\t\t\t\t\t\t<div>\n\t\t\t\t\t\t\t\t\t\t\t\t\t<\/div>\n\t\t\t\t\t\t\t\t\t\t\t<\/div>\n\t\t\t\t\t\t\t\t\t\t<div class=\"package-row standard-row \">\n\t\t\t\t\t\t<div><span>Test b\u00eata, activation et assistance<\/span><\/div>\n\n\t\t\t\t\t\t<div>\n\t\t\t\t\t\t\t\t\t\t\t\t\t<\/div>\n\n\t\t\t\t\t\t<div>\n\t\t\t\t\t\t\t\t\t\t\t\t\t<\/div>\n\n\t\t\t\t\t\t<div>\n\t\t\t\t\t\t\t\t\t\t\t\t\t<\/div>\n\n\t\t\t\t\t\t\t\t\t\t\t\t<div>\n\t\t\t\t\t\t\t\t\t\t\t\t\t<\/div>\n\t\t\t\t\t\t\t\t\t\t\t<\/div>\n\t\t\t\t\t\t\t\t\t\t<div class=\"package-row standard-row \">\n\t\t\t\t\t\t<div><span>Analyse trimestrielle des opportunit\u00e9s<\/span><\/div>\n\n\t\t\t\t\t\t<div>\n\t\t\t\t\t\t\t\t\t\t\t\t\t<\/div>\n\n\t\t\t\t\t\t<div>\n\t\t\t\t\t\t\t\t\t\t\t\t\t<\/div>\n\n\t\t\t\t\t\t<div>\n\t\t\t\t\t\t\t\t\t\t\t\t\t<\/div>\n\n\t\t\t\t\t\t\t\t\t\t\t\t<div>\n\t\t\t\t\t\t\t\t\t\t\t\t\t<\/div>\n\t\t\t\t\t\t\t\t\t\t\t<\/div>\n\t\t\t\t\t\t\t\t\t\t<div class=\"package-row standard-row \">\n\t\t\t\t\t\t<div><span>Analyse et planification trimestrielles<\/span><\/div>\n\n\t\t\t\t\t\t<div>\n\t\t\t\t\t\t\t\t\t\t\t\t\t<\/div>\n\n\t\t\t\t\t\t<div>\n\t\t\t\t\t\t\t\t\t\t\t\t\t<\/div>\n\n\t\t\t\t\t\t<div>\n\t\t\t\t\t\t\t\t\t\t\t\t\t<\/div>\n\n\t\t\t\t\t\t\t\t\t\t\t\t<div>\n\t\t\t\t\t\t\t\t\t\t\t\t\t<\/div>\n\t\t\t\t\t\t\t\t\t\t\t<\/div>\n\t\t\t\t\t\t\t\t\t\t<div class=\"package-row standard-row \">\n\t\t\t\t\t\t<div><span>Formation <\/span><\/div>\n\n\t\t\t\t\t\t<div>\n\t\t\t\t\t\t\t\t\t\t\t\t\t<\/div>\n\n\t\t\t\t\t\t<div>\n\t\t\t\t\t\t\t\t\t\t\t\t\t<\/div>\n\n\t\t\t\t\t\t<div>\n\t\t\t\t\t\t\t\t\t\t\t\t\t<\/div>\n\n\t\t\t\t\t\t\t\t\t\t\t\t<div>\n\t\t\t\t\t\t\t\t\t\t\t\t\t<\/div>\n\t\t\t\t\t\t\t\t\t\t\t<\/div>\n\t\t\t\t\t\t\t\t\t\t<div class=\"package-row standard-row super-line\">\n\t\t\t\t\t\t<div><span>Temps d\u00e9di\u00e9 au soutien strat\u00e9gique chaque trimestre<\/span><\/div>\n\n\t\t\t\t\t\t<div>\n\t\t\t\t\t\t\t\t\t\t\t\t\t<\/div>\n\n\t\t\t\t\t\t<div>\n\t\t\t\t\t\t\t\t\t\t\t\t\t<\/div>\n\n\t\t\t\t\t\t<div>\n\t\t\t\t\t\t\t\t\t\t\t\t\t<\/div>\n\n\t\t\t\t\t\t\t\t\t\t\t\t<div>\n\t\t\t\t\t\t\t<div class=\"img-contain\"><img decoding=\"async\" src=\"https:\/\/www.productcaster.com\/wp-content\/themes\/productcaster\/assets\/img\/package-tick.svg\" alt=\"\"><\/div>\t\t\t\t\t\t<\/div>\n\t\t\t\t\t\t\t\t\t\t\t<\/div>\n\t\t\t\t\t\t\t\t\t\t<div class=\"package-row standard-row super-line\">\n\t\t\t\t\t\t<div><span>Assistance pour les \u00e9quipes internes<\/span><\/div>\n\n\t\t\t\t\t\t<div>\n\t\t\t\t\t\t\t\t\t\t\t\t\t<\/div>\n\n\t\t\t\t\t\t<div>\n\t\t\t\t\t\t\t\t\t\t\t\t\t<\/div>\n\n\t\t\t\t\t\t<div>\n\t\t\t\t\t\t\t\t\t\t\t\t\t<\/div>\n\n\t\t\t\t\t\t\t\t\t\t\t\t<div>\n\t\t\t\t\t\t\t<div class=\"img-contain\"><img decoding=\"async\" src=\"https:\/\/www.productcaster.com\/wp-content\/themes\/productcaster\/assets\/img\/package-tick.svg\" alt=\"\"><\/div>\t\t\t\t\t\t<\/div>\n\t\t\t\t\t\t\t\t\t\t\t<\/div>\n\t\t\t\t\t\t\t\t\t\t<div class=\"package-row standard-row super-line\">\n\t\t\t\t\t\t<div><span>Conseils, assistance et mise en \u0153uvre de strat\u00e9gies ext\u00e9rieures \u00e0 Shopping<\/span><\/div>\n\n\t\t\t\t\t\t<div>\n\t\t\t\t\t\t\t\t\t\t\t\t\t<\/div>\n\n\t\t\t\t\t\t<div>\n\t\t\t\t\t\t\t\t\t\t\t\t\t<\/div>\n\n\t\t\t\t\t\t<div>\n\t\t\t\t\t\t\t\t\t\t\t\t\t<\/div>\n\n\t\t\t\t\t\t\t\t\t\t\t\t<div>\n\t\t\t\t\t\t\t<div class=\"img-contain\"><img decoding=\"async\" src=\"https:\/\/www.productcaster.com\/wp-content\/themes\/productcaster\/assets\/img\/package-tick.svg\" alt=\"\"><\/div>\t\t\t\t\t\t<\/div>\n\t\t\t\t\t\t\t\t\t\t\t<\/div>\n\t\t\t\t\t\t\t\t\t\t<div class=\"package-row standard-row super-line\">\n\t\t\t\t\t\t<div><span>R\u00e9ductions pour de multiples services<\/span><\/div>\n\n\t\t\t\t\t\t<div>\n\t\t\t\t\t\t\t\t\t\t\t\t\t<\/div>\n\n\t\t\t\t\t\t<div>\n\t\t\t\t\t\t\t\t\t\t\t\t\t<\/div>\n\n\t\t\t\t\t\t<div>\n\t\t\t\t\t\t\t\t\t\t\t\t\t<\/div>\n\n\t\t\t\t\t\t\t\t\t\t\t\t<div>\n\t\t\t\t\t\t\t\t\t\t\t\t\t<\/div>\n\t\t\t\t\t\t\t\t\t\t\t<\/div>\n\t\t\t\t\t\t\t\t<\/div>\n\n\t\t<\/div>\n\n\t\t<div class=\"outro\">\n\t\t\t\n\t\t\t\t\t<\/div>\n\t<\/div>\n<\/section><section class=\"stat-columns bg-white\">\n\t<div class=\"site-width\">\n\n\t\t<div class=\"columns\">\n\t\t\t<div class=\"col\" data-aos=\"fade-up\">\n\t\t\t\t<span class=\"text\">Produits r\u00e9pertori\u00e9s<\/span>\n\t\t\t\t<span class=\"stat h1\">3\u00a0milliards<\/span>\n\t\t\t<\/div>\n\n\t\t\t<div class=\"col\" data-aos=\"fade-up\" data-aos-delay=\"100\">\n\t\t\t\t<span class=\"text\">Revenus annuels<\/span>\n\t\t\t\t<span class=\"stat h1\">2\u00a0milliards de livres<\/span>\n\t\t\t<\/div>\n\n\t\t\t<div class=\"col\" data-aos=\"fade-up\" data-aos-delay=\"200\">\n\t\t\t\t<span class=\"text\">Dans toute l&#8217;Europe<\/span>\n\t\t\t\t<span class=\"stat h1\">21\u00a0territoires<\/span>\n\t\t\t<\/div>\n\t\t<\/div>\n\t\t\n\t<\/div>\n<\/section><section class=\"cta-block bg-white\">\n\t<div class=\"site-width\">\n\t\t<div class=\"inner-content\" data-aos=\"fade-up\">\n\t\t\t<p class=\"h2\">Pr\u00eat \u00e0 passer \u00e0 l&#8217;\u00e9tape sup\u00e9rieure\u00a0?&nbsp;<span>Rejoignez-nous d\u00e8s aujourd&#8217;hui.<\/span><\/p>\n\t\t\t<a href=\"https:\/\/open.popup\/\" class=\"btn dark\">R\u00e9server une d\u00e9mo<\/a>\n\t\t<\/div>\n\t<\/div>\n<\/section>","protected":false},"excerpt":{"rendered":"","protected":false},"author":2,"featured_media":0,"parent":0,"menu_order":0,"comment_status":"closed","ping_status":"closed","template":"","meta":{"_acf_changed":false,"content-type":"","footnotes":""},"class_list":["post-31315","page","type-page","status-publish","hentry"],"acf":[],"yoast_head":"<!-- This site is optimized with the Yoast SEO plugin v22.1 - https:\/\/yoast.com\/wordpress\/plugins\/seo\/ -->\n<title>Comparison Shopping Service CSS | Productcaster<\/title>\n<meta name=\"description\" content=\"Solution Comparison Shopping Service (CSS) haut de gamme pour les plus grandes marques du commerce \u00e9lectronique. Approuv\u00e9 par les plus grands d\u00e9taillants du monde entier.\" \/>\n<meta name=\"robots\" content=\"index, follow, max-snippet:-1, max-image-preview:large, max-video-preview:-1\" \/>\n<link rel=\"canonical\" href=\"https:\/\/www.productcaster.com\/fr\/comparison-shopping-service-css\/\" \/>\n<meta property=\"og:locale\" content=\"fr_FR\" \/>\n<meta property=\"og:type\" content=\"article\" \/>\n<meta property=\"og:title\" content=\"Comparison Shopping Service CSS | Productcaster\" \/>\n<meta property=\"og:description\" content=\"Solution Comparison Shopping Service (CSS) haut de gamme pour les plus grandes marques du commerce \u00e9lectronique. Approuv\u00e9 par les plus grands d\u00e9taillants du monde entier.\" \/>\n<meta property=\"og:url\" content=\"https:\/\/www.productcaster.com\/fr\/comparison-shopping-service-css\/\" \/>\n<meta property=\"og:site_name\" content=\"Productcaster\" \/>\n<meta property=\"article:modified_time\" content=\"2024-11-22T10:42:22+00:00\" \/>\n<meta property=\"og:image\" content=\"https:\/\/www.productcaster.com\/wp-content\/uploads\/2024\/08\/productcaster-og.png\" \/>\n\t<meta property=\"og:image:width\" content=\"1200\" \/>\n\t<meta property=\"og:image:height\" content=\"630\" \/>\n\t<meta property=\"og:image:type\" content=\"image\/png\" \/>\n<meta name=\"twitter:card\" content=\"summary_large_image\" \/>\n<script type=\"application\/ld+json\" class=\"yoast-schema-graph\">{\"@context\":\"https:\/\/schema.org\",\"@graph\":[{\"@type\":\"WebPage\",\"@id\":\"https:\/\/www.productcaster.com\/fr\/comparison-shopping-service-css\/\",\"url\":\"https:\/\/www.productcaster.com\/fr\/comparison-shopping-service-css\/\",\"name\":\"Comparison Shopping Service CSS | Productcaster\",\"isPartOf\":{\"@id\":\"https:\/\/www.productcaster.com\/fr\/#website\"},\"datePublished\":\"2024-01-31T13:57:02+00:00\",\"dateModified\":\"2024-11-22T10:42:22+00:00\",\"description\":\"Solution Comparison Shopping Service (CSS) haut de gamme pour les plus grandes marques du commerce \u00e9lectronique. Approuv\u00e9 par les plus grands d\u00e9taillants du monde entier.\",\"breadcrumb\":{\"@id\":\"https:\/\/www.productcaster.com\/fr\/comparison-shopping-service-css\/#breadcrumb\"},\"inLanguage\":\"fr-FR\",\"potentialAction\":[{\"@type\":\"ReadAction\",\"target\":[\"https:\/\/www.productcaster.com\/fr\/comparison-shopping-service-css\/\"]}]},{\"@type\":\"BreadcrumbList\",\"@id\":\"https:\/\/www.productcaster.com\/fr\/comparison-shopping-service-css\/#breadcrumb\",\"itemListElement\":[{\"@type\":\"ListItem\",\"position\":1,\"name\":\"Home\",\"item\":\"https:\/\/www.productcaster.com\/fr\/\"},{\"@type\":\"ListItem\",\"position\":2,\"name\":\"Comparison Shopping Service (CSS)\"}]},{\"@type\":\"WebSite\",\"@id\":\"https:\/\/www.productcaster.com\/fr\/#website\",\"url\":\"https:\/\/www.productcaster.com\/fr\/\",\"name\":\"Productcaster\",\"description\":\"Make every product perform.\",\"publisher\":{\"@id\":\"https:\/\/www.productcaster.com\/fr\/#organization\"},\"potentialAction\":[{\"@type\":\"SearchAction\",\"target\":{\"@type\":\"EntryPoint\",\"urlTemplate\":\"https:\/\/www.productcaster.com\/fr\/?s={search_term_string}\"},\"query-input\":\"required name=search_term_string\"}],\"inLanguage\":\"fr-FR\"},{\"@type\":\"Organization\",\"@id\":\"https:\/\/www.productcaster.com\/fr\/#organization\",\"name\":\"Productcaster\",\"url\":\"https:\/\/www.productcaster.com\/fr\/\",\"logo\":{\"@type\":\"ImageObject\",\"inLanguage\":\"fr-FR\",\"@id\":\"https:\/\/www.productcaster.com\/fr\/#\/schema\/logo\/image\/\",\"url\":\"https:\/\/www.productcaster.com\/wp-content\/uploads\/2024\/07\/favicon.png\",\"contentUrl\":\"https:\/\/www.productcaster.com\/wp-content\/uploads\/2024\/07\/favicon.png\",\"width\":1000,\"height\":1000,\"caption\":\"Productcaster\"},\"image\":{\"@id\":\"https:\/\/www.productcaster.com\/fr\/#\/schema\/logo\/image\/\"},\"sameAs\":[\"https:\/\/www.linkedin.com\/company\/productcaster\/\"]}]}<\/script>\n<!-- \/ Yoast SEO plugin. -->","yoast_head_json":{"title":"Comparison Shopping Service CSS | Productcaster","description":"Solution Comparison Shopping Service (CSS) haut de gamme pour les plus grandes marques du commerce \u00e9lectronique. Approuv\u00e9 par les plus grands d\u00e9taillants du monde entier.","robots":{"index":"index","follow":"follow","max-snippet":"max-snippet:-1","max-image-preview":"max-image-preview:large","max-video-preview":"max-video-preview:-1"},"canonical":"https:\/\/www.productcaster.com\/fr\/comparison-shopping-service-css\/","og_locale":"fr_FR","og_type":"article","og_title":"Comparison Shopping Service CSS | Productcaster","og_description":"Solution Comparison Shopping Service (CSS) haut de gamme pour les plus grandes marques du commerce \u00e9lectronique. Approuv\u00e9 par les plus grands d\u00e9taillants du monde entier.","og_url":"https:\/\/www.productcaster.com\/fr\/comparison-shopping-service-css\/","og_site_name":"Productcaster","article_modified_time":"2024-11-22T10:42:22+00:00","og_image":[{"width":1200,"height":630,"url":"https:\/\/www.productcaster.com\/wp-content\/uploads\/2024\/08\/productcaster-og.png","type":"image\/png"}],"twitter_card":"summary_large_image","schema":{"@context":"https:\/\/schema.org","@graph":[{"@type":"WebPage","@id":"https:\/\/www.productcaster.com\/fr\/comparison-shopping-service-css\/","url":"https:\/\/www.productcaster.com\/fr\/comparison-shopping-service-css\/","name":"Comparison Shopping Service CSS | Productcaster","isPartOf":{"@id":"https:\/\/www.productcaster.com\/fr\/#website"},"datePublished":"2024-01-31T13:57:02+00:00","dateModified":"2024-11-22T10:42:22+00:00","description":"Solution Comparison Shopping Service (CSS) haut de gamme pour les plus grandes marques du commerce \u00e9lectronique. Approuv\u00e9 par les plus grands d\u00e9taillants du monde entier.","breadcrumb":{"@id":"https:\/\/www.productcaster.com\/fr\/comparison-shopping-service-css\/#breadcrumb"},"inLanguage":"fr-FR","potentialAction":[{"@type":"ReadAction","target":["https:\/\/www.productcaster.com\/fr\/comparison-shopping-service-css\/"]}]},{"@type":"BreadcrumbList","@id":"https:\/\/www.productcaster.com\/fr\/comparison-shopping-service-css\/#breadcrumb","itemListElement":[{"@type":"ListItem","position":1,"name":"Home","item":"https:\/\/www.productcaster.com\/fr\/"},{"@type":"ListItem","position":2,"name":"Comparison Shopping Service (CSS)"}]},{"@type":"WebSite","@id":"https:\/\/www.productcaster.com\/fr\/#website","url":"https:\/\/www.productcaster.com\/fr\/","name":"Productcaster","description":"Make every product perform.","publisher":{"@id":"https:\/\/www.productcaster.com\/fr\/#organization"},"potentialAction":[{"@type":"SearchAction","target":{"@type":"EntryPoint","urlTemplate":"https:\/\/www.productcaster.com\/fr\/?s={search_term_string}"},"query-input":"required name=search_term_string"}],"inLanguage":"fr-FR"},{"@type":"Organization","@id":"https:\/\/www.productcaster.com\/fr\/#organization","name":"Productcaster","url":"https:\/\/www.productcaster.com\/fr\/","logo":{"@type":"ImageObject","inLanguage":"fr-FR","@id":"https:\/\/www.productcaster.com\/fr\/#\/schema\/logo\/image\/","url":"https:\/\/www.productcaster.com\/wp-content\/uploads\/2024\/07\/favicon.png","contentUrl":"https:\/\/www.productcaster.com\/wp-content\/uploads\/2024\/07\/favicon.png","width":1000,"height":1000,"caption":"Productcaster"},"image":{"@id":"https:\/\/www.productcaster.com\/fr\/#\/schema\/logo\/image\/"},"sameAs":["https:\/\/www.linkedin.com\/company\/productcaster\/"]}]}},"_links":{"self":[{"href":"https:\/\/www.productcaster.com\/fr\/wp-json\/wp\/v2\/pages\/31315","targetHints":{"allow":["GET"]}}],"collection":[{"href":"https:\/\/www.productcaster.com\/fr\/wp-json\/wp\/v2\/pages"}],"about":[{"href":"https:\/\/www.productcaster.com\/fr\/wp-json\/wp\/v2\/types\/page"}],"author":[{"embeddable":true,"href":"https:\/\/www.productcaster.com\/fr\/wp-json\/wp\/v2\/users\/2"}],"replies":[{"embeddable":true,"href":"https:\/\/www.productcaster.com\/fr\/wp-json\/wp\/v2\/comments?post=31315"}],"version-history":[{"count":1,"href":"https:\/\/www.productcaster.com\/fr\/wp-json\/wp\/v2\/pages\/31315\/revisions"}],"predecessor-version":[{"id":31319,"href":"https:\/\/www.productcaster.com\/fr\/wp-json\/wp\/v2\/pages\/31315\/revisions\/31319"}],"wp:attachment":[{"href":"https:\/\/www.productcaster.com\/fr\/wp-json\/wp\/v2\/media?parent=31315"}],"curies":[{"name":"wp","href":"https:\/\/api.w.org\/{rel}","templated":true}]}}