{"id":31283,"date":"2024-01-22T21:19:55","date_gmt":"2024-01-22T21:19:55","guid":{"rendered":"https:\/\/www.productcaster.com\/accueil\/"},"modified":"2025-04-09T09:09:33","modified_gmt":"2025-04-09T08:09:33","slug":"accueil","status":"publish","type":"page","link":"https:\/\/www.productcaster.com\/fr\/","title":{"rendered":"Accueil"},"content":{"rendered":"\n<section class=\"img-text-header bg-white-bottom bg-grey\">\n\t<div class=\"site-width\">\n\n\t\t<div class=\"columns\">\n\t\t\t<div class=\"col col-text\" data-aos=\"fade-right\">\n\t\t\t\t<h1 class=\"h4\">Technologie de commerce en ligne prim\u00e9e<\/h1>\n\t\t\t\t<h2 class=\"h1\">Boostez les ventes de tous vos produits.<\/h2>\n\n\t\t\t\t<p>Comparison Shopping Service et FeedManager pour la mise \u00e0 l&#8217;\u00e9chelle des marques e-commerce.<\/p>\n\n\t\t\t\t<a href=\"https:\/\/open.popup\/\" class=\"btn\">R\u00e9server une d\u00e9mo<\/a>\t\t\t<\/div>\n\n\t\t\t<div class=\"col col-img\" data-aos=\"fade-left\">\n\t\t\t\t<img decoding=\"async\" src=\"https:\/\/www.productcaster.com\/wp-content\/uploads\/2024\/08\/homepage-hero-NB-edit.png\" alt=\"\">\t\t\t<\/div>\n\t\t<\/div>\n\t\t\n\t<\/div>\n<\/section>\n\n<section class=\"logo-block bg-white\">\n\t<div class=\"site-width\" data-aos=\"fade-up\">\n\n\t\t<h3>Approuv\u00e9 par les plus grands d\u00e9taillants du monde entier<\/h3>\n\t\t<div class=\"columns\">\n\t\t\t\t\t\t\t\t<div class=\"col\"><img decoding=\"async\" src=\"https:\/\/www.productcaster.com\/wp-content\/uploads\/2024\/02\/THG-300x109.png\" alt=\"\"><\/div>\n\t\t\t\t\t\t\t\t\t<div class=\"col\"><img decoding=\"async\" src=\"https:\/\/www.productcaster.com\/wp-content\/uploads\/2024\/02\/Wickes_logo-1-1.svg\" alt=\"\"><\/div>\n\t\t\t\t\t\t\t\t\t<div class=\"col\"><img decoding=\"async\" src=\"https:\/\/www.productcaster.com\/wp-content\/uploads\/2024\/01\/placeholder-logo3.svg\" alt=\"\"><\/div>\n\t\t\t\t\t\t\t\t\t<div class=\"col\"><img decoding=\"async\" src=\"https:\/\/www.productcaster.com\/wp-content\/uploads\/2024\/08\/Wayfair-black-300x50.png\" alt=\"\"><\/div>\n\t\t\t\t\t\t\t\t\t<div class=\"col\"><img decoding=\"async\" src=\"https:\/\/www.productcaster.com\/wp-content\/uploads\/2024\/02\/Black_Ann_Summers_Logo-300x42.png\" alt=\"\"><\/div>\n\t\t\t\t\t\t\t\t\t<div class=\"col\"><img decoding=\"async\" src=\"https:\/\/www.productcaster.com\/wp-content\/uploads\/2024\/08\/sigma-black-300x73.png\" alt=\"\"><\/div>\n\t\t\t\t\t\t\t\t\t<div class=\"col\"><img decoding=\"async\" src=\"https:\/\/www.productcaster.com\/wp-content\/uploads\/2024\/08\/ikea-black-300x122.png\" alt=\"\"><\/div>\n\t\t\t\t\t\t\t\t\t<div class=\"col\"><img decoding=\"async\" src=\"https:\/\/www.productcaster.com\/wp-content\/uploads\/2024\/08\/fruugo-black-300x146.png\" alt=\"\"><\/div>\n\t\t\t\t\t\t\t\t\t<div class=\"col\"><img decoding=\"async\" src=\"https:\/\/www.productcaster.com\/wp-content\/uploads\/2024\/02\/Silentnight-Logo-1-300x164.png\" alt=\"\"><\/div>\n\t\t\t\t\t\t\t\t\t<div class=\"col\"><img decoding=\"async\" src=\"https:\/\/www.productcaster.com\/wp-content\/uploads\/2024\/08\/viking-black-300x119.png\" alt=\"\"><\/div>\n\t\t\t\t\t\t\t\t\t<div class=\"col\"><img decoding=\"async\" src=\"https:\/\/www.productcaster.com\/wp-content\/uploads\/2024\/08\/ErnestJones-logo-1-300x21.png\" alt=\"\"><\/div>\n\t\t\t\t\t\t\t\t\t<div class=\"col\"><img decoding=\"async\" src=\"https:\/\/www.productcaster.com\/wp-content\/uploads\/2024\/08\/bensons-black-300x85.png\" alt=\"\"><\/div>\n\t\t\t\t\t\t\t\t\t<div class=\"col\"><img decoding=\"async\" src=\"https:\/\/www.productcaster.com\/wp-content\/uploads\/2024\/08\/scs-2-300x122.png\" alt=\"\"><\/div>\n\t\t\t\t\t\t\t\t\t<div class=\"col\"><img decoding=\"async\" src=\"https:\/\/www.productcaster.com\/wp-content\/uploads\/2024\/08\/new-balance-300x105.png\" alt=\"\"><\/div>\n\t\t\t\t\t\t\t\t\t<div class=\"col\"><img decoding=\"async\" src=\"https:\/\/www.productcaster.com\/wp-content\/uploads\/2024\/02\/music-magpie-300x49.png\" alt=\"\"><\/div>\n\t\t\t\t\t\t\t\t\t<div class=\"col\"><img decoding=\"async\" src=\"https:\/\/www.productcaster.com\/wp-content\/uploads\/2024\/08\/naked-wines-300x78.png\" alt=\"\"><\/div>\n\t\t\t\t\t\t\t\t\t<div class=\"col\"><img decoding=\"async\" src=\"https:\/\/www.productcaster.com\/wp-content\/uploads\/2024\/08\/kg.svg\" alt=\"\"><\/div>\n\t\t\t\t\t\t<\/div>\n\t\t\n\t<\/div>\n<\/section><section class=\"links-block\">\n\t<div class=\"site-width\" data-aos=\"fade-in\">\n\n\t\t<div class=\"columns\">\n\t\t\t<div class=\"col col-title\">\n\t\t\t\t<div class=\"inner-content\">\n\t\t\t\t\t<a href=\"\" class=\"cta\">\n\t\t\t\t\t\tSolutions\t\t\t\t\t\t<svg xmlns=\"http:\/\/www.w3.org\/2000\/svg\" width=\"9.419\" height=\"7.976\" viewBox=\"0 0 9.419 7.976\"><g id=\"cta-arw\" transform=\"translate(-242 -1282.793)\"><path id=\"Path_393\" data-name=\"Path 393\" d=\"M0,3.281,3.281,0,6.562,3.281\" transform=\"translate(250.711 1283.5) rotate(90)\" fill=\"none\" stroke=\"#262626\" stroke-linecap=\"round\" stroke-width=\"1\"\/><line id=\"Line_5\" data-name=\"Line 5\" x1=\"7.933\" transform=\"translate(242.5 1286.781)\" fill=\"none\" stroke=\"#262626\" stroke-linecap=\"round\" stroke-width=\"1\"\/><\/g><\/svg>\n\t\t\t\t\t<\/a>\n\t\t\t\t<\/div>\n\t\t\t<\/div>\n\n\t\t\t<div class=\"col col-blocks\">\n\t\t\t\t\t\t\t\t<div class=\"block\">\n\t\t\t\t\t<h2>CSS<\/h2>\n\n\t\t\t\t\t<p><span style=\"font-weight: 400;\">\u00c9conomisez jusqu&#8217;\u00e0 20\u00a0% de CPC et am\u00e9liorez les performances de vos campagnes Shopping avec une solution CSS haut de gamme. Une assistance experte d\u00e9di\u00e9e pour r\u00e9pondre \u00e0 vos questions sur Shopping, identifier les opportunit\u00e9s et vous aider \u00e0 vous d\u00e9velopper sur Google Ads.<\/span><\/p>\n\n\t\t\t\t\t\t\t\t\t\t\t<a href=\"https:\/\/www.productcaster.com\/comparison-shopping-service-css\/\" class=\"link-arw\">\n\t\t\t\t\t\t\t<span><svg xmlns=\"http:\/\/www.w3.org\/2000\/svg\" width=\"22.932\" height=\"17.755\" viewBox=\"0 0 22.932 17.755\"><g id=\"arw-black\" transform=\"translate(-13.055 -15.1)\"><path id=\"Path_858\" data-name=\"Path 858\" d=\"M0,0h21.89\" transform=\"translate(13.056 23.279)\" fill=\"none\" stroke=\"#fff\" stroke-width=\"1.5\"\/><path id=\"Path_859\" data-name=\"Path 859\" d=\"M0,0,8.058,7.62,0,16.712\" transform=\"translate(26.887 15.645)\" fill=\"none\" stroke=\"#fff\" stroke-width=\"1.5\"\/><\/g><\/svg><\/span>\n\n\t\t\t\t\t\t\tEn savoir plus\t\t\t\t\t\t<\/a>\n\t\t\t\t\t\t\t\t\t<\/div>\n\t\t\t\t\n\t\t\t\t\n\t\t\t\t\t\t\t\t<div class=\"block\">\n\t\t\t\t\t<h2>FeedManager<\/h2>\n\n\t\t\t\t\t<p><span style=\"font-weight: 400;\">Am\u00e9liorez la port\u00e9e et l&#8217;efficacit\u00e9 de vos campagnes et g\u00e9n\u00e9rez plus de ventes en optimisant rapidement votre flux produit \u00e0 grande \u00e9chelle. Rejoignez facilement plus de 60\u00a0partenaires, incluant Google, Meta, Amazon et bien d&#8217;autres encore. Une expertise des flux d\u00e9di\u00e9e pour soutenir \u00e0 la fois les affaires courantes (Business as Usual, BAU) et vos orientations strat\u00e9giques \u00e0 long terme.<\/span><\/p>\n\n\t\t\t\t\t\t\t\t\t\t\t<a href=\"https:\/\/www.productcaster.com\/feedmanager\/\" class=\"link-arw\">\n\t\t\t\t\t\t\t<span><svg xmlns=\"http:\/\/www.w3.org\/2000\/svg\" width=\"22.932\" height=\"17.755\" viewBox=\"0 0 22.932 17.755\"><g id=\"arw-black\" transform=\"translate(-13.055 -15.1)\"><path id=\"Path_858\" data-name=\"Path 858\" d=\"M0,0h21.89\" transform=\"translate(13.056 23.279)\" fill=\"none\" stroke=\"#fff\" stroke-width=\"1.5\"\/><path id=\"Path_859\" data-name=\"Path 859\" d=\"M0,0,8.058,7.62,0,16.712\" transform=\"translate(26.887 15.645)\" fill=\"none\" stroke=\"#fff\" stroke-width=\"1.5\"\/><\/g><\/svg><\/span>\n\n\t\t\t\t\t\t\tEn savoir plus\t\t\t\t\t\t<\/a>\n\t\t\t\t\t\t\t\t\t\t\n\t\t\t\t<\/div>\n\t\t\t\t\n\t\t\t\t\n\t\t\t\t\n\t\t\t\t\n\t\t\t\t\t\t\t<\/div>\n\t\t<\/div>\n\t\t\n\t<\/div>\n<\/section>\n<section class=\"v2-img-tick-columns bg-grey\">\n\t<div class=\"site-width\">\n\n\t\t<div class=\"columns reverse\">\n\n\t\t\t<div class=\"col col-img\" data-aos=\"fade-left\">\n\t\t\t\t\t\t\t\t<img decoding=\"async\" src=\"\" alt=\"\">\n\t\t\t<\/div>\n\n\t\t\t<div class=\"col col-text\" data-aos=\"fade-right\">\n\t\t\t\t<h2>Pourquoi choisir Productcaster\u00a0?<\/h2>\n\t\t\t\t<ul class=\"tick-list\">\n\t\t\t\t<li><p>Un acc\u00e8s direct \u00e0 une expertise en mati\u00e8re de commerce au d\u00e9tail et de commerce \u00e9lectronique<\/p>\n<\/li><li><p>Des performances renforc\u00e9es pour vos campagnes<\/p>\n<\/li><li><p>Une r\u00e9duction de vos co\u00fbts publicitaires<\/p>\n<\/li><li><p>L&#8217;exploitation des types de campagne les plus r\u00e9cents<\/p>\n<\/li><li><p>Une pr\u00e9sence \u00e9largie par le biais de nouveaux canaux<\/p>\n<\/li><li><p>Une assistance marketing pour des performances continues<\/p>\n<\/li><li><p>Une migration fluide<\/p>\n<\/li>\t\t\t\t<\/ul>\n\t\t\t<\/div>\n\t\t\t\n\t\t<\/div>\n\t\t\n\t<\/div>\n<\/section><section class=\"v2-case-study-blocks bg-white\">\n\t<div class=\"site-width\">\n\n\t\t<div class=\"carousel-contain\">\n\t\t\t\t\t\t\t<div class=\"item\" data-aos=\"fade-up\">\n\t\t\t\t\t\t\t\t\t\t<img decoding=\"async\" src=\"https:\/\/www.productcaster.com\/wp-content\/uploads\/2024\/08\/abigail-keenan-8-s5QuUBtyM-unsplash-800x800.jpg\" alt=\"\">\n\n\t\t\t\t\t<div class=\"inner-content\">\n\t\t\t\t\t\t<div class=\"top\">\n\t\t\t\t\t\t\t<h2 class=\"h1\">Sport<\/h2>\n\t\t\t\t\t\t<\/div>\n\n\t\t\t\t\t\t<div class=\"bottom\">\n\t\t\t\t\t\t\t<div class=\"stats\">\n\t\t\t\t\t\t\t\t<div class=\"single-stat\">\n\t\t\t\t\t\t\t\t\t<span class=\"title\">Trafic<\/span>\n\t\t\t\t\t\t\t\t\t<span class=\"stat\">+55%<\/span>\n\t\t\t\t\t\t\t\t<\/div>\n\n\t\t\t\t\t\t\t\t\t\t\t\t\t\t\t\t<div class=\"single-stat\">\n\t\t\t\t\t\t\t\t\t<span class=\"title\">CPC<\/span>\n\t\t\t\t\t\t\t\t\t<span class=\"stat\">-45%<\/span>\n\t\t\t\t\t\t\t\t<\/div>\n\t\t\t\t\t\t\t\t\t\t\t\t\t\t\t<\/div>\n\t\t\t\t\t\t<\/div>\n\t\t\t\t\t<\/div>\n\t\t\t\t<\/div>\n\t\t\t\t\t\t\t\t<div class=\"item\" data-aos=\"fade-up\">\n\t\t\t\t\t\t\t\t\t\t<img decoding=\"async\" src=\"https:\/\/www.productcaster.com\/wp-content\/uploads\/2024\/08\/the-nix-company-4Hmj9gkyM6c-unsplash-800x800.jpg\" alt=\"\">\n\n\t\t\t\t\t<div class=\"inner-content\">\n\t\t\t\t\t\t<div class=\"top\">\n\t\t\t\t\t\t\t<h2 class=\"h1\">Mode<\/h2>\n\t\t\t\t\t\t<\/div>\n\n\t\t\t\t\t\t<div class=\"bottom\">\n\t\t\t\t\t\t\t<div class=\"stats\">\n\t\t\t\t\t\t\t\t<div class=\"single-stat\">\n\t\t\t\t\t\t\t\t\t<span class=\"title\">Trafic<\/span>\n\t\t\t\t\t\t\t\t\t<span class=\"stat\">+36% <\/span>\n\t\t\t\t\t\t\t\t<\/div>\n\n\t\t\t\t\t\t\t\t\t\t\t\t\t\t\t\t<div class=\"single-stat\">\n\t\t\t\t\t\t\t\t\t<span class=\"title\">CPC<\/span>\n\t\t\t\t\t\t\t\t\t<span class=\"stat\">-14%<\/span>\n\t\t\t\t\t\t\t\t<\/div>\n\t\t\t\t\t\t\t\t\t\t\t\t\t\t\t<\/div>\n\t\t\t\t\t\t<\/div>\n\t\t\t\t\t<\/div>\n\t\t\t\t<\/div>\n\t\t\t\t\t\t\t\t<div class=\"item\" data-aos=\"fade-up\">\n\t\t\t\t\t\t\t\t\t\t<img decoding=\"async\" src=\"https:\/\/www.productcaster.com\/wp-content\/uploads\/2024\/08\/gabrielle-henderson-pL1qsBqCatk-unsplash-800x800.jpg\" alt=\"\">\n\n\t\t\t\t\t<div class=\"inner-content\">\n\t\t\t\t\t\t<div class=\"top\">\n\t\t\t\t\t\t\t<h2 class=\"h1\">Luxe<\/h2>\n\t\t\t\t\t\t<\/div>\n\n\t\t\t\t\t\t<div class=\"bottom\">\n\t\t\t\t\t\t\t<div class=\"stats\">\n\t\t\t\t\t\t\t\t<div class=\"single-stat\">\n\t\t\t\t\t\t\t\t\t<span class=\"title\">Trafic<\/span>\n\t\t\t\t\t\t\t\t\t<span class=\"stat\">+2% <\/span>\n\t\t\t\t\t\t\t\t<\/div>\n\n\t\t\t\t\t\t\t\t\t\t\t\t\t\t\t\t<div class=\"single-stat\">\n\t\t\t\t\t\t\t\t\t<span class=\"title\">CPC<\/span>\n\t\t\t\t\t\t\t\t\t<span class=\"stat\">-14%<\/span>\n\t\t\t\t\t\t\t\t<\/div>\n\t\t\t\t\t\t\t\t\t\t\t\t\t\t\t<\/div>\n\t\t\t\t\t\t<\/div>\n\t\t\t\t\t<\/div>\n\t\t\t\t<\/div>\n\t\t\t\t\t\t\t\t<div class=\"item\" data-aos=\"fade-up\">\n\t\t\t\t\t\t\t\t\t\t<img decoding=\"async\" src=\"https:\/\/www.productcaster.com\/wp-content\/uploads\/2024\/08\/james-qualtrough-qvXPDFVMics-unsplash-800x800.jpg\" alt=\"\">\n\n\t\t\t\t\t<div class=\"inner-content\">\n\t\t\t\t\t\t<div class=\"top\">\n\t\t\t\t\t\t\t<h2 class=\"h1\">Bricolage<\/h2>\n\t\t\t\t\t\t<\/div>\n\n\t\t\t\t\t\t<div class=\"bottom\">\n\t\t\t\t\t\t\t<div class=\"stats\">\n\t\t\t\t\t\t\t\t<div class=\"single-stat\">\n\t\t\t\t\t\t\t\t\t<span class=\"title\">Trafic<\/span>\n\t\t\t\t\t\t\t\t\t<span class=\"stat\">+32% <\/span>\n\t\t\t\t\t\t\t\t<\/div>\n\n\t\t\t\t\t\t\t\t\t\t\t\t\t\t\t\t<div class=\"single-stat\">\n\t\t\t\t\t\t\t\t\t<span class=\"title\">CPC<\/span>\n\t\t\t\t\t\t\t\t\t<span class=\"stat\">-22%<\/span>\n\t\t\t\t\t\t\t\t<\/div>\n\t\t\t\t\t\t\t\t\t\t\t\t\t\t\t<\/div>\n\t\t\t\t\t\t<\/div>\n\t\t\t\t\t<\/div>\n\t\t\t\t<\/div>\n\t\t\t\t\t\t\t\t<div class=\"item\" data-aos=\"fade-up\">\n\t\t\t\t\t\t\t\t\t\t<img decoding=\"async\" src=\"https:\/\/www.productcaster.com\/wp-content\/uploads\/2024\/08\/timothy-buck-psrloDbaZc8-unsplash-scaled-e1723125757322-800x800.jpg\" alt=\"\">\n\n\t\t\t\t\t<div class=\"inner-content\">\n\t\t\t\t\t\t<div class=\"top\">\n\t\t\t\t\t\t\t<h2 class=\"h1\">Accueil<\/h2>\n\t\t\t\t\t\t<\/div>\n\n\t\t\t\t\t\t<div class=\"bottom\">\n\t\t\t\t\t\t\t<div class=\"stats\">\n\t\t\t\t\t\t\t\t<div class=\"single-stat\">\n\t\t\t\t\t\t\t\t\t<span class=\"title\">Trafic<\/span>\n\t\t\t\t\t\t\t\t\t<span class=\"stat\">+36% <\/span>\n\t\t\t\t\t\t\t\t<\/div>\n\n\t\t\t\t\t\t\t\t\t\t\t\t\t\t\t\t<div class=\"single-stat\">\n\t\t\t\t\t\t\t\t\t<span class=\"title\">CPC<\/span>\n\t\t\t\t\t\t\t\t\t<span class=\"stat\">-22%<\/span>\n\t\t\t\t\t\t\t\t<\/div>\n\t\t\t\t\t\t\t\t\t\t\t\t\t\t\t<\/div>\n\t\t\t\t\t\t<\/div>\n\t\t\t\t\t<\/div>\n\t\t\t\t<\/div>\n\t\t\t\t\t\t\t\t<div class=\"item\" data-aos=\"fade-up\">\n\t\t\t\t\t\t\t\t\t\t<img decoding=\"async\" src=\"https:\/\/www.productcaster.com\/wp-content\/uploads\/2024\/08\/eduardo-soares-e4EmPx91Aj4-unsplash-scaled-e1723125239295-800x800.jpg\" alt=\"\">\n\n\t\t\t\t\t<div class=\"inner-content\">\n\t\t\t\t\t\t<div class=\"top\">\n\t\t\t\t\t\t\t<h2 class=\"h1\">Alimentation et boissons<\/h2>\n\t\t\t\t\t\t<\/div>\n\n\t\t\t\t\t\t<div class=\"bottom\">\n\t\t\t\t\t\t\t<div class=\"stats\">\n\t\t\t\t\t\t\t\t<div class=\"single-stat\">\n\t\t\t\t\t\t\t\t\t<span class=\"title\">Trafic<\/span>\n\t\t\t\t\t\t\t\t\t<span class=\"stat\">+34%<\/span>\n\t\t\t\t\t\t\t\t<\/div>\n\n\t\t\t\t\t\t\t\t\t\t\t\t\t\t\t\t<div class=\"single-stat\">\n\t\t\t\t\t\t\t\t\t<span class=\"title\">CPC<\/span>\n\t\t\t\t\t\t\t\t\t<span class=\"stat\">-26%<\/span>\n\t\t\t\t\t\t\t\t<\/div>\n\t\t\t\t\t\t\t\t\t\t\t\t\t\t\t<\/div>\n\t\t\t\t\t\t<\/div>\n\t\t\t\t\t<\/div>\n\t\t\t\t<\/div>\n\t\t\t\t\t\t\t\t<div class=\"item\" data-aos=\"fade-up\">\n\t\t\t\t\t\t\t\t\t\t<img decoding=\"async\" src=\"https:\/\/www.productcaster.com\/wp-content\/uploads\/2024\/08\/5-Tips-on-how-to-target-corporate-meetings-for-your-hotel-3-scaled-1-800x800.jpg\" alt=\"\">\n\n\t\t\t\t\t<div class=\"inner-content\">\n\t\t\t\t\t\t<div class=\"top\">\n\t\t\t\t\t\t\t<h2 class=\"h1\">B2B<\/h2>\n\t\t\t\t\t\t<\/div>\n\n\t\t\t\t\t\t<div class=\"bottom\">\n\t\t\t\t\t\t\t<div class=\"stats\">\n\t\t\t\t\t\t\t\t<div class=\"single-stat\">\n\t\t\t\t\t\t\t\t\t<span class=\"title\">CPC<\/span>\n\t\t\t\t\t\t\t\t\t<span class=\"stat\">-29%<\/span>\n\t\t\t\t\t\t\t\t<\/div>\n\n\t\t\t\t\t\t\t\t\t\t\t\t\t\t\t<\/div>\n\t\t\t\t\t\t<\/div>\n\t\t\t\t\t<\/div>\n\t\t\t\t<\/div>\n\t\t\t\t\t\t<\/div>\n\n\t<\/div>\n<\/section><div class=\"testimonial bg-orange\">\n\t<div class=\"site-width\">\n\n\t\t<div class=\"inner-content\" data-aos=\"fade-up\">\n\t\t\t<p class=\"h3\">\n\t\t\t\t\u00ab\u00a0Nous avons choisi Productcaster pour ses superbes performances, sa migration simple et la transparence des prix.\u00a0\u00bb\t\t\t<\/p>\n\n\t\t\t<p class=\"h4\">Lee Faetz \u2013 Directeur commerce \u00e9lectronique chez Evans Cycles<\/p>\n\t\t<\/div>\n\t\t\n\t<\/div>\n<\/div><section class=\"cta-block bg-white\">\n\t<div class=\"site-width\">\n\t\t<div class=\"inner-content\" data-aos=\"fade-up\">\n\t\t\t<p class=\"h2\">Pr\u00eat \u00e0 migrer\u00a0?&nbsp;<span>C&#8217;est parti.<\/span><\/p>\n\t\t\t<a href=\"https:\/\/open.popup\/\" class=\"btn dark\">R\u00e9server une d\u00e9mo<\/a>\n\t\t<\/div>\n\t<\/div>\n<\/section>","protected":false},"excerpt":{"rendered":"","protected":false},"author":1,"featured_media":0,"parent":0,"menu_order":0,"comment_status":"closed","ping_status":"closed","template":"","meta":{"_acf_changed":false,"content-type":"","footnotes":""},"class_list":["post-31283","page","type-page","status-publish","hentry"],"acf":[],"yoast_head":"<!-- This site is optimized with the Yoast SEO plugin v22.1 - https:\/\/yoast.com\/wordpress\/plugins\/seo\/ -->\n<title>Productcaster CSS et FeedManager - Boostez les ventes de tous vos produits<\/title>\n<meta name=\"description\" content=\"Comparison Shopping Service et FeedManager, pour la mise \u00e0 l&#039;\u00e9chelle des marques e-commerce et des meilleurs d\u00e9taillants du monde entier. Technologie prim\u00e9e.\" \/>\n<meta name=\"robots\" content=\"index, follow, max-snippet:-1, max-image-preview:large, max-video-preview:-1\" \/>\n<link rel=\"canonical\" href=\"https:\/\/www.productcaster.com\/fr\/\" \/>\n<meta property=\"og:locale\" content=\"fr_FR\" \/>\n<meta property=\"og:type\" content=\"article\" \/>\n<meta property=\"og:title\" content=\"Productcaster CSS et FeedManager - Boostez les ventes de tous vos produits\" \/>\n<meta property=\"og:description\" content=\"Comparison Shopping Service et FeedManager, pour la mise \u00e0 l&#039;\u00e9chelle des marques e-commerce et des meilleurs d\u00e9taillants du monde entier. Technologie prim\u00e9e.\" \/>\n<meta property=\"og:url\" content=\"https:\/\/www.productcaster.com\/fr\/\" \/>\n<meta property=\"og:site_name\" content=\"Productcaster\" \/>\n<meta property=\"article:modified_time\" content=\"2025-04-09T08:09:33+00:00\" \/>\n<meta property=\"og:image\" content=\"https:\/\/www.productcaster.com\/wp-content\/uploads\/2024\/08\/productcaster-og.png\" \/>\n\t<meta property=\"og:image:width\" content=\"1200\" \/>\n\t<meta property=\"og:image:height\" content=\"630\" \/>\n\t<meta property=\"og:image:type\" content=\"image\/png\" \/>\n<meta name=\"twitter:card\" content=\"summary_large_image\" \/>\n<script type=\"application\/ld+json\" class=\"yoast-schema-graph\">{\"@context\":\"https:\/\/schema.org\",\"@graph\":[{\"@type\":\"WebPage\",\"@id\":\"https:\/\/www.productcaster.com\/fr\/\",\"url\":\"https:\/\/www.productcaster.com\/fr\/\",\"name\":\"Productcaster CSS et FeedManager - Boostez les ventes de tous vos produits\",\"isPartOf\":{\"@id\":\"https:\/\/www.productcaster.com\/fr\/#website\"},\"datePublished\":\"2024-01-22T21:19:55+00:00\",\"dateModified\":\"2025-04-09T08:09:33+00:00\",\"description\":\"Comparison Shopping Service et FeedManager, pour la mise \u00e0 l'\u00e9chelle des marques e-commerce et des meilleurs d\u00e9taillants du monde entier. Technologie prim\u00e9e.\",\"breadcrumb\":{\"@id\":\"https:\/\/www.productcaster.com\/fr\/#breadcrumb\"},\"inLanguage\":\"fr-FR\",\"potentialAction\":[{\"@type\":\"ReadAction\",\"target\":[\"https:\/\/www.productcaster.com\/fr\/\"]}]},{\"@type\":\"BreadcrumbList\",\"@id\":\"https:\/\/www.productcaster.com\/fr\/#breadcrumb\",\"itemListElement\":[{\"@type\":\"ListItem\",\"position\":1,\"name\":\"Home\",\"item\":\"https:\/\/www.productcaster.com\/fr\/\"},{\"@type\":\"ListItem\",\"position\":2,\"name\":\"Accueil\"}]},{\"@type\":\"WebSite\",\"@id\":\"https:\/\/www.productcaster.com\/fr\/#website\",\"url\":\"https:\/\/www.productcaster.com\/fr\/\",\"name\":\"Productcaster\",\"description\":\"Make every product perform.\",\"publisher\":{\"@id\":\"https:\/\/www.productcaster.com\/fr\/#organization\"},\"potentialAction\":[{\"@type\":\"SearchAction\",\"target\":{\"@type\":\"EntryPoint\",\"urlTemplate\":\"https:\/\/www.productcaster.com\/fr\/?s={search_term_string}\"},\"query-input\":\"required name=search_term_string\"}],\"inLanguage\":\"fr-FR\"},{\"@type\":\"Organization\",\"@id\":\"https:\/\/www.productcaster.com\/fr\/#organization\",\"name\":\"Productcaster\",\"url\":\"https:\/\/www.productcaster.com\/fr\/\",\"logo\":{\"@type\":\"ImageObject\",\"inLanguage\":\"fr-FR\",\"@id\":\"https:\/\/www.productcaster.com\/fr\/#\/schema\/logo\/image\/\",\"url\":\"https:\/\/www.productcaster.com\/wp-content\/uploads\/2024\/07\/favicon.png\",\"contentUrl\":\"https:\/\/www.productcaster.com\/wp-content\/uploads\/2024\/07\/favicon.png\",\"width\":1000,\"height\":1000,\"caption\":\"Productcaster\"},\"image\":{\"@id\":\"https:\/\/www.productcaster.com\/fr\/#\/schema\/logo\/image\/\"},\"sameAs\":[\"https:\/\/www.linkedin.com\/company\/productcaster\/\"]}]}<\/script>\n<!-- \/ Yoast SEO plugin. -->","yoast_head_json":{"title":"Productcaster CSS et FeedManager - Boostez les ventes de tous vos produits","description":"Comparison Shopping Service et FeedManager, pour la mise \u00e0 l'\u00e9chelle des marques e-commerce et des meilleurs d\u00e9taillants du monde entier. Technologie prim\u00e9e.","robots":{"index":"index","follow":"follow","max-snippet":"max-snippet:-1","max-image-preview":"max-image-preview:large","max-video-preview":"max-video-preview:-1"},"canonical":"https:\/\/www.productcaster.com\/fr\/","og_locale":"fr_FR","og_type":"article","og_title":"Productcaster CSS et FeedManager - Boostez les ventes de tous vos produits","og_description":"Comparison Shopping Service et FeedManager, pour la mise \u00e0 l'\u00e9chelle des marques e-commerce et des meilleurs d\u00e9taillants du monde entier. Technologie prim\u00e9e.","og_url":"https:\/\/www.productcaster.com\/fr\/","og_site_name":"Productcaster","article_modified_time":"2025-04-09T08:09:33+00:00","og_image":[{"width":1200,"height":630,"url":"https:\/\/www.productcaster.com\/wp-content\/uploads\/2024\/08\/productcaster-og.png","type":"image\/png"}],"twitter_card":"summary_large_image","schema":{"@context":"https:\/\/schema.org","@graph":[{"@type":"WebPage","@id":"https:\/\/www.productcaster.com\/fr\/","url":"https:\/\/www.productcaster.com\/fr\/","name":"Productcaster CSS et FeedManager - Boostez les ventes de tous vos produits","isPartOf":{"@id":"https:\/\/www.productcaster.com\/fr\/#website"},"datePublished":"2024-01-22T21:19:55+00:00","dateModified":"2025-04-09T08:09:33+00:00","description":"Comparison Shopping Service et FeedManager, pour la mise \u00e0 l'\u00e9chelle des marques e-commerce et des meilleurs d\u00e9taillants du monde entier. Technologie prim\u00e9e.","breadcrumb":{"@id":"https:\/\/www.productcaster.com\/fr\/#breadcrumb"},"inLanguage":"fr-FR","potentialAction":[{"@type":"ReadAction","target":["https:\/\/www.productcaster.com\/fr\/"]}]},{"@type":"BreadcrumbList","@id":"https:\/\/www.productcaster.com\/fr\/#breadcrumb","itemListElement":[{"@type":"ListItem","position":1,"name":"Home","item":"https:\/\/www.productcaster.com\/fr\/"},{"@type":"ListItem","position":2,"name":"Accueil"}]},{"@type":"WebSite","@id":"https:\/\/www.productcaster.com\/fr\/#website","url":"https:\/\/www.productcaster.com\/fr\/","name":"Productcaster","description":"Make every product perform.","publisher":{"@id":"https:\/\/www.productcaster.com\/fr\/#organization"},"potentialAction":[{"@type":"SearchAction","target":{"@type":"EntryPoint","urlTemplate":"https:\/\/www.productcaster.com\/fr\/?s={search_term_string}"},"query-input":"required name=search_term_string"}],"inLanguage":"fr-FR"},{"@type":"Organization","@id":"https:\/\/www.productcaster.com\/fr\/#organization","name":"Productcaster","url":"https:\/\/www.productcaster.com\/fr\/","logo":{"@type":"ImageObject","inLanguage":"fr-FR","@id":"https:\/\/www.productcaster.com\/fr\/#\/schema\/logo\/image\/","url":"https:\/\/www.productcaster.com\/wp-content\/uploads\/2024\/07\/favicon.png","contentUrl":"https:\/\/www.productcaster.com\/wp-content\/uploads\/2024\/07\/favicon.png","width":1000,"height":1000,"caption":"Productcaster"},"image":{"@id":"https:\/\/www.productcaster.com\/fr\/#\/schema\/logo\/image\/"},"sameAs":["https:\/\/www.linkedin.com\/company\/productcaster\/"]}]}},"_links":{"self":[{"href":"https:\/\/www.productcaster.com\/fr\/wp-json\/wp\/v2\/pages\/31283","targetHints":{"allow":["GET"]}}],"collection":[{"href":"https:\/\/www.productcaster.com\/fr\/wp-json\/wp\/v2\/pages"}],"about":[{"href":"https:\/\/www.productcaster.com\/fr\/wp-json\/wp\/v2\/types\/page"}],"author":[{"embeddable":true,"href":"https:\/\/www.productcaster.com\/fr\/wp-json\/wp\/v2\/users\/1"}],"replies":[{"embeddable":true,"href":"https:\/\/www.productcaster.com\/fr\/wp-json\/wp\/v2\/comments?post=31283"}],"version-history":[{"count":2,"href":"https:\/\/www.productcaster.com\/fr\/wp-json\/wp\/v2\/pages\/31283\/revisions"}],"predecessor-version":[{"id":31556,"href":"https:\/\/www.productcaster.com\/fr\/wp-json\/wp\/v2\/pages\/31283\/revisions\/31556"}],"wp:attachment":[{"href":"https:\/\/www.productcaster.com\/fr\/wp-json\/wp\/v2\/media?parent=31283"}],"curies":[{"name":"wp","href":"https:\/\/api.w.org\/{rel}","templated":true}]}}