{"id":31254,"date":"2024-07-29T13:45:22","date_gmt":"2024-07-29T12:45:22","guid":{"rendered":"https:\/\/www.productcaster.com\/partenariats\/"},"modified":"2024-11-22T10:41:13","modified_gmt":"2024-11-22T10:41:13","slug":"partenariats","status":"publish","type":"page","link":"https:\/\/www.productcaster.com\/fr\/partenariats\/","title":{"rendered":"Partenariats"},"content":{"rendered":"\n<section class=\"img-text-header bg-white-bottom bg-grey\">\n\t<div class=\"site-width\">\n\n\t\t<div class=\"columns\">\n\t\t\t<div class=\"col col-text\" data-aos=\"fade-right\">\n\t\t\t\t<h1 class=\"h4\">Partenariats<\/h1>\n\t\t\t\t<h2 class=\"h1\">Devenez un revendeur Productcaster accr\u00e9dit\u00e9.<\/h2>\n\n\t\t\t\t<p><span style=\"font-weight: 400;\">Soutenez vos clients pour stimuler leur croissance en ligne.<\/span><\/p>\n\n\t\t\t\t\t\t\t<\/div>\n\n\t\t\t<div class=\"col col-img\" data-aos=\"fade-left\">\n\t\t\t\t<img decoding=\"async\" src=\"https:\/\/www.productcaster.com\/wp-content\/uploads\/2024\/07\/reseller.jpg\" alt=\"\">\t\t\t<\/div>\n\t\t<\/div>\n\t\t\n\t<\/div>\n<\/section>\n\n<section class=\"logo-block bg-white\">\n\t<div class=\"site-width\" data-aos=\"fade-up\">\n\n\t\t<h3>En partenariat avec des agences de renom<\/h3>\n\t\t<div class=\"columns\">\n\t\t\t\t\t\t\t\t<div class=\"col\"><img decoding=\"async\" src=\"https:\/\/www.productcaster.com\/wp-content\/uploads\/2024\/07\/adsup-logo-e1722413781532-300x64.png\" alt=\"\"><\/div>\n\t\t\t\t\t\t\t\t\t<div class=\"col\"><img decoding=\"async\" src=\"https:\/\/www.productcaster.com\/wp-content\/uploads\/2024\/07\/Modo25_lockup_black_RGB1-300x79.png\" alt=\"\"><\/div>\n\t\t\t\t\t\t\t\t\t<div class=\"col\"><img decoding=\"async\" src=\"https:\/\/www.productcaster.com\/wp-content\/uploads\/2024\/08\/brave-bison-300x40.png\" alt=\"\"><\/div>\n\t\t\t\t\t\t\t\t\t<div class=\"col\"><img decoding=\"async\" src=\"https:\/\/www.productcaster.com\/wp-content\/uploads\/2024\/08\/can-do2-300x110.png\" alt=\"\"><\/div>\n\t\t\t\t\t\t\t\t\t<div class=\"col\"><img decoding=\"async\" src=\"https:\/\/www.productcaster.com\/wp-content\/uploads\/2024\/08\/digimood-300x55.png\" alt=\"\"><\/div>\n\t\t\t\t\t\t\t\t\t<div class=\"col\"><img decoding=\"async\" src=\"https:\/\/www.productcaster.com\/wp-content\/uploads\/2024\/08\/jaywing2-300x42.png\" alt=\"\"><\/div>\n\t\t\t\t\t\t\t\t\t<div class=\"col\"><img decoding=\"async\" src=\"https:\/\/www.productcaster.com\/wp-content\/uploads\/2024\/08\/7stars-2-300x132.png\" alt=\"\"><\/div>\n\t\t\t\t\t\t\t\t\t<div class=\"col\"><img decoding=\"async\" src=\"https:\/\/www.productcaster.com\/wp-content\/uploads\/2024\/08\/thg-300x95.png\" alt=\"\"><\/div>\n\t\t\t\t\t\t<\/div>\n\t\t\n\t<\/div>\n<\/section>\n<section class=\"img-text-columns bg-white\">\n\t<div class=\"site-width\">\n\n\t\t<div class=\"columns reverse\">\n\n\t\t\t<div class=\"col col-img\" data-aos=\"fade-left\">\n\t\t\t\t\t\t\t\t<img decoding=\"async\" src=\"https:\/\/www.productcaster.com\/wp-content\/uploads\/2024\/07\/xSummit_how-it-works.png.pagespeed.ic_.yHeRHJi990.png\" alt=\"\">\n\t\t\t<\/div>\n\n\t\t\t<div class=\"col col-text\" data-aos=\"fade-right\">\n\t\t\t\t<h2>Programme Revendeur Productcaster<\/h2>\n\t\t\t\t<p>Vous \u00eates une agence ou un\u00b7e ind\u00e9pendant\u00b7e \u00e0 la recherche d&#8217;une solution e-commerce de pointe pouvant \u00eatre mise en place rapidement et \u00e0 grande \u00e9chelle\u00a0?  Productcaster offre des tarifs avantageux aux partenaires souhaitant faire profiter leurs clients de notre technologie. Faites profiter vos clients de tous les avantages des services Productcaster tout en b\u00e9n\u00e9ficiant d&#8217;une source suppl\u00e9mentaire de revenus.<\/p>\n\t\t\t<\/div>\n\t\t\t\n\t\t<\/div>\n\t\t\n\t<\/div>\n<\/section><section class=\"title-text-columns bg-white\">\n\t<div class=\"site-width\">\n\t\t\n\t\t<div class=\"columns\">\n\t\t\t\t\t\t\t<div class=\"row\">\n\t\t\t\t\t<div class=\"title\" data-aos=\"fade-up\">\n\t\t\t\t\t\t<h2>Avantages pour vous<\/h2>\n\t\t\t\t\t<\/div>\n\n\t\t\t\t\t<div class=\"text-content\" data-aos=\"fade-up\" data-aos-delay=\"100\">\n\t\t\t\t\t\t<p><strong>Une source de revenus suppl\u00e9mentaire<\/strong> En tant que revendeur, vous aurez acc\u00e8s \u00e0 des tarifs r\u00e9duits sur les offres Productcaster, ce qui vous permettra d&#8217;augmenter vos marges et de cr\u00e9er une nouvelle source de revenus pour votre entreprise. <strong>De meilleures performances<\/strong> Productcaster fera fructifier les budgets marketing de vos clients, pour une plus grande efficacit\u00e9 et des ROAS am\u00e9lior\u00e9s, avec des CPC 20\u00a0% moins \u00e9lev\u00e9s avec le CSS Productcaster <strong>Une assistance sp\u00e9cialis\u00e9e<\/strong> Productcaster peut vous aider \u00e0 maximiser les performances des campagnes de vos clients\u00a0; nous sommes des experts Shopping et pouvons vous aider \u00e0 mettre au point la meilleure strat\u00e9gie pour r\u00e9pondre aux objectifs de vos clients.<\/p>\n\t\t\t\t\t<\/div>\n\t\t\t\t<\/div>\n\t\t\t\t\n\t\t\t\t\t\t\t\t<div class=\"row\">\n\t\t\t\t\t<div class=\"title\" data-aos=\"fade-up\">\n\t\t\t\t\t\t<h2>Avantages pour vos clients<\/h2>\n\t\t\t\t\t<\/div>\n\n\t\t\t\t\t<div class=\"text-content\" data-aos=\"fade-up\" data-aos-delay=\"100\">\n\t\t\t\t\t\t<ul>\n<li>Des CPC jusqu&#8217;\u00e0 20\u00a0% moins \u00e9lev\u00e9s sur Shopping lorsqu&#8217;ils utilisent le CSS<\/li>\n<li>Une pr\u00e9sence \u00e9largie, un trafic accru et des performances de campagne am\u00e9lior\u00e9es<\/li>\n<li>Un acc\u00e8s \u00e0 Shopping et \u00e0 une expertise des flux<\/li>\n<li>Une assistance Google sp\u00e9cialis\u00e9e<\/li>\n<li>Des analyses du secteur et des recommandations<\/li>\n<li>Un acc\u00e8s \u00e0 des webinaires th\u00e9matiques sur les nouvelles fonctions et les meilleures pratiques<\/li>\n<\/ul>\n\t\t\t\t\t<\/div>\n\t\t\t\t<\/div>\n\t\t\t\t\n\t\t\t\t\t\t<\/div>\n\n\t<\/div>\n<\/section><div class=\"testimonial bg-orange\">\n\t<div class=\"site-width\">\n\n\t\t<div class=\"inner-content\" data-aos=\"fade-up\">\n\t\t\t<p class=\"h3\">\n\t\t\t\t\u00ab\u00a0Productcaster est notre partenaire CSS depuis maintenant plus de 4\u00a0ans. Le soutien que nous recevons est exceptionnel, et ils se distinguent par leur rapidit\u00e9 \u00e0 nous porter assistance. Nous avons essay\u00e9 un grand nombre de fournisseurs de CSS, et Productcaster est le plus fiable et le plus digne de confiance.\u00a0\u00bb\t\t\t<\/p>\n\n\t\t\t<p class=\"h4\">Guillaume Neyret \u2013 Directeur adjoint chez Ad\u2019s up Consulting<\/p>\n\t\t<\/div>\n\t\t\n\t<\/div>\n<\/div><section class=\"cta-block bg-white\">\n\t<div class=\"site-width\">\n\t\t<div class=\"inner-content\" data-aos=\"fade-up\">\n\t\t\t<p class=\"h2\">Envie de devenir partenaire\u00a0?&nbsp;<span>Parlons-en.<\/span><\/p>\n\t\t\t<a href=\"https:\/\/www.productcaster.com\/contact\/\" class=\"btn dark\">Prendre contact<\/a>\n\t\t<\/div>\n\t<\/div>\n<\/section>","protected":false},"excerpt":{"rendered":"","protected":false},"author":2,"featured_media":0,"parent":0,"menu_order":0,"comment_status":"closed","ping_status":"closed","template":"","meta":{"_acf_changed":false,"content-type":"","footnotes":""},"class_list":["post-31254","page","type-page","status-publish","hentry"],"acf":[],"yoast_head":"<!-- This site is optimized with the Yoast SEO plugin v22.1 - https:\/\/yoast.com\/wordpress\/plugins\/seo\/ -->\n<title>Partenariats - Devenez un revendeur accr\u00e9dit\u00e9 | Productcaster<\/title>\n<meta name=\"description\" content=\"Devenez un revendeur Productcaster accr\u00e9dit\u00e9. Soutenez vos clients pour stimuler leur croissance en ligne avec des solutions CSS haut de gamme.\" \/>\n<meta name=\"robots\" content=\"index, follow, max-snippet:-1, max-image-preview:large, max-video-preview:-1\" \/>\n<link rel=\"canonical\" href=\"https:\/\/www.productcaster.com\/fr\/partenariats\/\" \/>\n<meta property=\"og:locale\" content=\"fr_FR\" \/>\n<meta property=\"og:type\" content=\"article\" \/>\n<meta property=\"og:title\" content=\"Partenariats - Devenez un revendeur accr\u00e9dit\u00e9 | Productcaster\" \/>\n<meta property=\"og:description\" content=\"Devenez un revendeur Productcaster accr\u00e9dit\u00e9. Soutenez vos clients pour stimuler leur croissance en ligne avec des solutions CSS haut de gamme.\" \/>\n<meta property=\"og:url\" content=\"https:\/\/www.productcaster.com\/fr\/partenariats\/\" \/>\n<meta property=\"og:site_name\" content=\"Productcaster\" \/>\n<meta property=\"article:modified_time\" content=\"2024-11-22T10:41:13+00:00\" \/>\n<meta property=\"og:image\" content=\"https:\/\/www.productcaster.com\/wp-content\/uploads\/2024\/08\/productcaster-og.png\" \/>\n\t<meta property=\"og:image:width\" content=\"1200\" \/>\n\t<meta property=\"og:image:height\" content=\"630\" \/>\n\t<meta property=\"og:image:type\" content=\"image\/png\" \/>\n<meta name=\"twitter:card\" content=\"summary_large_image\" \/>\n<script type=\"application\/ld+json\" class=\"yoast-schema-graph\">{\"@context\":\"https:\/\/schema.org\",\"@graph\":[{\"@type\":\"WebPage\",\"@id\":\"https:\/\/www.productcaster.com\/fr\/partenariats\/\",\"url\":\"https:\/\/www.productcaster.com\/fr\/partenariats\/\",\"name\":\"Partenariats - Devenez un revendeur accr\u00e9dit\u00e9 | Productcaster\",\"isPartOf\":{\"@id\":\"https:\/\/www.productcaster.com\/fr\/#website\"},\"datePublished\":\"2024-07-29T12:45:22+00:00\",\"dateModified\":\"2024-11-22T10:41:13+00:00\",\"description\":\"Devenez un revendeur Productcaster accr\u00e9dit\u00e9. Soutenez vos clients pour stimuler leur croissance en ligne avec des solutions CSS haut de gamme.\",\"breadcrumb\":{\"@id\":\"https:\/\/www.productcaster.com\/fr\/partenariats\/#breadcrumb\"},\"inLanguage\":\"fr-FR\",\"potentialAction\":[{\"@type\":\"ReadAction\",\"target\":[\"https:\/\/www.productcaster.com\/fr\/partenariats\/\"]}]},{\"@type\":\"BreadcrumbList\",\"@id\":\"https:\/\/www.productcaster.com\/fr\/partenariats\/#breadcrumb\",\"itemListElement\":[{\"@type\":\"ListItem\",\"position\":1,\"name\":\"Home\",\"item\":\"https:\/\/www.productcaster.com\/fr\/\"},{\"@type\":\"ListItem\",\"position\":2,\"name\":\"Partenariats\"}]},{\"@type\":\"WebSite\",\"@id\":\"https:\/\/www.productcaster.com\/fr\/#website\",\"url\":\"https:\/\/www.productcaster.com\/fr\/\",\"name\":\"Productcaster\",\"description\":\"Make every product perform.\",\"publisher\":{\"@id\":\"https:\/\/www.productcaster.com\/fr\/#organization\"},\"potentialAction\":[{\"@type\":\"SearchAction\",\"target\":{\"@type\":\"EntryPoint\",\"urlTemplate\":\"https:\/\/www.productcaster.com\/fr\/?s={search_term_string}\"},\"query-input\":\"required name=search_term_string\"}],\"inLanguage\":\"fr-FR\"},{\"@type\":\"Organization\",\"@id\":\"https:\/\/www.productcaster.com\/fr\/#organization\",\"name\":\"Productcaster\",\"url\":\"https:\/\/www.productcaster.com\/fr\/\",\"logo\":{\"@type\":\"ImageObject\",\"inLanguage\":\"fr-FR\",\"@id\":\"https:\/\/www.productcaster.com\/fr\/#\/schema\/logo\/image\/\",\"url\":\"https:\/\/www.productcaster.com\/wp-content\/uploads\/2024\/07\/favicon.png\",\"contentUrl\":\"https:\/\/www.productcaster.com\/wp-content\/uploads\/2024\/07\/favicon.png\",\"width\":1000,\"height\":1000,\"caption\":\"Productcaster\"},\"image\":{\"@id\":\"https:\/\/www.productcaster.com\/fr\/#\/schema\/logo\/image\/\"},\"sameAs\":[\"https:\/\/www.linkedin.com\/company\/productcaster\/\"]}]}<\/script>\n<!-- \/ Yoast SEO plugin. -->","yoast_head_json":{"title":"Partenariats - Devenez un revendeur accr\u00e9dit\u00e9 | Productcaster","description":"Devenez un revendeur Productcaster accr\u00e9dit\u00e9. Soutenez vos clients pour stimuler leur croissance en ligne avec des solutions CSS haut de gamme.","robots":{"index":"index","follow":"follow","max-snippet":"max-snippet:-1","max-image-preview":"max-image-preview:large","max-video-preview":"max-video-preview:-1"},"canonical":"https:\/\/www.productcaster.com\/fr\/partenariats\/","og_locale":"fr_FR","og_type":"article","og_title":"Partenariats - Devenez un revendeur accr\u00e9dit\u00e9 | Productcaster","og_description":"Devenez un revendeur Productcaster accr\u00e9dit\u00e9. Soutenez vos clients pour stimuler leur croissance en ligne avec des solutions CSS haut de gamme.","og_url":"https:\/\/www.productcaster.com\/fr\/partenariats\/","og_site_name":"Productcaster","article_modified_time":"2024-11-22T10:41:13+00:00","og_image":[{"width":1200,"height":630,"url":"https:\/\/www.productcaster.com\/wp-content\/uploads\/2024\/08\/productcaster-og.png","type":"image\/png"}],"twitter_card":"summary_large_image","schema":{"@context":"https:\/\/schema.org","@graph":[{"@type":"WebPage","@id":"https:\/\/www.productcaster.com\/fr\/partenariats\/","url":"https:\/\/www.productcaster.com\/fr\/partenariats\/","name":"Partenariats - Devenez un revendeur accr\u00e9dit\u00e9 | Productcaster","isPartOf":{"@id":"https:\/\/www.productcaster.com\/fr\/#website"},"datePublished":"2024-07-29T12:45:22+00:00","dateModified":"2024-11-22T10:41:13+00:00","description":"Devenez un revendeur Productcaster accr\u00e9dit\u00e9. Soutenez vos clients pour stimuler leur croissance en ligne avec des solutions CSS haut de gamme.","breadcrumb":{"@id":"https:\/\/www.productcaster.com\/fr\/partenariats\/#breadcrumb"},"inLanguage":"fr-FR","potentialAction":[{"@type":"ReadAction","target":["https:\/\/www.productcaster.com\/fr\/partenariats\/"]}]},{"@type":"BreadcrumbList","@id":"https:\/\/www.productcaster.com\/fr\/partenariats\/#breadcrumb","itemListElement":[{"@type":"ListItem","position":1,"name":"Home","item":"https:\/\/www.productcaster.com\/fr\/"},{"@type":"ListItem","position":2,"name":"Partenariats"}]},{"@type":"WebSite","@id":"https:\/\/www.productcaster.com\/fr\/#website","url":"https:\/\/www.productcaster.com\/fr\/","name":"Productcaster","description":"Make every product perform.","publisher":{"@id":"https:\/\/www.productcaster.com\/fr\/#organization"},"potentialAction":[{"@type":"SearchAction","target":{"@type":"EntryPoint","urlTemplate":"https:\/\/www.productcaster.com\/fr\/?s={search_term_string}"},"query-input":"required name=search_term_string"}],"inLanguage":"fr-FR"},{"@type":"Organization","@id":"https:\/\/www.productcaster.com\/fr\/#organization","name":"Productcaster","url":"https:\/\/www.productcaster.com\/fr\/","logo":{"@type":"ImageObject","inLanguage":"fr-FR","@id":"https:\/\/www.productcaster.com\/fr\/#\/schema\/logo\/image\/","url":"https:\/\/www.productcaster.com\/wp-content\/uploads\/2024\/07\/favicon.png","contentUrl":"https:\/\/www.productcaster.com\/wp-content\/uploads\/2024\/07\/favicon.png","width":1000,"height":1000,"caption":"Productcaster"},"image":{"@id":"https:\/\/www.productcaster.com\/fr\/#\/schema\/logo\/image\/"},"sameAs":["https:\/\/www.linkedin.com\/company\/productcaster\/"]}]}},"_links":{"self":[{"href":"https:\/\/www.productcaster.com\/fr\/wp-json\/wp\/v2\/pages\/31254","targetHints":{"allow":["GET"]}}],"collection":[{"href":"https:\/\/www.productcaster.com\/fr\/wp-json\/wp\/v2\/pages"}],"about":[{"href":"https:\/\/www.productcaster.com\/fr\/wp-json\/wp\/v2\/types\/page"}],"author":[{"embeddable":true,"href":"https:\/\/www.productcaster.com\/fr\/wp-json\/wp\/v2\/users\/2"}],"replies":[{"embeddable":true,"href":"https:\/\/www.productcaster.com\/fr\/wp-json\/wp\/v2\/comments?post=31254"}],"version-history":[{"count":1,"href":"https:\/\/www.productcaster.com\/fr\/wp-json\/wp\/v2\/pages\/31254\/revisions"}],"predecessor-version":[{"id":31255,"href":"https:\/\/www.productcaster.com\/fr\/wp-json\/wp\/v2\/pages\/31254\/revisions\/31255"}],"wp:attachment":[{"href":"https:\/\/www.productcaster.com\/fr\/wp-json\/wp\/v2\/media?parent=31254"}],"curies":[{"name":"wp","href":"https:\/\/api.w.org\/{rel}","templated":true}]}}