{"id":31248,"date":"2024-07-29T13:42:58","date_gmt":"2024-07-29T12:42:58","guid":{"rendered":"https:\/\/www.productcaster.com\/feedmanager\/"},"modified":"2024-11-22T10:39:41","modified_gmt":"2024-11-22T10:39:41","slug":"feedmanager","status":"publish","type":"page","link":"https:\/\/www.productcaster.com\/fr\/feedmanager\/","title":{"rendered":"FeedManager"},"content":{"rendered":"\n<section class=\"img-text-header bg-white-bottom bg-grey\">\n\t<div class=\"site-width\">\n\n\t\t<div class=\"columns\">\n\t\t\t<div class=\"col col-text\" data-aos=\"fade-right\">\n\t\t\t\t<h1 class=\"h4\">FeedManager<\/h1>\n\t\t\t\t<h2 class=\"h1\">Des flux au service de la performance.<\/h2>\n\n\t\t\t\t<p>Prenez le contr\u00f4le total de vos flux produit pour am\u00e9liorer les performances de vos paid medias.<\/p>\n\n\t\t\t\t<a href=\"https:\/\/open.popup\/\" class=\"btn\">R\u00e9server une d\u00e9mo<\/a>\t\t\t<\/div>\n\n\t\t\t<div class=\"col col-img\" data-aos=\"fade-left\">\n\t\t\t\t<img decoding=\"async\" src=\"https:\/\/www.productcaster.com\/wp-content\/uploads\/2024\/08\/feed-manager-badges2-1710x1155.png\" alt=\"\">\t\t\t<\/div>\n\t\t<\/div>\n\t\t\n\t<\/div>\n<\/section>\n\n<section class=\"logo-block bg-white\">\n\t<div class=\"site-width\" data-aos=\"fade-up\">\n\n\t\t<h3>Approuv\u00e9 par les plus grandes \u00e9quipes du commerce \u00e9lectronique<\/h3>\n\t\t<div class=\"columns\">\n\t\t\t\t\t\t\t\t<div class=\"col\"><img decoding=\"async\" src=\"https:\/\/www.productcaster.com\/wp-content\/uploads\/2024\/02\/music-magpie-300x49.png\" alt=\"\"><\/div>\n\t\t\t\t\t\t\t\t\t<div class=\"col\"><img decoding=\"async\" src=\"https:\/\/www.productcaster.com\/wp-content\/uploads\/2024\/08\/sigma-black-300x73.png\" alt=\"\"><\/div>\n\t\t\t\t\t\t\t\t\t<div class=\"col\"><img decoding=\"async\" src=\"https:\/\/www.productcaster.com\/wp-content\/uploads\/2024\/08\/three-black-300x185.png\" alt=\"\"><\/div>\n\t\t\t\t\t\t\t\t\t<div class=\"col\"><img decoding=\"async\" src=\"https:\/\/www.productcaster.com\/wp-content\/uploads\/2024\/02\/la-redoute-wide-300x167.png\" alt=\"\"><\/div>\n\t\t\t\t\t\t\t\t\t<div class=\"col\"><img decoding=\"async\" src=\"https:\/\/www.productcaster.com\/wp-content\/uploads\/2024\/08\/whittards-black-300x100.png\" alt=\"\"><\/div>\n\t\t\t\t\t\t<\/div>\n\t\t\n\t<\/div>\n<\/section>\n<section class=\"img-text-columns bg-white\">\n\t<div class=\"site-width\">\n\n\t\t<div class=\"columns standard\">\n\n\t\t\t<div class=\"col col-img\" data-aos=\"fade-right\">\n\t\t\t\t\t\t\t\t<img decoding=\"async\" src=\"https:\/\/www.productcaster.com\/wp-content\/uploads\/2024\/07\/Summit_xfeedmanager-900x696.webp\" alt=\"\">\n\t\t\t<\/div>\n\n\t\t\t<div class=\"col col-text\" data-aos=\"fade-left\">\n\t\t\t\t<h2>Prenez le contr\u00f4le total de vos flux produit<\/h2>\n\t\t\t\t<p><span style=\"font-weight: 400;\">Vos flux produit ont un impact direct sur les mots-cl\u00e9s pour lesquels vous apparaissez et sur les produits, images et contenus affich\u00e9s dans vos campagnes sur Google, Meta, Amazon et bien d&#8217;autres encore. Investissez dans vos flux produit et profitez d&#8217;un RSI en performance marketing incomparable.<\/span><\/p>\n<ul>\n<li>Am\u00e9liorez la port\u00e9e et le TDC de vos campagnes<\/li>\n<li>Augmentez les retours sur investissement de vos annonces Shopping et Performance Max<\/li>\n<li>Exploitez l&#8217;automatisation pour gagner du temps et mettre fin aux erreurs<\/li>\n<li>Boostez votre rentabilit\u00e9 avec jusqu&#8217;\u00e0 20\u00a0% d&#8217;augmentation du RSI de vos campagnes<\/li>\n<li>Moins d&#8217;annonces d\u00e9sapprouv\u00e9es<\/li>\n<\/ul>\n\t\t\t<\/div>\n\t\t\t\n\t\t<\/div>\n\t\t\n\t<\/div>\n<\/section><section class=\"title-text-columns bg-white\">\n\t<div class=\"site-width\">\n\t\t\n\t\t<div class=\"columns\">\n\t\t\t\t\t\t\t<div class=\"row\">\n\t\t\t\t\t<div class=\"title\" data-aos=\"fade-up\">\n\t\t\t\t\t\t<h2>Gestion des flux de bout en bout<\/h2>\n\t\t\t\t\t<\/div>\n\n\t\t\t\t\t<div class=\"text-content\" data-aos=\"fade-up\" data-aos-delay=\"100\">\n\t\t\t\t\t\t<h3><strong>Publication<\/strong><\/h3>\n<p>S&#8217;assurer que votre message marketing contienne des informations produit \u00e0 jour (stock, prix, gamme disponible) aupr\u00e8s de tous les partenaires et en temps r\u00e9el<\/p>\n<h3><strong>Enrichissement<\/strong><\/h3>\n<p>Am\u00e9liorer automatiquement et manuellement la pertinence du contenu de votre flux, augmentant ainsi votre visibilit\u00e9 aupr\u00e8s de vos clients cibles<\/p>\n<h3><strong>Optimisation<\/strong><\/h3>\n<p>Promouvoir uniquement les produits qui g\u00e9n\u00e8rent le meilleur RSI et la meilleure marge par rapport \u00e0 vos objectifs d&#8217;ICP<\/p>\n<h3><strong>Diagnostic<\/strong><\/h3>\n<p>Comprendre la sant\u00e9 de votre flux, en permettant aux marketers d&#8217;op\u00e9rer les changements n\u00e9cessaires et d&#8217;\u00e9viter que les performances ne soient compromises.<\/p>\n\t\t\t\t\t<\/div>\n\t\t\t\t<\/div>\n\t\t\t\t\n\t\t\t\t\t\t<\/div>\n\n\t<\/div>\n<\/section>\n\n<section class=\"logo-block bg-white\">\n\t<div class=\"site-width\" data-aos=\"fade-up\">\n\n\t\t<h3>Une int\u00e9gration fluide sur plus de 50\u00a0plateformes publicitaires<\/h3>\n\t\t<div class=\"columns\">\n\t\t\t\t\t\t\t\t<div class=\"col\"><img decoding=\"async\" src=\"https:\/\/www.productcaster.com\/wp-content\/uploads\/2024\/08\/google-ads-300x54.png\" alt=\"\"><\/div>\n\t\t\t\t\t\t\t\t\t<div class=\"col\"><img decoding=\"async\" src=\"https:\/\/www.productcaster.com\/wp-content\/uploads\/2024\/08\/Amazon-Logotype-300x104.png\" alt=\"\"><\/div>\n\t\t\t\t\t\t\t\t\t<div class=\"col\"><img decoding=\"async\" src=\"https:\/\/www.productcaster.com\/wp-content\/uploads\/2024\/08\/Meta-Logo-300x71.png\" alt=\"\"><\/div>\n\t\t\t\t\t\t\t\t\t<div class=\"col\"><img decoding=\"async\" src=\"https:\/\/www.productcaster.com\/wp-content\/uploads\/2024\/08\/TikTok_logo-300x87.png\" alt=\"\"><\/div>\n\t\t\t\t\t\t\t\t\t<div class=\"col\"><img decoding=\"async\" src=\"https:\/\/www.productcaster.com\/wp-content\/uploads\/2024\/08\/awin-300x136.png\" alt=\"\"><\/div>\n\t\t\t\t\t\t\t\t\t<div class=\"col\"><img decoding=\"async\" src=\"https:\/\/www.productcaster.com\/wp-content\/uploads\/2024\/08\/Pinterest_Logo-300x74.png\" alt=\"\"><\/div>\n\t\t\t\t\t\t\t\t\t<div class=\"col\"><img decoding=\"async\" src=\"https:\/\/www.productcaster.com\/wp-content\/uploads\/2024\/08\/eBay-Logotype-300x124.png\" alt=\"\"><\/div>\n\t\t\t\t\t\t\t\t\t<div class=\"col\"><img decoding=\"async\" src=\"https:\/\/www.productcaster.com\/wp-content\/uploads\/2024\/08\/pricerunner-300x42.png\" alt=\"\"><\/div>\n\t\t\t\t\t\t\t\t\t<div class=\"col\"><img decoding=\"async\" src=\"https:\/\/www.productcaster.com\/wp-content\/uploads\/2024\/08\/criteo-300x62.png\" alt=\"\"><\/div>\n\t\t\t\t\t\t\t\t\t<div class=\"col\"><img decoding=\"async\" src=\"https:\/\/www.productcaster.com\/wp-content\/uploads\/2024\/08\/Microsoft-Edge-Logotype-1-300x75.png\" alt=\"\"><\/div>\n\t\t\t\t\t\t\t\t\t<div class=\"col\"><img decoding=\"async\" src=\"https:\/\/www.productcaster.com\/wp-content\/uploads\/2024\/08\/YouTube_Logo_2017-300x67.png\" alt=\"\"><\/div>\n\t\t\t\t\t\t\t\t\t<div class=\"col\"><img decoding=\"async\" src=\"https:\/\/www.productcaster.com\/wp-content\/uploads\/2024\/08\/kelkoo-300x71.png\" alt=\"\"><\/div>\n\t\t\t\t\t\t\t\t\t<div class=\"col\"><img decoding=\"async\" src=\"https:\/\/www.productcaster.com\/wp-content\/uploads\/2024\/08\/yahoo-300x89.png\" alt=\"\"><\/div>\n\t\t\t\t\t\t\t\t\t<div class=\"col\"><img decoding=\"async\" src=\"https:\/\/www.productcaster.com\/wp-content\/uploads\/2024\/08\/snapchat2-300x120.png\" alt=\"\"><\/div>\n\t\t\t\t\t\t\t\t\t<div class=\"col\"><img decoding=\"async\" src=\"https:\/\/www.productcaster.com\/wp-content\/uploads\/2024\/08\/Yandex_logo-300x72.png\" alt=\"\"><\/div>\n\t\t\t\t\t\t\t\t\t<div class=\"col\"><img decoding=\"async\" src=\"https:\/\/www.productcaster.com\/wp-content\/uploads\/2024\/08\/xv3-300x130.png\" alt=\"\"><\/div>\n\t\t\t\t\t\t\t\t\t<div class=\"col\"><img decoding=\"async\" src=\"https:\/\/www.productcaster.com\/wp-content\/uploads\/2024\/08\/spotify-300x90.png\" alt=\"\"><\/div>\n\t\t\t\t\t\t\t\t\t<div class=\"col\"><img decoding=\"async\" src=\"https:\/\/www.productcaster.com\/wp-content\/uploads\/2024\/08\/webgains-2-300x150.png\" alt=\"\"><\/div>\n\t\t\t\t\t\t\t\t\t<div class=\"col\"><img decoding=\"async\" src=\"https:\/\/www.productcaster.com\/wp-content\/uploads\/2024\/08\/Rakuten_Global_Brand_Logo-300x89.png\" alt=\"\"><\/div>\n\t\t\t\t\t\t<\/div>\n\t\t\n\t<\/div>\n<\/section><section class=\"title-text-columns bg-white\">\n\t<div class=\"site-width\">\n\t\t\n\t\t<div class=\"columns\">\n\t\t\t\t\t\t\t<div class=\"row\">\n\t\t\t\t\t<div class=\"title\" data-aos=\"fade-up\">\n\t\t\t\t\t\t<h2>Mise en route simple en 4\u00a0\u00e9tapes<\/h2>\n\t\t\t\t\t<\/div>\n\n\t\t\t\t\t<div class=\"text-content\" data-aos=\"fade-up\" data-aos-delay=\"100\">\n\t\t\t\t\t\t<h3><strong>01 Audit<\/strong><\/h3>\n<p>Une \u00e9valuation compl\u00e8te pour mieux comprendre la configuration actuelle de votre flux et vous conseiller sur les am\u00e9liorations possibles de votre BAU.<\/p>\n<h3><strong>02 Configuration<\/strong><\/h3>\n<p>Nous nous assurons que chaque flux entrant et sortant est configur\u00e9 selon les sp\u00e9cifications requises, y compris pour les publications personnalis\u00e9es.<\/p>\n<h3><strong>03 Lancement<\/strong><\/h3>\n<p>Un acc\u00e8s complet \u00e0 la plateforme, vous offrant un contr\u00f4le total pour g\u00e9rer et optimiser vos flux.<\/p>\n<h3><strong>04 Perfectionnement<\/strong><\/h3>\n<p>Notre \u00e9quipe propose une formation sur la plateforme et se tient \u00e0 votre disposition pour vous apporter un soutien technique et vous fournir des recommandations.<\/p>\n\t\t\t\t\t<\/div>\n\t\t\t\t<\/div>\n\t\t\t\t\n\t\t\t\t\t\t<\/div>\n\n\t<\/div>\n<\/section><section class=\"v2-packages bg-white three-col\">\n\t<div class=\"site-width\">\n\t\t<div class=\"intro\">\n\t\t\t<h2>Choisissez votre offre<\/h2>\n\n\t\t\t<div>\n\t\t\t\t<p>S\u00e9lectionnez l&#8217;offre qui r\u00e9pond \u00e0 vos besoins et r\u00e9servez une d\u00e9mo avec notre \u00e9quipe pour vous lancer.<\/p>\n\t\t\t<\/div>\n\t\t<\/div>\n\n\t\t<div class=\"table-contain\">\n\t\t\t\n\t\t\t<div class=\"package-table\">\n\t\t\t\t<div class=\"package-row plans-row\">\n\t\t\t\t\t<div><\/div>\n\t\t\t\t\t<div class=\"plan-title\"><img decoding=\"async\" src=\"https:\/\/www.productcaster.com\/wp-content\/themes\/productcaster\/assets\/img\/package-basic.svg\" alt=\"\"> Saas<\/div>\n\t\t\t\t\t<div class=\"plan-title\"><img decoding=\"async\" src=\"https:\/\/www.productcaster.com\/wp-content\/themes\/productcaster\/assets\/img\/package-plus.svg\" alt=\"\"> Premium<\/div>\n\t\t\t\t\t<div class=\"plan-title\"><img decoding=\"async\" src=\"https:\/\/www.productcaster.com\/wp-content\/themes\/productcaster\/assets\/img\/package-premium.svg\" alt=\"\"> Managed<\/div>\n\t\t\t\t\t\t\t\t\t<\/div>\n\n\t\t\t\t<div class=\"package-row title-row\">\n\t\t\t\t\t<div class=\"block-title\"><h3>Offres FeedManager<\/h3><\/div>\n\t\t\t\t\t<div><\/div>\n\t\t\t\t\t<div><\/div>\n\t\t\t\t\t<div><\/div>\n\t\t\t\t\t\t\t\t\t<\/div>\n\n\t\t\t\t\t\t\t\t\t<div class=\"package-row standard-row \">\n\t\t\t\t\t\t<div><span>Mise en route et configuration enti\u00e8rement supervis\u00e9es<\/span><\/div>\n\n\t\t\t\t\t\t<div>\n\t\t\t\t\t\t\t\t\t\t\t\t\t<\/div>\n\n\t\t\t\t\t\t<div>\n\t\t\t\t\t\t\t\t\t\t\t\t\t<\/div>\n\n\t\t\t\t\t\t<div>\n\t\t\t\t\t\t\t\t\t\t\t\t\t<\/div>\n\n\t\t\t\t\t\t\t\t\t\t\t<\/div>\n\t\t\t\t\t\t\t\t\t\t<div class=\"package-row standard-row \">\n\t\t\t\t\t\t<div><span>Analyse et audit du flux<\/span><\/div>\n\n\t\t\t\t\t\t<div>\n\t\t\t\t\t\t\t\t\t\t\t\t\t<\/div>\n\n\t\t\t\t\t\t<div>\n\t\t\t\t\t\t\t\t\t\t\t\t\t<\/div>\n\n\t\t\t\t\t\t<div>\n\t\t\t\t\t\t\t\t\t\t\t\t\t<\/div>\n\n\t\t\t\t\t\t\t\t\t\t\t<\/div>\n\t\t\t\t\t\t\t\t\t\t<div class=\"package-row standard-row \">\n\t\t\t\t\t\t<div><span>Recommandations et am\u00e9liorations en mati\u00e8re de BAU<\/span><\/div>\n\n\t\t\t\t\t\t<div>\n\t\t\t\t\t\t\t\t\t\t\t\t\t<\/div>\n\n\t\t\t\t\t\t<div>\n\t\t\t\t\t\t\t\t\t\t\t\t\t<\/div>\n\n\t\t\t\t\t\t<div>\n\t\t\t\t\t\t\t\t\t\t\t\t\t<\/div>\n\n\t\t\t\t\t\t\t\t\t\t\t<\/div>\n\t\t\t\t\t\t\t\t\t\t<div class=\"package-row standard-row \">\n\t\t\t\t\t\t<div><span>Analyse du Merchant Center<\/span><\/div>\n\n\t\t\t\t\t\t<div>\n\t\t\t\t\t\t\t\t\t\t\t\t\t<\/div>\n\n\t\t\t\t\t\t<div>\n\t\t\t\t\t\t\t\t\t\t\t\t\t<\/div>\n\n\t\t\t\t\t\t<div>\n\t\t\t\t\t\t\t\t\t\t\t\t\t<\/div>\n\n\t\t\t\t\t\t\t\t\t\t\t<\/div>\n\t\t\t\t\t\t\t\t\t\t<div class=\"package-row standard-row premium-line\">\n\t\t\t\t\t\t<div><span>Gestion du Merchant Center<\/span><\/div>\n\n\t\t\t\t\t\t<div>\n\t\t\t\t\t\t\t\t\t\t\t\t\t<\/div>\n\n\t\t\t\t\t\t<div>\n\t\t\t\t\t\t\t\t\t\t\t\t\t<\/div>\n\n\t\t\t\t\t\t<div>\n\t\t\t\t\t\t\t<div class=\"img-contain\"><img decoding=\"async\" src=\"https:\/\/www.productcaster.com\/wp-content\/themes\/productcaster\/assets\/img\/package-tick.svg\" alt=\"\"><\/div>\t\t\t\t\t\t<\/div>\n\n\t\t\t\t\t\t\t\t\t\t\t<\/div>\n\t\t\t\t\t\t\t\t\t\t<div class=\"package-row standard-row premium-line\">\n\t\t\t\t\t\t<div><span>Planification strat\u00e9gique et test<\/span><\/div>\n\n\t\t\t\t\t\t<div>\n\t\t\t\t\t\t\t\t\t\t\t\t\t<\/div>\n\n\t\t\t\t\t\t<div>\n\t\t\t\t\t\t\t\t\t\t\t\t\t<\/div>\n\n\t\t\t\t\t\t<div>\n\t\t\t\t\t\t\t<div class=\"img-contain\"><img decoding=\"async\" src=\"https:\/\/www.productcaster.com\/wp-content\/themes\/productcaster\/assets\/img\/package-tick.svg\" alt=\"\"><\/div>\t\t\t\t\t\t<\/div>\n\n\t\t\t\t\t\t\t\t\t\t\t<\/div>\n\t\t\t\t\t\t\t\t\t\t<div class=\"package-row standard-row premium-line\">\n\t\t\t\t\t\t<div><span>Offres CSS \u00e0 prix r\u00e9duit<\/span><\/div>\n\n\t\t\t\t\t\t<div>\n\t\t\t\t\t\t\t\t\t\t\t\t\t<\/div>\n\n\t\t\t\t\t\t<div>\n\t\t\t\t\t\t\t\t\t\t\t\t\t<\/div>\n\n\t\t\t\t\t\t<div>\n\t\t\t\t\t\t\t\t\t\t\t\t\t<\/div>\n\n\t\t\t\t\t\t\t\t\t\t\t<\/div>\n\t\t\t\t\t\t\t\t<\/div>\n\n\t\t<\/div>\n\n\t\t<div class=\"outro\">\n\t\t\t\n\t\t\t\t\t<\/div>\n\t<\/div>\n<\/section><div class=\"testimonial bg-orange\">\n\t<div class=\"site-width\">\n\n\t\t<div class=\"inner-content\" data-aos=\"fade-up\">\n\t\t\t<p class=\"h3\">\n\t\t\t\t\u00ab\u00a0Nous utilisons FeedManager depuis maintenant 6\u00a0ans. Cela nous a donn\u00e9 un avantage concurrentiel\u00a0: nous avons \u00e9conomis\u00e9 des milliers d&#8217;heures et nous avons \u00e9largi notre pr\u00e9sence et consid\u00e9rablement am\u00e9lior\u00e9 nos performances. Nous avons obtenu les meilleurs r\u00e9sultats en ligne au sein de l&#8217;ensemble du groupe en 2023-24 et FeedManager a \u00e9t\u00e9 la cl\u00e9 de notre succ\u00e8s.\u00a0\u00bb\n\t\t\t<\/p>\n\n\t\t\t<p class=\"h4\">Matt Gratze \u2013 Directeur du num\u00e9rique chez Ernest Jones et H.Samuel<\/p>\n\t\t<\/div>\n\t\t\n\t<\/div>\n<\/div><section class=\"cta-block bg-white\">\n\t<div class=\"site-width\">\n\t\t<div class=\"inner-content\" data-aos=\"fade-up\">\n\t\t\t<p class=\"h2\">Pr\u00eat \u00e0 nous rejoindre\u00a0?&nbsp;<span>Parlons-en.<\/span><\/p>\n\t\t\t<a href=\"https:\/\/open.popup\/\" class=\"btn dark\">R\u00e9server une d\u00e9mo<\/a>\n\t\t<\/div>\n\t<\/div>\n<\/section>","protected":false},"excerpt":{"rendered":"","protected":false},"author":2,"featured_media":0,"parent":0,"menu_order":0,"comment_status":"closed","ping_status":"closed","template":"","meta":{"_acf_changed":false,"content-type":"","footnotes":""},"class_list":["post-31248","page","type-page","status-publish","hentry"],"acf":[],"yoast_head":"<!-- This site is optimized with the Yoast SEO plugin v22.1 - https:\/\/yoast.com\/wordpress\/plugins\/seo\/ -->\n<title>Solution de gestion des flux FeedManager | Productcaster<\/title>\n<meta name=\"description\" content=\"Solution de gestion des flux de produits FeedManager pour les plus grands d\u00e9taillants du commerce \u00e9lectronique. Prenez le contr\u00f4le de vos flux et am\u00e9liorez les performances de vos paid medias.\" \/>\n<meta name=\"robots\" content=\"index, follow, max-snippet:-1, max-image-preview:large, max-video-preview:-1\" \/>\n<link rel=\"canonical\" href=\"https:\/\/www.productcaster.com\/fr\/feedmanager\/\" \/>\n<meta property=\"og:locale\" content=\"fr_FR\" \/>\n<meta property=\"og:type\" content=\"article\" \/>\n<meta property=\"og:title\" content=\"Solution de gestion des flux FeedManager | Productcaster\" \/>\n<meta property=\"og:description\" content=\"Solution de gestion des flux de produits FeedManager pour les plus grands d\u00e9taillants du commerce \u00e9lectronique. Prenez le contr\u00f4le de vos flux et am\u00e9liorez les performances de vos paid medias.\" \/>\n<meta property=\"og:url\" content=\"https:\/\/www.productcaster.com\/fr\/feedmanager\/\" \/>\n<meta property=\"og:site_name\" content=\"Productcaster\" \/>\n<meta property=\"article:modified_time\" content=\"2024-11-22T10:39:41+00:00\" \/>\n<meta property=\"og:image\" content=\"https:\/\/www.productcaster.com\/wp-content\/uploads\/2024\/08\/productcaster-og.png\" \/>\n\t<meta property=\"og:image:width\" content=\"1200\" \/>\n\t<meta property=\"og:image:height\" content=\"630\" \/>\n\t<meta property=\"og:image:type\" content=\"image\/png\" \/>\n<meta name=\"twitter:card\" content=\"summary_large_image\" \/>\n<script type=\"application\/ld+json\" class=\"yoast-schema-graph\">{\"@context\":\"https:\/\/schema.org\",\"@graph\":[{\"@type\":\"WebPage\",\"@id\":\"https:\/\/www.productcaster.com\/fr\/feedmanager\/\",\"url\":\"https:\/\/www.productcaster.com\/fr\/feedmanager\/\",\"name\":\"Solution de gestion des flux FeedManager | Productcaster\",\"isPartOf\":{\"@id\":\"https:\/\/www.productcaster.com\/fr\/#website\"},\"datePublished\":\"2024-07-29T12:42:58+00:00\",\"dateModified\":\"2024-11-22T10:39:41+00:00\",\"description\":\"Solution de gestion des flux de produits FeedManager pour les plus grands d\u00e9taillants du commerce \u00e9lectronique. Prenez le contr\u00f4le de vos flux et am\u00e9liorez les performances de vos paid medias.\",\"breadcrumb\":{\"@id\":\"https:\/\/www.productcaster.com\/fr\/feedmanager\/#breadcrumb\"},\"inLanguage\":\"fr-FR\",\"potentialAction\":[{\"@type\":\"ReadAction\",\"target\":[\"https:\/\/www.productcaster.com\/fr\/feedmanager\/\"]}]},{\"@type\":\"BreadcrumbList\",\"@id\":\"https:\/\/www.productcaster.com\/fr\/feedmanager\/#breadcrumb\",\"itemListElement\":[{\"@type\":\"ListItem\",\"position\":1,\"name\":\"Home\",\"item\":\"https:\/\/www.productcaster.com\/fr\/\"},{\"@type\":\"ListItem\",\"position\":2,\"name\":\"FeedManager\"}]},{\"@type\":\"WebSite\",\"@id\":\"https:\/\/www.productcaster.com\/fr\/#website\",\"url\":\"https:\/\/www.productcaster.com\/fr\/\",\"name\":\"Productcaster\",\"description\":\"Make every product perform.\",\"publisher\":{\"@id\":\"https:\/\/www.productcaster.com\/fr\/#organization\"},\"potentialAction\":[{\"@type\":\"SearchAction\",\"target\":{\"@type\":\"EntryPoint\",\"urlTemplate\":\"https:\/\/www.productcaster.com\/fr\/?s={search_term_string}\"},\"query-input\":\"required name=search_term_string\"}],\"inLanguage\":\"fr-FR\"},{\"@type\":\"Organization\",\"@id\":\"https:\/\/www.productcaster.com\/fr\/#organization\",\"name\":\"Productcaster\",\"url\":\"https:\/\/www.productcaster.com\/fr\/\",\"logo\":{\"@type\":\"ImageObject\",\"inLanguage\":\"fr-FR\",\"@id\":\"https:\/\/www.productcaster.com\/fr\/#\/schema\/logo\/image\/\",\"url\":\"https:\/\/www.productcaster.com\/wp-content\/uploads\/2024\/07\/favicon.png\",\"contentUrl\":\"https:\/\/www.productcaster.com\/wp-content\/uploads\/2024\/07\/favicon.png\",\"width\":1000,\"height\":1000,\"caption\":\"Productcaster\"},\"image\":{\"@id\":\"https:\/\/www.productcaster.com\/fr\/#\/schema\/logo\/image\/\"},\"sameAs\":[\"https:\/\/www.linkedin.com\/company\/productcaster\/\"]}]}<\/script>\n<!-- \/ Yoast SEO plugin. -->","yoast_head_json":{"title":"Solution de gestion des flux FeedManager | Productcaster","description":"Solution de gestion des flux de produits FeedManager pour les plus grands d\u00e9taillants du commerce \u00e9lectronique. Prenez le contr\u00f4le de vos flux et am\u00e9liorez les performances de vos paid medias.","robots":{"index":"index","follow":"follow","max-snippet":"max-snippet:-1","max-image-preview":"max-image-preview:large","max-video-preview":"max-video-preview:-1"},"canonical":"https:\/\/www.productcaster.com\/fr\/feedmanager\/","og_locale":"fr_FR","og_type":"article","og_title":"Solution de gestion des flux FeedManager | Productcaster","og_description":"Solution de gestion des flux de produits FeedManager pour les plus grands d\u00e9taillants du commerce \u00e9lectronique. Prenez le contr\u00f4le de vos flux et am\u00e9liorez les performances de vos paid medias.","og_url":"https:\/\/www.productcaster.com\/fr\/feedmanager\/","og_site_name":"Productcaster","article_modified_time":"2024-11-22T10:39:41+00:00","og_image":[{"width":1200,"height":630,"url":"https:\/\/www.productcaster.com\/wp-content\/uploads\/2024\/08\/productcaster-og.png","type":"image\/png"}],"twitter_card":"summary_large_image","schema":{"@context":"https:\/\/schema.org","@graph":[{"@type":"WebPage","@id":"https:\/\/www.productcaster.com\/fr\/feedmanager\/","url":"https:\/\/www.productcaster.com\/fr\/feedmanager\/","name":"Solution de gestion des flux FeedManager | Productcaster","isPartOf":{"@id":"https:\/\/www.productcaster.com\/fr\/#website"},"datePublished":"2024-07-29T12:42:58+00:00","dateModified":"2024-11-22T10:39:41+00:00","description":"Solution de gestion des flux de produits FeedManager pour les plus grands d\u00e9taillants du commerce \u00e9lectronique. Prenez le contr\u00f4le de vos flux et am\u00e9liorez les performances de vos paid medias.","breadcrumb":{"@id":"https:\/\/www.productcaster.com\/fr\/feedmanager\/#breadcrumb"},"inLanguage":"fr-FR","potentialAction":[{"@type":"ReadAction","target":["https:\/\/www.productcaster.com\/fr\/feedmanager\/"]}]},{"@type":"BreadcrumbList","@id":"https:\/\/www.productcaster.com\/fr\/feedmanager\/#breadcrumb","itemListElement":[{"@type":"ListItem","position":1,"name":"Home","item":"https:\/\/www.productcaster.com\/fr\/"},{"@type":"ListItem","position":2,"name":"FeedManager"}]},{"@type":"WebSite","@id":"https:\/\/www.productcaster.com\/fr\/#website","url":"https:\/\/www.productcaster.com\/fr\/","name":"Productcaster","description":"Make every product perform.","publisher":{"@id":"https:\/\/www.productcaster.com\/fr\/#organization"},"potentialAction":[{"@type":"SearchAction","target":{"@type":"EntryPoint","urlTemplate":"https:\/\/www.productcaster.com\/fr\/?s={search_term_string}"},"query-input":"required name=search_term_string"}],"inLanguage":"fr-FR"},{"@type":"Organization","@id":"https:\/\/www.productcaster.com\/fr\/#organization","name":"Productcaster","url":"https:\/\/www.productcaster.com\/fr\/","logo":{"@type":"ImageObject","inLanguage":"fr-FR","@id":"https:\/\/www.productcaster.com\/fr\/#\/schema\/logo\/image\/","url":"https:\/\/www.productcaster.com\/wp-content\/uploads\/2024\/07\/favicon.png","contentUrl":"https:\/\/www.productcaster.com\/wp-content\/uploads\/2024\/07\/favicon.png","width":1000,"height":1000,"caption":"Productcaster"},"image":{"@id":"https:\/\/www.productcaster.com\/fr\/#\/schema\/logo\/image\/"},"sameAs":["https:\/\/www.linkedin.com\/company\/productcaster\/"]}]}},"_links":{"self":[{"href":"https:\/\/www.productcaster.com\/fr\/wp-json\/wp\/v2\/pages\/31248","targetHints":{"allow":["GET"]}}],"collection":[{"href":"https:\/\/www.productcaster.com\/fr\/wp-json\/wp\/v2\/pages"}],"about":[{"href":"https:\/\/www.productcaster.com\/fr\/wp-json\/wp\/v2\/types\/page"}],"author":[{"embeddable":true,"href":"https:\/\/www.productcaster.com\/fr\/wp-json\/wp\/v2\/users\/2"}],"replies":[{"embeddable":true,"href":"https:\/\/www.productcaster.com\/fr\/wp-json\/wp\/v2\/comments?post=31248"}],"version-history":[{"count":1,"href":"https:\/\/www.productcaster.com\/fr\/wp-json\/wp\/v2\/pages\/31248\/revisions"}],"predecessor-version":[{"id":31249,"href":"https:\/\/www.productcaster.com\/fr\/wp-json\/wp\/v2\/pages\/31248\/revisions\/31249"}],"wp:attachment":[{"href":"https:\/\/www.productcaster.com\/fr\/wp-json\/wp\/v2\/media?parent=31248"}],"curies":[{"name":"wp","href":"https:\/\/api.w.org\/{rel}","templated":true}]}}