{"id":31292,"date":"2024-01-22T21:19:55","date_gmt":"2024-01-22T21:19:55","guid":{"rendered":"https:\/\/www.productcaster.com\/inicio\/"},"modified":"2025-04-09T09:09:42","modified_gmt":"2025-04-09T08:09:42","slug":"inicio","status":"publish","type":"page","link":"https:\/\/www.productcaster.com\/es\/","title":{"rendered":"Inicio"},"content":{"rendered":"\n<section class=\"img-text-header bg-white-bottom bg-grey\">\n\t<div class=\"site-width\">\n\n\t\t<div class=\"columns\">\n\t\t\t<div class=\"col col-text\" data-aos=\"fade-right\">\n\t\t\t\t<h1 class=\"h4\">Tecnolog\u00eda de comercio electr\u00f3nico galardonada<\/h1>\n\t\t\t\t<h2 class=\"h1\">Hacer que cada producto rinda.<\/h2>\n\n\t\t\t\t<p>Comparison Shopping Service &amp; FeedManager para escalar marcas de comercio electr\u00f3nico.<\/p>\n\n\t\t\t\t<a href=\"https:\/\/open.popup\/\" class=\"btn\">Reserve una demostraci\u00f3n<\/a>\t\t\t<\/div>\n\n\t\t\t<div class=\"col col-img\" data-aos=\"fade-left\">\n\t\t\t\t<img decoding=\"async\" src=\"https:\/\/www.productcaster.com\/wp-content\/uploads\/2024\/08\/homepage-hero-NB-edit.png\" alt=\"\">\t\t\t<\/div>\n\t\t<\/div>\n\t\t\n\t<\/div>\n<\/section>\n\n<section class=\"logo-block bg-white\">\n\t<div class=\"site-width\" data-aos=\"fade-up\">\n\n\t\t<h3>Con la confianza de los mayores minoristas del mundo<\/h3>\n\t\t<div class=\"columns\">\n\t\t\t\t\t\t\t\t<div class=\"col\"><img decoding=\"async\" src=\"https:\/\/www.productcaster.com\/wp-content\/uploads\/2024\/02\/THG-300x109.png\" alt=\"\"><\/div>\n\t\t\t\t\t\t\t\t\t<div class=\"col\"><img decoding=\"async\" src=\"https:\/\/www.productcaster.com\/wp-content\/uploads\/2024\/02\/Wickes_logo-1-1.svg\" alt=\"\"><\/div>\n\t\t\t\t\t\t\t\t\t<div class=\"col\"><img decoding=\"async\" src=\"https:\/\/www.productcaster.com\/wp-content\/uploads\/2024\/01\/placeholder-logo3.svg\" alt=\"\"><\/div>\n\t\t\t\t\t\t\t\t\t<div class=\"col\"><img decoding=\"async\" src=\"https:\/\/www.productcaster.com\/wp-content\/uploads\/2024\/08\/Wayfair-black-300x50.png\" alt=\"\"><\/div>\n\t\t\t\t\t\t\t\t\t<div class=\"col\"><img decoding=\"async\" src=\"https:\/\/www.productcaster.com\/wp-content\/uploads\/2024\/02\/Black_Ann_Summers_Logo-300x42.png\" alt=\"\"><\/div>\n\t\t\t\t\t\t\t\t\t<div class=\"col\"><img decoding=\"async\" src=\"https:\/\/www.productcaster.com\/wp-content\/uploads\/2024\/08\/sigma-black-300x73.png\" alt=\"\"><\/div>\n\t\t\t\t\t\t\t\t\t<div class=\"col\"><img decoding=\"async\" src=\"https:\/\/www.productcaster.com\/wp-content\/uploads\/2024\/08\/ikea-black-300x122.png\" alt=\"\"><\/div>\n\t\t\t\t\t\t\t\t\t<div class=\"col\"><img decoding=\"async\" src=\"https:\/\/www.productcaster.com\/wp-content\/uploads\/2024\/08\/fruugo-black-300x146.png\" alt=\"\"><\/div>\n\t\t\t\t\t\t\t\t\t<div class=\"col\"><img decoding=\"async\" src=\"https:\/\/www.productcaster.com\/wp-content\/uploads\/2024\/02\/Silentnight-Logo-1-300x164.png\" alt=\"\"><\/div>\n\t\t\t\t\t\t\t\t\t<div class=\"col\"><img decoding=\"async\" src=\"https:\/\/www.productcaster.com\/wp-content\/uploads\/2024\/08\/viking-black-300x119.png\" alt=\"\"><\/div>\n\t\t\t\t\t\t\t\t\t<div class=\"col\"><img decoding=\"async\" src=\"https:\/\/www.productcaster.com\/wp-content\/uploads\/2024\/08\/ErnestJones-logo-1-300x21.png\" alt=\"\"><\/div>\n\t\t\t\t\t\t\t\t\t<div class=\"col\"><img decoding=\"async\" src=\"https:\/\/www.productcaster.com\/wp-content\/uploads\/2024\/08\/bensons-black-300x85.png\" alt=\"\"><\/div>\n\t\t\t\t\t\t\t\t\t<div class=\"col\"><img decoding=\"async\" src=\"https:\/\/www.productcaster.com\/wp-content\/uploads\/2024\/08\/scs-2-300x122.png\" alt=\"\"><\/div>\n\t\t\t\t\t\t\t\t\t<div class=\"col\"><img decoding=\"async\" src=\"https:\/\/www.productcaster.com\/wp-content\/uploads\/2024\/08\/new-balance-300x105.png\" alt=\"\"><\/div>\n\t\t\t\t\t\t\t\t\t<div class=\"col\"><img decoding=\"async\" src=\"https:\/\/www.productcaster.com\/wp-content\/uploads\/2024\/02\/music-magpie-300x49.png\" alt=\"\"><\/div>\n\t\t\t\t\t\t\t\t\t<div class=\"col\"><img decoding=\"async\" src=\"https:\/\/www.productcaster.com\/wp-content\/uploads\/2024\/08\/naked-wines-300x78.png\" alt=\"\"><\/div>\n\t\t\t\t\t\t\t\t\t<div class=\"col\"><img decoding=\"async\" src=\"https:\/\/www.productcaster.com\/wp-content\/uploads\/2024\/08\/kg.svg\" alt=\"\"><\/div>\n\t\t\t\t\t\t<\/div>\n\t\t\n\t<\/div>\n<\/section><section class=\"links-block\">\n\t<div class=\"site-width\" data-aos=\"fade-in\">\n\n\t\t<div class=\"columns\">\n\t\t\t<div class=\"col col-title\">\n\t\t\t\t<div class=\"inner-content\">\n\t\t\t\t\t<a href=\"\" class=\"cta\">\n\t\t\t\t\t\tSoluciones\t\t\t\t\t\t<svg xmlns=\"http:\/\/www.w3.org\/2000\/svg\" width=\"9.419\" height=\"7.976\" viewBox=\"0 0 9.419 7.976\"><g id=\"cta-arw\" transform=\"translate(-242 -1282.793)\"><path id=\"Path_393\" data-name=\"Path 393\" d=\"M0,3.281,3.281,0,6.562,3.281\" transform=\"translate(250.711 1283.5) rotate(90)\" fill=\"none\" stroke=\"#262626\" stroke-linecap=\"round\" stroke-width=\"1\"\/><line id=\"Line_5\" data-name=\"Line 5\" x1=\"7.933\" transform=\"translate(242.5 1286.781)\" fill=\"none\" stroke=\"#262626\" stroke-linecap=\"round\" stroke-width=\"1\"\/><\/g><\/svg>\n\t\t\t\t\t<\/a>\n\t\t\t\t<\/div>\n\t\t\t<\/div>\n\n\t\t\t<div class=\"col col-blocks\">\n\t\t\t\t\t\t\t\t<div class=\"block\">\n\t\t\t\t\t<h2>CSS<\/h2>\n\n\t\t\t\t\t<p><span style=\"font-weight: 400;\">Ahorre hasta un 20% en CPC y mejore el rendimiento de sus campa\u00f1as de Shopping con una soluci\u00f3n CSS premium. Soporte experto y dedicado para responder a sus consultas sobre Shopping, identificar oportunidades e impulsar el crecimiento en Google Ads.<\/span><\/p>\n\n\t\t\t\t\t\t\t\t\t\t\t<a href=\"https:\/\/www.productcaster.com\/comparison-shopping-service-css\/\" class=\"link-arw\">\n\t\t\t\t\t\t\t<span><svg xmlns=\"http:\/\/www.w3.org\/2000\/svg\" width=\"22.932\" height=\"17.755\" viewBox=\"0 0 22.932 17.755\"><g id=\"arw-black\" transform=\"translate(-13.055 -15.1)\"><path id=\"Path_858\" data-name=\"Path 858\" d=\"M0,0h21.89\" transform=\"translate(13.056 23.279)\" fill=\"none\" stroke=\"#fff\" stroke-width=\"1.5\"\/><path id=\"Path_859\" data-name=\"Path 859\" d=\"M0,0,8.058,7.62,0,16.712\" transform=\"translate(26.887 15.645)\" fill=\"none\" stroke=\"#fff\" stroke-width=\"1.5\"\/><\/g><\/svg><\/span>\n\n\t\t\t\t\t\t\tM\u00e1s informaci\u00f3n\t\t\t\t\t\t<\/a>\n\t\t\t\t\t\t\t\t\t<\/div>\n\t\t\t\t\n\t\t\t\t\n\t\t\t\t\t\t\t\t<div class=\"block\">\n\t\t\t\t\t<h2>FeedManager<\/h2>\n\n\t\t\t\t\t<p><span style=\"font-weight: 400;\">Mejore el alcance y la eficacia de las campa\u00f1as y consiga m\u00e1s ventas optimizando r\u00e1pidamente su feed de productos a escala. Integraci\u00f3n perfecta con m\u00e1s de 60 socios, incluidos Google, Meta y Amazon, entre otros. Conocimientos especializados de feeds para mejorar tanto la actividad habitual de su negocio como las estrategias a largo plazo.<\/span><\/p>\n\n\t\t\t\t\t\t\t\t\t\t\t<a href=\"https:\/\/www.productcaster.com\/feedmanager\/\" class=\"link-arw\">\n\t\t\t\t\t\t\t<span><svg xmlns=\"http:\/\/www.w3.org\/2000\/svg\" width=\"22.932\" height=\"17.755\" viewBox=\"0 0 22.932 17.755\"><g id=\"arw-black\" transform=\"translate(-13.055 -15.1)\"><path id=\"Path_858\" data-name=\"Path 858\" d=\"M0,0h21.89\" transform=\"translate(13.056 23.279)\" fill=\"none\" stroke=\"#fff\" stroke-width=\"1.5\"\/><path id=\"Path_859\" data-name=\"Path 859\" d=\"M0,0,8.058,7.62,0,16.712\" transform=\"translate(26.887 15.645)\" fill=\"none\" stroke=\"#fff\" stroke-width=\"1.5\"\/><\/g><\/svg><\/span>\n\n\t\t\t\t\t\t\tM\u00e1s informaci\u00f3n\t\t\t\t\t\t<\/a>\n\t\t\t\t\t\t\t\t\t\t\n\t\t\t\t<\/div>\n\t\t\t\t\n\t\t\t\t\n\t\t\t\t\n\t\t\t\t\n\t\t\t\t\t\t\t<\/div>\n\t\t<\/div>\n\t\t\n\t<\/div>\n<\/section>\n<section class=\"v2-img-tick-columns bg-grey\">\n\t<div class=\"site-width\">\n\n\t\t<div class=\"columns invertir\">\n\n\t\t\t<div class=\"col col-img\" data-aos=\"fade-right\">\n\t\t\t\t\t\t\t\t<img decoding=\"async\" src=\"\" alt=\"\">\n\t\t\t<\/div>\n\n\t\t\t<div class=\"col col-text\" data-aos=\"fade-left\">\n\t\t\t\t<h2>\u00bfPor qu\u00e9 elegir FeedManager?<\/h2>\n\t\t\t\t<ul class=\"tick-list\">\n\t\t\t\t<li><p>Acceso directo a la experiencia en comercio minorista y electr\u00f3nico<\/p>\n<\/li><li><p>Mejorar el rendimiento de las campa\u00f1as<\/p>\n<\/li><li><p>Reducir los costes de publicidad<\/p>\n<\/li><li><p>Aprovechar los tipos de campa\u00f1a m\u00e1s recientes<\/p>\n<\/li><li><p>Ampliar el alcance a trav\u00e9s de nuevos canales<\/p>\n<\/li><li><p>Apoyo continuo al marketing de resultados<\/p>\n<\/li><li><p>Migraci\u00f3n sin fisuras<\/p>\n<\/li>\t\t\t\t<\/ul>\n\t\t\t<\/div>\n\t\t\t\n\t\t<\/div>\n\t\t\n\t<\/div>\n<\/section><section class=\"v2-case-study-blocks bg-white\">\n\t<div class=\"site-width\">\n\n\t\t<div class=\"carousel-contain\">\n\t\t\t\t\t\t\t<div class=\"item\" data-aos=\"fade-up\">\n\t\t\t\t\t\t\t\t\t\t<img decoding=\"async\" src=\"https:\/\/www.productcaster.com\/wp-content\/uploads\/2024\/08\/abigail-keenan-8-s5QuUBtyM-unsplash-800x800.jpg\" alt=\"\">\n\n\t\t\t\t\t<div class=\"inner-content\">\n\t\t\t\t\t\t<div class=\"top\">\n\t\t\t\t\t\t\t<h2 class=\"h1\">Deportes<\/h2>\n\t\t\t\t\t\t<\/div>\n\n\t\t\t\t\t\t<div class=\"bottom\">\n\t\t\t\t\t\t\t<div class=\"stats\">\n\t\t\t\t\t\t\t\t<div class=\"single-stat\">\n\t\t\t\t\t\t\t\t\t<span class=\"title\">Tr\u00e1fico<\/span>\n\t\t\t\t\t\t\t\t\t<span class=\"stat\">+55%<\/span>\n\t\t\t\t\t\t\t\t<\/div>\n\n\t\t\t\t\t\t\t\t\t\t\t\t\t\t\t\t<div class=\"single-stat\">\n\t\t\t\t\t\t\t\t\t<span class=\"title\">CPC<\/span>\n\t\t\t\t\t\t\t\t\t<span class=\"stat\">-45%<\/span>\n\t\t\t\t\t\t\t\t<\/div>\n\t\t\t\t\t\t\t\t\t\t\t\t\t\t\t<\/div>\n\t\t\t\t\t\t<\/div>\n\t\t\t\t\t<\/div>\n\t\t\t\t<\/div>\n\t\t\t\t\t\t\t\t<div class=\"item\" data-aos=\"fade-up\">\n\t\t\t\t\t\t\t\t\t\t<img decoding=\"async\" src=\"https:\/\/www.productcaster.com\/wp-content\/uploads\/2024\/08\/the-nix-company-4Hmj9gkyM6c-unsplash-800x800.jpg\" alt=\"\">\n\n\t\t\t\t\t<div class=\"inner-content\">\n\t\t\t\t\t\t<div class=\"top\">\n\t\t\t\t\t\t\t<h2 class=\"h1\">Moda<\/h2>\n\t\t\t\t\t\t<\/div>\n\n\t\t\t\t\t\t<div class=\"bottom\">\n\t\t\t\t\t\t\t<div class=\"stats\">\n\t\t\t\t\t\t\t\t<div class=\"single-stat\">\n\t\t\t\t\t\t\t\t\t<span class=\"title\">Tr\u00e1fico<\/span>\n\t\t\t\t\t\t\t\t\t<span class=\"stat\">+36% <\/span>\n\t\t\t\t\t\t\t\t<\/div>\n\n\t\t\t\t\t\t\t\t\t\t\t\t\t\t\t\t<div class=\"single-stat\">\n\t\t\t\t\t\t\t\t\t<span class=\"title\">CPC<\/span>\n\t\t\t\t\t\t\t\t\t<span class=\"stat\">-14%<\/span>\n\t\t\t\t\t\t\t\t<\/div>\n\t\t\t\t\t\t\t\t\t\t\t\t\t\t\t<\/div>\n\t\t\t\t\t\t<\/div>\n\t\t\t\t\t<\/div>\n\t\t\t\t<\/div>\n\t\t\t\t\t\t\t\t<div class=\"item\" data-aos=\"fade-up\">\n\t\t\t\t\t\t\t\t\t\t<img decoding=\"async\" src=\"https:\/\/www.productcaster.com\/wp-content\/uploads\/2024\/08\/gabrielle-henderson-pL1qsBqCatk-unsplash-800x800.jpg\" alt=\"\">\n\n\t\t\t\t\t<div class=\"inner-content\">\n\t\t\t\t\t\t<div class=\"top\">\n\t\t\t\t\t\t\t<h2 class=\"h1\">Lujo<\/h2>\n\t\t\t\t\t\t<\/div>\n\n\t\t\t\t\t\t<div class=\"bottom\">\n\t\t\t\t\t\t\t<div class=\"stats\">\n\t\t\t\t\t\t\t\t<div class=\"single-stat\">\n\t\t\t\t\t\t\t\t\t<span class=\"title\">Tr\u00e1fico<\/span>\n\t\t\t\t\t\t\t\t\t<span class=\"stat\">+2% <\/span>\n\t\t\t\t\t\t\t\t<\/div>\n\n\t\t\t\t\t\t\t\t\t\t\t\t\t\t\t\t<div class=\"single-stat\">\n\t\t\t\t\t\t\t\t\t<span class=\"title\">CPC<\/span>\n\t\t\t\t\t\t\t\t\t<span class=\"stat\">-14%<\/span>\n\t\t\t\t\t\t\t\t<\/div>\n\t\t\t\t\t\t\t\t\t\t\t\t\t\t\t<\/div>\n\t\t\t\t\t\t<\/div>\n\t\t\t\t\t<\/div>\n\t\t\t\t<\/div>\n\t\t\t\t\t\t\t\t<div class=\"item\" data-aos=\"fade-up\">\n\t\t\t\t\t\t\t\t\t\t<img decoding=\"async\" src=\"https:\/\/www.productcaster.com\/wp-content\/uploads\/2024\/08\/james-qualtrough-qvXPDFVMics-unsplash-800x800.jpg\" alt=\"\">\n\n\t\t\t\t\t<div class=\"inner-content\">\n\t\t\t\t\t\t<div class=\"top\">\n\t\t\t\t\t\t\t<h2 class=\"h1\">Hazlo t\u00fa mismo<\/h2>\n\t\t\t\t\t\t<\/div>\n\n\t\t\t\t\t\t<div class=\"bottom\">\n\t\t\t\t\t\t\t<div class=\"stats\">\n\t\t\t\t\t\t\t\t<div class=\"single-stat\">\n\t\t\t\t\t\t\t\t\t<span class=\"title\">Tr\u00e1fico<\/span>\n\t\t\t\t\t\t\t\t\t<span class=\"stat\">+32% <\/span>\n\t\t\t\t\t\t\t\t<\/div>\n\n\t\t\t\t\t\t\t\t\t\t\t\t\t\t\t\t<div class=\"single-stat\">\n\t\t\t\t\t\t\t\t\t<span class=\"title\">CPC<\/span>\n\t\t\t\t\t\t\t\t\t<span class=\"stat\">-22%<\/span>\n\t\t\t\t\t\t\t\t<\/div>\n\t\t\t\t\t\t\t\t\t\t\t\t\t\t\t<\/div>\n\t\t\t\t\t\t<\/div>\n\t\t\t\t\t<\/div>\n\t\t\t\t<\/div>\n\t\t\t\t\t\t\t\t<div class=\"item\" data-aos=\"fade-up\">\n\t\t\t\t\t\t\t\t\t\t<img decoding=\"async\" src=\"https:\/\/www.productcaster.com\/wp-content\/uploads\/2024\/08\/timothy-buck-psrloDbaZc8-unsplash-scaled-e1723125757322-800x800.jpg\" alt=\"\">\n\n\t\t\t\t\t<div class=\"inner-content\">\n\t\t\t\t\t\t<div class=\"top\">\n\t\t\t\t\t\t\t<h2 class=\"h1\">Inicio<\/h2>\n\t\t\t\t\t\t<\/div>\n\n\t\t\t\t\t\t<div class=\"bottom\">\n\t\t\t\t\t\t\t<div class=\"stats\">\n\t\t\t\t\t\t\t\t<div class=\"single-stat\">\n\t\t\t\t\t\t\t\t\t<span class=\"title\">Tr\u00e1fico<\/span>\n\t\t\t\t\t\t\t\t\t<span class=\"stat\">+36% <\/span>\n\t\t\t\t\t\t\t\t<\/div>\n\n\t\t\t\t\t\t\t\t\t\t\t\t\t\t\t\t<div class=\"single-stat\">\n\t\t\t\t\t\t\t\t\t<span class=\"title\">CPC<\/span>\n\t\t\t\t\t\t\t\t\t<span class=\"stat\">-22%<\/span>\n\t\t\t\t\t\t\t\t<\/div>\n\t\t\t\t\t\t\t\t\t\t\t\t\t\t\t<\/div>\n\t\t\t\t\t\t<\/div>\n\t\t\t\t\t<\/div>\n\t\t\t\t<\/div>\n\t\t\t\t\t\t\t\t<div class=\"item\" data-aos=\"fade-up\">\n\t\t\t\t\t\t\t\t\t\t<img decoding=\"async\" src=\"https:\/\/www.productcaster.com\/wp-content\/uploads\/2024\/08\/eduardo-soares-e4EmPx91Aj4-unsplash-scaled-e1723125239295-800x800.jpg\" alt=\"\">\n\n\t\t\t\t\t<div class=\"inner-content\">\n\t\t\t\t\t\t<div class=\"top\">\n\t\t\t\t\t\t\t<h2 class=\"h1\">F&#038;B<\/h2>\n\t\t\t\t\t\t<\/div>\n\n\t\t\t\t\t\t<div class=\"bottom\">\n\t\t\t\t\t\t\t<div class=\"stats\">\n\t\t\t\t\t\t\t\t<div class=\"single-stat\">\n\t\t\t\t\t\t\t\t\t<span class=\"title\">Tr\u00e1fico<\/span>\n\t\t\t\t\t\t\t\t\t<span class=\"stat\">+34%<\/span>\n\t\t\t\t\t\t\t\t<\/div>\n\n\t\t\t\t\t\t\t\t\t\t\t\t\t\t\t\t<div class=\"single-stat\">\n\t\t\t\t\t\t\t\t\t<span class=\"title\">CPC<\/span>\n\t\t\t\t\t\t\t\t\t<span class=\"stat\">-26%<\/span>\n\t\t\t\t\t\t\t\t<\/div>\n\t\t\t\t\t\t\t\t\t\t\t\t\t\t\t<\/div>\n\t\t\t\t\t\t<\/div>\n\t\t\t\t\t<\/div>\n\t\t\t\t<\/div>\n\t\t\t\t\t\t\t\t<div class=\"item\" data-aos=\"fade-up\">\n\t\t\t\t\t\t\t\t\t\t<img decoding=\"async\" src=\"https:\/\/www.productcaster.com\/wp-content\/uploads\/2024\/08\/5-Tips-on-how-to-target-corporate-meetings-for-your-hotel-3-scaled-1-800x800.jpg\" alt=\"\">\n\n\t\t\t\t\t<div class=\"inner-content\">\n\t\t\t\t\t\t<div class=\"top\">\n\t\t\t\t\t\t\t<h2 class=\"h1\">B2B<\/h2>\n\t\t\t\t\t\t<\/div>\n\n\t\t\t\t\t\t<div class=\"bottom\">\n\t\t\t\t\t\t\t<div class=\"stats\">\n\t\t\t\t\t\t\t\t<div class=\"single-stat\">\n\t\t\t\t\t\t\t\t\t<span class=\"title\">CPC<\/span>\n\t\t\t\t\t\t\t\t\t<span class=\"stat\">-29%<\/span>\n\t\t\t\t\t\t\t\t<\/div>\n\n\t\t\t\t\t\t\t\t\t\t\t\t\t\t\t<\/div>\n\t\t\t\t\t\t<\/div>\n\t\t\t\t\t<\/div>\n\t\t\t\t<\/div>\n\t\t\t\t\t\t<\/div>\n\n\t<\/div>\n<\/section><div class=\"testimonial bg-orange\">\n\t<div class=\"site-width\">\n\n\t\t<div class=\"inner-content\" data-aos=\"fade-up\">\n\t\t\t<p class=\"h3\">\n\t\t\t\t&#8220;Elegimos Productcaster dado su gran rendimiento, migraci\u00f3n sencilla y transparencia de precios&#8221;.\t\t\t<\/p>\n\n\t\t\t<p class=\"h4\">Lee Faetz \u2013 Director de comercio electr\u00f3nico de Evans Cycles<\/p>\n\t\t<\/div>\n\t\t\n\t<\/div>\n<\/div><section class=\"cta-block bg-white\">\n\t<div class=\"site-width\">\n\t\t<div class=\"inner-content\" data-aos=\"fade-up\">\n\t\t\t<p class=\"h2\">\u00bfListo para cambiar?&nbsp;<span>Empecemos.<\/span><\/p>\n\t\t\t<a href=\"https:\/\/open.popup\/\" class=\"btn dark\">Reserve una demostraci\u00f3n<\/a>\n\t\t<\/div>\n\t<\/div>\n<\/section>","protected":false},"excerpt":{"rendered":"","protected":false},"author":1,"featured_media":0,"parent":0,"menu_order":0,"comment_status":"closed","ping_status":"closed","template":"","meta":{"_acf_changed":false,"content-type":"","footnotes":""},"class_list":["post-31292","page","type-page","status-publish","hentry"],"acf":[],"yoast_head":"<!-- This site is optimized with the Yoast SEO plugin v22.1 - https:\/\/yoast.com\/wordpress\/plugins\/seo\/ -->\n<title>Productcaster CSS &amp; FeedManager - Haga que cada producto rinda<\/title>\n<meta name=\"description\" content=\"Comparison Shopping Service &amp; FeedManager para marcas de comercio electr\u00f3nico escalables y los principales minoristas del mundo. Tecnolog\u00eda galardonada.\" \/>\n<meta name=\"robots\" content=\"index, follow, max-snippet:-1, max-image-preview:large, max-video-preview:-1\" \/>\n<link rel=\"canonical\" href=\"https:\/\/www.productcaster.com\/es\/\" \/>\n<meta property=\"og:locale\" content=\"es_ES\" \/>\n<meta property=\"og:type\" content=\"article\" \/>\n<meta property=\"og:title\" content=\"Productcaster CSS &amp; FeedManager - Haga que cada producto rinda\" \/>\n<meta property=\"og:description\" content=\"Comparison Shopping Service &amp; FeedManager para marcas de comercio electr\u00f3nico escalables y los principales minoristas del mundo. Tecnolog\u00eda galardonada.\" \/>\n<meta property=\"og:url\" content=\"https:\/\/www.productcaster.com\/es\/\" \/>\n<meta property=\"og:site_name\" content=\"Productcaster\" \/>\n<meta property=\"article:modified_time\" content=\"2025-04-09T08:09:42+00:00\" \/>\n<meta property=\"og:image\" content=\"https:\/\/www.productcaster.com\/wp-content\/uploads\/2024\/08\/productcaster-og.png\" \/>\n\t<meta property=\"og:image:width\" content=\"1200\" \/>\n\t<meta property=\"og:image:height\" content=\"630\" \/>\n\t<meta property=\"og:image:type\" content=\"image\/png\" \/>\n<meta name=\"twitter:card\" content=\"summary_large_image\" \/>\n<script type=\"application\/ld+json\" class=\"yoast-schema-graph\">{\"@context\":\"https:\/\/schema.org\",\"@graph\":[{\"@type\":\"WebPage\",\"@id\":\"https:\/\/www.productcaster.com\/es\/\",\"url\":\"https:\/\/www.productcaster.com\/es\/\",\"name\":\"Productcaster CSS & FeedManager - Haga que cada producto rinda\",\"isPartOf\":{\"@id\":\"https:\/\/www.productcaster.com\/es\/#website\"},\"datePublished\":\"2024-01-22T21:19:55+00:00\",\"dateModified\":\"2025-04-09T08:09:42+00:00\",\"description\":\"Comparison Shopping Service & FeedManager para marcas de comercio electr\u00f3nico escalables y los principales minoristas del mundo. Tecnolog\u00eda galardonada.\",\"breadcrumb\":{\"@id\":\"https:\/\/www.productcaster.com\/es\/#breadcrumb\"},\"inLanguage\":\"es-ES\",\"potentialAction\":[{\"@type\":\"ReadAction\",\"target\":[\"https:\/\/www.productcaster.com\/es\/\"]}]},{\"@type\":\"BreadcrumbList\",\"@id\":\"https:\/\/www.productcaster.com\/es\/#breadcrumb\",\"itemListElement\":[{\"@type\":\"ListItem\",\"position\":1,\"name\":\"Home\",\"item\":\"https:\/\/www.productcaster.com\/es\/\"},{\"@type\":\"ListItem\",\"position\":2,\"name\":\"Inicio\"}]},{\"@type\":\"WebSite\",\"@id\":\"https:\/\/www.productcaster.com\/es\/#website\",\"url\":\"https:\/\/www.productcaster.com\/es\/\",\"name\":\"Productcaster\",\"description\":\"Make every product perform.\",\"publisher\":{\"@id\":\"https:\/\/www.productcaster.com\/es\/#organization\"},\"potentialAction\":[{\"@type\":\"SearchAction\",\"target\":{\"@type\":\"EntryPoint\",\"urlTemplate\":\"https:\/\/www.productcaster.com\/es\/?s={search_term_string}\"},\"query-input\":\"required name=search_term_string\"}],\"inLanguage\":\"es-ES\"},{\"@type\":\"Organization\",\"@id\":\"https:\/\/www.productcaster.com\/es\/#organization\",\"name\":\"Productcaster\",\"url\":\"https:\/\/www.productcaster.com\/es\/\",\"logo\":{\"@type\":\"ImageObject\",\"inLanguage\":\"es-ES\",\"@id\":\"https:\/\/www.productcaster.com\/es\/#\/schema\/logo\/image\/\",\"url\":\"https:\/\/www.productcaster.com\/wp-content\/uploads\/2024\/07\/favicon.png\",\"contentUrl\":\"https:\/\/www.productcaster.com\/wp-content\/uploads\/2024\/07\/favicon.png\",\"width\":1000,\"height\":1000,\"caption\":\"Productcaster\"},\"image\":{\"@id\":\"https:\/\/www.productcaster.com\/es\/#\/schema\/logo\/image\/\"},\"sameAs\":[\"https:\/\/www.linkedin.com\/company\/productcaster\/\"]}]}<\/script>\n<!-- \/ Yoast SEO plugin. -->","yoast_head_json":{"title":"Productcaster CSS & FeedManager - Haga que cada producto rinda","description":"Comparison Shopping Service & FeedManager para marcas de comercio electr\u00f3nico escalables y los principales minoristas del mundo. Tecnolog\u00eda galardonada.","robots":{"index":"index","follow":"follow","max-snippet":"max-snippet:-1","max-image-preview":"max-image-preview:large","max-video-preview":"max-video-preview:-1"},"canonical":"https:\/\/www.productcaster.com\/es\/","og_locale":"es_ES","og_type":"article","og_title":"Productcaster CSS & FeedManager - Haga que cada producto rinda","og_description":"Comparison Shopping Service & FeedManager para marcas de comercio electr\u00f3nico escalables y los principales minoristas del mundo. Tecnolog\u00eda galardonada.","og_url":"https:\/\/www.productcaster.com\/es\/","og_site_name":"Productcaster","article_modified_time":"2025-04-09T08:09:42+00:00","og_image":[{"width":1200,"height":630,"url":"https:\/\/www.productcaster.com\/wp-content\/uploads\/2024\/08\/productcaster-og.png","type":"image\/png"}],"twitter_card":"summary_large_image","schema":{"@context":"https:\/\/schema.org","@graph":[{"@type":"WebPage","@id":"https:\/\/www.productcaster.com\/es\/","url":"https:\/\/www.productcaster.com\/es\/","name":"Productcaster CSS & FeedManager - Haga que cada producto rinda","isPartOf":{"@id":"https:\/\/www.productcaster.com\/es\/#website"},"datePublished":"2024-01-22T21:19:55+00:00","dateModified":"2025-04-09T08:09:42+00:00","description":"Comparison Shopping Service & FeedManager para marcas de comercio electr\u00f3nico escalables y los principales minoristas del mundo. Tecnolog\u00eda galardonada.","breadcrumb":{"@id":"https:\/\/www.productcaster.com\/es\/#breadcrumb"},"inLanguage":"es-ES","potentialAction":[{"@type":"ReadAction","target":["https:\/\/www.productcaster.com\/es\/"]}]},{"@type":"BreadcrumbList","@id":"https:\/\/www.productcaster.com\/es\/#breadcrumb","itemListElement":[{"@type":"ListItem","position":1,"name":"Home","item":"https:\/\/www.productcaster.com\/es\/"},{"@type":"ListItem","position":2,"name":"Inicio"}]},{"@type":"WebSite","@id":"https:\/\/www.productcaster.com\/es\/#website","url":"https:\/\/www.productcaster.com\/es\/","name":"Productcaster","description":"Make every product perform.","publisher":{"@id":"https:\/\/www.productcaster.com\/es\/#organization"},"potentialAction":[{"@type":"SearchAction","target":{"@type":"EntryPoint","urlTemplate":"https:\/\/www.productcaster.com\/es\/?s={search_term_string}"},"query-input":"required name=search_term_string"}],"inLanguage":"es-ES"},{"@type":"Organization","@id":"https:\/\/www.productcaster.com\/es\/#organization","name":"Productcaster","url":"https:\/\/www.productcaster.com\/es\/","logo":{"@type":"ImageObject","inLanguage":"es-ES","@id":"https:\/\/www.productcaster.com\/es\/#\/schema\/logo\/image\/","url":"https:\/\/www.productcaster.com\/wp-content\/uploads\/2024\/07\/favicon.png","contentUrl":"https:\/\/www.productcaster.com\/wp-content\/uploads\/2024\/07\/favicon.png","width":1000,"height":1000,"caption":"Productcaster"},"image":{"@id":"https:\/\/www.productcaster.com\/es\/#\/schema\/logo\/image\/"},"sameAs":["https:\/\/www.linkedin.com\/company\/productcaster\/"]}]}},"_links":{"self":[{"href":"https:\/\/www.productcaster.com\/es\/wp-json\/wp\/v2\/pages\/31292","targetHints":{"allow":["GET"]}}],"collection":[{"href":"https:\/\/www.productcaster.com\/es\/wp-json\/wp\/v2\/pages"}],"about":[{"href":"https:\/\/www.productcaster.com\/es\/wp-json\/wp\/v2\/types\/page"}],"author":[{"embeddable":true,"href":"https:\/\/www.productcaster.com\/es\/wp-json\/wp\/v2\/users\/1"}],"replies":[{"embeddable":true,"href":"https:\/\/www.productcaster.com\/es\/wp-json\/wp\/v2\/comments?post=31292"}],"version-history":[{"count":2,"href":"https:\/\/www.productcaster.com\/es\/wp-json\/wp\/v2\/pages\/31292\/revisions"}],"predecessor-version":[{"id":31561,"href":"https:\/\/www.productcaster.com\/es\/wp-json\/wp\/v2\/pages\/31292\/revisions\/31561"}],"wp:attachment":[{"href":"https:\/\/www.productcaster.com\/es\/wp-json\/wp\/v2\/media?parent=31292"}],"curies":[{"name":"wp","href":"https:\/\/api.w.org\/{rel}","templated":true}]}}