{"id":31252,"date":"2024-07-29T13:45:22","date_gmt":"2024-07-29T12:45:22","guid":{"rendered":"https:\/\/www.productcaster.com\/asociaciones\/"},"modified":"2024-11-22T10:41:13","modified_gmt":"2024-11-22T10:41:13","slug":"asociaciones","status":"publish","type":"page","link":"https:\/\/www.productcaster.com\/es\/asociaciones\/","title":{"rendered":"Asociaciones"},"content":{"rendered":"\n<section class=\"img-text-header bg-white-bottom bg-grey\">\n\t<div class=\"site-width\">\n\n\t\t<div class=\"columns\">\n\t\t\t<div class=\"col col-text\" data-aos=\"fade-right\">\n\t\t\t\t<h1 class=\"h4\">Asociaciones<\/h1>\n\t\t\t\t<h2 class=\"h1\">Convi\u00e9rtase en distribuidor acreditado de Productcaster.<\/h2>\n\n\t\t\t\t<p><span style=\"font-weight: 400;\">Apoye a sus clientes para impulsar el crecimiento de su comercio electr\u00f3nico.<\/span><\/p>\n\n\t\t\t\t\t\t\t<\/div>\n\n\t\t\t<div class=\"col col-img\" data-aos=\"fade-left\">\n\t\t\t\t<img decoding=\"async\" src=\"https:\/\/www.productcaster.com\/wp-content\/uploads\/2024\/07\/reseller.jpg\" alt=\"\">\t\t\t<\/div>\n\t\t<\/div>\n\t\t\n\t<\/div>\n<\/section>\n\n<section class=\"logo-block bg-white\">\n\t<div class=\"site-width\" data-aos=\"fade-up\">\n\n\t\t<h3>Colaboraci\u00f3n con agencias l\u00edderes<\/h3>\n\t\t<div class=\"columns\">\n\t\t\t\t\t\t\t\t<div class=\"col\"><img decoding=\"async\" src=\"https:\/\/www.productcaster.com\/wp-content\/uploads\/2024\/07\/adsup-logo-e1722413781532-300x64.png\" alt=\"\"><\/div>\n\t\t\t\t\t\t\t\t\t<div class=\"col\"><img decoding=\"async\" src=\"https:\/\/www.productcaster.com\/wp-content\/uploads\/2024\/07\/Modo25_lockup_black_RGB1-300x79.png\" alt=\"\"><\/div>\n\t\t\t\t\t\t\t\t\t<div class=\"col\"><img decoding=\"async\" src=\"https:\/\/www.productcaster.com\/wp-content\/uploads\/2024\/08\/brave-bison-300x40.png\" alt=\"\"><\/div>\n\t\t\t\t\t\t\t\t\t<div class=\"col\"><img decoding=\"async\" src=\"https:\/\/www.productcaster.com\/wp-content\/uploads\/2024\/08\/can-do2-300x110.png\" alt=\"\"><\/div>\n\t\t\t\t\t\t\t\t\t<div class=\"col\"><img decoding=\"async\" src=\"https:\/\/www.productcaster.com\/wp-content\/uploads\/2024\/08\/digimood-300x55.png\" alt=\"\"><\/div>\n\t\t\t\t\t\t\t\t\t<div class=\"col\"><img decoding=\"async\" src=\"https:\/\/www.productcaster.com\/wp-content\/uploads\/2024\/08\/jaywing2-300x42.png\" alt=\"\"><\/div>\n\t\t\t\t\t\t\t\t\t<div class=\"col\"><img decoding=\"async\" src=\"https:\/\/www.productcaster.com\/wp-content\/uploads\/2024\/08\/7stars-2-300x132.png\" alt=\"\"><\/div>\n\t\t\t\t\t\t\t\t\t<div class=\"col\"><img decoding=\"async\" src=\"https:\/\/www.productcaster.com\/wp-content\/uploads\/2024\/08\/thg-300x95.png\" alt=\"\"><\/div>\n\t\t\t\t\t\t<\/div>\n\t\t\n\t<\/div>\n<\/section>\n<section class=\"img-text-columns bg-white\">\n\t<div class=\"site-width\">\n\n\t\t<div class=\"columns invertir\">\n\n\t\t\t<div class=\"col col-img\" data-aos=\"fade-right\">\n\t\t\t\t\t\t\t\t<img decoding=\"async\" src=\"https:\/\/www.productcaster.com\/wp-content\/uploads\/2024\/07\/xSummit_how-it-works.png.pagespeed.ic_.yHeRHJi990.png\" alt=\"\">\n\t\t\t<\/div>\n\n\t\t\t<div class=\"col col-text\" data-aos=\"fade-left\">\n\t\t\t\t<h2>Programa de distribuidores de Productcaster<\/h2>\n\t\t\t\t<p>\u00bfEs usted una agencia o un aut\u00f3nomo que busca soluciones tecnol\u00f3gicas de comercio electr\u00f3nico l\u00edderes en el mercado que puedan implantarse r\u00e1pidamente y a gran escala?  Productcaster ofrece tarifas favorables a los socios que deseen ofrecer nuestra tecnolog\u00eda a su cartera de clientes, proporcionando todas las ventajas de los servicios de Productcaster a sus clientes y ofreci\u00e9ndole una fuente de ingresos adicional.<\/p>\n\t\t\t<\/div>\n\t\t\t\n\t\t<\/div>\n\t\t\n\t<\/div>\n<\/section><section class=\"title-text-columns bg-white\">\n\t<div class=\"site-width\">\n\t\t\n\t\t<div class=\"columns\">\n\t\t\t\t\t\t\t<div class=\"row\">\n\t\t\t\t\t<div class=\"title\" data-aos=\"fade-up\">\n\t\t\t\t\t\t<h2>Ventajas para usted<\/h2>\n\t\t\t\t\t<\/div>\n\n\t\t\t\t\t<div class=\"text-content\" data-aos=\"fade-up\" data-aos-delay=\"100\">\n\t\t\t\t\t\t<p><strong>Fuente de Ingresos Adicional<\/strong> Como distribuidor, tendr\u00e1 acceso a tarifas con descuento para los paquetes Productcaster, lo que le permitir\u00e1 a\u00f1adir un margen y crear una nueva fuente de ingresos para su negocio. <strong>Mayor Rendimiento<\/strong> Productcaster har\u00e1 que los presupuestos de marketing de sus clientes rindan m\u00e1s, fomentando una mayor eficiencia y mejorando el ROAS, con CPCs hasta un 20% m\u00e1s baratos con Productcaster CSS <strong>Apoyo Especializado<\/strong> Productcaster puede ayudarle a maximizar el rendimiento de las campa\u00f1as de sus clientes; somos expertos en shopping y podemos ayudarle a crear la mejor estrategia para alcanzar los objetivos de sus clientes.<\/p>\n\t\t\t\t\t<\/div>\n\t\t\t\t<\/div>\n\t\t\t\t\n\t\t\t\t\t\t\t\t<div class=\"row\">\n\t\t\t\t\t<div class=\"title\" data-aos=\"fade-up\">\n\t\t\t\t\t\t<h2>Ventajas para sus clientes<\/h2>\n\t\t\t\t\t<\/div>\n\n\t\t\t\t\t<div class=\"text-content\" data-aos=\"fade-up\" data-aos-delay=\"100\">\n\t\t\t\t\t\t<ul>\n<li>Hasta un 20% menos de CPC en el shopping utilizando CSS<\/li>\n<li>Mayor alcance, m\u00e1s tr\u00e1fico y mejores resultados de las campa\u00f1as<\/li>\n<li>Acceso a la experiencia en shopping y feeds<\/li>\n<li>Asistencia especializada en Google<\/li>\n<li>Informaci\u00f3n y recomendaciones sobre el sector<\/li>\n<li>Acceda a seminarios web de actualidad sobre nuevas funciones y buenas pr\u00e1cticas<\/li>\n<\/ul>\n\t\t\t\t\t<\/div>\n\t\t\t\t<\/div>\n\t\t\t\t\n\t\t\t\t\t\t<\/div>\n\n\t<\/div>\n<\/section><div class=\"testimonial bg-orange\">\n\t<div class=\"site-width\">\n\n\t\t<div class=\"inner-content\" data-aos=\"fade-up\">\n\t\t\t<p class=\"h3\">\n\t\t\t\t&#8220;Productcaster ha sido nuestro socio de CSS durante m\u00e1s de 4 a\u00f1os. El apoyo que ofrecen es excepcional, y la velocidad que proporcionan ayuda a diferenciarlos. Hemos probado varios proveedores de CSS, pero Productcaster es el m\u00e1s fiable&#8221;.\t\t\t<\/p>\n\n\t\t\t<p class=\"h4\">Guillaume Neyret \u2013 Director Asociado de Ad&#8217;s up Consulting<\/p>\n\t\t<\/div>\n\t\t\n\t<\/div>\n<\/div><section class=\"cta-block bg-white\">\n\t<div class=\"site-width\">\n\t\t<div class=\"inner-content\" data-aos=\"fade-up\">\n\t\t\t<p class=\"h2\">\u00bfQuiere convertirse en socio?&nbsp;<span>Hablemos.<\/span><\/p>\n\t\t\t<a href=\"https:\/\/www.productcaster.com\/contact\/\" class=\"btn dark\">P\u00f3ngase en contacto con nosotros<\/a>\n\t\t<\/div>\n\t<\/div>\n<\/section>","protected":false},"excerpt":{"rendered":"","protected":false},"author":2,"featured_media":0,"parent":0,"menu_order":0,"comment_status":"closed","ping_status":"closed","template":"","meta":{"_acf_changed":false,"content-type":"","footnotes":""},"class_list":["post-31252","page","type-page","status-publish","hentry"],"acf":[],"yoast_head":"<!-- This site is optimized with the Yoast SEO plugin v22.1 - https:\/\/yoast.com\/wordpress\/plugins\/seo\/ -->\n<title>Asociaciones \u2013 Convi\u00e9rtase en un distribuidor acreditado | Productcaster<\/title>\n<meta name=\"description\" content=\"Convi\u00e9rtase en distribuidor acreditado de Productcaster. Ayude a sus clientes a impulsar el crecimiento de su comercio electr\u00f3nico con soluciones CSS Premium.\" \/>\n<meta name=\"robots\" content=\"index, follow, max-snippet:-1, max-image-preview:large, max-video-preview:-1\" \/>\n<link rel=\"canonical\" href=\"https:\/\/www.productcaster.com\/es\/asociaciones\/\" \/>\n<meta property=\"og:locale\" content=\"es_ES\" \/>\n<meta property=\"og:type\" content=\"article\" \/>\n<meta property=\"og:title\" content=\"Asociaciones \u2013 Convi\u00e9rtase en un distribuidor acreditado | Productcaster\" \/>\n<meta property=\"og:description\" content=\"Convi\u00e9rtase en distribuidor acreditado de Productcaster. Ayude a sus clientes a impulsar el crecimiento de su comercio electr\u00f3nico con soluciones CSS Premium.\" \/>\n<meta property=\"og:url\" content=\"https:\/\/www.productcaster.com\/es\/asociaciones\/\" \/>\n<meta property=\"og:site_name\" content=\"Productcaster\" \/>\n<meta property=\"article:modified_time\" content=\"2024-11-22T10:41:13+00:00\" \/>\n<meta property=\"og:image\" content=\"https:\/\/www.productcaster.com\/wp-content\/uploads\/2024\/08\/productcaster-og.png\" \/>\n\t<meta property=\"og:image:width\" content=\"1200\" \/>\n\t<meta property=\"og:image:height\" content=\"630\" \/>\n\t<meta property=\"og:image:type\" content=\"image\/png\" \/>\n<meta name=\"twitter:card\" content=\"summary_large_image\" \/>\n<script type=\"application\/ld+json\" class=\"yoast-schema-graph\">{\"@context\":\"https:\/\/schema.org\",\"@graph\":[{\"@type\":\"WebPage\",\"@id\":\"https:\/\/www.productcaster.com\/es\/asociaciones\/\",\"url\":\"https:\/\/www.productcaster.com\/es\/asociaciones\/\",\"name\":\"Asociaciones \u2013 Convi\u00e9rtase en un distribuidor acreditado | Productcaster\",\"isPartOf\":{\"@id\":\"https:\/\/www.productcaster.com\/es\/#website\"},\"datePublished\":\"2024-07-29T12:45:22+00:00\",\"dateModified\":\"2024-11-22T10:41:13+00:00\",\"description\":\"Convi\u00e9rtase en distribuidor acreditado de Productcaster. Ayude a sus clientes a impulsar el crecimiento de su comercio electr\u00f3nico con soluciones CSS Premium.\",\"breadcrumb\":{\"@id\":\"https:\/\/www.productcaster.com\/es\/asociaciones\/#breadcrumb\"},\"inLanguage\":\"es-ES\",\"potentialAction\":[{\"@type\":\"ReadAction\",\"target\":[\"https:\/\/www.productcaster.com\/es\/asociaciones\/\"]}]},{\"@type\":\"BreadcrumbList\",\"@id\":\"https:\/\/www.productcaster.com\/es\/asociaciones\/#breadcrumb\",\"itemListElement\":[{\"@type\":\"ListItem\",\"position\":1,\"name\":\"Home\",\"item\":\"https:\/\/www.productcaster.com\/es\/\"},{\"@type\":\"ListItem\",\"position\":2,\"name\":\"Asociaciones\"}]},{\"@type\":\"WebSite\",\"@id\":\"https:\/\/www.productcaster.com\/es\/#website\",\"url\":\"https:\/\/www.productcaster.com\/es\/\",\"name\":\"Productcaster\",\"description\":\"Make every product perform.\",\"publisher\":{\"@id\":\"https:\/\/www.productcaster.com\/es\/#organization\"},\"potentialAction\":[{\"@type\":\"SearchAction\",\"target\":{\"@type\":\"EntryPoint\",\"urlTemplate\":\"https:\/\/www.productcaster.com\/es\/?s={search_term_string}\"},\"query-input\":\"required name=search_term_string\"}],\"inLanguage\":\"es-ES\"},{\"@type\":\"Organization\",\"@id\":\"https:\/\/www.productcaster.com\/es\/#organization\",\"name\":\"Productcaster\",\"url\":\"https:\/\/www.productcaster.com\/es\/\",\"logo\":{\"@type\":\"ImageObject\",\"inLanguage\":\"es-ES\",\"@id\":\"https:\/\/www.productcaster.com\/es\/#\/schema\/logo\/image\/\",\"url\":\"https:\/\/www.productcaster.com\/wp-content\/uploads\/2024\/07\/favicon.png\",\"contentUrl\":\"https:\/\/www.productcaster.com\/wp-content\/uploads\/2024\/07\/favicon.png\",\"width\":1000,\"height\":1000,\"caption\":\"Productcaster\"},\"image\":{\"@id\":\"https:\/\/www.productcaster.com\/es\/#\/schema\/logo\/image\/\"},\"sameAs\":[\"https:\/\/www.linkedin.com\/company\/productcaster\/\"]}]}<\/script>\n<!-- \/ Yoast SEO plugin. -->","yoast_head_json":{"title":"Asociaciones \u2013 Convi\u00e9rtase en un distribuidor acreditado | Productcaster","description":"Convi\u00e9rtase en distribuidor acreditado de Productcaster. Ayude a sus clientes a impulsar el crecimiento de su comercio electr\u00f3nico con soluciones CSS Premium.","robots":{"index":"index","follow":"follow","max-snippet":"max-snippet:-1","max-image-preview":"max-image-preview:large","max-video-preview":"max-video-preview:-1"},"canonical":"https:\/\/www.productcaster.com\/es\/asociaciones\/","og_locale":"es_ES","og_type":"article","og_title":"Asociaciones \u2013 Convi\u00e9rtase en un distribuidor acreditado | Productcaster","og_description":"Convi\u00e9rtase en distribuidor acreditado de Productcaster. Ayude a sus clientes a impulsar el crecimiento de su comercio electr\u00f3nico con soluciones CSS Premium.","og_url":"https:\/\/www.productcaster.com\/es\/asociaciones\/","og_site_name":"Productcaster","article_modified_time":"2024-11-22T10:41:13+00:00","og_image":[{"width":1200,"height":630,"url":"https:\/\/www.productcaster.com\/wp-content\/uploads\/2024\/08\/productcaster-og.png","type":"image\/png"}],"twitter_card":"summary_large_image","schema":{"@context":"https:\/\/schema.org","@graph":[{"@type":"WebPage","@id":"https:\/\/www.productcaster.com\/es\/asociaciones\/","url":"https:\/\/www.productcaster.com\/es\/asociaciones\/","name":"Asociaciones \u2013 Convi\u00e9rtase en un distribuidor acreditado | Productcaster","isPartOf":{"@id":"https:\/\/www.productcaster.com\/es\/#website"},"datePublished":"2024-07-29T12:45:22+00:00","dateModified":"2024-11-22T10:41:13+00:00","description":"Convi\u00e9rtase en distribuidor acreditado de Productcaster. Ayude a sus clientes a impulsar el crecimiento de su comercio electr\u00f3nico con soluciones CSS Premium.","breadcrumb":{"@id":"https:\/\/www.productcaster.com\/es\/asociaciones\/#breadcrumb"},"inLanguage":"es-ES","potentialAction":[{"@type":"ReadAction","target":["https:\/\/www.productcaster.com\/es\/asociaciones\/"]}]},{"@type":"BreadcrumbList","@id":"https:\/\/www.productcaster.com\/es\/asociaciones\/#breadcrumb","itemListElement":[{"@type":"ListItem","position":1,"name":"Home","item":"https:\/\/www.productcaster.com\/es\/"},{"@type":"ListItem","position":2,"name":"Asociaciones"}]},{"@type":"WebSite","@id":"https:\/\/www.productcaster.com\/es\/#website","url":"https:\/\/www.productcaster.com\/es\/","name":"Productcaster","description":"Make every product perform.","publisher":{"@id":"https:\/\/www.productcaster.com\/es\/#organization"},"potentialAction":[{"@type":"SearchAction","target":{"@type":"EntryPoint","urlTemplate":"https:\/\/www.productcaster.com\/es\/?s={search_term_string}"},"query-input":"required name=search_term_string"}],"inLanguage":"es-ES"},{"@type":"Organization","@id":"https:\/\/www.productcaster.com\/es\/#organization","name":"Productcaster","url":"https:\/\/www.productcaster.com\/es\/","logo":{"@type":"ImageObject","inLanguage":"es-ES","@id":"https:\/\/www.productcaster.com\/es\/#\/schema\/logo\/image\/","url":"https:\/\/www.productcaster.com\/wp-content\/uploads\/2024\/07\/favicon.png","contentUrl":"https:\/\/www.productcaster.com\/wp-content\/uploads\/2024\/07\/favicon.png","width":1000,"height":1000,"caption":"Productcaster"},"image":{"@id":"https:\/\/www.productcaster.com\/es\/#\/schema\/logo\/image\/"},"sameAs":["https:\/\/www.linkedin.com\/company\/productcaster\/"]}]}},"_links":{"self":[{"href":"https:\/\/www.productcaster.com\/es\/wp-json\/wp\/v2\/pages\/31252","targetHints":{"allow":["GET"]}}],"collection":[{"href":"https:\/\/www.productcaster.com\/es\/wp-json\/wp\/v2\/pages"}],"about":[{"href":"https:\/\/www.productcaster.com\/es\/wp-json\/wp\/v2\/types\/page"}],"author":[{"embeddable":true,"href":"https:\/\/www.productcaster.com\/es\/wp-json\/wp\/v2\/users\/2"}],"replies":[{"embeddable":true,"href":"https:\/\/www.productcaster.com\/es\/wp-json\/wp\/v2\/comments?post=31252"}],"version-history":[{"count":1,"href":"https:\/\/www.productcaster.com\/es\/wp-json\/wp\/v2\/pages\/31252\/revisions"}],"predecessor-version":[{"id":31253,"href":"https:\/\/www.productcaster.com\/es\/wp-json\/wp\/v2\/pages\/31252\/revisions\/31253"}],"wp:attachment":[{"href":"https:\/\/www.productcaster.com\/es\/wp-json\/wp\/v2\/media?parent=31252"}],"curies":[{"name":"wp","href":"https:\/\/api.w.org\/{rel}","templated":true}]}}