{"id":31232,"date":"2024-07-29T13:42:58","date_gmt":"2024-07-29T12:42:58","guid":{"rendered":"https:\/\/www.productcaster.com\/feedmanager\/"},"modified":"2024-11-22T10:39:37","modified_gmt":"2024-11-22T10:39:37","slug":"feedmanager","status":"publish","type":"page","link":"https:\/\/www.productcaster.com\/es\/feedmanager\/","title":{"rendered":"FeedManager"},"content":{"rendered":"\n<section class=\"img-text-header bg-white-bottom bg-grey\">\n\t<div class=\"site-width\">\n\n\t\t<div class=\"columns\">\n\t\t\t<div class=\"col col-text\" data-aos=\"fade-right\">\n\t\t\t\t<h1 class=\"h4\">FeedManager<\/h1>\n\t\t\t\t<h2 class=\"h1\">Feeds para potenciar el rendimiento.<\/h2>\n\n\t\t\t\t<p>Tome el control total de los feeds de sus productos y mejore el rendimiento de sus medios de pago.<\/p>\n\n\t\t\t\t<a href=\"https:\/\/open.popup\/\" class=\"btn\">Reserve una demostraci\u00f3n<\/a>\t\t\t<\/div>\n\n\t\t\t<div class=\"col col-img\" data-aos=\"fade-left\">\n\t\t\t\t<img decoding=\"async\" src=\"https:\/\/www.productcaster.com\/wp-content\/uploads\/2024\/08\/feed-manager-badges2-1710x1155.png\" alt=\"\">\t\t\t<\/div>\n\t\t<\/div>\n\t\t\n\t<\/div>\n<\/section>\n\n<section class=\"logo-block bg-white\">\n\t<div class=\"site-width\" data-aos=\"fade-up\">\n\n\t\t<h3>Con la confianza de los principales equipos de comercio electr\u00f3nico<\/h3>\n\t\t<div class=\"columns\">\n\t\t\t\t\t\t\t\t<div class=\"col\"><img decoding=\"async\" src=\"https:\/\/www.productcaster.com\/wp-content\/uploads\/2024\/02\/music-magpie-300x49.png\" alt=\"\"><\/div>\n\t\t\t\t\t\t\t\t\t<div class=\"col\"><img decoding=\"async\" src=\"https:\/\/www.productcaster.com\/wp-content\/uploads\/2024\/08\/sigma-black-300x73.png\" alt=\"\"><\/div>\n\t\t\t\t\t\t\t\t\t<div class=\"col\"><img decoding=\"async\" src=\"https:\/\/www.productcaster.com\/wp-content\/uploads\/2024\/08\/three-black-300x185.png\" alt=\"\"><\/div>\n\t\t\t\t\t\t\t\t\t<div class=\"col\"><img decoding=\"async\" src=\"https:\/\/www.productcaster.com\/wp-content\/uploads\/2024\/02\/la-redoute-wide-300x167.png\" alt=\"\"><\/div>\n\t\t\t\t\t\t\t\t\t<div class=\"col\"><img decoding=\"async\" src=\"https:\/\/www.productcaster.com\/wp-content\/uploads\/2024\/08\/whittards-black-300x100.png\" alt=\"\"><\/div>\n\t\t\t\t\t\t<\/div>\n\t\t\n\t<\/div>\n<\/section>\n<section class=\"img-text-columns bg-white\">\n\t<div class=\"site-width\">\n\n\t\t<div class=\"columns est\u00e1ndar\">\n\n\t\t\t<div class=\"col col-img\" data-aos=\"fade-right\">\n\t\t\t\t\t\t\t\t<img decoding=\"async\" src=\"https:\/\/www.productcaster.com\/wp-content\/uploads\/2024\/07\/Summit_xfeedmanager-900x696.webp\" alt=\"\">\n\t\t\t<\/div>\n\n\t\t\t<div class=\"col col-text\" data-aos=\"fade-left\">\n\t\t\t\t<h2>Controle los feeds de sus productos<\/h2>\n\t\t\t\t<p><span style=\"font-weight: 400;\">Sus feeds de productos influyen directamente en los t\u00e9rminos de b\u00fasqueda para los que aparece y en los productos, im\u00e1genes y contenido que se muestran en sus campa\u00f1as en Google, Meta, Amazon y dem\u00e1s. Invierta en los feeds de sus productos y coseche los frutos de la inversi\u00f3n en marketing de resultados.<\/span><\/p>\n<ul>\n<li>Mejore el alcance y el CTR de sus campa\u00f1as<\/li>\n<li>Aumente el rendimiento de los anuncios de Shopping y Performance Max<\/li>\n<li>Aproveche la automatizaci\u00f3n para ahorrar tiempo y eliminar errores<\/li>\n<li>Mejore la eficacia con un aumento de hasta el 20% en el ROI de las campa\u00f1as<\/li>\n<li>Menos desaprobaciones de anuncios<\/li>\n<\/ul>\n\t\t\t<\/div>\n\t\t\t\n\t\t<\/div>\n\t\t\n\t<\/div>\n<\/section><section class=\"title-text-columns bg-white\">\n\t<div class=\"site-width\">\n\t\t\n\t\t<div class=\"columns\">\n\t\t\t\t\t\t\t<div class=\"row\">\n\t\t\t\t\t<div class=\"title\" data-aos=\"fade-up\">\n\t\t\t\t\t\t<h2>Gesti\u00f3n integral de los feeds<\/h2>\n\t\t\t\t\t<\/div>\n\n\t\t\t\t\t<div class=\"text-content\" data-aos=\"fade-up\" data-aos-delay=\"100\">\n\t\t\t\t\t\t<h3><strong>Publicaci\u00f3n<\/strong><\/h3>\n<p>Garantizar que su mensaje de marketing refleja la informaci\u00f3n m\u00e1s reciente sobre el producto (existencias, precio, disponibilidad de la gama) para todos los socios en tiempo real.<\/p>\n<h3><strong>Enriquecimiento<\/strong><\/h3>\n<p>Mejore autom\u00e1tica y manualmente la relevancia del contenido de su feed, aumentando su visibilidad oara su cliente objetivo.<\/p>\n<h3><strong>Optimizaci\u00f3n<\/strong><\/h3>\n<p>Publique solo los productos que ofrezcan el mejor rendimiento de la inversi\u00f3n y el mejor margen con respecto a sus indicadores clave de rendimiento (KPI).<\/p>\n<h3><strong>Diagn\u00f3stico<\/strong><\/h3>\n<p>Conozca el estado de su feed, lo que permitir\u00e1 a los profesionales del marketing realizar los cambios necesarios y evitar que el rendimiento se vea afectado.<\/p>\n\t\t\t\t\t<\/div>\n\t\t\t\t<\/div>\n\t\t\t\t\n\t\t\t\t\t\t<\/div>\n\n\t<\/div>\n<\/section>\n\n<section class=\"logo-block bg-white\">\n\t<div class=\"site-width\" data-aos=\"fade-up\">\n\n\t\t<h3>Integraci\u00f3n perfecta con m\u00e1s de 50 plataformas publicitarias<\/h3>\n\t\t<div class=\"columns\">\n\t\t\t\t\t\t\t\t<div class=\"col\"><img decoding=\"async\" src=\"https:\/\/www.productcaster.com\/wp-content\/uploads\/2024\/08\/google-ads-300x54.png\" alt=\"\"><\/div>\n\t\t\t\t\t\t\t\t\t<div class=\"col\"><img decoding=\"async\" src=\"https:\/\/www.productcaster.com\/wp-content\/uploads\/2024\/08\/Amazon-Logotype-300x104.png\" alt=\"\"><\/div>\n\t\t\t\t\t\t\t\t\t<div class=\"col\"><img decoding=\"async\" src=\"https:\/\/www.productcaster.com\/wp-content\/uploads\/2024\/08\/Meta-Logo-300x71.png\" alt=\"\"><\/div>\n\t\t\t\t\t\t\t\t\t<div class=\"col\"><img decoding=\"async\" src=\"https:\/\/www.productcaster.com\/wp-content\/uploads\/2024\/08\/TikTok_logo-300x87.png\" alt=\"\"><\/div>\n\t\t\t\t\t\t\t\t\t<div class=\"col\"><img decoding=\"async\" src=\"https:\/\/www.productcaster.com\/wp-content\/uploads\/2024\/08\/awin-300x136.png\" alt=\"\"><\/div>\n\t\t\t\t\t\t\t\t\t<div class=\"col\"><img decoding=\"async\" src=\"https:\/\/www.productcaster.com\/wp-content\/uploads\/2024\/08\/Pinterest_Logo-300x74.png\" alt=\"\"><\/div>\n\t\t\t\t\t\t\t\t\t<div class=\"col\"><img decoding=\"async\" src=\"https:\/\/www.productcaster.com\/wp-content\/uploads\/2024\/08\/eBay-Logotype-300x124.png\" alt=\"\"><\/div>\n\t\t\t\t\t\t\t\t\t<div class=\"col\"><img decoding=\"async\" src=\"https:\/\/www.productcaster.com\/wp-content\/uploads\/2024\/08\/pricerunner-300x42.png\" alt=\"\"><\/div>\n\t\t\t\t\t\t\t\t\t<div class=\"col\"><img decoding=\"async\" src=\"https:\/\/www.productcaster.com\/wp-content\/uploads\/2024\/08\/criteo-300x62.png\" alt=\"\"><\/div>\n\t\t\t\t\t\t\t\t\t<div class=\"col\"><img decoding=\"async\" src=\"https:\/\/www.productcaster.com\/wp-content\/uploads\/2024\/08\/Microsoft-Edge-Logotype-1-300x75.png\" alt=\"\"><\/div>\n\t\t\t\t\t\t\t\t\t<div class=\"col\"><img decoding=\"async\" src=\"https:\/\/www.productcaster.com\/wp-content\/uploads\/2024\/08\/YouTube_Logo_2017-300x67.png\" alt=\"\"><\/div>\n\t\t\t\t\t\t\t\t\t<div class=\"col\"><img decoding=\"async\" src=\"https:\/\/www.productcaster.com\/wp-content\/uploads\/2024\/08\/kelkoo-300x71.png\" alt=\"\"><\/div>\n\t\t\t\t\t\t\t\t\t<div class=\"col\"><img decoding=\"async\" src=\"https:\/\/www.productcaster.com\/wp-content\/uploads\/2024\/08\/yahoo-300x89.png\" alt=\"\"><\/div>\n\t\t\t\t\t\t\t\t\t<div class=\"col\"><img decoding=\"async\" src=\"https:\/\/www.productcaster.com\/wp-content\/uploads\/2024\/08\/snapchat2-300x120.png\" alt=\"\"><\/div>\n\t\t\t\t\t\t\t\t\t<div class=\"col\"><img decoding=\"async\" src=\"https:\/\/www.productcaster.com\/wp-content\/uploads\/2024\/08\/Yandex_logo-300x72.png\" alt=\"\"><\/div>\n\t\t\t\t\t\t\t\t\t<div class=\"col\"><img decoding=\"async\" src=\"https:\/\/www.productcaster.com\/wp-content\/uploads\/2024\/08\/xv3-300x130.png\" alt=\"\"><\/div>\n\t\t\t\t\t\t\t\t\t<div class=\"col\"><img decoding=\"async\" src=\"https:\/\/www.productcaster.com\/wp-content\/uploads\/2024\/08\/spotify-300x90.png\" alt=\"\"><\/div>\n\t\t\t\t\t\t\t\t\t<div class=\"col\"><img decoding=\"async\" src=\"https:\/\/www.productcaster.com\/wp-content\/uploads\/2024\/08\/webgains-2-300x150.png\" alt=\"\"><\/div>\n\t\t\t\t\t\t\t\t\t<div class=\"col\"><img decoding=\"async\" src=\"https:\/\/www.productcaster.com\/wp-content\/uploads\/2024\/08\/Rakuten_Global_Brand_Logo-300x89.png\" alt=\"\"><\/div>\n\t\t\t\t\t\t<\/div>\n\t\t\n\t<\/div>\n<\/section><section class=\"title-text-columns bg-white\">\n\t<div class=\"site-width\">\n\t\t\n\t\t<div class=\"columns\">\n\t\t\t\t\t\t\t<div class=\"row\">\n\t\t\t\t\t<div class=\"title\" data-aos=\"fade-up\">\n\t\t\t\t\t\t<h2>Incorporaci\u00f3n sencilla en 4 pasos<\/h2>\n\t\t\t\t\t<\/div>\n\n\t\t\t\t\t<div class=\"text-content\" data-aos=\"fade-up\" data-aos-delay=\"100\">\n\t\t\t\t\t\t<h3><strong>01 Auditor\u00eda<\/strong><\/h3>\n<p>Una evaluaci\u00f3n completa para comprender su configuraci\u00f3n actual de feeds y asesorarle sobre las mejoras para la actividad habitual de su negocio.<\/p>\n<h3><strong>02 Configuraci\u00f3n<\/strong><\/h3>\n<p>Nos aseguramos de que cada entrada y salida de feed se ajuste a las especificaciones requeridas, incluidas las salidas personalizadas.<\/p>\n<h3><strong>03 Lanzamiento<\/strong><\/h3>\n<p>Acceso completo a la plataforma con control total para gestionar y optimizar sus feeds.<\/p>\n<h3><strong>04 Mejora<\/strong><\/h3>\n<p>Nuestro equipo imparte formaci\u00f3n sobre la plataforma y est\u00e1 disponible para ofrecer asistencia t\u00e9cnica y recomendaciones.<\/p>\n\t\t\t\t\t<\/div>\n\t\t\t\t<\/div>\n\t\t\t\t\n\t\t\t\t\t\t<\/div>\n\n\t<\/div>\n<\/section><section class=\"v2-packages bg-white three-col\">\n\t<div class=\"site-width\">\n\t\t<div class=\"intro\">\n\t\t\t<h2>Elija su paquete<\/h2>\n\n\t\t\t<div>\n\t\t\t\t<p>Seleccione el paquete que se adapte a sus necesidades y reserve una demostraci\u00f3n con el equipo para empezar.<\/p>\n\t\t\t<\/div>\n\t\t<\/div>\n\n\t\t<div class=\"table-contain\">\n\t\t\t\n\t\t\t<div class=\"package-table\">\n\t\t\t\t<div class=\"package-row plans-row\">\n\t\t\t\t\t<div><\/div>\n\t\t\t\t\t<div class=\"plan-title\"><img decoding=\"async\" src=\"https:\/\/www.productcaster.com\/wp-content\/themes\/productcaster\/assets\/img\/package-basic.svg\" alt=\"\"> Saas<\/div>\n\t\t\t\t\t<div class=\"plan-title\"><img decoding=\"async\" src=\"https:\/\/www.productcaster.com\/wp-content\/themes\/productcaster\/assets\/img\/package-plus.svg\" alt=\"\"> Premium<\/div>\n\t\t\t\t\t<div class=\"plan-title\"><img decoding=\"async\" src=\"https:\/\/www.productcaster.com\/wp-content\/themes\/productcaster\/assets\/img\/package-premium.svg\" alt=\"\"> Gestionado<\/div>\n\t\t\t\t\t\t\t\t\t<\/div>\n\n\t\t\t\t<div class=\"package-row title-row\">\n\t\t\t\t\t<div class=\"block-title\"><h3>Paquetes FeedManager<\/h3><\/div>\n\t\t\t\t\t<div><\/div>\n\t\t\t\t\t<div><\/div>\n\t\t\t\t\t<div><\/div>\n\t\t\t\t\t\t\t\t\t<\/div>\n\n\t\t\t\t\t\t\t\t\t<div class=\"package-row standard-row \">\n\t\t\t\t\t\t<div><span>Incorporaci\u00f3n y configuraci\u00f3n totalmente gestionadas<\/span><\/div>\n\n\t\t\t\t\t\t<div>\n\t\t\t\t\t\t\t\t\t\t\t\t\t<\/div>\n\n\t\t\t\t\t\t<div>\n\t\t\t\t\t\t\t\t\t\t\t\t\t<\/div>\n\n\t\t\t\t\t\t<div>\n\t\t\t\t\t\t\t\t\t\t\t\t\t<\/div>\n\n\t\t\t\t\t\t\t\t\t\t\t<\/div>\n\t\t\t\t\t\t\t\t\t\t<div class=\"package-row standard-row \">\n\t\t\t\t\t\t<div><span>Revisi\u00f3n y auditor\u00eda de feeds<\/span><\/div>\n\n\t\t\t\t\t\t<div>\n\t\t\t\t\t\t\t\t\t\t\t\t\t<\/div>\n\n\t\t\t\t\t\t<div>\n\t\t\t\t\t\t\t\t\t\t\t\t\t<\/div>\n\n\t\t\t\t\t\t<div>\n\t\t\t\t\t\t\t\t\t\t\t\t\t<\/div>\n\n\t\t\t\t\t\t\t\t\t\t\t<\/div>\n\t\t\t\t\t\t\t\t\t\t<div class=\"package-row standard-row \">\n\t\t\t\t\t\t<div><span>Recomendaciones y mejoras para la actividad habitual de su negocio<\/span><\/div>\n\n\t\t\t\t\t\t<div>\n\t\t\t\t\t\t\t\t\t\t\t\t\t<\/div>\n\n\t\t\t\t\t\t<div>\n\t\t\t\t\t\t\t\t\t\t\t\t\t<\/div>\n\n\t\t\t\t\t\t<div>\n\t\t\t\t\t\t\t\t\t\t\t\t\t<\/div>\n\n\t\t\t\t\t\t\t\t\t\t\t<\/div>\n\t\t\t\t\t\t\t\t\t\t<div class=\"package-row standard-row \">\n\t\t\t\t\t\t<div><span>Revisi\u00f3n de Merchant Center<\/span><\/div>\n\n\t\t\t\t\t\t<div>\n\t\t\t\t\t\t\t\t\t\t\t\t\t<\/div>\n\n\t\t\t\t\t\t<div>\n\t\t\t\t\t\t\t\t\t\t\t\t\t<\/div>\n\n\t\t\t\t\t\t<div>\n\t\t\t\t\t\t\t\t\t\t\t\t\t<\/div>\n\n\t\t\t\t\t\t\t\t\t\t\t<\/div>\n\t\t\t\t\t\t\t\t\t\t<div class=\"package-row standard-row premium-line\">\n\t\t\t\t\t\t<div><span>Gesti\u00f3n de Merchant Center<\/span><\/div>\n\n\t\t\t\t\t\t<div>\n\t\t\t\t\t\t\t\t\t\t\t\t\t<\/div>\n\n\t\t\t\t\t\t<div>\n\t\t\t\t\t\t\t\t\t\t\t\t\t<\/div>\n\n\t\t\t\t\t\t<div>\n\t\t\t\t\t\t\t<div class=\"img-contain\"><img decoding=\"async\" src=\"https:\/\/www.productcaster.com\/wp-content\/themes\/productcaster\/assets\/img\/package-tick.svg\" alt=\"\"><\/div>\t\t\t\t\t\t<\/div>\n\n\t\t\t\t\t\t\t\t\t\t\t<\/div>\n\t\t\t\t\t\t\t\t\t\t<div class=\"package-row standard-row premium-line\">\n\t\t\t\t\t\t<div><span>Planificaci\u00f3n estrat\u00e9gica y pruebas<\/span><\/div>\n\n\t\t\t\t\t\t<div>\n\t\t\t\t\t\t\t\t\t\t\t\t\t<\/div>\n\n\t\t\t\t\t\t<div>\n\t\t\t\t\t\t\t\t\t\t\t\t\t<\/div>\n\n\t\t\t\t\t\t<div>\n\t\t\t\t\t\t\t<div class=\"img-contain\"><img decoding=\"async\" src=\"https:\/\/www.productcaster.com\/wp-content\/themes\/productcaster\/assets\/img\/package-tick.svg\" alt=\"\"><\/div>\t\t\t\t\t\t<\/div>\n\n\t\t\t\t\t\t\t\t\t\t\t<\/div>\n\t\t\t\t\t\t\t\t\t\t<div class=\"package-row standard-row premium-line\">\n\t\t\t\t\t\t<div><span>Paquetes CSS con descuento<\/span><\/div>\n\n\t\t\t\t\t\t<div>\n\t\t\t\t\t\t\t\t\t\t\t\t\t<\/div>\n\n\t\t\t\t\t\t<div>\n\t\t\t\t\t\t\t\t\t\t\t\t\t<\/div>\n\n\t\t\t\t\t\t<div>\n\t\t\t\t\t\t\t\t\t\t\t\t\t<\/div>\n\n\t\t\t\t\t\t\t\t\t\t\t<\/div>\n\t\t\t\t\t\t\t\t<\/div>\n\n\t\t<\/div>\n\n\t\t<div class=\"outro\">\n\t\t\t\n\t\t\t\t\t<\/div>\n\t<\/div>\n<\/section><div class=\"testimonial bg-orange\">\n\t<div class=\"site-width\">\n\n\t\t<div class=\"inner-content\" data-aos=\"fade-up\">\n\t\t\t<p class=\"h3\">\n\t\t\t\t&#8220;Hemos utilizado FeedManager durante los \u00faltimos 6 a\u00f1os. Nos ha proporcionado una ventaja competitiva al ahorrarnos miles de horas de tiempo, adem\u00e1s de impulsar mejoras de alcance y rendimiento significativas. En 2023-24 obtuvimos resultados l\u00edderes en l\u00ednea en todo el grupo global y FeedManager fue clave para nuestro \u00e9xito&#8221;.\n\t\t\t<\/p>\n\n\t\t\t<p class=\"h4\">Matt Gratze \u2013 Director de Digital en Ernest Jones &#038; H.Samuel<\/p>\n\t\t<\/div>\n\t\t\n\t<\/div>\n<\/div><section class=\"cta-block bg-white\">\n\t<div class=\"site-width\">\n\t\t<div class=\"inner-content\" data-aos=\"fade-up\">\n\t\t\t<p class=\"h2\">\u00bfListo para cambiar?&nbsp;<span>Hablemos.<\/span><\/p>\n\t\t\t<a href=\"https:\/\/open.popup\/\" class=\"btn dark\">Reserve una demostraci\u00f3n<\/a>\n\t\t<\/div>\n\t<\/div>\n<\/section>","protected":false},"excerpt":{"rendered":"","protected":false},"author":2,"featured_media":0,"parent":0,"menu_order":0,"comment_status":"closed","ping_status":"closed","template":"","meta":{"_acf_changed":false,"content-type":"","footnotes":""},"class_list":["post-31232","page","type-page","status-publish","hentry"],"acf":[],"yoast_head":"<!-- This site is optimized with the Yoast SEO plugin v22.1 - https:\/\/yoast.com\/wordpress\/plugins\/seo\/ -->\n<title>Soluci\u00f3n de gesti\u00f3n de feeds FeedManager | Productcaster<\/title>\n<meta name=\"description\" content=\"FeedManager, soluci\u00f3n de gesti\u00f3n de feeds de productos para los principales minoristas de comercio electr\u00f3nico. Tome el control de sus feeds para mejorar el rendimiento de sus medios de pago.\" \/>\n<meta name=\"robots\" content=\"index, follow, max-snippet:-1, max-image-preview:large, max-video-preview:-1\" \/>\n<link rel=\"canonical\" href=\"https:\/\/www.productcaster.com\/es\/feedmanager\/\" \/>\n<meta property=\"og:locale\" content=\"es_ES\" \/>\n<meta property=\"og:type\" content=\"article\" \/>\n<meta property=\"og:title\" content=\"Soluci\u00f3n de gesti\u00f3n de feeds FeedManager | Productcaster\" \/>\n<meta property=\"og:description\" content=\"FeedManager, soluci\u00f3n de gesti\u00f3n de feeds de productos para los principales minoristas de comercio electr\u00f3nico. Tome el control de sus feeds para mejorar el rendimiento de sus medios de pago.\" \/>\n<meta property=\"og:url\" content=\"https:\/\/www.productcaster.com\/es\/feedmanager\/\" \/>\n<meta property=\"og:site_name\" content=\"Productcaster\" \/>\n<meta property=\"article:modified_time\" content=\"2024-11-22T10:39:37+00:00\" \/>\n<meta property=\"og:image\" content=\"https:\/\/www.productcaster.com\/wp-content\/uploads\/2024\/08\/productcaster-og.png\" \/>\n\t<meta property=\"og:image:width\" content=\"1200\" \/>\n\t<meta property=\"og:image:height\" content=\"630\" \/>\n\t<meta property=\"og:image:type\" content=\"image\/png\" \/>\n<meta name=\"twitter:card\" content=\"summary_large_image\" \/>\n<script type=\"application\/ld+json\" class=\"yoast-schema-graph\">{\"@context\":\"https:\/\/schema.org\",\"@graph\":[{\"@type\":\"WebPage\",\"@id\":\"https:\/\/www.productcaster.com\/es\/feedmanager\/\",\"url\":\"https:\/\/www.productcaster.com\/es\/feedmanager\/\",\"name\":\"Soluci\u00f3n de gesti\u00f3n de feeds FeedManager | Productcaster\",\"isPartOf\":{\"@id\":\"https:\/\/www.productcaster.com\/es\/#website\"},\"datePublished\":\"2024-07-29T12:42:58+00:00\",\"dateModified\":\"2024-11-22T10:39:37+00:00\",\"description\":\"FeedManager, soluci\u00f3n de gesti\u00f3n de feeds de productos para los principales minoristas de comercio electr\u00f3nico. Tome el control de sus feeds para mejorar el rendimiento de sus medios de pago.\",\"breadcrumb\":{\"@id\":\"https:\/\/www.productcaster.com\/es\/feedmanager\/#breadcrumb\"},\"inLanguage\":\"es-ES\",\"potentialAction\":[{\"@type\":\"ReadAction\",\"target\":[\"https:\/\/www.productcaster.com\/es\/feedmanager\/\"]}]},{\"@type\":\"BreadcrumbList\",\"@id\":\"https:\/\/www.productcaster.com\/es\/feedmanager\/#breadcrumb\",\"itemListElement\":[{\"@type\":\"ListItem\",\"position\":1,\"name\":\"Home\",\"item\":\"https:\/\/www.productcaster.com\/es\/\"},{\"@type\":\"ListItem\",\"position\":2,\"name\":\"FeedManager\"}]},{\"@type\":\"WebSite\",\"@id\":\"https:\/\/www.productcaster.com\/es\/#website\",\"url\":\"https:\/\/www.productcaster.com\/es\/\",\"name\":\"Productcaster\",\"description\":\"Make every product perform.\",\"publisher\":{\"@id\":\"https:\/\/www.productcaster.com\/es\/#organization\"},\"potentialAction\":[{\"@type\":\"SearchAction\",\"target\":{\"@type\":\"EntryPoint\",\"urlTemplate\":\"https:\/\/www.productcaster.com\/es\/?s={search_term_string}\"},\"query-input\":\"required name=search_term_string\"}],\"inLanguage\":\"es-ES\"},{\"@type\":\"Organization\",\"@id\":\"https:\/\/www.productcaster.com\/es\/#organization\",\"name\":\"Productcaster\",\"url\":\"https:\/\/www.productcaster.com\/es\/\",\"logo\":{\"@type\":\"ImageObject\",\"inLanguage\":\"es-ES\",\"@id\":\"https:\/\/www.productcaster.com\/es\/#\/schema\/logo\/image\/\",\"url\":\"https:\/\/www.productcaster.com\/wp-content\/uploads\/2024\/07\/favicon.png\",\"contentUrl\":\"https:\/\/www.productcaster.com\/wp-content\/uploads\/2024\/07\/favicon.png\",\"width\":1000,\"height\":1000,\"caption\":\"Productcaster\"},\"image\":{\"@id\":\"https:\/\/www.productcaster.com\/es\/#\/schema\/logo\/image\/\"},\"sameAs\":[\"https:\/\/www.linkedin.com\/company\/productcaster\/\"]}]}<\/script>\n<!-- \/ Yoast SEO plugin. -->","yoast_head_json":{"title":"Soluci\u00f3n de gesti\u00f3n de feeds FeedManager | Productcaster","description":"FeedManager, soluci\u00f3n de gesti\u00f3n de feeds de productos para los principales minoristas de comercio electr\u00f3nico. Tome el control de sus feeds para mejorar el rendimiento de sus medios de pago.","robots":{"index":"index","follow":"follow","max-snippet":"max-snippet:-1","max-image-preview":"max-image-preview:large","max-video-preview":"max-video-preview:-1"},"canonical":"https:\/\/www.productcaster.com\/es\/feedmanager\/","og_locale":"es_ES","og_type":"article","og_title":"Soluci\u00f3n de gesti\u00f3n de feeds FeedManager | Productcaster","og_description":"FeedManager, soluci\u00f3n de gesti\u00f3n de feeds de productos para los principales minoristas de comercio electr\u00f3nico. Tome el control de sus feeds para mejorar el rendimiento de sus medios de pago.","og_url":"https:\/\/www.productcaster.com\/es\/feedmanager\/","og_site_name":"Productcaster","article_modified_time":"2024-11-22T10:39:37+00:00","og_image":[{"width":1200,"height":630,"url":"https:\/\/www.productcaster.com\/wp-content\/uploads\/2024\/08\/productcaster-og.png","type":"image\/png"}],"twitter_card":"summary_large_image","schema":{"@context":"https:\/\/schema.org","@graph":[{"@type":"WebPage","@id":"https:\/\/www.productcaster.com\/es\/feedmanager\/","url":"https:\/\/www.productcaster.com\/es\/feedmanager\/","name":"Soluci\u00f3n de gesti\u00f3n de feeds FeedManager | Productcaster","isPartOf":{"@id":"https:\/\/www.productcaster.com\/es\/#website"},"datePublished":"2024-07-29T12:42:58+00:00","dateModified":"2024-11-22T10:39:37+00:00","description":"FeedManager, soluci\u00f3n de gesti\u00f3n de feeds de productos para los principales minoristas de comercio electr\u00f3nico. Tome el control de sus feeds para mejorar el rendimiento de sus medios de pago.","breadcrumb":{"@id":"https:\/\/www.productcaster.com\/es\/feedmanager\/#breadcrumb"},"inLanguage":"es-ES","potentialAction":[{"@type":"ReadAction","target":["https:\/\/www.productcaster.com\/es\/feedmanager\/"]}]},{"@type":"BreadcrumbList","@id":"https:\/\/www.productcaster.com\/es\/feedmanager\/#breadcrumb","itemListElement":[{"@type":"ListItem","position":1,"name":"Home","item":"https:\/\/www.productcaster.com\/es\/"},{"@type":"ListItem","position":2,"name":"FeedManager"}]},{"@type":"WebSite","@id":"https:\/\/www.productcaster.com\/es\/#website","url":"https:\/\/www.productcaster.com\/es\/","name":"Productcaster","description":"Make every product perform.","publisher":{"@id":"https:\/\/www.productcaster.com\/es\/#organization"},"potentialAction":[{"@type":"SearchAction","target":{"@type":"EntryPoint","urlTemplate":"https:\/\/www.productcaster.com\/es\/?s={search_term_string}"},"query-input":"required name=search_term_string"}],"inLanguage":"es-ES"},{"@type":"Organization","@id":"https:\/\/www.productcaster.com\/es\/#organization","name":"Productcaster","url":"https:\/\/www.productcaster.com\/es\/","logo":{"@type":"ImageObject","inLanguage":"es-ES","@id":"https:\/\/www.productcaster.com\/es\/#\/schema\/logo\/image\/","url":"https:\/\/www.productcaster.com\/wp-content\/uploads\/2024\/07\/favicon.png","contentUrl":"https:\/\/www.productcaster.com\/wp-content\/uploads\/2024\/07\/favicon.png","width":1000,"height":1000,"caption":"Productcaster"},"image":{"@id":"https:\/\/www.productcaster.com\/es\/#\/schema\/logo\/image\/"},"sameAs":["https:\/\/www.linkedin.com\/company\/productcaster\/"]}]}},"_links":{"self":[{"href":"https:\/\/www.productcaster.com\/es\/wp-json\/wp\/v2\/pages\/31232","targetHints":{"allow":["GET"]}}],"collection":[{"href":"https:\/\/www.productcaster.com\/es\/wp-json\/wp\/v2\/pages"}],"about":[{"href":"https:\/\/www.productcaster.com\/es\/wp-json\/wp\/v2\/types\/page"}],"author":[{"embeddable":true,"href":"https:\/\/www.productcaster.com\/es\/wp-json\/wp\/v2\/users\/2"}],"replies":[{"embeddable":true,"href":"https:\/\/www.productcaster.com\/es\/wp-json\/wp\/v2\/comments?post=31232"}],"version-history":[{"count":3,"href":"https:\/\/www.productcaster.com\/es\/wp-json\/wp\/v2\/pages\/31232\/revisions"}],"predecessor-version":[{"id":31245,"href":"https:\/\/www.productcaster.com\/es\/wp-json\/wp\/v2\/pages\/31232\/revisions\/31245"}],"wp:attachment":[{"href":"https:\/\/www.productcaster.com\/es\/wp-json\/wp\/v2\/media?parent=31232"}],"curies":[{"name":"wp","href":"https:\/\/api.w.org\/{rel}","templated":true}]}}