{"id":31301,"date":"2024-01-22T21:20:13","date_gmt":"2024-01-22T21:20:13","guid":{"rendered":"https:\/\/www.productcaster.com\/ueber-uns\/"},"modified":"2024-11-22T10:42:14","modified_gmt":"2024-11-22T10:42:14","slug":"ueber-uns","status":"publish","type":"page","link":"https:\/\/www.productcaster.com\/de\/ueber-uns\/","title":{"rendered":"\u00dcber uns"},"content":{"rendered":"\n<section class=\"img-text-header bg-white-bottom bg-grey\">\n\t<div class=\"site-width\">\n\n\t\t<div class=\"columns\">\n\t\t\t<div class=\"col col-text\" data-aos=\"fade-right\">\n\t\t\t\t<h1 class=\"h4\">\u00dcber uns<\/h1>\n\t\t\t\t<h2 class=\"h1\">Eine Erfolgsgeschichte des Performance-Marketings.<\/h2>\n\n\t\t\t\t\n\t\t\t\t\t\t\t<\/div>\n\n\t\t\t<div class=\"col col-img\" data-aos=\"fade-left\">\n\t\t\t\t\t\t\t<\/div>\n\t\t<\/div>\n\t\t\n\t<\/div>\n<\/section>\n<section class=\"img-text-columns bg-white\">\n\t<div class=\"site-width\">\n\n\t\t<div class=\"columns Standard\">\n\n\t\t\t<div class=\"col col-img\" data-aos=\"fade-right\">\n\t\t\t\t\t\t\t\t<img decoding=\"async\" src=\"https:\/\/www.productcaster.com\/wp-content\/uploads\/2024\/02\/left-about-careers-900x826.jpg\" alt=\"\">\n\t\t\t<\/div>\n\n\t\t\t<div class=\"col col-text\" data-aos=\"fade-left\">\n\t\t\t\t<h2>Wirtschaftsmacht im Internet<\/h2>\n\t\t\t\t<p>Productcaster entwickelte sich aus einer von Gro\u00dfbritanniens f\u00fchrenden unabh\u00e4ngigen Performance-Marketingagenturen \u2013 <a href=\"https:\/\/www.summit.co.uk\/\" target=\"_blank\" rel=\"noopener\">Summit<\/a>. Die beiden Unternehmen gibt es weiterhin parallel und tauschen gegenseitig Erkenntnisse und Expertise dar\u00fcber aus, wie die weltweit gr\u00f6\u00dften und bekanntesten Einzelh\u00e4ndler weiter wachsen k\u00f6nnen. Die Suite von Productcaster wurde speziell daf\u00fcr entwickelt, um komplexe Herausforderungen im E-Commerce von Argos, Three und weiteren Unternehmen zu bew\u00e4ltigen. Wir sind begeistert, dass wir nun dieselbe Technologie mit Einzelh\u00e4ndlern aller Gr\u00f6\u00dfen und Sparten auf der ganzen Welt teilen d\u00fcrfen.<\/p>\n\t\t\t<\/div>\n\t\t\t\n\t\t<\/div>\n\t\t\n\t<\/div>\n<\/section>\n<section class=\"img-text-columns bg-white\">\n\t<div class=\"site-width\">\n\n\t\t<div class=\"columns Revers\">\n\n\t\t\t<div class=\"col col-img\" data-aos=\"fade-right\">\n\t\t\t\t\t\t\t\t<img decoding=\"async\" src=\"https:\/\/www.productcaster.com\/wp-content\/uploads\/2024\/07\/Demand-Gen-e1722329841542-900x995.png\" alt=\"\">\n\t\t\t<\/div>\n\n\t\t\t<div class=\"col col-text\" data-aos=\"fade-left\">\n\t\t\t\t<h2>Preisgekr\u00f6nte Innovation<\/h2>\n\t\t\t\t<p>H\u00e4ndler bei Productcaster \u00fcbernehmen die neuesten digitalen Werbeprodukte von Google und Meta am h\u00e4ufigsten \u2013 dazu geh\u00f6ren etwa Performance Max und DemandGen. Wir geh\u00f6rten zu den ersten Partnern, die ihre Kunden bei der Implementierung von Anzeigen f\u00fcr lokales Inventar unterst\u00fctzt haben. Wir sind stolz, dass wir deswegen im Jahr 2023 mit dem <strong>Google CSS Spotlight Award<\/strong> ausgezeichnet wurden.<\/p>\n\t\t\t<\/div>\n\t\t\t\n\t\t<\/div>\n\t\t\n\t<\/div>\n<\/section><section class=\"people-block bg-white\">\n\t<div class=\"site-width\" data-aos=\"fade-up\">\n\t\t<h2>Lernen Sie unser Team kennen<\/h2>\n\t\t<h3><\/h3>\n\t<\/div>\n\n\t<div class=\"site-width fluid\" data-aos=\"fade-up\" data-aos-delay=\"100\">\n\t\t<div class=\"columns\">\n\t\t\t\n\t\t\t\t\t<div class=\"col\">\n\t\t\t\t\t\t<img decoding=\"async\" src=\"https:\/\/www.productcaster.com\/wp-content\/uploads\/2024\/02\/Jill-Anderson-700x700.jpg\" alt=\"\">\n\t\t\t\t\t\t<h4 class=\"h3\">Jill Anderson<\/h4>\n\t\t\t\t\t\t<p class=\"job-title\">Gesch\u00e4ftsf\u00fchrerin<\/p>\n\t\t\t\t\t\t\n\t\t\t\t\t\t<div class=\"btns-contain\">\n\t\t\t\t\t\t\t\n\t\t\t\t\t\t\t\t\t\t\t\t\t<\/div>\n\t\t\t\t\t<\/div>\n\n\t\t\t\t\n\t\t\t\t\t<div class=\"col\">\n\t\t\t\t\t\t<img decoding=\"async\" src=\"https:\/\/www.productcaster.com\/wp-content\/uploads\/2024\/02\/Carl-Hutchinson-Head-of-Paid-Media-700x700.png\" alt=\"\">\n\t\t\t\t\t\t<h4 class=\"h3\">Carl Hutchinson<\/h4>\n\t\t\t\t\t\t<p class=\"job-title\">Performance-Manager<\/p>\n\t\t\t\t\t\t\n\t\t\t\t\t\t<div class=\"btns-contain\">\n\t\t\t\t\t\t\t\n\t\t\t\t\t\t\t\t\t\t\t\t\t<\/div>\n\t\t\t\t\t<\/div>\n\n\t\t\t\t\n\t\t\t\t\t<div class=\"col\">\n\t\t\t\t\t\t<img decoding=\"async\" src=\"https:\/\/www.productcaster.com\/wp-content\/uploads\/2024\/07\/Gina-Farrow-Account-Director-700x700.jpg\" alt=\"\">\n\t\t\t\t\t\t<h4 class=\"h3\">Gina Farrow<\/h4>\n\t\t\t\t\t\t<p class=\"job-title\">Kunden-Manager<\/p>\n\t\t\t\t\t\t\n\t\t\t\t\t\t<div class=\"btns-contain\">\n\t\t\t\t\t\t\t\n\t\t\t\t\t\t\t\t\t\t\t\t\t<\/div>\n\t\t\t\t\t<\/div>\n\n\t\t\t\t\n\t\t\t\t\t<div class=\"col\">\n\t\t\t\t\t\t<img decoding=\"async\" src=\"https:\/\/www.productcaster.com\/wp-content\/uploads\/2024\/07\/1687337166115-700x700.jpg\" alt=\"\">\n\t\t\t\t\t\t<h4 class=\"h3\">Will Turner<\/h4>\n\t\t\t\t\t\t<p class=\"job-title\"> Leitender Client-Success-Manager<\/p>\n\t\t\t\t\t\t\n\t\t\t\t\t\t<div class=\"btns-contain\">\n\t\t\t\t\t\t\t\n\t\t\t\t\t\t\t\t\t\t\t\t\t<\/div>\n\t\t\t\t\t<\/div>\n\n\t\t\t\t\n\t\t\t\t\t<div class=\"col\">\n\t\t\t\t\t\t<img decoding=\"async\" src=\"https:\/\/www.productcaster.com\/wp-content\/uploads\/2024\/07\/IMG_8138-scaled-e1722267127941-700x700.jpg\" alt=\"\">\n\t\t\t\t\t\t<h4 class=\"h3\">Ale Guerrero<\/h4>\n\t\t\t\t\t\t<p class=\"job-title\">Client-Success-Managerin <\/p>\n\t\t\t\t\t\t\n\t\t\t\t\t\t<div class=\"btns-contain\">\n\t\t\t\t\t\t\t\n\t\t\t\t\t\t\t\t\t\t\t\t\t<\/div>\n\t\t\t\t\t<\/div>\n\n\t\t\t\t\n\t\t\t\t\t<div class=\"col\">\n\t\t\t\t\t\t<img decoding=\"async\" src=\"https:\/\/www.productcaster.com\/wp-content\/uploads\/2024\/07\/1658848932499.jpg\" alt=\"\">\n\t\t\t\t\t\t<h4 class=\"h3\">Jasmine Bradshaw<\/h4>\n\t\t\t\t\t\t<p class=\"job-title\">Client-Success-Managerin<\/p>\n\t\t\t\t\t\t\n\t\t\t\t\t\t<div class=\"btns-contain\">\n\t\t\t\t\t\t\t\n\t\t\t\t\t\t\t\t\t\t\t\t\t<\/div>\n\t\t\t\t\t<\/div>\n\n\t\t\t\t\n\t\t\t\t\t<div class=\"col\">\n\t\t\t\t\t\t<img decoding=\"async\" src=\"https:\/\/www.productcaster.com\/wp-content\/uploads\/2024\/07\/2-700x700.jpg\" alt=\"\">\n\t\t\t\t\t\t<h4 class=\"h3\">Lucy Douglas<\/h4>\n\t\t\t\t\t\t<p class=\"job-title\">Agentur- und Partner-Managerin<\/p>\n\t\t\t\t\t\t\n\t\t\t\t\t\t<div class=\"btns-contain\">\n\t\t\t\t\t\t\t\n\t\t\t\t\t\t\t\t\t\t\t\t\t<\/div>\n\t\t\t\t\t<\/div>\n\n\t\t\t\t\n\t\t\t\t\t<div class=\"col\">\n\t\t\t\t\t\t<img decoding=\"async\" src=\"https:\/\/www.productcaster.com\/wp-content\/uploads\/2024\/07\/IMG_8262-scaled-e1722267178738-700x700.jpg\" alt=\"\">\n\t\t\t\t\t\t<h4 class=\"h3\">James Crosby<\/h4>\n\t\t\t\t\t\t<p class=\"job-title\"> Abteilungsleiter Technik<\/p>\n\t\t\t\t\t\t\n\t\t\t\t\t\t<div class=\"btns-contain\">\n\t\t\t\t\t\t\t\n\t\t\t\t\t\t\t\t\t\t\t\t\t<\/div>\n\t\t\t\t\t<\/div>\n\n\t\t\t\t\n\t\t\t\t\t<div class=\"col\">\n\t\t\t\t\t\t<img decoding=\"async\" src=\"https:\/\/www.productcaster.com\/wp-content\/uploads\/2024\/07\/1-700x700.jpg\" alt=\"\">\n\t\t\t\t\t\t<h4 class=\"h3\">Matt Southern<\/h4>\n\t\t\t\t\t\t<p class=\"job-title\">Senior-Entwickler<\/p>\n\t\t\t\t\t\t\n\t\t\t\t\t\t<div class=\"btns-contain\">\n\t\t\t\t\t\t\t\n\t\t\t\t\t\t\t\t\t\t\t\t\t<\/div>\n\t\t\t\t\t<\/div>\n\n\t\t\t\t\n\t\t\t\t\t<div class=\"col\">\n\t\t\t\t\t\t<img decoding=\"async\" src=\"https:\/\/www.productcaster.com\/wp-content\/uploads\/2024\/07\/1572625259364.jpg\" alt=\"\">\n\t\t\t\t\t\t<h4 class=\"h3\">James Shepherd<\/h4>\n\t\t\t\t\t\t<p class=\"job-title\">Backend-Entwickler<\/p>\n\t\t\t\t\t\t\n\t\t\t\t\t\t<div class=\"btns-contain\">\n\t\t\t\t\t\t\t\n\t\t\t\t\t\t\t\t\t\t\t\t\t<\/div>\n\t\t\t\t\t<\/div>\n\n\t\t\t\t\n\t\t\t\t\t<div class=\"col\">\n\t\t\t\t\t\t<img decoding=\"async\" src=\"https:\/\/www.productcaster.com\/wp-content\/uploads\/2024\/09\/MicrosoftTeams-image-1.jpg\" alt=\"\">\n\t\t\t\t\t\t<h4 class=\"h3\">James Murgett<\/h4>\n\t\t\t\t\t\t<p class=\"job-title\">Junior-F\u00fchrungskraft f\u00fcr digitales Marketing <\/p>\n\t\t\t\t\t\t\n\t\t\t\t\t\t<div class=\"btns-contain\">\n\t\t\t\t\t\t\t\n\t\t\t\t\t\t\t\t\t\t\t\t\t<\/div>\n\t\t\t\t\t<\/div>\n\n\t\t\t\t\n\t\t\t\t\t<div class=\"col\">\n\t\t\t\t\t\t<img decoding=\"async\" src=\"https:\/\/www.productcaster.com\/wp-content\/uploads\/2024\/07\/IMG_8224-scaled-e1722267602326-700x700.jpg\" alt=\"\">\n\t\t\t\t\t\t<h4 class=\"h3\">Michael Maslona<\/h4>\n\t\t\t\t\t\t<p class=\"job-title\">Vertriebsleiter<\/p>\n\t\t\t\t\t\t\n\t\t\t\t\t\t<div class=\"btns-contain\">\n\t\t\t\t\t\t\t\n\t\t\t\t\t\t\t\t\t\t\t\t\t<\/div>\n\t\t\t\t\t<\/div>\n\n\t\t\t\t\n\t\t\t\t\t<div class=\"col\">\n\t\t\t\t\t\t<img decoding=\"async\" src=\"https:\/\/www.productcaster.com\/wp-content\/uploads\/2024\/07\/IMG_4810-2-scaled-e1722267641947-700x700.jpg\" alt=\"\">\n\t\t\t\t\t\t<h4 class=\"h3\">Martin Corcoran<\/h4>\n\t\t\t\t\t\t<p class=\"job-title\">Generaldirektor<\/p>\n\t\t\t\t\t\t\n\t\t\t\t\t\t<div class=\"btns-contain\">\n\t\t\t\t\t\t\t\n\t\t\t\t\t\t\t\t\t\t\t\t\t<\/div>\n\t\t\t\t\t<\/div>\n\n\t\t\t\t\n\t\t\t\t\t<div class=\"col\">\n\t\t\t\t\t\t<img decoding=\"async\" src=\"\" alt=\"\">\n\t\t\t\t\t\t<h4 class=\"h3\">Kevin Lord<\/h4>\n\t\t\t\t\t\t<p class=\"job-title\">Backend-Entwickler<\/p>\n\t\t\t\t\t\t\n\t\t\t\t\t\t<div class=\"btns-contain\">\n\t\t\t\t\t\t\t\n\t\t\t\t\t\t\t\t\t\t\t\t\t<\/div>\n\t\t\t\t\t<\/div>\n\n\t\t\t\t\n\t\t\t\t\t<div class=\"col\">\n\t\t\t\t\t\t<img decoding=\"async\" src=\"\" alt=\"\">\n\t\t\t\t\t\t<h4 class=\"h3\">Maya Sunley<\/h4>\n\t\t\t\t\t\t<p class=\"job-title\">Junior-Entwicklerin<\/p>\n\t\t\t\t\t\t\n\t\t\t\t\t\t<div class=\"btns-contain\">\n\t\t\t\t\t\t\t\n\t\t\t\t\t\t\t\t\t\t\t\t\t<\/div>\n\t\t\t\t\t<\/div>\n\n\t\t\t\t\n\t\t\t\t\t<div class=\"col\">\n\t\t\t\t\t\t<img decoding=\"async\" src=\"\" alt=\"\">\n\t\t\t\t\t\t<h4 class=\"h3\">Caroline Gateley<\/h4>\n\t\t\t\t\t\t<p class=\"job-title\">Finanz-Assistentin <\/p>\n\t\t\t\t\t\t\n\t\t\t\t\t\t<div class=\"btns-contain\">\n\t\t\t\t\t\t\t\n\t\t\t\t\t\t\t\t\t\t\t\t\t<\/div>\n\t\t\t\t\t<\/div>\n\n\t\t\t\t\t\t<\/div>\n\t<\/div>\n<\/section><section class=\"cta-block bg-white\">\n\t<div class=\"site-width\">\n\t\t<div class=\"inner-content\" data-aos=\"fade-up\">\n\t\t\t<p class=\"h2\">Haben wir Ihr Interesse geweckt?&nbsp;<span>Dann melden Sie sich.<\/span><\/p>\n\t\t\t<a href=\"https:\/\/www.productcaster.com\/contact\/\" class=\"btn dark\">Kontakt aufnehmen<\/a>\n\t\t<\/div>\n\t<\/div>\n<\/section>","protected":false},"excerpt":{"rendered":"","protected":false},"author":1,"featured_media":0,"parent":0,"menu_order":0,"comment_status":"closed","ping_status":"closed","template":"","meta":{"_acf_changed":false,"content-type":"","footnotes":""},"class_list":["post-31301","page","type-page","status-publish","hentry"],"acf":[],"yoast_head":"<!-- This site is optimized with the Yoast SEO plugin v22.1 - https:\/\/yoast.com\/wordpress\/plugins\/seo\/ -->\n<title>Das sind wir \u2013 Productcaster<\/title>\n<meta name=\"description\" content=\"E-Commerce-Tools, die f\u00fcr die Performance entwickelt wurden. Erfahren Sie mehr \u00fcber Productcaster CSS und FeedManager.\" \/>\n<meta name=\"robots\" content=\"index, follow, max-snippet:-1, max-image-preview:large, max-video-preview:-1\" \/>\n<link rel=\"canonical\" href=\"https:\/\/www.productcaster.com\/de\/ueber-uns\/\" \/>\n<meta property=\"og:locale\" content=\"de_DE\" \/>\n<meta property=\"og:type\" content=\"article\" \/>\n<meta property=\"og:title\" content=\"Das sind wir \u2013 Productcaster\" \/>\n<meta property=\"og:description\" content=\"E-Commerce-Tools, die f\u00fcr die Performance entwickelt wurden. Erfahren Sie mehr \u00fcber Productcaster CSS und FeedManager.\" \/>\n<meta property=\"og:url\" content=\"https:\/\/www.productcaster.com\/de\/ueber-uns\/\" \/>\n<meta property=\"og:site_name\" content=\"Productcaster\" \/>\n<meta property=\"article:modified_time\" content=\"2024-11-22T10:42:14+00:00\" \/>\n<meta property=\"og:image\" content=\"https:\/\/www.productcaster.com\/wp-content\/uploads\/2024\/08\/productcaster-og.png\" \/>\n\t<meta property=\"og:image:width\" content=\"1200\" \/>\n\t<meta property=\"og:image:height\" content=\"630\" \/>\n\t<meta property=\"og:image:type\" content=\"image\/png\" \/>\n<meta name=\"twitter:card\" content=\"summary_large_image\" \/>\n<script type=\"application\/ld+json\" class=\"yoast-schema-graph\">{\"@context\":\"https:\/\/schema.org\",\"@graph\":[{\"@type\":\"WebPage\",\"@id\":\"https:\/\/www.productcaster.com\/de\/ueber-uns\/\",\"url\":\"https:\/\/www.productcaster.com\/de\/ueber-uns\/\",\"name\":\"Das sind wir \u2013 Productcaster\",\"isPartOf\":{\"@id\":\"https:\/\/www.productcaster.com\/de\/#website\"},\"datePublished\":\"2024-01-22T21:20:13+00:00\",\"dateModified\":\"2024-11-22T10:42:14+00:00\",\"description\":\"E-Commerce-Tools, die f\u00fcr die Performance entwickelt wurden. Erfahren Sie mehr \u00fcber Productcaster CSS und FeedManager.\",\"breadcrumb\":{\"@id\":\"https:\/\/www.productcaster.com\/de\/ueber-uns\/#breadcrumb\"},\"inLanguage\":\"de-DE\",\"potentialAction\":[{\"@type\":\"ReadAction\",\"target\":[\"https:\/\/www.productcaster.com\/de\/ueber-uns\/\"]}]},{\"@type\":\"BreadcrumbList\",\"@id\":\"https:\/\/www.productcaster.com\/de\/ueber-uns\/#breadcrumb\",\"itemListElement\":[{\"@type\":\"ListItem\",\"position\":1,\"name\":\"Home\",\"item\":\"https:\/\/www.productcaster.com\/de\/\"},{\"@type\":\"ListItem\",\"position\":2,\"name\":\"\u00dcber uns\"}]},{\"@type\":\"WebSite\",\"@id\":\"https:\/\/www.productcaster.com\/de\/#website\",\"url\":\"https:\/\/www.productcaster.com\/de\/\",\"name\":\"Productcaster\",\"description\":\"Make every product perform.\",\"publisher\":{\"@id\":\"https:\/\/www.productcaster.com\/de\/#organization\"},\"potentialAction\":[{\"@type\":\"SearchAction\",\"target\":{\"@type\":\"EntryPoint\",\"urlTemplate\":\"https:\/\/www.productcaster.com\/de\/?s={search_term_string}\"},\"query-input\":\"required name=search_term_string\"}],\"inLanguage\":\"de-DE\"},{\"@type\":\"Organization\",\"@id\":\"https:\/\/www.productcaster.com\/de\/#organization\",\"name\":\"Productcaster\",\"url\":\"https:\/\/www.productcaster.com\/de\/\",\"logo\":{\"@type\":\"ImageObject\",\"inLanguage\":\"de-DE\",\"@id\":\"https:\/\/www.productcaster.com\/de\/#\/schema\/logo\/image\/\",\"url\":\"https:\/\/www.productcaster.com\/wp-content\/uploads\/2024\/07\/favicon.png\",\"contentUrl\":\"https:\/\/www.productcaster.com\/wp-content\/uploads\/2024\/07\/favicon.png\",\"width\":1000,\"height\":1000,\"caption\":\"Productcaster\"},\"image\":{\"@id\":\"https:\/\/www.productcaster.com\/de\/#\/schema\/logo\/image\/\"},\"sameAs\":[\"https:\/\/www.linkedin.com\/company\/productcaster\/\"]}]}<\/script>\n<!-- \/ Yoast SEO plugin. -->","yoast_head_json":{"title":"Das sind wir \u2013 Productcaster","description":"E-Commerce-Tools, die f\u00fcr die Performance entwickelt wurden. Erfahren Sie mehr \u00fcber Productcaster CSS und FeedManager.","robots":{"index":"index","follow":"follow","max-snippet":"max-snippet:-1","max-image-preview":"max-image-preview:large","max-video-preview":"max-video-preview:-1"},"canonical":"https:\/\/www.productcaster.com\/de\/ueber-uns\/","og_locale":"de_DE","og_type":"article","og_title":"Das sind wir \u2013 Productcaster","og_description":"E-Commerce-Tools, die f\u00fcr die Performance entwickelt wurden. Erfahren Sie mehr \u00fcber Productcaster CSS und FeedManager.","og_url":"https:\/\/www.productcaster.com\/de\/ueber-uns\/","og_site_name":"Productcaster","article_modified_time":"2024-11-22T10:42:14+00:00","og_image":[{"width":1200,"height":630,"url":"https:\/\/www.productcaster.com\/wp-content\/uploads\/2024\/08\/productcaster-og.png","type":"image\/png"}],"twitter_card":"summary_large_image","schema":{"@context":"https:\/\/schema.org","@graph":[{"@type":"WebPage","@id":"https:\/\/www.productcaster.com\/de\/ueber-uns\/","url":"https:\/\/www.productcaster.com\/de\/ueber-uns\/","name":"Das sind wir \u2013 Productcaster","isPartOf":{"@id":"https:\/\/www.productcaster.com\/de\/#website"},"datePublished":"2024-01-22T21:20:13+00:00","dateModified":"2024-11-22T10:42:14+00:00","description":"E-Commerce-Tools, die f\u00fcr die Performance entwickelt wurden. Erfahren Sie mehr \u00fcber Productcaster CSS und FeedManager.","breadcrumb":{"@id":"https:\/\/www.productcaster.com\/de\/ueber-uns\/#breadcrumb"},"inLanguage":"de-DE","potentialAction":[{"@type":"ReadAction","target":["https:\/\/www.productcaster.com\/de\/ueber-uns\/"]}]},{"@type":"BreadcrumbList","@id":"https:\/\/www.productcaster.com\/de\/ueber-uns\/#breadcrumb","itemListElement":[{"@type":"ListItem","position":1,"name":"Home","item":"https:\/\/www.productcaster.com\/de\/"},{"@type":"ListItem","position":2,"name":"\u00dcber uns"}]},{"@type":"WebSite","@id":"https:\/\/www.productcaster.com\/de\/#website","url":"https:\/\/www.productcaster.com\/de\/","name":"Productcaster","description":"Make every product perform.","publisher":{"@id":"https:\/\/www.productcaster.com\/de\/#organization"},"potentialAction":[{"@type":"SearchAction","target":{"@type":"EntryPoint","urlTemplate":"https:\/\/www.productcaster.com\/de\/?s={search_term_string}"},"query-input":"required name=search_term_string"}],"inLanguage":"de-DE"},{"@type":"Organization","@id":"https:\/\/www.productcaster.com\/de\/#organization","name":"Productcaster","url":"https:\/\/www.productcaster.com\/de\/","logo":{"@type":"ImageObject","inLanguage":"de-DE","@id":"https:\/\/www.productcaster.com\/de\/#\/schema\/logo\/image\/","url":"https:\/\/www.productcaster.com\/wp-content\/uploads\/2024\/07\/favicon.png","contentUrl":"https:\/\/www.productcaster.com\/wp-content\/uploads\/2024\/07\/favicon.png","width":1000,"height":1000,"caption":"Productcaster"},"image":{"@id":"https:\/\/www.productcaster.com\/de\/#\/schema\/logo\/image\/"},"sameAs":["https:\/\/www.linkedin.com\/company\/productcaster\/"]}]}},"_links":{"self":[{"href":"https:\/\/www.productcaster.com\/de\/wp-json\/wp\/v2\/pages\/31301","targetHints":{"allow":["GET"]}}],"collection":[{"href":"https:\/\/www.productcaster.com\/de\/wp-json\/wp\/v2\/pages"}],"about":[{"href":"https:\/\/www.productcaster.com\/de\/wp-json\/wp\/v2\/types\/page"}],"author":[{"embeddable":true,"href":"https:\/\/www.productcaster.com\/de\/wp-json\/wp\/v2\/users\/1"}],"replies":[{"embeddable":true,"href":"https:\/\/www.productcaster.com\/de\/wp-json\/wp\/v2\/comments?post=31301"}],"version-history":[{"count":1,"href":"https:\/\/www.productcaster.com\/de\/wp-json\/wp\/v2\/pages\/31301\/revisions"}],"predecessor-version":[{"id":31303,"href":"https:\/\/www.productcaster.com\/de\/wp-json\/wp\/v2\/pages\/31301\/revisions\/31303"}],"wp:attachment":[{"href":"https:\/\/www.productcaster.com\/de\/wp-json\/wp\/v2\/media?parent=31301"}],"curies":[{"name":"wp","href":"https:\/\/api.w.org\/{rel}","templated":true}]}}