{"id":31250,"date":"2024-07-29T13:45:22","date_gmt":"2024-07-29T12:45:22","guid":{"rendered":"https:\/\/www.productcaster.com\/partnerschaften\/"},"modified":"2024-11-22T10:41:13","modified_gmt":"2024-11-22T10:41:13","slug":"partnerschaften","status":"publish","type":"page","link":"https:\/\/www.productcaster.com\/de\/partnerschaften\/","title":{"rendered":"Partnerschaften"},"content":{"rendered":"\n<section class=\"img-text-header bg-white-bottom bg-grey\">\n\t<div class=\"site-width\">\n\n\t\t<div class=\"columns\">\n\t\t\t<div class=\"col col-text\" data-aos=\"fade-right\">\n\t\t\t\t<h1 class=\"h4\">Partnerschaften<\/h1>\n\t\t\t\t<h2 class=\"h1\">Werden Sie akkreditierter Reseller von Productcaster.<\/h2>\n\n\t\t\t\t<p><span style=\"font-weight: 400;\">Unterst\u00fctzen Sie Ihre Kunden, deren E-Commerce weiterzuentwickeln.<\/span><\/p>\n\n\t\t\t\t\t\t\t<\/div>\n\n\t\t\t<div class=\"col col-img\" data-aos=\"fade-left\">\n\t\t\t\t<img decoding=\"async\" src=\"https:\/\/www.productcaster.com\/wp-content\/uploads\/2024\/07\/reseller.jpg\" alt=\"\">\t\t\t<\/div>\n\t\t<\/div>\n\t\t\n\t<\/div>\n<\/section>\n\n<section class=\"logo-block bg-white\">\n\t<div class=\"site-width\" data-aos=\"fade-up\">\n\n\t\t<h3>Partnerschaften mit f\u00fchrenden Agenturen<\/h3>\n\t\t<div class=\"columns\">\n\t\t\t\t\t\t\t\t<div class=\"col\"><img decoding=\"async\" src=\"https:\/\/www.productcaster.com\/wp-content\/uploads\/2024\/07\/adsup-logo-e1722413781532-300x64.png\" alt=\"\"><\/div>\n\t\t\t\t\t\t\t\t\t<div class=\"col\"><img decoding=\"async\" src=\"https:\/\/www.productcaster.com\/wp-content\/uploads\/2024\/07\/Modo25_lockup_black_RGB1-300x79.png\" alt=\"\"><\/div>\n\t\t\t\t\t\t\t\t\t<div class=\"col\"><img decoding=\"async\" src=\"https:\/\/www.productcaster.com\/wp-content\/uploads\/2024\/08\/brave-bison-300x40.png\" alt=\"\"><\/div>\n\t\t\t\t\t\t\t\t\t<div class=\"col\"><img decoding=\"async\" src=\"https:\/\/www.productcaster.com\/wp-content\/uploads\/2024\/08\/can-do2-300x110.png\" alt=\"\"><\/div>\n\t\t\t\t\t\t\t\t\t<div class=\"col\"><img decoding=\"async\" src=\"https:\/\/www.productcaster.com\/wp-content\/uploads\/2024\/08\/digimood-300x55.png\" alt=\"\"><\/div>\n\t\t\t\t\t\t\t\t\t<div class=\"col\"><img decoding=\"async\" src=\"https:\/\/www.productcaster.com\/wp-content\/uploads\/2024\/08\/jaywing2-300x42.png\" alt=\"\"><\/div>\n\t\t\t\t\t\t\t\t\t<div class=\"col\"><img decoding=\"async\" src=\"https:\/\/www.productcaster.com\/wp-content\/uploads\/2024\/08\/7stars-2-300x132.png\" alt=\"\"><\/div>\n\t\t\t\t\t\t\t\t\t<div class=\"col\"><img decoding=\"async\" src=\"https:\/\/www.productcaster.com\/wp-content\/uploads\/2024\/08\/thg-300x95.png\" alt=\"\"><\/div>\n\t\t\t\t\t\t<\/div>\n\t\t\n\t<\/div>\n<\/section>\n<section class=\"img-text-columns bg-white\">\n\t<div class=\"site-width\">\n\n\t\t<div class=\"columns Revers\">\n\n\t\t\t<div class=\"col col-img\" data-aos=\"fade-right\">\n\t\t\t\t\t\t\t\t<img decoding=\"async\" src=\"https:\/\/www.productcaster.com\/wp-content\/uploads\/2024\/07\/xSummit_how-it-works.png.pagespeed.ic_.yHeRHJi990.png\" alt=\"\">\n\t\t\t<\/div>\n\n\t\t\t<div class=\"col col-text\" data-aos=\"fade-left\">\n\t\t\t\t<h2>Reseller-Programm von Productcaster<\/h2>\n\t\t\t\t<p>Sind Sie als Agentur oder Freiberufler auf der Suche nach marktf\u00fchrenden E-Commerce-Technologiel\u00f6sungen, die schnell lanciert und in gro\u00dfem Ma\u00dfstab angewendet werden k\u00f6nnen?  Productcaster bietet g\u00fcnstige Preise f\u00fcr Partner an, die unsere Technologien f\u00fcr ihr gesamtes Kundenportfolio einsetzen wollen. Mit den Diensten von Productcaster geben Sie Ihren Kunden alle unsere Vorteile weiter und Sie erzielen dabei zus\u00e4tzliche Einnahmen.<\/p>\n\t\t\t<\/div>\n\t\t\t\n\t\t<\/div>\n\t\t\n\t<\/div>\n<\/section><section class=\"title-text-columns bg-white\">\n\t<div class=\"site-width\">\n\t\t\n\t\t<div class=\"columns\">\n\t\t\t\t\t\t\t<div class=\"row\">\n\t\t\t\t\t<div class=\"title\" data-aos=\"fade-up\">\n\t\t\t\t\t\t<h2>Ihre Vorteile<\/h2>\n\t\t\t\t\t<\/div>\n\n\t\t\t\t\t<div class=\"text-content\" data-aos=\"fade-up\" data-aos-delay=\"100\">\n\t\t\t\t\t\t<p><strong>Zus\u00e4tzliche Einnahmequelle<\/strong> Als Reseller profitieren Sie von erm\u00e4\u00dfigten Preisen f\u00fcr die Pakete von Productcaster. Damit erhalten Sie eine gr\u00f6\u00dfere Gewinnspanne und schaffen eine weitere Einnahmequelle f\u00fcr Ihr Gesch\u00e4ft. <strong>Bessere Performance<\/strong> Productcaster holt mehr aus dem Marketingbudget Ihrer Kunden heraus. Der Productcaster CSS sorgt f\u00fcr Effizienz und einen verbesserten ROAS \u2013 mit geringeren Kosten-pro-Klick (CPC) um bis zu 20 % <strong>Spezialisierter Support<\/strong> Productcaster kann Ihnen dabei helfen, die Kampagnenleistungen Ihrer Kunden zu maximieren. Wir sind Experten im Shopping-Bereich und k\u00f6nnen Sie unterst\u00fctzen, die besten Strategien zu entwickeln, um die Ziele Ihrer Kunden zu erreichen.<\/p>\n\t\t\t\t\t<\/div>\n\t\t\t\t<\/div>\n\t\t\t\t\n\t\t\t\t\t\t\t\t<div class=\"row\">\n\t\t\t\t\t<div class=\"title\" data-aos=\"fade-up\">\n\t\t\t\t\t\t<h2>Vorteile f\u00fcr Ihre Kunden<\/h2>\n\t\t\t\t\t<\/div>\n\n\t\t\t\t\t<div class=\"text-content\" data-aos=\"fade-up\" data-aos-delay=\"100\">\n\t\t\t\t\t\t<ul>\n<li>Die Kosten-pro-Klick (CPC) sind bei der Verwendung von CSS um 20 % geringer<\/li>\n<li>Gr\u00f6\u00dfere Reichweite, gesteigerter Datenverkehr und verbesserte Performance der Kampagnen<\/li>\n<li>Zugriff auf Shopping- und Feed-Expertise<\/li>\n<li>Spezialisierter Google-Support<\/li>\n<li>Erkenntnisse und Empfehlungen aus der Branche<\/li>\n<li>Zugang zu topaktuellen Webinaren \u00fcber neue Funktionen und Best Practices<\/li>\n<\/ul>\n\t\t\t\t\t<\/div>\n\t\t\t\t<\/div>\n\t\t\t\t\n\t\t\t\t\t\t<\/div>\n\n\t<\/div>\n<\/section><div class=\"testimonial bg-orange\">\n\t<div class=\"site-width\">\n\n\t\t<div class=\"inner-content\" data-aos=\"fade-up\">\n\t\t\t<p class=\"h3\">\n\t\t\t\t\u201eProductcaster ist bereits seit \u00fcber 4 Jahren unser CSS-Partner. Wir werden ph\u00e4nomenal und unglaublich schnell unterst\u00fctzt. Das hebt sie von der Konkurrenz ab. Wir haben ein paar CSS-Anbieter ausprobiert, aber Productcaster ist am verl\u00e4sslichsten und am sichersten.\u201c\t\t\t<\/p>\n\n\t\t\t<p class=\"h4\">Guillaume Neyret \u2013 Stellvertretender Direktor bei Ad\u2019s up Consulting<\/p>\n\t\t<\/div>\n\t\t\n\t<\/div>\n<\/div><section class=\"cta-block bg-white\">\n\t<div class=\"site-width\">\n\t\t<div class=\"inner-content\" data-aos=\"fade-up\">\n\t\t\t<p class=\"h2\">Wollen Sie Partner werden?&nbsp;<span>Unterhalten wir uns dar\u00fcber.<\/span><\/p>\n\t\t\t<a href=\"https:\/\/www.productcaster.com\/contact\/\" class=\"btn dark\">Kontakt aufnehmen<\/a>\n\t\t<\/div>\n\t<\/div>\n<\/section>","protected":false},"excerpt":{"rendered":"","protected":false},"author":2,"featured_media":0,"parent":0,"menu_order":0,"comment_status":"closed","ping_status":"closed","template":"","meta":{"_acf_changed":false,"content-type":"","footnotes":""},"class_list":["post-31250","page","type-page","status-publish","hentry"],"acf":[],"yoast_head":"<!-- This site is optimized with the Yoast SEO plugin v22.1 - https:\/\/yoast.com\/wordpress\/plugins\/seo\/ -->\n<title>Partnerschaften \u2013 Werden Sie akkreditierter Reseller | Productcaster<\/title>\n<meta name=\"description\" content=\"Werden Sie akkreditierter Reseller von Productcaster. Unterst\u00fctzen Sie Ihre Kunden dabei, deren E-Commerce mit erstklassigen CSS-L\u00f6sungen weiterzuentwickeln.\" \/>\n<meta name=\"robots\" content=\"index, follow, max-snippet:-1, max-image-preview:large, max-video-preview:-1\" \/>\n<link rel=\"canonical\" href=\"https:\/\/www.productcaster.com\/de\/partnerschaften\/\" \/>\n<meta property=\"og:locale\" content=\"de_DE\" \/>\n<meta property=\"og:type\" content=\"article\" \/>\n<meta property=\"og:title\" content=\"Partnerschaften \u2013 Werden Sie akkreditierter Reseller | Productcaster\" \/>\n<meta property=\"og:description\" content=\"Werden Sie akkreditierter Reseller von Productcaster. Unterst\u00fctzen Sie Ihre Kunden dabei, deren E-Commerce mit erstklassigen CSS-L\u00f6sungen weiterzuentwickeln.\" \/>\n<meta property=\"og:url\" content=\"https:\/\/www.productcaster.com\/de\/partnerschaften\/\" \/>\n<meta property=\"og:site_name\" content=\"Productcaster\" \/>\n<meta property=\"article:modified_time\" content=\"2024-11-22T10:41:13+00:00\" \/>\n<meta property=\"og:image\" content=\"https:\/\/www.productcaster.com\/wp-content\/uploads\/2024\/08\/productcaster-og.png\" \/>\n\t<meta property=\"og:image:width\" content=\"1200\" \/>\n\t<meta property=\"og:image:height\" content=\"630\" \/>\n\t<meta property=\"og:image:type\" content=\"image\/png\" \/>\n<meta name=\"twitter:card\" content=\"summary_large_image\" \/>\n<script type=\"application\/ld+json\" class=\"yoast-schema-graph\">{\"@context\":\"https:\/\/schema.org\",\"@graph\":[{\"@type\":\"WebPage\",\"@id\":\"https:\/\/www.productcaster.com\/de\/partnerschaften\/\",\"url\":\"https:\/\/www.productcaster.com\/de\/partnerschaften\/\",\"name\":\"Partnerschaften \u2013 Werden Sie akkreditierter Reseller | Productcaster\",\"isPartOf\":{\"@id\":\"https:\/\/www.productcaster.com\/de\/#website\"},\"datePublished\":\"2024-07-29T12:45:22+00:00\",\"dateModified\":\"2024-11-22T10:41:13+00:00\",\"description\":\"Werden Sie akkreditierter Reseller von Productcaster. Unterst\u00fctzen Sie Ihre Kunden dabei, deren E-Commerce mit erstklassigen CSS-L\u00f6sungen weiterzuentwickeln.\",\"breadcrumb\":{\"@id\":\"https:\/\/www.productcaster.com\/de\/partnerschaften\/#breadcrumb\"},\"inLanguage\":\"de-DE\",\"potentialAction\":[{\"@type\":\"ReadAction\",\"target\":[\"https:\/\/www.productcaster.com\/de\/partnerschaften\/\"]}]},{\"@type\":\"BreadcrumbList\",\"@id\":\"https:\/\/www.productcaster.com\/de\/partnerschaften\/#breadcrumb\",\"itemListElement\":[{\"@type\":\"ListItem\",\"position\":1,\"name\":\"Home\",\"item\":\"https:\/\/www.productcaster.com\/de\/\"},{\"@type\":\"ListItem\",\"position\":2,\"name\":\"Partnerschaften\"}]},{\"@type\":\"WebSite\",\"@id\":\"https:\/\/www.productcaster.com\/de\/#website\",\"url\":\"https:\/\/www.productcaster.com\/de\/\",\"name\":\"Productcaster\",\"description\":\"Make every product perform.\",\"publisher\":{\"@id\":\"https:\/\/www.productcaster.com\/de\/#organization\"},\"potentialAction\":[{\"@type\":\"SearchAction\",\"target\":{\"@type\":\"EntryPoint\",\"urlTemplate\":\"https:\/\/www.productcaster.com\/de\/?s={search_term_string}\"},\"query-input\":\"required name=search_term_string\"}],\"inLanguage\":\"de-DE\"},{\"@type\":\"Organization\",\"@id\":\"https:\/\/www.productcaster.com\/de\/#organization\",\"name\":\"Productcaster\",\"url\":\"https:\/\/www.productcaster.com\/de\/\",\"logo\":{\"@type\":\"ImageObject\",\"inLanguage\":\"de-DE\",\"@id\":\"https:\/\/www.productcaster.com\/de\/#\/schema\/logo\/image\/\",\"url\":\"https:\/\/www.productcaster.com\/wp-content\/uploads\/2024\/07\/favicon.png\",\"contentUrl\":\"https:\/\/www.productcaster.com\/wp-content\/uploads\/2024\/07\/favicon.png\",\"width\":1000,\"height\":1000,\"caption\":\"Productcaster\"},\"image\":{\"@id\":\"https:\/\/www.productcaster.com\/de\/#\/schema\/logo\/image\/\"},\"sameAs\":[\"https:\/\/www.linkedin.com\/company\/productcaster\/\"]}]}<\/script>\n<!-- \/ Yoast SEO plugin. -->","yoast_head_json":{"title":"Partnerschaften \u2013 Werden Sie akkreditierter Reseller | Productcaster","description":"Werden Sie akkreditierter Reseller von Productcaster. Unterst\u00fctzen Sie Ihre Kunden dabei, deren E-Commerce mit erstklassigen CSS-L\u00f6sungen weiterzuentwickeln.","robots":{"index":"index","follow":"follow","max-snippet":"max-snippet:-1","max-image-preview":"max-image-preview:large","max-video-preview":"max-video-preview:-1"},"canonical":"https:\/\/www.productcaster.com\/de\/partnerschaften\/","og_locale":"de_DE","og_type":"article","og_title":"Partnerschaften \u2013 Werden Sie akkreditierter Reseller | Productcaster","og_description":"Werden Sie akkreditierter Reseller von Productcaster. Unterst\u00fctzen Sie Ihre Kunden dabei, deren E-Commerce mit erstklassigen CSS-L\u00f6sungen weiterzuentwickeln.","og_url":"https:\/\/www.productcaster.com\/de\/partnerschaften\/","og_site_name":"Productcaster","article_modified_time":"2024-11-22T10:41:13+00:00","og_image":[{"width":1200,"height":630,"url":"https:\/\/www.productcaster.com\/wp-content\/uploads\/2024\/08\/productcaster-og.png","type":"image\/png"}],"twitter_card":"summary_large_image","schema":{"@context":"https:\/\/schema.org","@graph":[{"@type":"WebPage","@id":"https:\/\/www.productcaster.com\/de\/partnerschaften\/","url":"https:\/\/www.productcaster.com\/de\/partnerschaften\/","name":"Partnerschaften \u2013 Werden Sie akkreditierter Reseller | Productcaster","isPartOf":{"@id":"https:\/\/www.productcaster.com\/de\/#website"},"datePublished":"2024-07-29T12:45:22+00:00","dateModified":"2024-11-22T10:41:13+00:00","description":"Werden Sie akkreditierter Reseller von Productcaster. Unterst\u00fctzen Sie Ihre Kunden dabei, deren E-Commerce mit erstklassigen CSS-L\u00f6sungen weiterzuentwickeln.","breadcrumb":{"@id":"https:\/\/www.productcaster.com\/de\/partnerschaften\/#breadcrumb"},"inLanguage":"de-DE","potentialAction":[{"@type":"ReadAction","target":["https:\/\/www.productcaster.com\/de\/partnerschaften\/"]}]},{"@type":"BreadcrumbList","@id":"https:\/\/www.productcaster.com\/de\/partnerschaften\/#breadcrumb","itemListElement":[{"@type":"ListItem","position":1,"name":"Home","item":"https:\/\/www.productcaster.com\/de\/"},{"@type":"ListItem","position":2,"name":"Partnerschaften"}]},{"@type":"WebSite","@id":"https:\/\/www.productcaster.com\/de\/#website","url":"https:\/\/www.productcaster.com\/de\/","name":"Productcaster","description":"Make every product perform.","publisher":{"@id":"https:\/\/www.productcaster.com\/de\/#organization"},"potentialAction":[{"@type":"SearchAction","target":{"@type":"EntryPoint","urlTemplate":"https:\/\/www.productcaster.com\/de\/?s={search_term_string}"},"query-input":"required name=search_term_string"}],"inLanguage":"de-DE"},{"@type":"Organization","@id":"https:\/\/www.productcaster.com\/de\/#organization","name":"Productcaster","url":"https:\/\/www.productcaster.com\/de\/","logo":{"@type":"ImageObject","inLanguage":"de-DE","@id":"https:\/\/www.productcaster.com\/de\/#\/schema\/logo\/image\/","url":"https:\/\/www.productcaster.com\/wp-content\/uploads\/2024\/07\/favicon.png","contentUrl":"https:\/\/www.productcaster.com\/wp-content\/uploads\/2024\/07\/favicon.png","width":1000,"height":1000,"caption":"Productcaster"},"image":{"@id":"https:\/\/www.productcaster.com\/de\/#\/schema\/logo\/image\/"},"sameAs":["https:\/\/www.linkedin.com\/company\/productcaster\/"]}]}},"_links":{"self":[{"href":"https:\/\/www.productcaster.com\/de\/wp-json\/wp\/v2\/pages\/31250","targetHints":{"allow":["GET"]}}],"collection":[{"href":"https:\/\/www.productcaster.com\/de\/wp-json\/wp\/v2\/pages"}],"about":[{"href":"https:\/\/www.productcaster.com\/de\/wp-json\/wp\/v2\/types\/page"}],"author":[{"embeddable":true,"href":"https:\/\/www.productcaster.com\/de\/wp-json\/wp\/v2\/users\/2"}],"replies":[{"embeddable":true,"href":"https:\/\/www.productcaster.com\/de\/wp-json\/wp\/v2\/comments?post=31250"}],"version-history":[{"count":1,"href":"https:\/\/www.productcaster.com\/de\/wp-json\/wp\/v2\/pages\/31250\/revisions"}],"predecessor-version":[{"id":31251,"href":"https:\/\/www.productcaster.com\/de\/wp-json\/wp\/v2\/pages\/31250\/revisions\/31251"}],"wp:attachment":[{"href":"https:\/\/www.productcaster.com\/de\/wp-json\/wp\/v2\/media?parent=31250"}],"curies":[{"name":"wp","href":"https:\/\/api.w.org\/{rel}","templated":true}]}}